{"id":318156,"date":"2025-05-02T08:11:25","date_gmt":"2025-05-02T07:11:25","guid":{"rendered":"https:\/\/tenerifepropertysales.demo4.respacio.com\/rechtspolitik\/"},"modified":"2025-05-02T08:11:26","modified_gmt":"2025-05-02T07:11:26","slug":"rechtspolitik","status":"publish","type":"page","link":"https:\/\/tenerifepropertysales.demo4.respacio.com\/de\/rechtspolitik\/","title":{"rendered":"Rechtspolitik"},"content":{"rendered":"\n<h2 class=\"wp-block-heading\" id=\"h-1-nbsp-nbsp-nbsp-nbsp-nbsp-nbsp-nbsp-nbsp-objeto-y-aceptacion\">1. Ziel und Akzeptanz<\/h2>\n\n<p>El presente aviso legal regula el uso del sitio Web: www.tenerifepropertysales.com<\/p>\n\n<p>Die Website www.tenerifepropertysales.com bietet Dienstleistungen an, deren Hauptziel es ist, den Kontakt zwischen Benutzern und Unternehmen zu erm\u00f6glichen, z.B. um mit uns in Kontakt zu treten, auf Anfragen zu antworten, Reklamationen zu bearbeiten, Rechte zum Schutz von Daten auszu\u00fcben oder eine Anfrage zu stellen.<\/p>\n\n<p>Die Navigation \u00fcber die Seite www.tenerifepropertysales.com beinhaltet die Nutzungsbedingungen dieser Seite und impliziert die uneingeschr\u00e4nkte und vorbehaltlose Akzeptanz aller und jeder einzelnen der in dieser Rechtsverbindlichen Erkl\u00e4rung enthaltenen Bestimmungen, die ge\u00e4ndert werden k\u00f6nnen.<\/p>\n\n<p>Der Benutzer ist verpflichtet, die Website in \u00dcbereinstimmung mit den Gesetzen, der guten Sitten, der \u00f6ffentlichen Ordnung, der Nutzung des Datenverkehrs und der vorliegenden rechtlichen Hinweise korrekt zu nutzen. El Usuario responder\u00e1 frente a LOS GIGANTES PROPERTIES, S.L. y frente a thirdos, de los da\u00f1os y perjuicios que pudieran causarse como consecuencia del incumplimiento de dicha obligaci\u00f3n. <\/p>\n\n<h2 class=\"wp-block-heading\" id=\"h-2-nbsp-nbsp-nbsp-nbsp-nbsp-nbsp-nbsp-nbsp-titularidad-de-la-web-e-identificacion-del-prestador-de-servicios-de-la-sociedad-de-la-informacion\">2. Titularidad de la web e identificaci\u00f3n del Prestador de Servicios de la Sociedad de la Informaci\u00f3n<\/h2>\n\n<p>Con la finalidad de dar cumplimiento al principio de Informaci\u00f3n general exigido por el Art\u00edculo 10 de la Ley 34\/2002, de 11 de julio, de servicios de la sociedad de la informaci\u00f3n y de comercio electr\u00f3nico informamos a nuestros usuarios que el presente sitio web pertenece a LOS GIGANTES PROPERTIES, S.L. con CIF B38350013.<\/p>\n\n<figure class=\"wp-block-table\"><table><tbody><tr><td colspan=\"3\">Direcci\u00f3n:<strong><\/strong><\/td><td colspan=\"3\">Calle Flor de Pascua, 23, 38683 &#8211; Acantilado de Los Gigantes (Santa Cruz de Tenerife)<\/td><\/tr><tr><td colspan=\"3\">Correo-e:<\/td><td colspan=\"3\">nicky@tenerifepropertysales.com<\/td><\/tr><tr><td colspan=\"3\">Tel\u00e9fono:<\/td><td colspan=\"3\">922 861 313<\/td><\/tr><tr><td colspan=\"3\">Web alojada por:<\/td><td colspan=\"3\">OVH SAS<\/td><\/tr><\/tbody><\/table><\/figure>\n\n<h2 class=\"wp-block-heading\" id=\"h-3-nbsp-nbsp-nbsp-nbsp-nbsp-nbsp-nbsp-nbsp-condiciones-generales-de-acceso-y-utilizacion\">3. Condiciones generales de acceso y utilizaci\u00f3n<\/h2>\n\n<p>El sitio Web y sus servicios son de acceso libre y gratuito, si bien la utilizaci\u00f3n de determinadas \u00e1reas o servicios est\u00e1 condicionada a cumplimentar formularios de recogida de datos. S\u00f3lo los mayores de 18 a\u00f1os podr\u00e1n facilitar datos a trav\u00e9s de nuestra web, y los menores de 14 a\u00f1os no pueden facilitarlos sin el consentimiento de los padres o tutores. <\/p>\n\n<p>El Usuario garantiza la autenticidad y actualidad de todos aquellos datos que comunique a LOS GIGANTES PROPERTIES, S.L. y ser\u00e1 el \u00fanico responsable de las manifestaciones falsas o inexactas que realice.<\/p>\n\n<p>www.tenerifepropertysales.com tiene los siguientes tipos de usuarios:<\/p>\n\n<ul class=\"wp-block-list\">\n<li>Benutzer, die Daten in irgendeinem der verf\u00fcgbaren Formulare angeben: Zu den pers\u00f6nlichen Daten, die LOS GIGANTES PROPERTIES, S.L. erfragt, geh\u00f6ren der Name und die E-Mail-Adresse sowie die Daten, die der Benutzer beim Ausf\u00fcllen der Formulare angibt.<\/li>\n\n\n\n<li>Usuarios que no han contactado con LOS GIGANTES PROPERTIES, S.L. pero de los que se recogen datos: Daten, die durch Cookies bereitgestellt werden<\/li>\n<\/ul>\n\n<p><strong>3.1<\/strong> <strong>Reglas y prohibiciones de uso para usuarios de nuestros servicios<\/strong><strong><\/strong><\/p>\n\n<p>El Usuario se compromete expresamente a hacer un uso adecuado de los contenidos y servicios ofrecidos y a no emplearlos para:<\/p>\n\n<ul class=\"wp-block-list\">\n<li>Difundir contenidos delictivos, violentos, pornogr\u00e1ficos, racistas, xen\u00f3fobo, ofensivos, de apolog\u00eda del terrorismo o, en general, contrarios a la ley o al orden p\u00fablico.<\/li>\n\n\n\n<li>Einschleusen von Computerviren oder Durchf\u00fchrung von Aktionen, die geeignet sind, die elektronischen Dokumente, Daten oder Systeme von LOS GIGANTES PROPERTIES, S.L. oder von Drittpersonen zu ver\u00e4ndern, zu zerst\u00f6ren, zu st\u00f6ren oder Fehler oder Sch\u00e4den zu verursachen, sowie die Behinderung des Zugangs anderer Benutzer zur Website und ihren Diensten.<\/li>\n\n\n\n<li>Intentar accesseder a \u00e1reas restringidas de los sistemas inform\u00e1ticos de LOS GIGANTES PROPERTIES, S.L. o de terceros y, en su caso, extraer informaci\u00f3n.<\/li>\n\n\n\n<li>Vulnerar los derechos de propiedad intelectual o industrial, as\u00ed como violar la confidencialidad de la informaci\u00f3n de LOS GIGANTES PROPERTIES, S.L. o de terceros.<\/li>\n\n\n\n<li>Suplantar la identidad de otro Usuario, de las administraciones p\u00fablicas o de un tercero.<\/li>\n\n\n\n<li>die Inhalte zu reproduzieren, zu kopieren, zu verbreiten, zur Verf\u00fcgung zu stellen oder auf irgendeine andere Art und Weise \u00f6ffentlich zu kommunizieren, umzuwandeln oder zu ver\u00e4ndern, sofern dies nicht mit der Genehmigung des Inhabers der entsprechenden Rechte geschieht oder rechtlich zul\u00e4ssig ist<\/li>\n\n\n\n<li>Recabar datos con finalidad publicitaria y de remitir publicidad de cualquier clase y comunicaciones con fines de venta u otras de naturaleza comercial sin que medie su previa solicitud o consentimiento.<\/li>\n<\/ul>\n\n<p><strong>3.2. Procedimiento en caso de realizaci\u00f3n de actividades de car\u00e1cter il\u00edcito<\/strong><strong><\/strong><\/p>\n\n<p>En el caso de que cualquier usuario o un thirdero considere que existen hechos o circunstancias que revelen el car\u00e1cter il\u00edcito de la utilizaci\u00f3n de cualquier contenido y\/o de la realizaci\u00f3n de cualquier actividad en las p\u00e1ginas Web incluidas o accesibles a trav\u00e9s del sitio Web, deber\u00e1 enviar una notificaci\u00f3n a LOS GIGANTES PROPERTIES, S.L. eine Benachrichtigung zukommen lassen, in der sie sich als solche zu erkennen gibt, die neuesten Verst\u00f6\u00dfe spezifiziert und erkl\u00e4rt, dass sie f\u00fcr die Richtigkeit der in der Benachrichtigung angegebenen Informationen selbst verantwortlich ist.<\/p>\n\n<p><strong>4. Datenschutzpolitik<\/strong><strong><\/strong><\/p>\n\n<p>El usuario puede consultar c\u00f3mo LOS GIGANTES PROPERTIES, S.L. utiliza sus datos y las medidas de seguridad implantadas en el enlace: &#8222;Datenschutzpolitik&#8220;<\/p>\n\n<p><strong>5. Politik der Cookies<\/strong><strong><\/strong><\/p>\n\n<p>LOS GIGANTES PROPERTIES, S.L. setzt Cookies im Browser des Benutzers ein. Para conocer m\u00e1s las cookies de nuestro sitio web acuda al siguiente enlace: &#8222;pol\u00edtica de cookies&#8220; <\/p>\n\n<p><strong>6. Notificaciones<\/strong><strong><\/strong><\/p>\n\n<p>Todas las notificaciones y comunicaciones entre los usuarios y LOS GIGANTES PROPERTIES, S.L. se considerar\u00e1n eficaces, a todos los efectos, cuando se realicen a trav\u00e9s de correo postal o correo electr\u00f3nico o comunicaci\u00f3n telef\u00f3nica. Los usuarios deber\u00e1n dirigirse a LOS GIGANTES PROPERTIES, S.L. mediante: <\/p>\n\n<ul class=\"wp-block-list\">\n<li>Env\u00edo por correo postal a la siguiente direcci\u00f3n: LOS GIGANTES PROPERTIES, S.L. &#8211; Calle Flor de Pascua, 23, 38683 &#8211; Acantilado de Los Gigantes (Santa Cruz de Tenerife).<\/li>\n\n\n\n<li>Env\u00edo por correo electr\u00f3nico a la siguiente direcci\u00f3n: nicky@tenerifepropertysales.com<\/li>\n<\/ul>\n\n<p><strong>7. Propiedad Industrial y propiedad intelectual<\/strong><strong><\/strong><\/p>\n\n<p>Alle Inhalte der Website, wie Texte, Fotos, Grafiken, Bilder, Icons, Technik, Software, sowie deren grafische Gestaltung und Quelltexte, sind Eigentum von LOS GIGANTES PROPERTIES, S.L., sin que puedan entenderse cedidos al Usuario ninguno de los derechos de explotaci\u00f3n sobre los mismos m\u00e1s all\u00e1 de lo estrictamente necesario para el correcto uso de la Web.<\/p>\n\n<p>En definitiva, los usuarios que accedan a este sitio Web pueden visualizar los contenidos y efectuar, en su caso, copias privadas autorizadas siempre que los elementos reproducidos no sean cedidos posteriormente a terceros, noch auf mit Redes verbundenen Servern installiert werden, noch Gegenstand irgendeiner Art von Explosion sind, und zwar nur und ausschlie\u00dflich, solange der Dienst in Betrieb ist.<\/p>\n\n<p>Ebenso sind alle Marken, Handelsnamen oder Zeichen jeder Art, die auf dieser Website erscheinen, Eigentum von LOS GIGANTES PROPERTIES, S.L., ohne dass Sie davon ausgehen k\u00f6nnen, dass die Nutzung oder der Zugriff auf diese Website dem Benutzer ein bestimmtes Recht auf diese Website einr\u00e4umt.<\/p>\n\n<p>Quedan prohibidas la distribuci\u00f3n, modificaci\u00f3n, cesi\u00f3n o comunicaci\u00f3n p\u00fablica de los contenidos y cualquier otro acto que no haya sido expresamente autorizado por LOS GIGANTES PROPERTIES, S.L. En caso de incumplimiento LOS GIGANTES PROPERTIES, S.L. proceder\u00e1 a adoptar las medidas legales oportunas.<\/p>\n\n<p><strong>8. Exenci\u00f3n de responsabilidad y modificaci\u00f3n del presente aviso legal<\/strong><strong><\/strong><\/p>\n\n<p>Die Website www.tenerifepropertysales.com verwendet Datensicherheitstechniken wie Firewalls, Zugriffskontrollverfahren und Skriptmechanismen mit dem Ziel, den nicht autorisierten Zugriff auf die Daten zu verhindern und die Vertraulichkeit der Daten zu gew\u00e4hrleisten.<\/p>\n\n<p>Die Informationen, die Sie auf dieser Website finden, sind ausschlie\u00dflich informativ und LOS GIGANTES PROPERTIES, S.L. beh\u00e4lt sich das Recht vor, diese Informationen ganz oder teilweise zu l\u00f6schen oder zu unterbrechen und die Struktur und den Inhalt dieser Website ohne vorherige Ank\u00fcndigung zu \u00e4ndern, auch um den Zugang zu diesen Informationen zu beschr\u00e4nken oder zu verhindern. LOS GIGANTES PROPERTIES, S.L. beabsichtigt, die Qualit\u00e4t und Aktualit\u00e4t dieser Informationen zu erhalten und m\u00f6gliche Fehler zu vermeiden und zu minimieren, aber LOS GIGANTES PROPERTIES, S.L. haftet nicht f\u00fcr Sch\u00e4den, die durch Entscheidungen auf der Grundlage dieser Informationen verursacht werden, nicht f\u00fcr Ungenauigkeiten, Auslassungen oder Fehler in diesen Informationen, nicht f\u00fcr Probleme, die durch die Nutzung dieser Website oder einer anderen externen Verbindung entstehen, und auch nicht f\u00fcr Sch\u00e4den an der Software oder Hardware des Nutzers, die durch den Zugriff auf diese Website verursacht werden. <\/p>\n\n<p>Los Usuarios aceptan expresamente que LOS GIGANTES PROPERTIES, S.L. no ser\u00e1 responsable del acceso no autorizado o alteraci\u00f3n de sus transmisiones o datos, de cualquier material o datos enviados o recibidos o no enviados o recibidos, ni de ninguna transacci\u00f3n realizada a trav\u00e9s de su web.<\/p>\n\n<p>LOS GIGANTES PROPERTIES, S.L. beh\u00e4lt sich das Recht vor, den vorliegenden rechtlichen Hinweis einseitig und ohne Vorank\u00fcndigung unter den Bedingungen zu \u00e4ndern, die Sie f\u00fcr angemessen halten, wobei Sie lediglich verpflichtet sind, den Benutzer \u00fcber die \u00c4nderungen zu informieren, die \u00fcber <a href=\"http:\/\/www.aixacorpore.es\/\">www.tenerifepropertysales.com vorgenommen wurden .<\/a><\/p>\n\n<p><strong>9. Nulidad parcial<\/strong><strong><\/strong><\/p>\n\n<p>Wenn einer der vorliegenden Vertr\u00e4ge durch eine von der zust\u00e4ndigen Beh\u00f6rde erlassene endg\u00fcltige Entscheidung f\u00fcr ung\u00fcltig und unwirksam erkl\u00e4rt wird, bleiben die \u00fcbrigen Bestimmungen in Kraft, ohne dass sie durch diese Ung\u00fcltigkeitserkl\u00e4rung ber\u00fchrt werden.<\/p>\n\n<p><strong>10. Anwendbares Recht und zust\u00e4ndige Gerichtsh\u00f6fe<\/strong><strong><\/strong><\/p>\n\n<p>Die vorliegende Website richtet sich nach den spanischen und europ\u00e4ischen Gesetzen und Normen, die in der Praxis Anwendung finden.<\/p>\n\n<p>Jede Kontroverse, die im Zusammenhang mit der Nutzung der Webseite oder dieser Produkte auftritt, unterliegt der nicht ausschlie\u00dflichen Zust\u00e4ndigkeit der spanischen Gerichte der Provinz Santa Cruz de Tenerife.<\/p>\n\n<p>Si se trata de un consumidor final nada en la presente cl\u00e1usula afectar\u00e1 a los derechos que como tal le reconoce la legislaci\u00f3n vigente, pudiendo elegir presentar una reclamaci\u00f3n para hacer valer sus derechos en relaci\u00f3n con las presentes Condiciones ante el Juez o Tribunales que correspondan a su domicilio.<\/p>\n","protected":false},"excerpt":{"rendered":"<p>1. Ziel und Akzeptanz El presente aviso legal regula el uso del sitio Web: www.tenerifepropertysales.com Die Website www.tenerifepropertysales.com bietet Dienstleistungen an, deren Hauptziel es ist, den Kontakt zwischen Benutzern und Unternehmen zu erm\u00f6glichen, z.B. um mit uns in Kontakt zu treten, auf Anfragen zu antworten, Reklamationen zu bearbeiten, Rechte zum Schutz von Daten auszu\u00fcben oder [&#8230;]<\/p>\n<p><a class=\"btn btn-secondary respacio-read-more-link\" href=\"https:\/\/tenerifepropertysales.demo4.respacio.com\/de\/rechtspolitik\/\">Read More&#8230;<\/a><\/p>\n","protected":false},"author":21,"featured_media":0,"parent":0,"menu_order":0,"comment_status":"closed","ping_status":"closed","template":"","meta":{"_uag_custom_page_level_css":"","ub_ctt_via":"","footnotes":""},"page-tag":[],"class_list":["post-318156","page","type-page","status-publish","hentry"],"acf":[],"featured_image_src":null,"yoast_head":"<!-- This site is optimized with the Yoast SEO Premium plugin v21.2 (Yoast SEO v24.4) - https:\/\/yoast.com\/wordpress\/plugins\/seo\/ -->\n<title>Rechtspolitik - Paul Ruane - Los Gigantes Immobilien<\/title>\n<meta name=\"robots\" content=\"noindex, follow, max-snippet:-1, max-image-preview:large, max-video-preview:-1\" \/>\n<meta property=\"og:locale\" content=\"de_DE\" \/>\n<meta property=\"og:type\" content=\"article\" \/>\n<meta property=\"og:title\" content=\"Rechtspolitik\" \/>\n<meta property=\"og:description\" content=\"1. Ziel und Akzeptanz El presente aviso legal regula el uso del sitio Web: www.tenerifepropertysales.com Die Website www.tenerifepropertysales.com bietet Dienstleistungen an, deren Hauptziel es ist, den Kontakt zwischen Benutzern und Unternehmen zu erm\u00f6glichen, z.B. um mit uns in Kontakt zu treten, auf Anfragen zu antworten, Reklamationen zu bearbeiten, Rechte zum Schutz von Daten auszu\u00fcben oder [...]Read More...\" \/>\n<meta property=\"og:url\" content=\"https:\/\/tenerifepropertysales.demo4.respacio.com\/de\/rechtspolitik\/\" \/>\n<meta property=\"og:site_name\" content=\"Paul Ruane - Los Gigantes Immobilien\" \/>\n<meta property=\"article:modified_time\" content=\"2025-05-02T07:11:26+00:00\" \/>\n<meta property=\"og:image\" content=\"\" \/>\n<meta name=\"twitter:card\" content=\"summary_large_image\" \/>\n<meta name=\"twitter:label1\" content=\"Gesch\u00e4tzte Lesezeit\" \/>\n\t<meta name=\"twitter:data1\" content=\"8\u00a0Minuten\" \/>\n<script type=\"application\/ld+json\" class=\"yoast-schema-graph\">{\"@context\":\"https:\/\/schema.org\",\"@graph\":[{\"@type\":\"WebPage\",\"@id\":\"https:\/\/tenerifepropertysales.demo4.respacio.com\/de\/rechtspolitik\/\",\"url\":\"https:\/\/tenerifepropertysales.demo4.respacio.com\/de\/rechtspolitik\/\",\"name\":\"Rechtspolitik - Paul Ruane - Los Gigantes Immobilien\",\"isPartOf\":{\"@id\":\"https:\/\/tenerifepropertysales.demo4.respacio.com\/de\/#website\"},\"datePublished\":\"2025-05-02T07:11:25+00:00\",\"dateModified\":\"2025-05-02T07:11:26+00:00\",\"breadcrumb\":{\"@id\":\"https:\/\/tenerifepropertysales.demo4.respacio.com\/de\/rechtspolitik\/#breadcrumb\"},\"inLanguage\":\"de\",\"potentialAction\":[{\"@type\":\"ReadAction\",\"target\":[\"https:\/\/tenerifepropertysales.demo4.respacio.com\/de\/rechtspolitik\/\"]}]},{\"@type\":\"BreadcrumbList\",\"@id\":\"https:\/\/tenerifepropertysales.demo4.respacio.com\/de\/rechtspolitik\/#breadcrumb\",\"itemListElement\":[{\"@type\":\"ListItem\",\"position\":1,\"name\":\"Startseite\",\"item\":\"https:\/\/tenerifepropertysales.demo4.respacio.com\/de\/titelseite\/\"},{\"@type\":\"ListItem\",\"position\":2,\"name\":\"Rechtspolitik\"}]},{\"@type\":\"WebSite\",\"@id\":\"https:\/\/tenerifepropertysales.demo4.respacio.com\/de\/#website\",\"url\":\"https:\/\/tenerifepropertysales.demo4.respacio.com\/de\/\",\"name\":\"Paul Ruane - Los Gigantes Immobilien\",\"description\":\"Los Gigantes Immobilien\",\"publisher\":{\"@id\":\"https:\/\/tenerifepropertysales.demo4.respacio.com\/de\/#organization\"},\"inLanguage\":\"de\"},{\"@type\":\"Organization\",\"@id\":\"https:\/\/tenerifepropertysales.demo4.respacio.com\/de\/#organization\",\"name\":\"Paul Ruane - Los Gigantes Immobilien\",\"url\":\"https:\/\/tenerifepropertysales.demo4.respacio.com\/de\/\",\"logo\":{\"@type\":\"ImageObject\",\"inLanguage\":\"de\",\"@id\":\"https:\/\/tenerifepropertysales.demo4.respacio.com\/de\/#\/schema\/logo\/image\/\",\"url\":\"https:\/\/tenerifepropertysales.demo4.respacio.com\/wp-content\/uploads\/2020\/04\/logo-white-1.png\",\"contentUrl\":\"https:\/\/tenerifepropertysales.demo4.respacio.com\/wp-content\/uploads\/2020\/04\/logo-white-1.png\",\"width\":273,\"height\":59,\"caption\":\"Paul Ruane - Los Gigantes Immobilien\"},\"image\":{\"@id\":\"https:\/\/tenerifepropertysales.demo4.respacio.com\/de\/#\/schema\/logo\/image\/\"}}]}<\/script>\n<!-- \/ Yoast SEO Premium plugin. -->","yoast_head_json":{"title":"Rechtspolitik - Paul Ruane - Los Gigantes Immobilien","robots":{"index":"noindex","follow":"follow","max-snippet":"max-snippet:-1","max-image-preview":"max-image-preview:large","max-video-preview":"max-video-preview:-1"},"og_locale":"de_DE","og_type":"article","og_title":"Rechtspolitik","og_description":"1. Ziel und Akzeptanz El presente aviso legal regula el uso del sitio Web: www.tenerifepropertysales.com Die Website www.tenerifepropertysales.com bietet Dienstleistungen an, deren Hauptziel es ist, den Kontakt zwischen Benutzern und Unternehmen zu erm\u00f6glichen, z.B. um mit uns in Kontakt zu treten, auf Anfragen zu antworten, Reklamationen zu bearbeiten, Rechte zum Schutz von Daten auszu\u00fcben oder [...]Read More...","og_url":"https:\/\/tenerifepropertysales.demo4.respacio.com\/de\/rechtspolitik\/","og_site_name":"Paul Ruane - Los Gigantes Immobilien","article_modified_time":"2025-05-02T07:11:26+00:00","og_image":[{"url":false,"type":"","width":"","height":""}],"twitter_card":"summary_large_image","twitter_misc":{"Gesch\u00e4tzte Lesezeit":"8\u00a0Minuten"},"schema":{"@context":"https:\/\/schema.org","@graph":[{"@type":"WebPage","@id":"https:\/\/tenerifepropertysales.demo4.respacio.com\/de\/rechtspolitik\/","url":"https:\/\/tenerifepropertysales.demo4.respacio.com\/de\/rechtspolitik\/","name":"Rechtspolitik - Paul Ruane - Los Gigantes Immobilien","isPartOf":{"@id":"https:\/\/tenerifepropertysales.demo4.respacio.com\/de\/#website"},"datePublished":"2025-05-02T07:11:25+00:00","dateModified":"2025-05-02T07:11:26+00:00","breadcrumb":{"@id":"https:\/\/tenerifepropertysales.demo4.respacio.com\/de\/rechtspolitik\/#breadcrumb"},"inLanguage":"de","potentialAction":[{"@type":"ReadAction","target":["https:\/\/tenerifepropertysales.demo4.respacio.com\/de\/rechtspolitik\/"]}]},{"@type":"BreadcrumbList","@id":"https:\/\/tenerifepropertysales.demo4.respacio.com\/de\/rechtspolitik\/#breadcrumb","itemListElement":[{"@type":"ListItem","position":1,"name":"Startseite","item":"https:\/\/tenerifepropertysales.demo4.respacio.com\/de\/titelseite\/"},{"@type":"ListItem","position":2,"name":"Rechtspolitik"}]},{"@type":"WebSite","@id":"https:\/\/tenerifepropertysales.demo4.respacio.com\/de\/#website","url":"https:\/\/tenerifepropertysales.demo4.respacio.com\/de\/","name":"Paul Ruane - Los Gigantes Immobilien","description":"Los Gigantes Immobilien","publisher":{"@id":"https:\/\/tenerifepropertysales.demo4.respacio.com\/de\/#organization"},"inLanguage":"de"},{"@type":"Organization","@id":"https:\/\/tenerifepropertysales.demo4.respacio.com\/de\/#organization","name":"Paul Ruane - Los Gigantes Immobilien","url":"https:\/\/tenerifepropertysales.demo4.respacio.com\/de\/","logo":{"@type":"ImageObject","inLanguage":"de","@id":"https:\/\/tenerifepropertysales.demo4.respacio.com\/de\/#\/schema\/logo\/image\/","url":"https:\/\/tenerifepropertysales.demo4.respacio.com\/wp-content\/uploads\/2020\/04\/logo-white-1.png","contentUrl":"https:\/\/tenerifepropertysales.demo4.respacio.com\/wp-content\/uploads\/2020\/04\/logo-white-1.png","width":273,"height":59,"caption":"Paul Ruane - Los Gigantes Immobilien"},"image":{"@id":"https:\/\/tenerifepropertysales.demo4.respacio.com\/de\/#\/schema\/logo\/image\/"}}]}},"uagb_featured_image_src":{"full":false,"thumbnail":false,"medium":false,"medium_large":false,"large":false,"1536x1536":false,"2048x2048":false},"uagb_author_info":{"display_name":"Aixa","author_link":"https:\/\/tenerifepropertysales.demo4.respacio.com\/de\/author\/aixa\/"},"uagb_comment_info":0,"uagb_excerpt":"1. Ziel und Akzeptanz El presente aviso legal regula el uso del sitio Web: www.tenerifepropertysales.com Die Website www.tenerifepropertysales.com bietet Dienstleistungen an, deren Hauptziel es ist, den Kontakt zwischen Benutzern und Unternehmen zu erm\u00f6glichen, z.B. um mit uns in Kontakt zu treten, auf Anfragen zu antworten, Reklamationen zu bearbeiten, Rechte zum Schutz von Daten auszu\u00fcben oder&hellip;","_links":{"self":[{"href":"https:\/\/tenerifepropertysales.demo4.respacio.com\/de\/wp-json\/wp\/v2\/pages\/318156","targetHints":{"allow":["GET"]}}],"collection":[{"href":"https:\/\/tenerifepropertysales.demo4.respacio.com\/de\/wp-json\/wp\/v2\/pages"}],"about":[{"href":"https:\/\/tenerifepropertysales.demo4.respacio.com\/de\/wp-json\/wp\/v2\/types\/page"}],"author":[{"embeddable":true,"href":"https:\/\/tenerifepropertysales.demo4.respacio.com\/de\/wp-json\/wp\/v2\/users\/21"}],"replies":[{"embeddable":true,"href":"https:\/\/tenerifepropertysales.demo4.respacio.com\/de\/wp-json\/wp\/v2\/comments?post=318156"}],"version-history":[{"count":1,"href":"https:\/\/tenerifepropertysales.demo4.respacio.com\/de\/wp-json\/wp\/v2\/pages\/318156\/revisions"}],"predecessor-version":[{"id":318157,"href":"https:\/\/tenerifepropertysales.demo4.respacio.com\/de\/wp-json\/wp\/v2\/pages\/318156\/revisions\/318157"}],"wp:attachment":[{"href":"https:\/\/tenerifepropertysales.demo4.respacio.com\/de\/wp-json\/wp\/v2\/media?parent=318156"}],"wp:term":[{"taxonomy":"page-tag","embeddable":true,"href":"https:\/\/tenerifepropertysales.demo4.respacio.com\/de\/wp-json\/wp\/v2\/page-tag?post=318156"}],"curies":[{"name":"wp","href":"https:\/\/api.w.org\/{rel}","templated":true}]}}