{"id":318158,"date":"2025-05-02T08:11:26","date_gmt":"2025-05-02T07:11:26","guid":{"rendered":"https:\/\/tenerifepropertysales.demo4.respacio.com\/cookie-richtlinie\/"},"modified":"2025-05-02T08:11:27","modified_gmt":"2025-05-02T07:11:27","slug":"cookie-richtlinie","status":"publish","type":"page","link":"https:\/\/tenerifepropertysales.demo4.respacio.com\/de\/cookie-richtlinie\/","title":{"rendered":"Cookie-Richtlinie"},"content":{"rendered":"\n<h2 class=\"wp-block-heading\" id=\"h-1-nbsp-que-son-las-cookies\">1. \u00bfQU\u00c9 SON LAS COOKIES?<\/h2>\n\n<p>Una cookie es un archivo de texto que un servidor web puede guardar en el disco duro de tu equipo para almacenar alg\u00fan tipo de informaci\u00f3n sobre ti como usuario. Las cookies se utilizan con diversas finalidades tales como almacenar datos para pr\u00f3ximas visitas, para reconocer al usuario y evitar pedir de nuevo la autentificaci\u00f3n, para saber que paginas visitas, o para guardar tus preferencias en \u00e1reas personalizables&#8230;). Normalerweise verwenden Webseiten Cookies, um statistische Informationen \u00fcber ihre Webseiten zu erhalten und das Verhalten ihrer Kunden\/Benutzer zu analysieren.  <\/p>\n\n<p>Quedan exceptuadas del cumplimiento de las obligaciones establecidas en el art\u00edculo 22.2 de la LSSI las cookies utilizadas para alguna de las siguientes finalidades:<\/p>\n\n<ul class=\"wp-block-list\">\n<li>Permitir \u00fanicamente la comunicaci\u00f3n entre el equipo del usuario y la red.<\/li>\n\n\n\n<li>Estrictamente prestar un servicio expresamente solicitado por el usuario.<\/li>\n<\/ul>\n\n<p>As\u00ed, quedan entre las cookies exceptuadas estar\u00edan aquellas que tienen por finalidad:<\/p>\n\n<ul class=\"wp-block-list\">\n<li>Cookies f\u00fcr die Eingabe des Benutzers. Dies sind Cookies, die auf dem Computer gespeichert werden, wenn der Benutzer Informationen auf einer Website eingibt. Zum Beispiel, wenn Sie ein Web-Formular ausf\u00fcllen.  <\/li>\n\n\n\n<li>Cookies zur Identifizierung des Benutzers (nur f\u00fcr die Sitzung). Su funci\u00f3n es identificar a un usuario cuando \u00e9ste introduzca sus credenciales al iniciar sesi\u00f3n. <\/li>\n\n\n\n<li>Cookies f\u00fcr die Sicherheit des Benutzers. Das sind Cookies, die Probleme oder Sicherheitsrisiken erkennen. Zum Beispiel solche, die fehlerhafte und wiederholte Verbindungsversuche erkennen.  <\/li>\n\n\n\n<li>Cookies f\u00fcr die Wiedergabe von Multimedia-Inhalten. Erlauben die Wiedergabe von Multimedia-Inhalten auf den Webseiten, die der Benutzer besucht. Zum Beispiel sind die Videos, die beim Aufrufen einer Website automatisch wiedergegeben werden, durch diese Art von Cookies autorisiert.  <\/li>\n\n\n\n<li>Cookies de sesi\u00f3n para equilibrar la carga. Conectan el servidor del sitio web y el del usuario para que la informaci\u00f3n se pueda transmitir entre ambos. <\/li>\n\n\n\n<li>Cookies zur Personalisierung der Benutzerschnittstelle. Es handelt sich dabei um Cookies, die sich an die Pr\u00e4ferenzen der Benutzer w\u00e4hrend der Navigation durch ein Web erinnern. Zum Beispiel, die Sprache, der gew\u00e4hlte Browser usw.  <\/li>\n\n\n\n<li>Determinadas cookies de complemento (plug-in) para intercambiar contenidos sociales. Se utilizan cuando el usuario visita redes sociales a trav\u00e9s de una web. Por ejemplo, al compartir en redes sociales el art\u00edculo de una web.  <\/li>\n<\/ul>\n\n<p>Los usos concretos que hacemos de estas tecnolog\u00edas se describen en los siguientes apartados.<\/p>\n\n<h2 class=\"wp-block-heading\" id=\"h-2-nbsp-tipos-de-cookies\">2. TIPOS DE COOKIES<\/h2>\n\n<p>Las cookies pueden clasificarse seg\u00fan los siguientes criterios:<\/p>\n\n<p>Seg\u00fan <strong>quien instala<\/strong> la cookie, \u00e9stas pueden ser:<\/p>\n\n<p><strong>Eigene Cookies:<\/strong> Es handelt sich um Cookies, die von einem vom Herausgeber selbst verwalteten Ger\u00e4t oder einer Dom\u00e4ne an das Endger\u00e4t des Benutzers gesendet werden und von dem aus der vom Benutzer angeforderte Service erbracht wird.<\/p>\n\n<p><strong>Cookies von Drittanbietern:<\/strong> Es handelt sich um Cookies, die dem Endger\u00e4t des Benutzers von einem von uns oder von einem Dritten verwalteten Ger\u00e4t oder Herrschaftsbereich zugestellt werden, wobei die Informationen, die von den Cookies erfasst werden, von einem Dritten verwaltet werden, der nicht der Betreiber der Website ist.<\/p>\n\n<p>Seg\u00fan su <strong>plazo<\/strong> de conservaci\u00f3n, las cookies pueden ser:<\/p>\n\n<p><strong>Cookies de sesi\u00f3n<\/strong>: Dies sind Cookies, die w\u00e4hrend der Zeit, in der der Benutzer durch die Website surft, gespeichert werden und die nach Beendigung des Surfens gel\u00f6scht werden.<\/p>\n\n<p><strong>Dauerhafte Cookies:<\/strong> Quedan almacenadas en el terminal del usuario, por un tiempo m\u00e1s largo, facilitando as\u00ed el control de las preferencias elegidas sin tener que repetir ciertos par\u00e1metros cada vez que se visitite el sitio Web.<\/p>\n\n<p>Seg\u00fan su <strong>finalidad,<\/strong> las cookies pueden ser:<\/p>\n\n<p><strong>Technische Cookies:<\/strong> Bei den technischen Cookies handelt es sich um unabdingbare und unbedingt notwendige Cookies f\u00fcr die korrekte Funktion einer Website und die Nutzung der verschiedenen Optionen und Dienste, die sie anbietet. Zum Beispiel f\u00fcr die Verwaltung von Sitzungen, f\u00fcr die Nutzung von Sicherheitselementen, f\u00fcr die Nutzung von Inhalten in sozialen Netzwerken usw. <\/p>\n\n<p><strong>Cookies zur Personalisierung:<\/strong> Erlauben es dem Benutzer, Merkmale der Webseite wie Sprache, regionale Konfiguration oder Browser-Typ zu w\u00e4hlen oder zu personalisieren.<\/p>\n\n<p><strong>Analytische Cookies:<\/strong> Diese werden von den Webportalen verwendet, um Navigationsprofile zu erstellen und die Vorlieben der Benutzer zu ermitteln, um das Angebot an Produkten und Dienstleistungen zu verbessern. Sie k\u00f6nnen die geografischen Bereiche, die f\u00fcr einen Benutzer am interessantesten sind, sowie die am meisten akzeptierten Web-Informationen kontrollieren usw. <\/p>\n\n<p><strong>Cookies publicitarias \/ de publicidad:<\/strong> das sind Cookies, die Informationen \u00fcber das Verhalten der Benutzer speichern, die durch die kontinuierliche Beobachtung ihrer Surfgewohnheiten gewonnen werden und die es erm\u00f6glichen, ein spezielles Profil f\u00fcr die Anzeige von Werbung in Abh\u00e4ngigkeit von diesem Verhalten zu erstellen.<\/p>\n\n<h2 class=\"wp-block-heading\" id=\"h-3-nbsp-nbsp-nbsp-cookies-utilizadas-en-nuestra-web\">3. COOKIES, DIE AUF UNSERER WEBSITE VERWENDET WERDEN<\/h2>\n\n<p>www.tenerifepropertysales.com verwendet die folgenden Arten von Cookies im Internet:<\/p>\n\n<p><strong>Cookies t\u00e9cnicas<\/strong><\/p>\n\n<p>Permiten al usuario navegar por la Web.<\/p>\n\n<p><strong>Cookies zur Analyse<\/strong><\/p>\n\n<p>Utilizamos cookies de Google Analytics para cuantificar el n\u00famero de usuarios que visitan la Web. Estas cookies permiten medir y analizar la forma en que los usuarios navegan por la Web. Esta informaci\u00f3n permite a LOS GIGANTES PROPERTIES, S.L. mejorar continuamente sus servicios y la experiencia de los usuarios de la Web. Para obtener m\u00e1s informaci\u00f3n, puedes consultar la p\u00e1gina de privacidad de Google Analytics: <a href=\"https:\/\/developers.google.com\/analytics\/devguides\/collection\/analyticsjs\/cookie-usage\">https:\/\/developers.google.com\/analytics\/devguides\/collection\/analyticsjs\/cookie-usage<\/a>   <\/p>\n\n<p><strong>Cookies, die in unserem Webdomizil installiert sind:<\/strong><\/p>\n\n<figure class=\"wp-block-table\"><table><thead><tr><td>Name des Cookies<\/td><td>Finalidad<\/td><td>Propia\/ de terceros<\/td><td>Duraci\u00f3n<\/td><td>\u00bfCu\u00e1ndo se instala?<\/td><\/tr><\/thead><tbody><tr><td>PHPSESSID<\/td><td>Dieser Cookie wird verwendet, um die einmalige Sitzungs-ID eines Benutzers zu speichern und zu identifizieren, um die Sitzung des Benutzers auf der Website zu verwalten. Das Cookie ist ein Sitzungscookie und wird gel\u00f6scht, wenn Sie alle Seiten des Browsers l\u00f6schen. <\/td><td>Propia<\/td><td>Sesi\u00f3n<\/td><td>Cuando se accede a la web<\/td><\/tr><tr><td>ignore_cookies<\/td><td>Ohne Beschreibung<\/td><td>Propia<\/td><td>7 d\u00edas<\/td><td>Cuando se accede a la web<\/td><\/tr><tr><td>twk_idm_key<\/td><td>Ohne Beschreibung<\/td><td>Propia<\/td><td>Sesi\u00f3n<\/td><td>Cuando se accede a la web<\/td><\/tr><tr><td>TawkConnectionTime<\/td><td>Esta cookie se utiliza para ayudar a recordar a los usuarios para que los chats anteriores se puedan vincular entre s\u00ed.<\/td><td>Propia<\/td><td>Sesi\u00f3n<\/td><td>Cuando se accede a la web<\/td><\/tr><tr><td>_GRECAPTCHA<\/td><td>Dieses Cookie wird verwendet, um Bots zu identifizieren und die Website vor b\u00f6sartigen Spam-Attacken zu sch\u00fctzen.<\/td><td>Terceros<\/td><td>5 meses y 27 d\u00edas<\/td><td>Cuando se accede a la web<\/td><\/tr><\/tbody><\/table><\/figure>\n\n<p>Diese Website enth\u00e4lt, wie die meisten anderen Websites auch, Funktionen, die von Dritten zur Verf\u00fcgung gestellt werden.<\/p>\n\n<p>Unsere Website ist eine lebendige Website und kann neue Designs oder Dienstleistungen von Drittanbietern enthalten. Dies kann gelegentlich die Konfiguration von Cookies ver\u00e4ndern und es k\u00f6nnen Cookies auftauchen, die in dieser Richtlinie nicht n\u00e4her beschrieben werden. <\/p>\n\n<h2 class=\"wp-block-heading\" id=\"h-4-nbsp-nbsp-nbsp-informacion-y-obtencion-del-consentimiento-para-la-instalacion\">4. INFORMACI\u00d3N Y OBTENCI\u00d3N DEL CONSENTIMIENTO PARA LA INSTALACI\u00d3N<\/h2>\n\n<p>www.tenerifepropertysales.com ha procurado el establecimiento de mecanismos adecuados para la obtenci\u00f3n del consentimiento del usuario en relaci\u00f3n con las cookies no estrictamente necesarias. Esto incluye a las cookies anal\u00edticas o de medici\u00f3n, que no se instalar\u00e1n salvo aceptaci\u00f3n expresa del usuario. <\/p>\n\n<p>Beim Zugriff auf unsere Website erscheint ein Popup-Fenster, in dem Sie \u00fcber alle Einzelheiten zu den Cookies informiert werden; Sie k\u00f6nnen diese auch einzeln akzeptieren.<\/p>\n\n<p>Los usuarios no tendr\u00e1n que dar su consentimiento cada vez que visiten la web. Wir bewahren Ihr Einverst\u00e4ndnis und Ihre Pr\u00e4ferenzen f\u00fcr Cookies f\u00fcr einen maximalen Zeitraum von 24 Monaten auf. Antes de que transcurra dicho plazo le solicitaremos la renovaci\u00f3n de su consentimiento en relaci\u00f3n con las cookies.  <\/p>\n\n<h2 class=\"wp-block-heading\" id=\"h-5-nbsp-nbsp-nbsp-como-puedo-impedir-la-instalacion-de-cookies\">5. \u00bfC\u00d3MO PUEDO IMPEDIR LA INSTALACI\u00d3N DE COOKIES?<\/h2>\n\n<p>Der Benutzer kann die Installation aller Cookies nach seinen Vorlieben ablehnen, au\u00dfer denen, die er ausdr\u00fccklich genehmigt hat, oder denen, die technisch notwendig sind, um die korrekte Funktion der Webseite zu gew\u00e4hrleisten, indem er im Popup-Fenster oder im Fenster f\u00fcr die Annahme von Cookies, das beim Aufrufen der Startseite erscheint, angibt, welche Cookies er installieren oder ablehnen m\u00f6chte. No obstante, existen otras formas de evitar que se instalen cookies en el equipo, como les indicamos a continuaci\u00f3n. <\/p>\n\n<p>El usuario puede configurar su navegador para aceptar, o no, las cookies que recibe o para que el navegador le avise cuando un servidor quiera guardar una cookie. Si se deshabilitan algunas cookies t\u00e9cnicas no se garantiza el correcto funcionamiento de algunas de las utilidades de la web. <\/p>\n\n<p>El usuario podr\u00e1 excluir que se almacenen en su terminal las cookies <em>&#8222;anal\u00edticas y publicitarias&#8220;<\/em> de Google Analytics mediante los <a href=\"https:\/\/tools.google.com\/dlpage\/gaoptout\">sistemas de exclusi\u00f3n facilitados por Google Analytics.<\/a><\/p>\n\n<p>A continuaci\u00f3n, tambi\u00e9n le facilitamos algunos ejemplos de c\u00f3mo deshabilitar las cookies:<\/p>\n\n<ol class=\"wp-block-list\" style=\"list-style-type:lower-alpha\">\n<li><strong><\/strong><strong>Mediante la configuraci\u00f3n del propio navegador:<\/strong><\/li>\n\n\n\n<li>Internet Explorer: <a href=\"http:\/\/windows.microsoft.com\/es-es\/windows-vista\/block-or-allow-cookies\">http:\/\/windows.microsoft.com\/es-es\/windows-vista\/block-or-allow-cookies<\/a><\/li>\n\n\n\n<li>Firefox: <a href=\"https:\/\/support.mozilla.org\/es\/kb\/Borrar%20cookies\">https:\/\/support.mozilla.org\/es\/kb\/Borrar%20cookies<\/a>  <\/li>\n\n\n\n<li>Safari: <a href=\"http:\/\/support.apple.com\/kb\/HT1677?viewlocale=es_ES\">http:\/\/support.apple.com\/kb\/HT1677?viewlocale=es_ES.<\/a><\/li>\n\n\n\n<li>Chrom: <a href=\"https:\/\/support.google.com\/accounts\/answer\/61416?hl=es\">https:\/\/support.google.com\/accounts\/answer\/61416?hl=es.<\/a><\/li>\n\n\n\n<li>Oper: <a href=\"http:\/\/help.opera.com\/Windows\/11.50\/es-ES\/cookies.html\">http:\/\/help.opera.com\/Windows\/11.50\/es-ES\/cookies.html<\/a><\/li>\n<\/ol>\n\n<p>Um diese Informationen zu erweitern, besuchen Sie die Seite der Spanischen Agentur f\u00fcr Datenschutz, die Ihnen bei der Konfiguration des Datenschutzes in sozialen Netzwerken, Navigationsger\u00e4ten und mobilen Betriebssystemen hilft.  <a href=\"http:\/\/www.agpd.es\/portalwebAGPD\/CanalDelCiudadano\/protegetuprivacidad\/index-ides-idphp.php\">Mehr Informationen.<\/a><\/p>\n\n<ul class=\"wp-block-list\">\n<li><strong><\/strong><strong>Mediante herramientas de terceros:<\/strong><\/li>\n<\/ul>\n\n<p>Es gibt online verf\u00fcgbare Hilfsmittel von Drittanbietern, die es den Benutzern erm\u00f6glichen, Cookies auf jeder besuchten Website zu erkennen und deren Deaktivierung zu steuern, z.B.:<\/p>\n\n<p><a href=\"http:\/\/www.ghostery.com\/\">http:\/\/www.ghostery.com<\/a><\/p>\n\n<p><a href=\"http:\/\/www.youronlinechoices.com\/es\/\">http:\/\/www.youronlinechoices.com\/es\/<\/a><\/p>\n\n<p>In jedem Fall kann der Benutzer die Cookies zulassen oder sperren sowie seine Navigationsdaten (einschlie\u00dflich der Cookies) von dem von ihm verwendeten Browser l\u00f6schen. Consulte las opciones e instrucciones que ofrece su navegador para ello. Beachten Sie, dass Sie, wenn Sie die Cookies von Drittanbietern akzeptieren, diese aus den Optionen des Browsers entfernen m\u00fcssen.  <\/p>\n\n<h2 class=\"wp-block-heading\" id=\"h-6-nbsp-nbsp-nbsp-nbsp-enlaces-a-otros-sitios-web\">6. ENLACES A OTROS SITIOS WEB<\/h2>\n\n<p>Wenn Sie sich daf\u00fcr entscheiden, unsere Website \u00fcber Links zu anderen Websites zu verlassen, die nicht zu unserem Unternehmen geh\u00f6ren, sind wir weder f\u00fcr die Datenschutzrichtlinien dieser Websites noch f\u00fcr die Cookies verantwortlich, die diese Websites im Browser des Benutzers speichern k\u00f6nnen.<\/p>\n\n<h2 class=\"wp-block-heading\" id=\"h-7-nbsp-nbsp-nbsp-como-recopilamos-y-usamos-las-direcciones-ip\">7. \u00bfC\u00d3MO RECOPILAMOS Y USAMOS LAS DIRECCIONES IP?<\/h2>\n\n<p>Los servidores de la Web podr\u00e1n detectar de manera autom\u00e1tica la direcci\u00f3n IP y el nombre de dominio utilizados por los usuarios.<\/p>\n\n<p>Una direcci\u00f3n IP es un n\u00famero asignado autom\u00e1ticamente a un ordenador cuando \u00e9ste se conecta a Internet. Diese Information erm\u00f6glicht die nachtr\u00e4gliche Verarbeitung der Daten, um festzustellen, ob Sie der Installation von Cookies zugestimmt haben, sowie die Durchf\u00fchrung von statistischen Untersuchungen, die es erm\u00f6glichen, die Anzahl der im Internet durchgef\u00fchrten Besuche, die Reihenfolge der Besuche, den Zugangspunkt usw. zu ermitteln. <\/p>\n\n<h2 class=\"wp-block-heading\" id=\"h-8-nbsp-nbsp-nbsp-nbsp-transferencia-internacional-de-datos\">8. INTERNATIONALE DATEN\u00dcBERMITTLUNG<\/h2>\n\n<p>Las cookies instaladas en nuestro dominio web se instalan en nuestro servidor por lo que los datos en ellas recogidos no sometidos a transferencias internacionales de datos.<\/p>\n\n<p>Las cookies de terceros instaladas en nuestra web por dominios de terceros pueden estar sometidos a transferencia internacional de datos. Para obtener m\u00e1s informaci\u00f3n sobre las posibles transferencias internacionales de datos que estas cookies puedan suponer le recomendamos pulsar en el apartado <em>&#8222;m\u00e1s informaci\u00f3n&#8220;<\/em> de la cookie que quieran consultar. <\/p>\n\n<p>Puedes informarte de las transferencias a terceros pa\u00edses (art\u00edculo 49 RGPD) que, en su caso, puedan realizar los terceros identificados en la presente Pol\u00edtica de Cookies en sus correspondientes pol\u00edticas (v\u00e9ase el siguiente enlace: <a href=\"https:\/\/policies.google.com\/technologies\/cookies?hl=es\">https:\/\/policies.google.com\/technologies\/cookies?hl=es)<\/a><\/p>\n\n<h2 class=\"wp-block-heading\" id=\"h-9-nbsp-nbsp-nbsp-actualizacion-de-nuestra-politica-de-cookies\">9. ACTUALIZACI\u00d3N DE NUESTRA POL\u00cdTICA DE COOKIES<\/h2>\n\n<p>Diese Richtlinie wird regelm\u00e4\u00dfig \u00fcberarbeitet, um ihre G\u00fcltigkeit zu gew\u00e4hrleisten, und kann daher ge\u00e4ndert werden. Le recomendamos que visite la p\u00e1gina con regularidad donde le informaremos de cualquier actualizaci\u00f3n al respecto. <\/p>\n","protected":false},"excerpt":{"rendered":"<p>1. \u00bfQU\u00c9 SON LAS COOKIES? Una cookie es un archivo de texto que un servidor web puede guardar en el disco duro de tu equipo para almacenar alg\u00fan tipo de informaci\u00f3n sobre ti como usuario. Las cookies se utilizan con diversas finalidades tales como almacenar datos para pr\u00f3ximas visitas, para reconocer al usuario y evitar [&#8230;]<\/p>\n<p><a class=\"btn btn-secondary respacio-read-more-link\" href=\"https:\/\/tenerifepropertysales.demo4.respacio.com\/de\/cookie-richtlinie\/\">Read More&#8230;<\/a><\/p>\n","protected":false},"author":21,"featured_media":0,"parent":0,"menu_order":0,"comment_status":"closed","ping_status":"closed","template":"","meta":{"_uag_custom_page_level_css":"","ub_ctt_via":"","footnotes":""},"page-tag":[],"class_list":["post-318158","page","type-page","status-publish","hentry"],"acf":[],"featured_image_src":null,"yoast_head":"<!-- This site is optimized with the Yoast SEO Premium plugin v21.2 (Yoast SEO v24.4) - https:\/\/yoast.com\/wordpress\/plugins\/seo\/ -->\n<title>Cookie-Richtlinie - Paul Ruane - Los Gigantes Immobilien<\/title>\n<meta name=\"robots\" content=\"noindex, follow, max-snippet:-1, max-image-preview:large, max-video-preview:-1\" \/>\n<meta property=\"og:locale\" content=\"de_DE\" \/>\n<meta property=\"og:type\" content=\"article\" \/>\n<meta property=\"og:title\" content=\"Cookie-Richtlinie\" \/>\n<meta property=\"og:description\" content=\"1. \u00bfQU\u00c9 SON LAS COOKIES? Una cookie es un archivo de texto que un servidor web puede guardar en el disco duro de tu equipo para almacenar alg\u00fan tipo de informaci\u00f3n sobre ti como usuario. Las cookies se utilizan con diversas finalidades tales como almacenar datos para pr\u00f3ximas visitas, para reconocer al usuario y evitar [...]Read More...\" \/>\n<meta property=\"og:url\" content=\"https:\/\/tenerifepropertysales.demo4.respacio.com\/de\/cookie-richtlinie\/\" \/>\n<meta property=\"og:site_name\" content=\"Paul Ruane - Los Gigantes Immobilien\" \/>\n<meta property=\"article:modified_time\" content=\"2025-05-02T07:11:27+00:00\" \/>\n<meta property=\"og:image\" content=\"\" \/>\n<meta name=\"twitter:card\" content=\"summary_large_image\" \/>\n<meta name=\"twitter:label1\" content=\"Gesch\u00e4tzte Lesezeit\" \/>\n\t<meta name=\"twitter:data1\" content=\"10\u00a0Minuten\" \/>\n<script type=\"application\/ld+json\" class=\"yoast-schema-graph\">{\"@context\":\"https:\/\/schema.org\",\"@graph\":[{\"@type\":\"WebPage\",\"@id\":\"https:\/\/tenerifepropertysales.demo4.respacio.com\/de\/cookie-richtlinie\/\",\"url\":\"https:\/\/tenerifepropertysales.demo4.respacio.com\/de\/cookie-richtlinie\/\",\"name\":\"Cookie-Richtlinie - Paul Ruane - Los Gigantes Immobilien\",\"isPartOf\":{\"@id\":\"https:\/\/tenerifepropertysales.demo4.respacio.com\/de\/#website\"},\"datePublished\":\"2025-05-02T07:11:26+00:00\",\"dateModified\":\"2025-05-02T07:11:27+00:00\",\"breadcrumb\":{\"@id\":\"https:\/\/tenerifepropertysales.demo4.respacio.com\/de\/cookie-richtlinie\/#breadcrumb\"},\"inLanguage\":\"de\",\"potentialAction\":[{\"@type\":\"ReadAction\",\"target\":[\"https:\/\/tenerifepropertysales.demo4.respacio.com\/de\/cookie-richtlinie\/\"]}]},{\"@type\":\"BreadcrumbList\",\"@id\":\"https:\/\/tenerifepropertysales.demo4.respacio.com\/de\/cookie-richtlinie\/#breadcrumb\",\"itemListElement\":[{\"@type\":\"ListItem\",\"position\":1,\"name\":\"Startseite\",\"item\":\"https:\/\/tenerifepropertysales.demo4.respacio.com\/de\/titelseite\/\"},{\"@type\":\"ListItem\",\"position\":2,\"name\":\"Cookie-Richtlinie\"}]},{\"@type\":\"WebSite\",\"@id\":\"https:\/\/tenerifepropertysales.demo4.respacio.com\/de\/#website\",\"url\":\"https:\/\/tenerifepropertysales.demo4.respacio.com\/de\/\",\"name\":\"Paul Ruane - Los Gigantes Immobilien\",\"description\":\"Los Gigantes Immobilien\",\"publisher\":{\"@id\":\"https:\/\/tenerifepropertysales.demo4.respacio.com\/de\/#organization\"},\"inLanguage\":\"de\"},{\"@type\":\"Organization\",\"@id\":\"https:\/\/tenerifepropertysales.demo4.respacio.com\/de\/#organization\",\"name\":\"Paul Ruane - Los Gigantes Immobilien\",\"url\":\"https:\/\/tenerifepropertysales.demo4.respacio.com\/de\/\",\"logo\":{\"@type\":\"ImageObject\",\"inLanguage\":\"de\",\"@id\":\"https:\/\/tenerifepropertysales.demo4.respacio.com\/de\/#\/schema\/logo\/image\/\",\"url\":\"https:\/\/tenerifepropertysales.demo4.respacio.com\/wp-content\/uploads\/2020\/04\/logo-white-1.png\",\"contentUrl\":\"https:\/\/tenerifepropertysales.demo4.respacio.com\/wp-content\/uploads\/2020\/04\/logo-white-1.png\",\"width\":273,\"height\":59,\"caption\":\"Paul Ruane - Los Gigantes Immobilien\"},\"image\":{\"@id\":\"https:\/\/tenerifepropertysales.demo4.respacio.com\/de\/#\/schema\/logo\/image\/\"}}]}<\/script>\n<!-- \/ Yoast SEO Premium plugin. -->","yoast_head_json":{"title":"Cookie-Richtlinie - Paul Ruane - Los Gigantes Immobilien","robots":{"index":"noindex","follow":"follow","max-snippet":"max-snippet:-1","max-image-preview":"max-image-preview:large","max-video-preview":"max-video-preview:-1"},"og_locale":"de_DE","og_type":"article","og_title":"Cookie-Richtlinie","og_description":"1. \u00bfQU\u00c9 SON LAS COOKIES? Una cookie es un archivo de texto que un servidor web puede guardar en el disco duro de tu equipo para almacenar alg\u00fan tipo de informaci\u00f3n sobre ti como usuario. Las cookies se utilizan con diversas finalidades tales como almacenar datos para pr\u00f3ximas visitas, para reconocer al usuario y evitar [...]Read More...","og_url":"https:\/\/tenerifepropertysales.demo4.respacio.com\/de\/cookie-richtlinie\/","og_site_name":"Paul Ruane - Los Gigantes Immobilien","article_modified_time":"2025-05-02T07:11:27+00:00","og_image":[{"url":false,"type":"","width":"","height":""}],"twitter_card":"summary_large_image","twitter_misc":{"Gesch\u00e4tzte Lesezeit":"10\u00a0Minuten"},"schema":{"@context":"https:\/\/schema.org","@graph":[{"@type":"WebPage","@id":"https:\/\/tenerifepropertysales.demo4.respacio.com\/de\/cookie-richtlinie\/","url":"https:\/\/tenerifepropertysales.demo4.respacio.com\/de\/cookie-richtlinie\/","name":"Cookie-Richtlinie - Paul Ruane - Los Gigantes Immobilien","isPartOf":{"@id":"https:\/\/tenerifepropertysales.demo4.respacio.com\/de\/#website"},"datePublished":"2025-05-02T07:11:26+00:00","dateModified":"2025-05-02T07:11:27+00:00","breadcrumb":{"@id":"https:\/\/tenerifepropertysales.demo4.respacio.com\/de\/cookie-richtlinie\/#breadcrumb"},"inLanguage":"de","potentialAction":[{"@type":"ReadAction","target":["https:\/\/tenerifepropertysales.demo4.respacio.com\/de\/cookie-richtlinie\/"]}]},{"@type":"BreadcrumbList","@id":"https:\/\/tenerifepropertysales.demo4.respacio.com\/de\/cookie-richtlinie\/#breadcrumb","itemListElement":[{"@type":"ListItem","position":1,"name":"Startseite","item":"https:\/\/tenerifepropertysales.demo4.respacio.com\/de\/titelseite\/"},{"@type":"ListItem","position":2,"name":"Cookie-Richtlinie"}]},{"@type":"WebSite","@id":"https:\/\/tenerifepropertysales.demo4.respacio.com\/de\/#website","url":"https:\/\/tenerifepropertysales.demo4.respacio.com\/de\/","name":"Paul Ruane - Los Gigantes Immobilien","description":"Los Gigantes Immobilien","publisher":{"@id":"https:\/\/tenerifepropertysales.demo4.respacio.com\/de\/#organization"},"inLanguage":"de"},{"@type":"Organization","@id":"https:\/\/tenerifepropertysales.demo4.respacio.com\/de\/#organization","name":"Paul Ruane - Los Gigantes Immobilien","url":"https:\/\/tenerifepropertysales.demo4.respacio.com\/de\/","logo":{"@type":"ImageObject","inLanguage":"de","@id":"https:\/\/tenerifepropertysales.demo4.respacio.com\/de\/#\/schema\/logo\/image\/","url":"https:\/\/tenerifepropertysales.demo4.respacio.com\/wp-content\/uploads\/2020\/04\/logo-white-1.png","contentUrl":"https:\/\/tenerifepropertysales.demo4.respacio.com\/wp-content\/uploads\/2020\/04\/logo-white-1.png","width":273,"height":59,"caption":"Paul Ruane - Los Gigantes Immobilien"},"image":{"@id":"https:\/\/tenerifepropertysales.demo4.respacio.com\/de\/#\/schema\/logo\/image\/"}}]}},"uagb_featured_image_src":{"full":false,"thumbnail":false,"medium":false,"medium_large":false,"large":false,"1536x1536":false,"2048x2048":false},"uagb_author_info":{"display_name":"Aixa","author_link":"https:\/\/tenerifepropertysales.demo4.respacio.com\/de\/author\/aixa\/"},"uagb_comment_info":0,"uagb_excerpt":"1. \u00bfQU\u00c9 SON LAS COOKIES? Una cookie es un archivo de texto que un servidor web puede guardar en el disco duro de tu equipo para almacenar alg\u00fan tipo de informaci\u00f3n sobre ti como usuario. Las cookies se utilizan con diversas finalidades tales como almacenar datos para pr\u00f3ximas visitas, para reconocer al usuario y evitar&hellip;","_links":{"self":[{"href":"https:\/\/tenerifepropertysales.demo4.respacio.com\/de\/wp-json\/wp\/v2\/pages\/318158","targetHints":{"allow":["GET"]}}],"collection":[{"href":"https:\/\/tenerifepropertysales.demo4.respacio.com\/de\/wp-json\/wp\/v2\/pages"}],"about":[{"href":"https:\/\/tenerifepropertysales.demo4.respacio.com\/de\/wp-json\/wp\/v2\/types\/page"}],"author":[{"embeddable":true,"href":"https:\/\/tenerifepropertysales.demo4.respacio.com\/de\/wp-json\/wp\/v2\/users\/21"}],"replies":[{"embeddable":true,"href":"https:\/\/tenerifepropertysales.demo4.respacio.com\/de\/wp-json\/wp\/v2\/comments?post=318158"}],"version-history":[{"count":1,"href":"https:\/\/tenerifepropertysales.demo4.respacio.com\/de\/wp-json\/wp\/v2\/pages\/318158\/revisions"}],"predecessor-version":[{"id":318160,"href":"https:\/\/tenerifepropertysales.demo4.respacio.com\/de\/wp-json\/wp\/v2\/pages\/318158\/revisions\/318160"}],"wp:attachment":[{"href":"https:\/\/tenerifepropertysales.demo4.respacio.com\/de\/wp-json\/wp\/v2\/media?parent=318158"}],"wp:term":[{"taxonomy":"page-tag","embeddable":true,"href":"https:\/\/tenerifepropertysales.demo4.respacio.com\/de\/wp-json\/wp\/v2\/page-tag?post=318158"}],"curies":[{"name":"wp","href":"https:\/\/api.w.org\/{rel}","templated":true}]}}