{"id":318191,"date":"2025-05-02T08:11:45","date_gmt":"2025-05-02T07:11:45","guid":{"rendered":"https:\/\/tenerifepropertysales.demo4.respacio.com\/dienstleistungen\/"},"modified":"2025-05-02T08:11:45","modified_gmt":"2025-05-02T07:11:45","slug":"dienstleistungen","status":"publish","type":"page","link":"https:\/\/tenerifepropertysales.demo4.respacio.com\/de\/dienstleistungen\/","title":{"rendered":"Dienstleistungen"},"content":{"rendered":"\n<p>Wenn Sie eine Immobilie im Ausland kaufen, m\u00fcssen Sie bedenken, dass sich das Rechtssystem und die zu befolgenden Schritte sehr von denen unterscheiden k\u00f6nnen, die Sie bisher erlebt haben. Verst\u00e4ndlicherweise werden Sie viele Fragen und Bedenken haben. Los Gigantes Properties s.l. ist ein qualifizierter, anerkannter und etablierter Immobilienmakler und Mitglied des spanischen Berufsverbandes der Immobilienmakler (Asociaci\u00f3n Profesional de Expertos Inmobiliarios de Espa\u00f1a), Registernummer 1021.  <\/p>\n\n<p>Ganz gleich, ob Sie ein Studio, eine Wohnung, eine Villa, ein Unternehmen oder ein Grundst\u00fcck kaufen, die Beratung ist Ihnen sicher. Mit mehr als 30 Jahren Erfahrung im Verkauf von Immobilien auf den Kanarischen Inseln verf\u00fcgen Paul Ruane und sein Team von Los Gigantes Propertie s.l. \u00fcber umfassende Kenntnisse des spanischen Immobilienmarktes. <\/p>\n\n<p>Los Gigantes Properties s.l. bietet Ihnen einen absolut professionellen und freundlichen Service, der Folgendes umfasst:<\/p>\n\n<p class=\"has-text-align-center\"><strong>Umfassende Unterst\u00fctzung von Anfang bis Ende<\/strong><\/p>\n\n<p class=\"has-text-align-center\"><strong>Vollst\u00e4ndige \u00dcbertragung Ihrer Immobilie einschlie\u00dflich Vertr\u00e4gen, \u00dcbersetzungen, juristischer Arbeit und spanischer Identifikationsnummern<\/strong><\/p>\n\n<p class=\"has-text-align-center\"><strong>Gew\u00e4hrleistung, dass alle Transaktionen v\u00f6llig legal sind und den Anforderungen des spanischen Rechts entsprechen<\/strong><\/p>\n\n<p class=\"has-text-align-center\"><strong>Unterst\u00fctzung bei Bankkonten, Geld\u00fcberweisungen und Hypotheken<\/strong><\/p>\n\n<p class=\"has-text-align-center\"><strong>\u00dcbertragung aller Versorgungseinrichtungen und ein Kundendienst, der seinesgleichen sucht.<\/strong><\/p>\n\n<p>Nachstehend finden Sie eine Reihe weiterer Dienstleistungen, mit denen wir Sie unterst\u00fctzen k\u00f6nnen:<\/p>\n\n<ul class=\"wp-block-list\"><li>Pers\u00f6nliche Testamente<\/li><li>Vererbung<\/li><li>Vollmacht<\/li><li>Papierkram\/Finanzierung<\/li><li>Verm\u00f6gen (Steuer f\u00fcr Nicht-Residenten)<\/li><li>\u00c4nderungen des Dienstprogramms<\/li><li>N.I.E.-Nummern<\/li><li>Projektleitung<\/li><\/ul>\n\n<p><\/p>\n","protected":false},"excerpt":{"rendered":"<p>Wenn Sie eine Immobilie im Ausland kaufen, m\u00fcssen Sie bedenken, dass sich das Rechtssystem und die zu befolgenden Schritte sehr von denen unterscheiden k\u00f6nnen, die Sie bisher erlebt haben. Verst\u00e4ndlicherweise werden Sie viele Fragen und Bedenken haben. Los Gigantes Properties s.l. ist ein qualifizierter, anerkannter und etablierter Immobilienmakler und Mitglied des spanischen Berufsverbandes der Immobilienmakler [&#8230;]<\/p>\n<p><a class=\"btn btn-secondary respacio-read-more-link\" href=\"https:\/\/tenerifepropertysales.demo4.respacio.com\/de\/dienstleistungen\/\">Read More&#8230;<\/a><\/p>\n","protected":false},"author":2,"featured_media":318192,"parent":0,"menu_order":0,"comment_status":"closed","ping_status":"closed","template":"","meta":{"_uag_custom_page_level_css":"","ub_ctt_via":"","footnotes":""},"page-tag":[],"class_list":["post-318191","page","type-page","status-publish","has-post-thumbnail","hentry"],"acf":[],"featured_image_src":"https:\/\/tenerifepropertysales.demo4.respacio.com\/wp-content\/uploads\/2024\/11\/Photo-22-10-24-12-36-48-scaled.jpg","yoast_head":"<!-- This site is optimized with the Yoast SEO Premium plugin v21.2 (Yoast SEO v24.4) - https:\/\/yoast.com\/wordpress\/plugins\/seo\/ -->\n<title>Dienstleistungen - Paul Ruane - Los Gigantes Immobilien<\/title>\n<meta name=\"robots\" content=\"noindex, follow, max-snippet:-1, max-image-preview:large, max-video-preview:-1\" \/>\n<meta property=\"og:locale\" content=\"de_DE\" \/>\n<meta property=\"og:type\" content=\"article\" \/>\n<meta property=\"og:title\" content=\"Dienstleistungen\" \/>\n<meta property=\"og:description\" content=\"Wenn Sie eine Immobilie im Ausland kaufen, m\u00fcssen Sie bedenken, dass sich das Rechtssystem und die zu befolgenden Schritte sehr von denen unterscheiden k\u00f6nnen, die Sie bisher erlebt haben. Verst\u00e4ndlicherweise werden Sie viele Fragen und Bedenken haben. Los Gigantes Properties s.l. ist ein qualifizierter, anerkannter und etablierter Immobilienmakler und Mitglied des spanischen Berufsverbandes der Immobilienmakler [...]Read More...\" \/>\n<meta property=\"og:url\" content=\"https:\/\/tenerifepropertysales.demo4.respacio.com\/de\/dienstleistungen\/\" \/>\n<meta property=\"og:site_name\" content=\"Paul Ruane - Los Gigantes Immobilien\" \/>\n<meta property=\"og:image\" content=\"https:\/\/tenerifepropertysales.demo4.respacio.com\/wp-content\/uploads\/2024\/11\/Photo-22-10-24-12-36-48-1024x768.jpg\" \/>\n<meta name=\"twitter:card\" content=\"summary_large_image\" \/>\n<meta name=\"twitter:image\" content=\"https:\/\/tenerifepropertysales.demo4.respacio.com\/wp-content\/uploads\/2024\/11\/Photo-22-10-24-12-36-48-1024x768.jpg\" \/>\n<meta name=\"twitter:label1\" content=\"Gesch\u00e4tzte Lesezeit\" \/>\n\t<meta name=\"twitter:data1\" content=\"1\u00a0Minute\" \/>\n<script type=\"application\/ld+json\" class=\"yoast-schema-graph\">{\"@context\":\"https:\/\/schema.org\",\"@graph\":[{\"@type\":\"WebPage\",\"@id\":\"https:\/\/tenerifepropertysales.demo4.respacio.com\/de\/dienstleistungen\/\",\"url\":\"https:\/\/tenerifepropertysales.demo4.respacio.com\/de\/dienstleistungen\/\",\"name\":\"Dienstleistungen - Paul Ruane - Los Gigantes Immobilien\",\"isPartOf\":{\"@id\":\"https:\/\/tenerifepropertysales.demo4.respacio.com\/de\/#website\"},\"primaryImageOfPage\":{\"@id\":\"https:\/\/tenerifepropertysales.demo4.respacio.com\/de\/dienstleistungen\/#primaryimage\"},\"image\":{\"@id\":\"https:\/\/tenerifepropertysales.demo4.respacio.com\/de\/dienstleistungen\/#primaryimage\"},\"thumbnailUrl\":\"https:\/\/tenerifepropertysales.demo4.respacio.com\/wp-content\/uploads\/2024\/11\/Photo-22-10-24-12-36-48-scaled.jpg\",\"datePublished\":\"2025-05-02T07:11:45+00:00\",\"breadcrumb\":{\"@id\":\"https:\/\/tenerifepropertysales.demo4.respacio.com\/de\/dienstleistungen\/#breadcrumb\"},\"inLanguage\":\"de\",\"potentialAction\":[{\"@type\":\"ReadAction\",\"target\":[\"https:\/\/tenerifepropertysales.demo4.respacio.com\/de\/dienstleistungen\/\"]}]},{\"@type\":\"ImageObject\",\"inLanguage\":\"de\",\"@id\":\"https:\/\/tenerifepropertysales.demo4.respacio.com\/de\/dienstleistungen\/#primaryimage\",\"url\":\"https:\/\/tenerifepropertysales.demo4.respacio.com\/wp-content\/uploads\/2024\/11\/Photo-22-10-24-12-36-48-scaled.jpg\",\"contentUrl\":\"https:\/\/tenerifepropertysales.demo4.respacio.com\/wp-content\/uploads\/2024\/11\/Photo-22-10-24-12-36-48-scaled.jpg\",\"width\":2560,\"height\":1920},{\"@type\":\"BreadcrumbList\",\"@id\":\"https:\/\/tenerifepropertysales.demo4.respacio.com\/de\/dienstleistungen\/#breadcrumb\",\"itemListElement\":[{\"@type\":\"ListItem\",\"position\":1,\"name\":\"Startseite\",\"item\":\"https:\/\/tenerifepropertysales.demo4.respacio.com\/de\/titelseite\/\"},{\"@type\":\"ListItem\",\"position\":2,\"name\":\"Dienstleistungen\"}]},{\"@type\":\"WebSite\",\"@id\":\"https:\/\/tenerifepropertysales.demo4.respacio.com\/de\/#website\",\"url\":\"https:\/\/tenerifepropertysales.demo4.respacio.com\/de\/\",\"name\":\"Paul Ruane - Los Gigantes Immobilien\",\"description\":\"Los Gigantes Immobilien\",\"publisher\":{\"@id\":\"https:\/\/tenerifepropertysales.demo4.respacio.com\/de\/#organization\"},\"inLanguage\":\"de\"},{\"@type\":\"Organization\",\"@id\":\"https:\/\/tenerifepropertysales.demo4.respacio.com\/de\/#organization\",\"name\":\"Paul Ruane - Los Gigantes Immobilien\",\"url\":\"https:\/\/tenerifepropertysales.demo4.respacio.com\/de\/\",\"logo\":{\"@type\":\"ImageObject\",\"inLanguage\":\"de\",\"@id\":\"https:\/\/tenerifepropertysales.demo4.respacio.com\/de\/#\/schema\/logo\/image\/\",\"url\":\"https:\/\/tenerifepropertysales.demo4.respacio.com\/wp-content\/uploads\/2020\/04\/logo-white-1.png\",\"contentUrl\":\"https:\/\/tenerifepropertysales.demo4.respacio.com\/wp-content\/uploads\/2020\/04\/logo-white-1.png\",\"width\":273,\"height\":59,\"caption\":\"Paul Ruane - Los Gigantes Immobilien\"},\"image\":{\"@id\":\"https:\/\/tenerifepropertysales.demo4.respacio.com\/de\/#\/schema\/logo\/image\/\"}}]}<\/script>\n<!-- \/ Yoast SEO Premium plugin. -->","yoast_head_json":{"title":"Dienstleistungen - Paul Ruane - Los Gigantes Immobilien","robots":{"index":"noindex","follow":"follow","max-snippet":"max-snippet:-1","max-image-preview":"max-image-preview:large","max-video-preview":"max-video-preview:-1"},"og_locale":"de_DE","og_type":"article","og_title":"Dienstleistungen","og_description":"Wenn Sie eine Immobilie im Ausland kaufen, m\u00fcssen Sie bedenken, dass sich das Rechtssystem und die zu befolgenden Schritte sehr von denen unterscheiden k\u00f6nnen, die Sie bisher erlebt haben. Verst\u00e4ndlicherweise werden Sie viele Fragen und Bedenken haben. Los Gigantes Properties s.l. ist ein qualifizierter, anerkannter und etablierter Immobilienmakler und Mitglied des spanischen Berufsverbandes der Immobilienmakler [...]Read More...","og_url":"https:\/\/tenerifepropertysales.demo4.respacio.com\/de\/dienstleistungen\/","og_site_name":"Paul Ruane - Los Gigantes Immobilien","og_image":[{"url":"https:\/\/tenerifepropertysales.demo4.respacio.com\/wp-content\/uploads\/2024\/11\/Photo-22-10-24-12-36-48-1024x768.jpg","type":"","width":"","height":""}],"twitter_card":"summary_large_image","twitter_image":"https:\/\/tenerifepropertysales.demo4.respacio.com\/wp-content\/uploads\/2024\/11\/Photo-22-10-24-12-36-48-1024x768.jpg","twitter_misc":{"Gesch\u00e4tzte Lesezeit":"1\u00a0Minute"},"schema":{"@context":"https:\/\/schema.org","@graph":[{"@type":"WebPage","@id":"https:\/\/tenerifepropertysales.demo4.respacio.com\/de\/dienstleistungen\/","url":"https:\/\/tenerifepropertysales.demo4.respacio.com\/de\/dienstleistungen\/","name":"Dienstleistungen - Paul Ruane - Los Gigantes Immobilien","isPartOf":{"@id":"https:\/\/tenerifepropertysales.demo4.respacio.com\/de\/#website"},"primaryImageOfPage":{"@id":"https:\/\/tenerifepropertysales.demo4.respacio.com\/de\/dienstleistungen\/#primaryimage"},"image":{"@id":"https:\/\/tenerifepropertysales.demo4.respacio.com\/de\/dienstleistungen\/#primaryimage"},"thumbnailUrl":"https:\/\/tenerifepropertysales.demo4.respacio.com\/wp-content\/uploads\/2024\/11\/Photo-22-10-24-12-36-48-scaled.jpg","datePublished":"2025-05-02T07:11:45+00:00","breadcrumb":{"@id":"https:\/\/tenerifepropertysales.demo4.respacio.com\/de\/dienstleistungen\/#breadcrumb"},"inLanguage":"de","potentialAction":[{"@type":"ReadAction","target":["https:\/\/tenerifepropertysales.demo4.respacio.com\/de\/dienstleistungen\/"]}]},{"@type":"ImageObject","inLanguage":"de","@id":"https:\/\/tenerifepropertysales.demo4.respacio.com\/de\/dienstleistungen\/#primaryimage","url":"https:\/\/tenerifepropertysales.demo4.respacio.com\/wp-content\/uploads\/2024\/11\/Photo-22-10-24-12-36-48-scaled.jpg","contentUrl":"https:\/\/tenerifepropertysales.demo4.respacio.com\/wp-content\/uploads\/2024\/11\/Photo-22-10-24-12-36-48-scaled.jpg","width":2560,"height":1920},{"@type":"BreadcrumbList","@id":"https:\/\/tenerifepropertysales.demo4.respacio.com\/de\/dienstleistungen\/#breadcrumb","itemListElement":[{"@type":"ListItem","position":1,"name":"Startseite","item":"https:\/\/tenerifepropertysales.demo4.respacio.com\/de\/titelseite\/"},{"@type":"ListItem","position":2,"name":"Dienstleistungen"}]},{"@type":"WebSite","@id":"https:\/\/tenerifepropertysales.demo4.respacio.com\/de\/#website","url":"https:\/\/tenerifepropertysales.demo4.respacio.com\/de\/","name":"Paul Ruane - Los Gigantes Immobilien","description":"Los Gigantes Immobilien","publisher":{"@id":"https:\/\/tenerifepropertysales.demo4.respacio.com\/de\/#organization"},"inLanguage":"de"},{"@type":"Organization","@id":"https:\/\/tenerifepropertysales.demo4.respacio.com\/de\/#organization","name":"Paul Ruane - Los Gigantes Immobilien","url":"https:\/\/tenerifepropertysales.demo4.respacio.com\/de\/","logo":{"@type":"ImageObject","inLanguage":"de","@id":"https:\/\/tenerifepropertysales.demo4.respacio.com\/de\/#\/schema\/logo\/image\/","url":"https:\/\/tenerifepropertysales.demo4.respacio.com\/wp-content\/uploads\/2020\/04\/logo-white-1.png","contentUrl":"https:\/\/tenerifepropertysales.demo4.respacio.com\/wp-content\/uploads\/2020\/04\/logo-white-1.png","width":273,"height":59,"caption":"Paul Ruane - Los Gigantes Immobilien"},"image":{"@id":"https:\/\/tenerifepropertysales.demo4.respacio.com\/de\/#\/schema\/logo\/image\/"}}]}},"uagb_featured_image_src":{"full":["https:\/\/tenerifepropertysales.demo4.respacio.com\/wp-content\/uploads\/2024\/11\/Photo-22-10-24-12-36-48-scaled.jpg",2560,1920,false],"thumbnail":["https:\/\/tenerifepropertysales.demo4.respacio.com\/wp-content\/uploads\/2024\/11\/Photo-22-10-24-12-36-48-150x150.jpg",150,150,true],"medium":["https:\/\/tenerifepropertysales.demo4.respacio.com\/wp-content\/uploads\/2024\/11\/Photo-22-10-24-12-36-48-300x225.jpg",300,225,true],"medium_large":["https:\/\/tenerifepropertysales.demo4.respacio.com\/wp-content\/uploads\/2024\/11\/Photo-22-10-24-12-36-48-768x576.jpg",640,480,true],"large":["https:\/\/tenerifepropertysales.demo4.respacio.com\/wp-content\/uploads\/2024\/11\/Photo-22-10-24-12-36-48-1024x768.jpg",640,480,true],"1536x1536":["https:\/\/tenerifepropertysales.demo4.respacio.com\/wp-content\/uploads\/2024\/11\/Photo-22-10-24-12-36-48-1536x1152.jpg",1536,1152,true],"2048x2048":["https:\/\/tenerifepropertysales.demo4.respacio.com\/wp-content\/uploads\/2024\/11\/Photo-22-10-24-12-36-48-2048x1536.jpg",2048,1536,true]},"uagb_author_info":{"display_name":"support@respacio.com","author_link":"https:\/\/tenerifepropertysales.demo4.respacio.com\/de\/author\/supportrespacio-com\/"},"uagb_comment_info":0,"uagb_excerpt":"Wenn Sie eine Immobilie im Ausland kaufen, m\u00fcssen Sie bedenken, dass sich das Rechtssystem und die zu befolgenden Schritte sehr von denen unterscheiden k\u00f6nnen, die Sie bisher erlebt haben. Verst\u00e4ndlicherweise werden Sie viele Fragen und Bedenken haben. Los Gigantes Properties s.l. ist ein qualifizierter, anerkannter und etablierter Immobilienmakler und Mitglied des spanischen Berufsverbandes der Immobilienmakler&hellip;","_links":{"self":[{"href":"https:\/\/tenerifepropertysales.demo4.respacio.com\/de\/wp-json\/wp\/v2\/pages\/318191","targetHints":{"allow":["GET"]}}],"collection":[{"href":"https:\/\/tenerifepropertysales.demo4.respacio.com\/de\/wp-json\/wp\/v2\/pages"}],"about":[{"href":"https:\/\/tenerifepropertysales.demo4.respacio.com\/de\/wp-json\/wp\/v2\/types\/page"}],"author":[{"embeddable":true,"href":"https:\/\/tenerifepropertysales.demo4.respacio.com\/de\/wp-json\/wp\/v2\/users\/2"}],"replies":[{"embeddable":true,"href":"https:\/\/tenerifepropertysales.demo4.respacio.com\/de\/wp-json\/wp\/v2\/comments?post=318191"}],"version-history":[{"count":1,"href":"https:\/\/tenerifepropertysales.demo4.respacio.com\/de\/wp-json\/wp\/v2\/pages\/318191\/revisions"}],"predecessor-version":[{"id":318193,"href":"https:\/\/tenerifepropertysales.demo4.respacio.com\/de\/wp-json\/wp\/v2\/pages\/318191\/revisions\/318193"}],"wp:featuredmedia":[{"embeddable":true,"href":"https:\/\/tenerifepropertysales.demo4.respacio.com\/de\/wp-json\/wp\/v2\/media\/318192"}],"wp:attachment":[{"href":"https:\/\/tenerifepropertysales.demo4.respacio.com\/de\/wp-json\/wp\/v2\/media?parent=318191"}],"wp:term":[{"taxonomy":"page-tag","embeddable":true,"href":"https:\/\/tenerifepropertysales.demo4.respacio.com\/de\/wp-json\/wp\/v2\/page-tag?post=318191"}],"curies":[{"name":"wp","href":"https:\/\/api.w.org\/{rel}","templated":true}]}}