{"id":318199,"date":"2025-05-02T08:11:48","date_gmt":"2025-05-02T07:11:48","guid":{"rendered":"https:\/\/tenerifepropertysales.demo4.respacio.com\/mit-uns-verkaufen\/"},"modified":"2025-05-02T08:11:48","modified_gmt":"2025-05-02T07:11:48","slug":"mit-uns-verkaufen","status":"publish","type":"page","link":"https:\/\/tenerifepropertysales.demo4.respacio.com\/de\/mit-uns-verkaufen\/","title":{"rendered":"Mit uns verkaufen"},"content":{"rendered":"\n<h2 class=\"wp-block-heading\" id=\"h-there-is-no-better-choice-than-to-market-your-property-exclusively-with-us\">Es gibt keine bessere Wahl, als Ihre Immobilie exklusiv mit uns zu vermarkten  <\/h2>\n\n<p>Wir werden Sie stets \u00fcber die Marktbedingungen informieren und Sie bei der Vermarktung und dem Wert Ihrer Immobilie beraten.  <\/p>\n\n<p>Ihre Immobilie wird auf unserer eigenen Website und auf verschiedenen anderen Plattformen beworben. Au\u00dferdem wird ein personalisiertes Werbeblatt erstellt und in unseren B\u00fcros und in den sozialen Medien beworben.  <\/p>\n\n<p>Indem Sie uns die Exklusivit\u00e4t f\u00fcr den Verkauf Ihrer Immobilie \u00fcbertragen, werden Ihre Verkaufschancen nicht geschm\u00e4lert, sondern erh\u00f6ht, da wir weitreichend mit dem Immobilienverband Teneriffa S\u00fcd, Expertos Inmobiliarios und anderen Maklern sowohl auf lokaler als auch auf internationaler Ebene zusammenarbeiten.  <\/p>\n\n<p>Alle Besichtigungen werden von einem unserer fachkundigen Verk\u00e4ufer begleitet und unsere Versicherungen garantieren, dass Ihre Schl\u00fcssel sicher sind und die Besichtigung der Kunden in unserer Verantwortung liegt.  <\/p>\n\n<p>Nach Erhalt eines Angebots erhalten Sie eine vollst\u00e4ndige Aufschl\u00fcsselung zusammen mit unseren Ratschl\u00e4gen, damit Sie eine fundierte Entscheidung treffen k\u00f6nnen. Wir nehmen Ihnen den ganzen Druck, so dass Sie sich entspannen k\u00f6nnen, w\u00e4hrend wir alle rechtlichen Fragen kl\u00e4ren und sicherstellen, dass alle Ihre Verpflichtungen als Verk\u00e4ufer erf\u00fcllt werden. <\/p>\n\n<p>Von der ersten Bewertung, die wir Ihnen geben, bis zum Abschluss des Verkaufs werden wir Sie begleiten und Ihnen helfen, zu beweisen, dass Sie die richtige Entscheidung getroffen haben, Ihre Immobilie mit uns zu vermarkten.  <\/p>\n\n<p>Auch nach dem Verkauf bleiben unsere Dienstleistungen f\u00fcr Sie bestehen, und wir stehen Ihnen auch in Zukunft mit Rat und Tat zur Seite.<\/p>\n\n<h2 class=\"wp-block-heading\" id=\"h-request-your-free-consultation-with-us-now\">Fordern Sie jetzt Ihr kostenloses Beratungsgespr\u00e4ch mit uns an<\/h2>\n\n<div class=\"wpcf7 no-js\" id=\"wpcf7-f241183-o1\" lang=\"\" dir=\"ltr\" data-wpcf7-id=\"241183\">\n<div class=\"screen-reader-response\"><p role=\"status\" aria-live=\"polite\" aria-atomic=\"true\"><\/p> <ul><\/ul><\/div>\n<form action=\"\/de\/wp-json\/wp\/v2\/pages\/318199#wpcf7-f241183-o1\" method=\"post\" class=\"wpcf7-form init\" aria-label=\"Kontaktformular\" novalidate=\"novalidate\" data-status=\"init\">\n<div style=\"display: none;\">\n<input type=\"hidden\" name=\"_wpcf7\" value=\"241183\" \/>\n<input type=\"hidden\" name=\"_wpcf7_version\" value=\"6.0.3\" \/>\n<input type=\"hidden\" name=\"_wpcf7_locale\" value=\"\" \/>\n<input type=\"hidden\" name=\"_wpcf7_unit_tag\" value=\"wpcf7-f241183-o1\" \/>\n<input type=\"hidden\" name=\"_wpcf7_container_post\" value=\"0\" \/>\n<input type=\"hidden\" name=\"_wpcf7_posted_data_hash\" value=\"\" \/>\n<input type=\"hidden\" name=\"_wpcf7cf_hidden_group_fields\" value=\"[]\" \/>\n<input type=\"hidden\" name=\"_wpcf7cf_hidden_groups\" value=\"[]\" \/>\n<input type=\"hidden\" name=\"_wpcf7cf_visible_groups\" value=\"[]\" \/>\n<input type=\"hidden\" name=\"_wpcf7cf_repeaters\" value=\"[]\" \/>\n<input type=\"hidden\" name=\"_wpcf7cf_steps\" value=\"{}\" \/>\n<input type=\"hidden\" name=\"_wpcf7cf_options\" value=\"{&quot;form_id&quot;:241183,&quot;conditions&quot;:[],&quot;settings&quot;:{&quot;animation&quot;:&quot;yes&quot;,&quot;animation_intime&quot;:200,&quot;animation_outtime&quot;:200,&quot;conditions_ui&quot;:&quot;normal&quot;,&quot;notice_dismissed&quot;:false,&quot;regex_numeric&quot;:&quot;^[0-9]+$&quot;,&quot;regex_alphabetic&quot;:&quot;^[a-zA-Z]+$&quot;,&quot;regex_alphanumeric&quot;:&quot;^[a-zA-Z0-9]+$&quot;,&quot;regex_date&quot;:&quot;^(0?[1-9]|1[012])[- .](0?[1-9]|[12][0-9]|3[01])[- \\\/.](19|20)?[0-9]{2}$&quot;,&quot;regex_email&quot;:&quot;^[a-zA-Z0-9._%-]+@[a-zA-Z0-9.-]+.[a-zA-Z]{2,4}$&quot;,&quot;regex_numeric_label&quot;:&quot;numeric&quot;,&quot;regex_alphabetic_label&quot;:&quot;alphabetic&quot;,&quot;regex_alphanumeric_label&quot;:&quot;alphanumeric&quot;,&quot;regex_date_label&quot;:&quot;date&quot;,&quot;regex_email_label&quot;:&quot;email&quot;,&quot;regex_custom_1&quot;:&quot;&quot;,&quot;regex_custom_2&quot;:&quot;&quot;,&quot;regex_custom_3&quot;:&quot;&quot;,&quot;regex_custom_4&quot;:&quot;&quot;,&quot;regex_custom_5&quot;:&quot;&quot;,&quot;regex_custom_1_label&quot;:&quot;custom 1&quot;,&quot;regex_custom_2_label&quot;:&quot;custom 2&quot;,&quot;regex_custom_3_label&quot;:&quot;custom 3&quot;,&quot;regex_custom_4_label&quot;:&quot;custom 4&quot;,&quot;regex_custom_5_label&quot;:&quot;custom 5&quot;,&quot;notice_dismissed_rollback-cf7-5.8&quot;:true}}\" \/>\n<input type=\"hidden\" name=\"_wpcf7_recaptcha_response\" value=\"\" \/>\n<\/div>\n<div id=\"contact_page_form\">\n\t<div class=\"row\">\n\t\t<div class=\"col-sm-6 p-2\">\n\t\t\t<p><span class=\"wpcf7-form-control-wrap\" data-name=\"your-name\"><input size=\"40\" maxlength=\"400\" class=\"wpcf7-form-control wpcf7-text wpcf7-validates-as-required form-control\" aria-required=\"true\" aria-invalid=\"false\" placeholder=\"Name*\" value=\"\" type=\"text\" name=\"your-name\" \/><\/span>\n\t\t\t<\/p>\n\t\t<\/div>\n\t\t<div class=\"col-sm-6 p-2\">\n\t\t\t<p><span class=\"wpcf7-form-control-wrap\" data-name=\"your-sname\"><input size=\"40\" maxlength=\"400\" class=\"wpcf7-form-control wpcf7-text wpcf7-validates-as-required form-control\" aria-required=\"true\" aria-invalid=\"false\" placeholder=\"Surname*\" value=\"\" type=\"text\" name=\"your-sname\" \/><\/span>\n\t\t\t<\/p>\n\t\t<\/div>\n\t<\/div>\n\t<div class=\"row\">\n\t\t<div class=\"col-sm-6 p-2\">\n\t\t\t<p><span class=\"wpcf7-form-control-wrap\" data-name=\"your-phone\"><input size=\"40\" maxlength=\"400\" class=\"wpcf7-form-control wpcf7-tel wpcf7-validates-as-required wpcf7-text wpcf7-validates-as-tel form-control\" aria-required=\"true\" aria-invalid=\"false\" placeholder=\"Phone*\" value=\"\" type=\"tel\" name=\"your-phone\" \/><\/span>\n\t\t\t<\/p>\n\t\t<\/div>\n\t\t<div class=\"col-sm-6 p-2\">\n\t\t\t<p><span class=\"wpcf7-form-control-wrap\" data-name=\"your-email\"><input size=\"40\" maxlength=\"400\" class=\"wpcf7-form-control wpcf7-email wpcf7-validates-as-required wpcf7-text wpcf7-validates-as-email form-control\" aria-required=\"true\" aria-invalid=\"false\" placeholder=\"Email Address*\" value=\"\" type=\"email\" name=\"your-email\" \/><\/span>\n\t\t\t<\/p>\n\t\t<\/div>\n\t<\/div>\n\t<div class=\"row\">\n\t\t<div class=\"col-sm-12 p-2\">\n\t\t\t<p><span class=\"wpcf7-form-control-wrap\" data-name=\"your-message\"><textarea cols=\"34\" rows=\"4\" maxlength=\"2000\" class=\"wpcf7-form-control wpcf7-textarea form-control replace_message\" aria-invalid=\"false\" placeholder=\"Message\" name=\"your-message\"><\/textarea><\/span>\n\t\t\t<\/p>\n\t\t<\/div>\n\t<\/div>\n\t<div class=\"row\">\n\t\t<div class=\"col-sm-12 p-2 terms-on-white\">\n\t\t\t<p><span class=\"wpcf7-form-control-wrap\" data-name=\"privacy\"><span class=\"wpcf7-form-control wpcf7-acceptance\"><span class=\"wpcf7-list-item\"><label><input type=\"checkbox\" name=\"privacy\" value=\"1\" class=\"acceptance\" aria-invalid=\"false\" \/><span class=\"wpcf7-list-item-label\">I have read and accept the <a href=\"\/privacy-policy\/\" target=\"_blank\">Privacy agreement<\/a>, the <a \n  href=\"\/cookie-policy\/\" target=\"_blank\">Cookie agreement<\/a>, and the <a href=\"\/legal-policy\/\" target=\"_blank\">Legal agreement<\/a><\/span><\/label><\/span><\/span><\/span>\n\t\t\t<\/p>\n\t\t<\/div>\n\t<\/div>\n\t<div class=\"row\">\n\t\t<div class=\"col-sm-12 p-2\">\n\t\t\t<p><input class=\"wpcf7-form-control wpcf7-submit has-spinner form-control btn btn-primary\" type=\"submit\" value=\"Submit\" \/>\n\t\t\t<\/p>\n\t\t<\/div>\n\t<\/div>\n<\/div><div class=\"wpcf7-response-output\" aria-hidden=\"true\"><\/div>\n<\/form>\n<\/div>\n\n","protected":false},"excerpt":{"rendered":"<p>Es gibt keine bessere Wahl, als Ihre Immobilie exklusiv mit uns zu vermarkten Wir werden Sie stets \u00fcber die Marktbedingungen informieren und Sie bei der Vermarktung und dem Wert Ihrer Immobilie beraten. Ihre Immobilie wird auf unserer eigenen Website und auf verschiedenen anderen Plattformen beworben. Au\u00dferdem wird ein personalisiertes Werbeblatt erstellt und in unseren B\u00fcros [&#8230;]<\/p>\n<p><a class=\"btn btn-secondary respacio-read-more-link\" href=\"https:\/\/tenerifepropertysales.demo4.respacio.com\/de\/mit-uns-verkaufen\/\">Read More&#8230;<\/a><\/p>\n","protected":false},"author":2,"featured_media":318202,"parent":0,"menu_order":0,"comment_status":"closed","ping_status":"closed","template":"","meta":{"_uag_custom_page_level_css":"","ub_ctt_via":"","footnotes":""},"page-tag":[],"class_list":["post-318199","page","type-page","status-publish","has-post-thumbnail","hentry"],"acf":[],"featured_image_src":"https:\/\/tenerifepropertysales.demo4.respacio.com\/wp-content\/uploads\/2024\/11\/Photo-22-10-24-12-39-20-scaled.jpg","yoast_head":"<!-- This site is optimized with the Yoast SEO Premium plugin v21.2 (Yoast SEO v24.4) - https:\/\/yoast.com\/wordpress\/plugins\/seo\/ -->\n<title>Mit uns verkaufen - Paul Ruane - Los Gigantes Immobilien<\/title>\n<meta name=\"robots\" content=\"noindex, follow, max-snippet:-1, max-image-preview:large, max-video-preview:-1\" \/>\n<meta property=\"og:locale\" content=\"de_DE\" \/>\n<meta property=\"og:type\" content=\"article\" \/>\n<meta property=\"og:title\" content=\"Mit uns verkaufen\" \/>\n<meta property=\"og:description\" content=\"Es gibt keine bessere Wahl, als Ihre Immobilie exklusiv mit uns zu vermarkten Wir werden Sie stets \u00fcber die Marktbedingungen informieren und Sie bei der Vermarktung und dem Wert Ihrer Immobilie beraten. Ihre Immobilie wird auf unserer eigenen Website und auf verschiedenen anderen Plattformen beworben. Au\u00dferdem wird ein personalisiertes Werbeblatt erstellt und in unseren B\u00fcros [...]Read More...\" \/>\n<meta property=\"og:url\" content=\"https:\/\/tenerifepropertysales.demo4.respacio.com\/de\/mit-uns-verkaufen\/\" \/>\n<meta property=\"og:site_name\" content=\"Paul Ruane - Los Gigantes Immobilien\" \/>\n<meta property=\"og:image\" content=\"https:\/\/tenerifepropertysales.demo4.respacio.com\/wp-content\/uploads\/2024\/11\/Photo-22-10-24-12-39-20-1024x768.jpg\" \/>\n<meta name=\"twitter:card\" content=\"summary_large_image\" \/>\n<meta name=\"twitter:image\" content=\"https:\/\/tenerifepropertysales.demo4.respacio.com\/wp-content\/uploads\/2024\/11\/Photo-22-10-24-12-39-20-1024x768.jpg\" \/>\n<meta name=\"twitter:label1\" content=\"Gesch\u00e4tzte Lesezeit\" \/>\n\t<meta name=\"twitter:data1\" content=\"1\u00a0Minute\" \/>\n<script type=\"application\/ld+json\" class=\"yoast-schema-graph\">{\"@context\":\"https:\/\/schema.org\",\"@graph\":[{\"@type\":\"WebPage\",\"@id\":\"https:\/\/tenerifepropertysales.demo4.respacio.com\/de\/mit-uns-verkaufen\/\",\"url\":\"https:\/\/tenerifepropertysales.demo4.respacio.com\/de\/mit-uns-verkaufen\/\",\"name\":\"Mit uns verkaufen - Paul Ruane - Los Gigantes Immobilien\",\"isPartOf\":{\"@id\":\"https:\/\/tenerifepropertysales.demo4.respacio.com\/de\/#website\"},\"primaryImageOfPage\":{\"@id\":\"https:\/\/tenerifepropertysales.demo4.respacio.com\/de\/mit-uns-verkaufen\/#primaryimage\"},\"image\":{\"@id\":\"https:\/\/tenerifepropertysales.demo4.respacio.com\/de\/mit-uns-verkaufen\/#primaryimage\"},\"thumbnailUrl\":\"https:\/\/tenerifepropertysales.demo4.respacio.com\/wp-content\/uploads\/2024\/11\/Photo-22-10-24-12-39-20-scaled.jpg\",\"datePublished\":\"2025-05-02T07:11:48+00:00\",\"breadcrumb\":{\"@id\":\"https:\/\/tenerifepropertysales.demo4.respacio.com\/de\/mit-uns-verkaufen\/#breadcrumb\"},\"inLanguage\":\"de\",\"potentialAction\":[{\"@type\":\"ReadAction\",\"target\":[\"https:\/\/tenerifepropertysales.demo4.respacio.com\/de\/mit-uns-verkaufen\/\"]}]},{\"@type\":\"ImageObject\",\"inLanguage\":\"de\",\"@id\":\"https:\/\/tenerifepropertysales.demo4.respacio.com\/de\/mit-uns-verkaufen\/#primaryimage\",\"url\":\"https:\/\/tenerifepropertysales.demo4.respacio.com\/wp-content\/uploads\/2024\/11\/Photo-22-10-24-12-39-20-scaled.jpg\",\"contentUrl\":\"https:\/\/tenerifepropertysales.demo4.respacio.com\/wp-content\/uploads\/2024\/11\/Photo-22-10-24-12-39-20-scaled.jpg\",\"width\":2560,\"height\":1920},{\"@type\":\"BreadcrumbList\",\"@id\":\"https:\/\/tenerifepropertysales.demo4.respacio.com\/de\/mit-uns-verkaufen\/#breadcrumb\",\"itemListElement\":[{\"@type\":\"ListItem\",\"position\":1,\"name\":\"Startseite\",\"item\":\"https:\/\/tenerifepropertysales.demo4.respacio.com\/de\/titelseite\/\"},{\"@type\":\"ListItem\",\"position\":2,\"name\":\"Mit uns verkaufen\"}]},{\"@type\":\"WebSite\",\"@id\":\"https:\/\/tenerifepropertysales.demo4.respacio.com\/de\/#website\",\"url\":\"https:\/\/tenerifepropertysales.demo4.respacio.com\/de\/\",\"name\":\"Paul Ruane - Los Gigantes Immobilien\",\"description\":\"Los Gigantes Immobilien\",\"publisher\":{\"@id\":\"https:\/\/tenerifepropertysales.demo4.respacio.com\/de\/#organization\"},\"inLanguage\":\"de\"},{\"@type\":\"Organization\",\"@id\":\"https:\/\/tenerifepropertysales.demo4.respacio.com\/de\/#organization\",\"name\":\"Paul Ruane - Los Gigantes Immobilien\",\"url\":\"https:\/\/tenerifepropertysales.demo4.respacio.com\/de\/\",\"logo\":{\"@type\":\"ImageObject\",\"inLanguage\":\"de\",\"@id\":\"https:\/\/tenerifepropertysales.demo4.respacio.com\/de\/#\/schema\/logo\/image\/\",\"url\":\"https:\/\/tenerifepropertysales.demo4.respacio.com\/wp-content\/uploads\/2020\/04\/logo-white-1.png\",\"contentUrl\":\"https:\/\/tenerifepropertysales.demo4.respacio.com\/wp-content\/uploads\/2020\/04\/logo-white-1.png\",\"width\":273,\"height\":59,\"caption\":\"Paul Ruane - Los Gigantes Immobilien\"},\"image\":{\"@id\":\"https:\/\/tenerifepropertysales.demo4.respacio.com\/de\/#\/schema\/logo\/image\/\"}}]}<\/script>\n<!-- \/ Yoast SEO Premium plugin. -->","yoast_head_json":{"title":"Mit uns verkaufen - Paul Ruane - Los Gigantes Immobilien","robots":{"index":"noindex","follow":"follow","max-snippet":"max-snippet:-1","max-image-preview":"max-image-preview:large","max-video-preview":"max-video-preview:-1"},"og_locale":"de_DE","og_type":"article","og_title":"Mit uns verkaufen","og_description":"Es gibt keine bessere Wahl, als Ihre Immobilie exklusiv mit uns zu vermarkten Wir werden Sie stets \u00fcber die Marktbedingungen informieren und Sie bei der Vermarktung und dem Wert Ihrer Immobilie beraten. Ihre Immobilie wird auf unserer eigenen Website und auf verschiedenen anderen Plattformen beworben. Au\u00dferdem wird ein personalisiertes Werbeblatt erstellt und in unseren B\u00fcros [...]Read More...","og_url":"https:\/\/tenerifepropertysales.demo4.respacio.com\/de\/mit-uns-verkaufen\/","og_site_name":"Paul Ruane - Los Gigantes Immobilien","og_image":[{"url":"https:\/\/tenerifepropertysales.demo4.respacio.com\/wp-content\/uploads\/2024\/11\/Photo-22-10-24-12-39-20-1024x768.jpg","type":"","width":"","height":""}],"twitter_card":"summary_large_image","twitter_image":"https:\/\/tenerifepropertysales.demo4.respacio.com\/wp-content\/uploads\/2024\/11\/Photo-22-10-24-12-39-20-1024x768.jpg","twitter_misc":{"Gesch\u00e4tzte Lesezeit":"1\u00a0Minute"},"schema":{"@context":"https:\/\/schema.org","@graph":[{"@type":"WebPage","@id":"https:\/\/tenerifepropertysales.demo4.respacio.com\/de\/mit-uns-verkaufen\/","url":"https:\/\/tenerifepropertysales.demo4.respacio.com\/de\/mit-uns-verkaufen\/","name":"Mit uns verkaufen - Paul Ruane - Los Gigantes Immobilien","isPartOf":{"@id":"https:\/\/tenerifepropertysales.demo4.respacio.com\/de\/#website"},"primaryImageOfPage":{"@id":"https:\/\/tenerifepropertysales.demo4.respacio.com\/de\/mit-uns-verkaufen\/#primaryimage"},"image":{"@id":"https:\/\/tenerifepropertysales.demo4.respacio.com\/de\/mit-uns-verkaufen\/#primaryimage"},"thumbnailUrl":"https:\/\/tenerifepropertysales.demo4.respacio.com\/wp-content\/uploads\/2024\/11\/Photo-22-10-24-12-39-20-scaled.jpg","datePublished":"2025-05-02T07:11:48+00:00","breadcrumb":{"@id":"https:\/\/tenerifepropertysales.demo4.respacio.com\/de\/mit-uns-verkaufen\/#breadcrumb"},"inLanguage":"de","potentialAction":[{"@type":"ReadAction","target":["https:\/\/tenerifepropertysales.demo4.respacio.com\/de\/mit-uns-verkaufen\/"]}]},{"@type":"ImageObject","inLanguage":"de","@id":"https:\/\/tenerifepropertysales.demo4.respacio.com\/de\/mit-uns-verkaufen\/#primaryimage","url":"https:\/\/tenerifepropertysales.demo4.respacio.com\/wp-content\/uploads\/2024\/11\/Photo-22-10-24-12-39-20-scaled.jpg","contentUrl":"https:\/\/tenerifepropertysales.demo4.respacio.com\/wp-content\/uploads\/2024\/11\/Photo-22-10-24-12-39-20-scaled.jpg","width":2560,"height":1920},{"@type":"BreadcrumbList","@id":"https:\/\/tenerifepropertysales.demo4.respacio.com\/de\/mit-uns-verkaufen\/#breadcrumb","itemListElement":[{"@type":"ListItem","position":1,"name":"Startseite","item":"https:\/\/tenerifepropertysales.demo4.respacio.com\/de\/titelseite\/"},{"@type":"ListItem","position":2,"name":"Mit uns verkaufen"}]},{"@type":"WebSite","@id":"https:\/\/tenerifepropertysales.demo4.respacio.com\/de\/#website","url":"https:\/\/tenerifepropertysales.demo4.respacio.com\/de\/","name":"Paul Ruane - Los Gigantes Immobilien","description":"Los Gigantes Immobilien","publisher":{"@id":"https:\/\/tenerifepropertysales.demo4.respacio.com\/de\/#organization"},"inLanguage":"de"},{"@type":"Organization","@id":"https:\/\/tenerifepropertysales.demo4.respacio.com\/de\/#organization","name":"Paul Ruane - Los Gigantes Immobilien","url":"https:\/\/tenerifepropertysales.demo4.respacio.com\/de\/","logo":{"@type":"ImageObject","inLanguage":"de","@id":"https:\/\/tenerifepropertysales.demo4.respacio.com\/de\/#\/schema\/logo\/image\/","url":"https:\/\/tenerifepropertysales.demo4.respacio.com\/wp-content\/uploads\/2020\/04\/logo-white-1.png","contentUrl":"https:\/\/tenerifepropertysales.demo4.respacio.com\/wp-content\/uploads\/2020\/04\/logo-white-1.png","width":273,"height":59,"caption":"Paul Ruane - Los Gigantes Immobilien"},"image":{"@id":"https:\/\/tenerifepropertysales.demo4.respacio.com\/de\/#\/schema\/logo\/image\/"}}]}},"uagb_featured_image_src":{"full":["https:\/\/tenerifepropertysales.demo4.respacio.com\/wp-content\/uploads\/2024\/11\/Photo-22-10-24-12-39-20-scaled.jpg",2560,1920,false],"thumbnail":["https:\/\/tenerifepropertysales.demo4.respacio.com\/wp-content\/uploads\/2024\/11\/Photo-22-10-24-12-39-20-150x150.jpg",150,150,true],"medium":["https:\/\/tenerifepropertysales.demo4.respacio.com\/wp-content\/uploads\/2024\/11\/Photo-22-10-24-12-39-20-300x225.jpg",300,225,true],"medium_large":["https:\/\/tenerifepropertysales.demo4.respacio.com\/wp-content\/uploads\/2024\/11\/Photo-22-10-24-12-39-20-768x576.jpg",640,480,true],"large":["https:\/\/tenerifepropertysales.demo4.respacio.com\/wp-content\/uploads\/2024\/11\/Photo-22-10-24-12-39-20-1024x768.jpg",640,480,true],"1536x1536":["https:\/\/tenerifepropertysales.demo4.respacio.com\/wp-content\/uploads\/2024\/11\/Photo-22-10-24-12-39-20-1536x1152.jpg",1536,1152,true],"2048x2048":["https:\/\/tenerifepropertysales.demo4.respacio.com\/wp-content\/uploads\/2024\/11\/Photo-22-10-24-12-39-20-2048x1536.jpg",2048,1536,true]},"uagb_author_info":{"display_name":"support@respacio.com","author_link":"https:\/\/tenerifepropertysales.demo4.respacio.com\/de\/author\/supportrespacio-com\/"},"uagb_comment_info":0,"uagb_excerpt":"Es gibt keine bessere Wahl, als Ihre Immobilie exklusiv mit uns zu vermarkten Wir werden Sie stets \u00fcber die Marktbedingungen informieren und Sie bei der Vermarktung und dem Wert Ihrer Immobilie beraten. Ihre Immobilie wird auf unserer eigenen Website und auf verschiedenen anderen Plattformen beworben. Au\u00dferdem wird ein personalisiertes Werbeblatt erstellt und in unseren B\u00fcros&hellip;","_links":{"self":[{"href":"https:\/\/tenerifepropertysales.demo4.respacio.com\/de\/wp-json\/wp\/v2\/pages\/318199","targetHints":{"allow":["GET"]}}],"collection":[{"href":"https:\/\/tenerifepropertysales.demo4.respacio.com\/de\/wp-json\/wp\/v2\/pages"}],"about":[{"href":"https:\/\/tenerifepropertysales.demo4.respacio.com\/de\/wp-json\/wp\/v2\/types\/page"}],"author":[{"embeddable":true,"href":"https:\/\/tenerifepropertysales.demo4.respacio.com\/de\/wp-json\/wp\/v2\/users\/2"}],"replies":[{"embeddable":true,"href":"https:\/\/tenerifepropertysales.demo4.respacio.com\/de\/wp-json\/wp\/v2\/comments?post=318199"}],"version-history":[{"count":1,"href":"https:\/\/tenerifepropertysales.demo4.respacio.com\/de\/wp-json\/wp\/v2\/pages\/318199\/revisions"}],"predecessor-version":[{"id":318205,"href":"https:\/\/tenerifepropertysales.demo4.respacio.com\/de\/wp-json\/wp\/v2\/pages\/318199\/revisions\/318205"}],"wp:featuredmedia":[{"embeddable":true,"href":"https:\/\/tenerifepropertysales.demo4.respacio.com\/de\/wp-json\/wp\/v2\/media\/318202"}],"wp:attachment":[{"href":"https:\/\/tenerifepropertysales.demo4.respacio.com\/de\/wp-json\/wp\/v2\/media?parent=318199"}],"wp:term":[{"taxonomy":"page-tag","embeddable":true,"href":"https:\/\/tenerifepropertysales.demo4.respacio.com\/de\/wp-json\/wp\/v2\/page-tag?post=318199"}],"curies":[{"name":"wp","href":"https:\/\/api.w.org\/{rel}","templated":true}]}}