{"id":318274,"date":"2025-05-02T08:12:28","date_gmt":"2025-05-02T07:12:28","guid":{"rendered":"https:\/\/tenerifepropertysales.demo4.respacio.com\/beliebte-gebiete\/"},"modified":"2025-05-02T08:12:28","modified_gmt":"2025-05-02T07:12:28","slug":"beliebte-gebiete","status":"publish","type":"page","link":"https:\/\/tenerifepropertysales.demo4.respacio.com\/de\/beliebte-gebiete\/","title":{"rendered":"Beliebte Gebiete"},"content":{"rendered":"\n<div class=\"wp-block-uagb-container uagb-block-e3a6973d default uagb-is-root-container\">\n<h1 class=\"wp-block-heading has-text-align-center ticss-b67e8b00\">Beliebte Gebiete<\/h1>\n<\/div>\n\n<div class=\"wp-block-uagb-container ticss-22084500 uagb-block-22084500 default uagb-is-root-container\">\n<p class=\"has-text-align-center\">Erfahren Sie mehr \u00fcber die beliebtesten Regionen mit praktischen Informationen und zum Verkauf stehenden Immobilien<\/p>\n\n\n<div class=\"col-12 parent-to-remove\"><div class=\"row inner-container-970884167 basic-grid-970884167\"><div class=\"col-12 col-lg-4 this-item-970884167 odd py-2 px-0 px-sm-2 card-grid-location\"><div class=\"respacio_loop_card respacio_loop_card_with_wrapper location\"><a href=\"https:\/\/tenerifepropertysales.demo4.respacio.com\/de\/location\/immobilien-zu-verkaufen-in-santiago-del-teide\/immobilien-in-puerto-santiago-zu-verkaufen\/\" class=\"\"><div data-lazy-url=\"https:\/\/tenerifepropertysales.demo4.respacio.com\/wp-content\/uploads\/2025\/02\/030A8539-min-768x512.webp\" class=\" overlay_h location-image \"><\/div><\/a><div class=\"detail location-info d-flex flex-column justify-content-center\"><div class=\"location-content pt-3 px-2 text-center\"><a href=\"https:\/\/tenerifepropertysales.demo4.respacio.com\/de\/location\/immobilien-zu-verkaufen-in-santiago-del-teide\/immobilien-in-puerto-santiago-zu-verkaufen\/\" class=\"text-dark text-decoration-none\"><h5 class=\"location-heading\">Immobilien in Puerto Santiago zu verkaufen<\/h5><\/a><p>Puerto Santiago war urspr\u00fcnglich der wichtigste Fischereihafen in der Region. Die einheimischen Fischer brachten ihren Tagesfang in diesen Hafen und ihre Frauen tauschten dann den Fisch gegen Obst und Gem\u00fcse mit den D\u00f6rfern um Santiago del Teide. Dies wird durch das \u201ePescadora Karussell\u201c am Eingang des Dorfes deutlich. Obwohl heute noch viele der urspr\u00fcnglichen H\u00e4user&#8230;<\/p><\/div><div class=\"location-btn text-center pb-3\"><a href=\"https:\/\/tenerifepropertysales.demo4.respacio.com\/de\/location\/immobilien-zu-verkaufen-in-santiago-del-teide\/immobilien-in-puerto-santiago-zu-verkaufen\/\" class=\"btn-sm btn btn-primary text-white py-1\">\tRead More<\/a><\/div><\/div><\/div><\/div><div class=\"col-12 col-lg-4 this-item-970884167 even py-2 px-0 px-sm-2 card-grid-location\"><div class=\"respacio_loop_card respacio_loop_card_with_wrapper location\"><a href=\"https:\/\/tenerifepropertysales.demo4.respacio.com\/de\/location\/immobilien-zu-verkaufen-in-santiago-del-teide\/immobilien-zu-verkaufen-in-playa-de-la-arena\/\" class=\"\"><div data-lazy-url=\"https:\/\/tenerifepropertysales.demo4.respacio.com\/wp-content\/uploads\/2025\/02\/Photo-30-10-24-11-54-32-1-scaled-1-768x576.webp\" class=\" overlay_h location-image \"><\/div><\/a><div class=\"detail location-info d-flex flex-column justify-content-center\"><div class=\"location-content pt-3 px-2 text-center\"><a href=\"https:\/\/tenerifepropertysales.demo4.respacio.com\/de\/location\/immobilien-zu-verkaufen-in-santiago-del-teide\/immobilien-zu-verkaufen-in-playa-de-la-arena\/\" class=\"text-dark text-decoration-none\"><h5 class=\"location-heading\">Immobilien zu verkaufen in Playa de la Arena<\/h5><\/a><p>Playa de la Arena ist ein schnell wachsender Ferienort und der tiefschwarze Sand des Strandes von Playa de la Arena in der Gemeinde Santiago del Teide ist seit \u00fcber neunzehn Jahren in Folge mit der begehrten blauen Flagge ausgezeichnet worden. Die Flagge wird j\u00e4hrlich vergeben, nachdem die Qualit\u00e4t der Badegew\u00e4sser, die Informationen f\u00fcr die Strandbenutzer,&#8230;<\/p><\/div><div class=\"location-btn text-center pb-3\"><a href=\"https:\/\/tenerifepropertysales.demo4.respacio.com\/de\/location\/immobilien-zu-verkaufen-in-santiago-del-teide\/immobilien-zu-verkaufen-in-playa-de-la-arena\/\" class=\"btn-sm btn btn-primary text-white py-1\">\tRead More<\/a><\/div><\/div><\/div><\/div><div class=\"col-12 col-lg-4 this-item-970884167 odd py-2 px-0 px-sm-2 card-grid-location\"><div class=\"respacio_loop_card respacio_loop_card_with_wrapper location\"><a href=\"https:\/\/tenerifepropertysales.demo4.respacio.com\/de\/location\/immobilien-zu-verkaufen-in-santiago-del-teide\/immobilien-zu-verkaufen-in-los-gigantes\/\" class=\"\"><div data-lazy-url=\"https:\/\/tenerifepropertysales.demo4.respacio.com\/wp-content\/uploads\/2025\/02\/030A8501-min-768x512.webp\" class=\" overlay_h location-image \"><\/div><\/a><div class=\"detail location-info d-flex flex-column justify-content-center\"><div class=\"location-content pt-3 px-2 text-center\"><a href=\"https:\/\/tenerifepropertysales.demo4.respacio.com\/de\/location\/immobilien-zu-verkaufen-in-santiago-del-teide\/immobilien-zu-verkaufen-in-los-gigantes\/\" class=\"text-dark text-decoration-none\"><h5 class=\"location-heading\">Immobilien zu verkaufen in Los Gigantes<\/h5><\/a><p>Los Gigantes wurde Mitte der 1960er Jahre zu einem Gebiet von nationaler touristischer Bedeutung erkl\u00e4rt und hat sich seitdem mit viel Geschmack und Charme entwickelt. Der Ort bietet Ihnen alles, was Sie sich f\u00fcr Ihren Urlaub w\u00fcnschen. Sie finden eine gro\u00dfe Auswahl an Restaurants, Bars und Einkaufsm\u00f6glichkeiten, und nur eine kurze 30-min\u00fctige Autofahrt von Los&#8230;<\/p><\/div><div class=\"location-btn text-center pb-3\"><a href=\"https:\/\/tenerifepropertysales.demo4.respacio.com\/de\/location\/immobilien-zu-verkaufen-in-santiago-del-teide\/immobilien-zu-verkaufen-in-los-gigantes\/\" class=\"btn-sm btn btn-primary text-white py-1\">\tRead More<\/a><\/div><\/div><\/div><\/div><\/div><\/div><\/div>\n","protected":false},"excerpt":{"rendered":"<p>Beliebte Gebiete Erfahren Sie mehr \u00fcber die beliebtesten Regionen mit praktischen Informationen und zum Verkauf stehenden Immobilien [&#8230;]<\/p>\n<p><a class=\"btn btn-secondary respacio-read-more-link\" href=\"https:\/\/tenerifepropertysales.demo4.respacio.com\/de\/beliebte-gebiete\/\">Read More&#8230;<\/a><\/p>\n","protected":false},"author":2,"featured_media":0,"parent":0,"menu_order":0,"comment_status":"closed","ping_status":"closed","template":"","meta":{"_uag_custom_page_level_css":"","ub_ctt_via":"","footnotes":""},"page-tag":[],"class_list":["post-318274","page","type-page","status-publish","hentry"],"acf":[],"featured_image_src":null,"yoast_head":"<!-- This site is optimized with the Yoast SEO Premium plugin v21.2 (Yoast SEO v24.4) - https:\/\/yoast.com\/wordpress\/plugins\/seo\/ -->\n<title>Beliebte Gebiete - Paul Ruane - Los Gigantes Immobilien<\/title>\n<meta name=\"robots\" content=\"noindex, follow, max-snippet:-1, max-image-preview:large, max-video-preview:-1\" \/>\n<meta property=\"og:locale\" content=\"de_DE\" \/>\n<meta property=\"og:type\" content=\"article\" \/>\n<meta property=\"og:title\" content=\"Beliebte Gebiete\" \/>\n<meta property=\"og:description\" content=\"Beliebte Gebiete Erfahren Sie mehr \u00fcber die beliebtesten Regionen mit praktischen Informationen und zum Verkauf stehenden Immobilien [...]Read More...\" \/>\n<meta property=\"og:url\" content=\"https:\/\/tenerifepropertysales.demo4.respacio.com\/de\/beliebte-gebiete\/\" \/>\n<meta property=\"og:site_name\" content=\"Paul Ruane - Los Gigantes Immobilien\" \/>\n<meta property=\"og:image\" content=\"\" \/>\n<meta name=\"twitter:card\" content=\"summary_large_image\" \/>\n<script type=\"application\/ld+json\" class=\"yoast-schema-graph\">{\"@context\":\"https:\/\/schema.org\",\"@graph\":[{\"@type\":\"WebPage\",\"@id\":\"https:\/\/tenerifepropertysales.demo4.respacio.com\/de\/beliebte-gebiete\/\",\"url\":\"https:\/\/tenerifepropertysales.demo4.respacio.com\/de\/beliebte-gebiete\/\",\"name\":\"Beliebte Gebiete - Paul Ruane - Los Gigantes Immobilien\",\"isPartOf\":{\"@id\":\"https:\/\/tenerifepropertysales.demo4.respacio.com\/de\/#website\"},\"datePublished\":\"2025-05-02T07:12:28+00:00\",\"breadcrumb\":{\"@id\":\"https:\/\/tenerifepropertysales.demo4.respacio.com\/de\/beliebte-gebiete\/#breadcrumb\"},\"inLanguage\":\"de\",\"potentialAction\":[{\"@type\":\"ReadAction\",\"target\":[\"https:\/\/tenerifepropertysales.demo4.respacio.com\/de\/beliebte-gebiete\/\"]}]},{\"@type\":\"BreadcrumbList\",\"@id\":\"https:\/\/tenerifepropertysales.demo4.respacio.com\/de\/beliebte-gebiete\/#breadcrumb\",\"itemListElement\":[{\"@type\":\"ListItem\",\"position\":1,\"name\":\"Startseite\",\"item\":\"https:\/\/tenerifepropertysales.demo4.respacio.com\/de\/titelseite\/\"},{\"@type\":\"ListItem\",\"position\":2,\"name\":\"Beliebte Gebiete\"}]},{\"@type\":\"WebSite\",\"@id\":\"https:\/\/tenerifepropertysales.demo4.respacio.com\/de\/#website\",\"url\":\"https:\/\/tenerifepropertysales.demo4.respacio.com\/de\/\",\"name\":\"Paul Ruane - Los Gigantes Immobilien\",\"description\":\"Los Gigantes Immobilien\",\"publisher\":{\"@id\":\"https:\/\/tenerifepropertysales.demo4.respacio.com\/de\/#organization\"},\"inLanguage\":\"de\"},{\"@type\":\"Organization\",\"@id\":\"https:\/\/tenerifepropertysales.demo4.respacio.com\/de\/#organization\",\"name\":\"Paul Ruane - Los Gigantes Immobilien\",\"url\":\"https:\/\/tenerifepropertysales.demo4.respacio.com\/de\/\",\"logo\":{\"@type\":\"ImageObject\",\"inLanguage\":\"de\",\"@id\":\"https:\/\/tenerifepropertysales.demo4.respacio.com\/de\/#\/schema\/logo\/image\/\",\"url\":\"https:\/\/tenerifepropertysales.demo4.respacio.com\/wp-content\/uploads\/2020\/04\/logo-white-1.png\",\"contentUrl\":\"https:\/\/tenerifepropertysales.demo4.respacio.com\/wp-content\/uploads\/2020\/04\/logo-white-1.png\",\"width\":273,\"height\":59,\"caption\":\"Paul Ruane - Los Gigantes Immobilien\"},\"image\":{\"@id\":\"https:\/\/tenerifepropertysales.demo4.respacio.com\/de\/#\/schema\/logo\/image\/\"}}]}<\/script>\n<!-- \/ Yoast SEO Premium plugin. -->","yoast_head_json":{"title":"Beliebte Gebiete - Paul Ruane - Los Gigantes Immobilien","robots":{"index":"noindex","follow":"follow","max-snippet":"max-snippet:-1","max-image-preview":"max-image-preview:large","max-video-preview":"max-video-preview:-1"},"og_locale":"de_DE","og_type":"article","og_title":"Beliebte Gebiete","og_description":"Beliebte Gebiete Erfahren Sie mehr \u00fcber die beliebtesten Regionen mit praktischen Informationen und zum Verkauf stehenden Immobilien [...]Read More...","og_url":"https:\/\/tenerifepropertysales.demo4.respacio.com\/de\/beliebte-gebiete\/","og_site_name":"Paul Ruane - Los Gigantes Immobilien","og_image":[{"url":false,"type":"","width":"","height":""}],"twitter_card":"summary_large_image","schema":{"@context":"https:\/\/schema.org","@graph":[{"@type":"WebPage","@id":"https:\/\/tenerifepropertysales.demo4.respacio.com\/de\/beliebte-gebiete\/","url":"https:\/\/tenerifepropertysales.demo4.respacio.com\/de\/beliebte-gebiete\/","name":"Beliebte Gebiete - Paul Ruane - Los Gigantes Immobilien","isPartOf":{"@id":"https:\/\/tenerifepropertysales.demo4.respacio.com\/de\/#website"},"datePublished":"2025-05-02T07:12:28+00:00","breadcrumb":{"@id":"https:\/\/tenerifepropertysales.demo4.respacio.com\/de\/beliebte-gebiete\/#breadcrumb"},"inLanguage":"de","potentialAction":[{"@type":"ReadAction","target":["https:\/\/tenerifepropertysales.demo4.respacio.com\/de\/beliebte-gebiete\/"]}]},{"@type":"BreadcrumbList","@id":"https:\/\/tenerifepropertysales.demo4.respacio.com\/de\/beliebte-gebiete\/#breadcrumb","itemListElement":[{"@type":"ListItem","position":1,"name":"Startseite","item":"https:\/\/tenerifepropertysales.demo4.respacio.com\/de\/titelseite\/"},{"@type":"ListItem","position":2,"name":"Beliebte Gebiete"}]},{"@type":"WebSite","@id":"https:\/\/tenerifepropertysales.demo4.respacio.com\/de\/#website","url":"https:\/\/tenerifepropertysales.demo4.respacio.com\/de\/","name":"Paul Ruane - Los Gigantes Immobilien","description":"Los Gigantes Immobilien","publisher":{"@id":"https:\/\/tenerifepropertysales.demo4.respacio.com\/de\/#organization"},"inLanguage":"de"},{"@type":"Organization","@id":"https:\/\/tenerifepropertysales.demo4.respacio.com\/de\/#organization","name":"Paul Ruane - Los Gigantes Immobilien","url":"https:\/\/tenerifepropertysales.demo4.respacio.com\/de\/","logo":{"@type":"ImageObject","inLanguage":"de","@id":"https:\/\/tenerifepropertysales.demo4.respacio.com\/de\/#\/schema\/logo\/image\/","url":"https:\/\/tenerifepropertysales.demo4.respacio.com\/wp-content\/uploads\/2020\/04\/logo-white-1.png","contentUrl":"https:\/\/tenerifepropertysales.demo4.respacio.com\/wp-content\/uploads\/2020\/04\/logo-white-1.png","width":273,"height":59,"caption":"Paul Ruane - Los Gigantes Immobilien"},"image":{"@id":"https:\/\/tenerifepropertysales.demo4.respacio.com\/de\/#\/schema\/logo\/image\/"}}]}},"uagb_featured_image_src":{"full":false,"thumbnail":false,"medium":false,"medium_large":false,"large":false,"1536x1536":false,"2048x2048":false},"uagb_author_info":{"display_name":"support@respacio.com","author_link":"https:\/\/tenerifepropertysales.demo4.respacio.com\/de\/author\/supportrespacio-com\/"},"uagb_comment_info":0,"uagb_excerpt":"Beliebte Gebiete Erfahren Sie mehr \u00fcber die beliebtesten Regionen mit praktischen Informationen und zum Verkauf stehenden Immobilien [...]Read More...","_links":{"self":[{"href":"https:\/\/tenerifepropertysales.demo4.respacio.com\/de\/wp-json\/wp\/v2\/pages\/318274","targetHints":{"allow":["GET"]}}],"collection":[{"href":"https:\/\/tenerifepropertysales.demo4.respacio.com\/de\/wp-json\/wp\/v2\/pages"}],"about":[{"href":"https:\/\/tenerifepropertysales.demo4.respacio.com\/de\/wp-json\/wp\/v2\/types\/page"}],"author":[{"embeddable":true,"href":"https:\/\/tenerifepropertysales.demo4.respacio.com\/de\/wp-json\/wp\/v2\/users\/2"}],"replies":[{"embeddable":true,"href":"https:\/\/tenerifepropertysales.demo4.respacio.com\/de\/wp-json\/wp\/v2\/comments?post=318274"}],"version-history":[{"count":1,"href":"https:\/\/tenerifepropertysales.demo4.respacio.com\/de\/wp-json\/wp\/v2\/pages\/318274\/revisions"}],"predecessor-version":[{"id":318278,"href":"https:\/\/tenerifepropertysales.demo4.respacio.com\/de\/wp-json\/wp\/v2\/pages\/318274\/revisions\/318278"}],"wp:attachment":[{"href":"https:\/\/tenerifepropertysales.demo4.respacio.com\/de\/wp-json\/wp\/v2\/media?parent=318274"}],"wp:term":[{"taxonomy":"page-tag","embeddable":true,"href":"https:\/\/tenerifepropertysales.demo4.respacio.com\/de\/wp-json\/wp\/v2\/page-tag?post=318274"}],"curies":[{"name":"wp","href":"https:\/\/api.w.org\/{rel}","templated":true}]}}