{"id":318331,"date":"2025-05-02T08:12:51","date_gmt":"2025-05-02T07:12:51","guid":{"rendered":"https:\/\/tenerifepropertysales.demo4.respacio.com\/ueber-paul-ruane-los-gigantes-properties\/"},"modified":"2025-05-02T08:12:51","modified_gmt":"2025-05-02T07:12:51","slug":"ueber-paul-ruane-los-gigantes-properties","status":"publish","type":"page","link":"https:\/\/tenerifepropertysales.demo4.respacio.com\/de\/ueber-paul-ruane-los-gigantes-properties\/","title":{"rendered":"\u00dcber Paul Ruane &#8211; Los Gigantes Properties"},"content":{"rendered":"\n<p>Paul Ruane und sein Team f\u00fchren Los Gigantes nun in die Zukunft mit neuen Projekten wie Cristal und Aqua Suites sowie einigen anderen laufenden Projekten.<\/p>\n\n<p>Auch wenn einige behaupten, der erste Immobilienmakler in Los Gigantes gewesen zu sein, ist es eine Tatsache, dass Paul viele Immobilienmakler in dieser Gegend hat kommen und gehen sehen. Er hat miterlebt, wie andere sich zur\u00fcckzogen und von Neueinsteigern \u00fcbernommen wurden, von denen einige nur ein paar Jahre \u00fcberlebten. Da Paul Ruane jedoch der erste Immobilienmakler in dieser Gegend war und er am Bau von Los Gigantes beteiligt war, profitieren unsere Kunden nicht nur von unserem gro\u00dfen Wissens- und Erfahrungsschatz, sondern sie k\u00f6nnen auch sicher sein, dass wir noch viele Jahre f\u00fcr sie da sein werden. In der Tat haben 4 von 5 Immobilienmaklern in der unmittelbaren Umgebung ihre eigenen Immobilien bei Paul Raune gekauft.     <\/p>\n\n<p>Paul hat ein engagiertes Team, das viel von seinem Wissen teilt und seit vielen Jahren mit ihm zusammenarbeitet. Am wichtigsten ist jedoch, dass wir als Team arbeiten, um sicherzustellen, dass die Interessen unserer Kunden f\u00fcr alle an erster Stelle stehen. <\/p>\n\n<h2 class=\"wp-block-heading\">Schritt zur\u00fcck in die Zeit<\/h2>\n\n<p>Die ersten Grundst\u00fccke, die in Los Gigantes gebaut wurden, befinden sich rund um den Kirchplatz, obwohl die Kirche erst viel sp\u00e4ter gebaut wurde. Urspr\u00fcnglich bestand das Dorf aus dem ersten gr\u00f6\u00dferen Bauwerk, dem Hotel Los Gigantes, das damals nur halb so gro\u00df war wie heute und dessen Schwimmbad sich auf der anderen Stra\u00dfenseite befand, im heutigen &#8222;The Oasis&#8220;. <\/p>\n\n<p>Damals hie\u00df The Oasis noch &#8222;The Club&#8220; und geh\u00f6rte zum Hotel Los Gigantes.<\/p>\n\n<p>Paul Ruane kam 1979 im Alter von nur 20 Jahren nach Los Gigantes, als der Bau der Apartments in Florida gerade begann.<\/p>\n\n<p>Er wurde in den Verkauf dieser Immobilien von Plan involviert und arbeitete dann f\u00fcr Jens Peter Fulda, der das gr\u00f6\u00dfte Bauunternehmen in dieser Gegend besa\u00df. In den n\u00e4chsten 15 Jahren arbeitete Paul als Verkaufsleiter und sp\u00e4ter als Direktor f\u00fcr Construction Fulda und er\u00f6ffnete dann seine eigene Agentur &#8211; Los Gigantes Properties s.l. <\/p>\n\n<p>W\u00e4hrend des urspr\u00fcnglichen Baus der folgenden Komplexe war Paul Ruane f\u00fcr den Verkauf verantwortlich und verkaufte sie alle zun\u00e4chst von Plan aus: Hibisco I, II und III, Medusa I, II und III, Crab Island Apartments, Sunset Apartments (Los Gigantes).<\/p>\n\n<p>Alle Crab Island Villas, Cornisa, Tamara A , B, C ,D und AII, BII, CII &amp; DII, Los Arcos, verschiedene Immobilien in Calle el Pino, Calle Adlefas und Calle Tabaiba, die Urbanisation San Francisco einschlie\u00dflich der Apartments California und Santa Barbara, Edificio Mario in Puerto Santiago, Las Pardeleras, Finca Esmeralda, Grand Tabaiba, Avenida Apartments. Auch ein wenig weiter entfernt: Villen in El Madro\u00f1al und Villen in Valle Hermosa in Playa de Las Amercias. <\/p>\n\n<p>Paul Ruane war auch an mehreren anderen Komplexen und Lokalen beteiligt, wie z.B.: Tipsy Terrace, Restaurant Tamara, Restaurant El Pescador, The Oasis, Arches Bistro<\/p>\n\n<p>Paul war auch der Hauptvertriebsagent, der die folgenden Komplexe von Plan verkaufte:<\/p>\n\n<p>Aqua Marin, El Marques Palace, Balcon de Los Gigantes, Sansofe Puerto, Florencia (P.O.), El Marques und Las Rosas , Sansofe, Vitacura, India Sol, Vigilia Park , Casa Blanca.<\/p>\n\n<p>Paul Ruane und Constructions Fulda arbeiteten Seite an Seite mit der Familie Pi\u00f1eiro und ihrem Unternehmen &#8222;Gigansol&#8220;, die die Pioniere von Los Gigantes waren (und die auch das Hotel Los Gigantes gebaut haben) und die Komplexe Sauce, Drago, Flamboyant, Geranios, Jacaranda, Club I und Club II, Jasmin, Las Mimosas und verschiedene andere Immobilien entwickelten: Sauce, Drago, Flamboyant, Geranios, Jacaranda, Club I und Club II, Jasmin, Las Mimosas und verschiedene Immobilien in der Calle Pino<\/p>\n\n<p>Paul verkaufte auch Grundst\u00fccke f\u00fcr mehrere andere unabh\u00e4ngige Bautr\u00e4ger, die ebenfalls Komplexe und Grundst\u00fccke in dieser Gegend bauten.<\/p>\n\n<p>Bis heute verkaufen Paul Ruane und Los Gigantes Properties s.l. weiterhin Immobilien in allen Komplexen und Lagen in und um diese Gegend und sind mit Sicherheit der Name, auf den Sie sich verlassen k\u00f6nnen.<\/p>\n","protected":false},"excerpt":{"rendered":"<p>Paul Ruane und sein Team f\u00fchren Los Gigantes nun in die Zukunft mit neuen Projekten wie Cristal und Aqua Suites sowie einigen anderen laufenden Projekten. Auch wenn einige behaupten, der erste Immobilienmakler in Los Gigantes gewesen zu sein, ist es eine Tatsache, dass Paul viele Immobilienmakler in dieser Gegend hat kommen und gehen sehen. Er [&#8230;]<\/p>\n<p><a class=\"btn btn-secondary respacio-read-more-link\" href=\"https:\/\/tenerifepropertysales.demo4.respacio.com\/de\/ueber-paul-ruane-los-gigantes-properties\/\">Read More&#8230;<\/a><\/p>\n","protected":false},"author":2,"featured_media":318332,"parent":0,"menu_order":0,"comment_status":"closed","ping_status":"closed","template":"","meta":{"_uag_custom_page_level_css":"","ub_ctt_via":"","footnotes":""},"page-tag":[],"class_list":["post-318331","page","type-page","status-publish","has-post-thumbnail","hentry"],"acf":[],"featured_image_src":"https:\/\/tenerifepropertysales.demo4.respacio.com\/wp-content\/uploads\/2024\/11\/Photo-22-10-24-12-41-12-scaled.jpg","yoast_head":"<!-- This site is optimized with the Yoast SEO Premium plugin v21.2 (Yoast SEO v24.4) - https:\/\/yoast.com\/wordpress\/plugins\/seo\/ -->\n<title>\u00dcber Paul Ruane - Los Gigantes Properties - Paul Ruane - Los Gigantes Immobilien<\/title>\n<meta name=\"robots\" content=\"noindex, follow, max-snippet:-1, max-image-preview:large, max-video-preview:-1\" \/>\n<meta property=\"og:locale\" content=\"de_DE\" \/>\n<meta property=\"og:type\" content=\"article\" \/>\n<meta property=\"og:title\" content=\"\u00dcber Paul Ruane - Los Gigantes Properties\" \/>\n<meta property=\"og:description\" content=\"Paul Ruane und sein Team f\u00fchren Los Gigantes nun in die Zukunft mit neuen Projekten wie Cristal und Aqua Suites sowie einigen anderen laufenden Projekten. Auch wenn einige behaupten, der erste Immobilienmakler in Los Gigantes gewesen zu sein, ist es eine Tatsache, dass Paul viele Immobilienmakler in dieser Gegend hat kommen und gehen sehen. Er [...]Read More...\" \/>\n<meta property=\"og:url\" content=\"https:\/\/tenerifepropertysales.demo4.respacio.com\/de\/ueber-paul-ruane-los-gigantes-properties\/\" \/>\n<meta property=\"og:site_name\" content=\"Paul Ruane - Los Gigantes Immobilien\" \/>\n<meta property=\"og:image\" content=\"https:\/\/tenerifepropertysales.demo4.respacio.com\/wp-content\/uploads\/2024\/11\/Photo-22-10-24-12-41-12-1024x768.jpg\" \/>\n<meta name=\"twitter:card\" content=\"summary_large_image\" \/>\n<meta name=\"twitter:image\" content=\"https:\/\/tenerifepropertysales.demo4.respacio.com\/wp-content\/uploads\/2024\/11\/Photo-22-10-24-12-41-12-1024x768.jpg\" \/>\n<meta name=\"twitter:label1\" content=\"Gesch\u00e4tzte Lesezeit\" \/>\n\t<meta name=\"twitter:data1\" content=\"3\u00a0Minuten\" \/>\n<script type=\"application\/ld+json\" class=\"yoast-schema-graph\">{\"@context\":\"https:\/\/schema.org\",\"@graph\":[{\"@type\":\"WebPage\",\"@id\":\"https:\/\/tenerifepropertysales.demo4.respacio.com\/de\/ueber-paul-ruane-los-gigantes-properties\/\",\"url\":\"https:\/\/tenerifepropertysales.demo4.respacio.com\/de\/ueber-paul-ruane-los-gigantes-properties\/\",\"name\":\"\u00dcber Paul Ruane - Los Gigantes Properties - Paul Ruane - Los Gigantes Immobilien\",\"isPartOf\":{\"@id\":\"https:\/\/tenerifepropertysales.demo4.respacio.com\/de\/#website\"},\"primaryImageOfPage\":{\"@id\":\"https:\/\/tenerifepropertysales.demo4.respacio.com\/de\/ueber-paul-ruane-los-gigantes-properties\/#primaryimage\"},\"image\":{\"@id\":\"https:\/\/tenerifepropertysales.demo4.respacio.com\/de\/ueber-paul-ruane-los-gigantes-properties\/#primaryimage\"},\"thumbnailUrl\":\"https:\/\/tenerifepropertysales.demo4.respacio.com\/wp-content\/uploads\/2024\/11\/Photo-22-10-24-12-41-12-scaled.jpg\",\"datePublished\":\"2025-05-02T07:12:51+00:00\",\"breadcrumb\":{\"@id\":\"https:\/\/tenerifepropertysales.demo4.respacio.com\/de\/ueber-paul-ruane-los-gigantes-properties\/#breadcrumb\"},\"inLanguage\":\"de\",\"potentialAction\":[{\"@type\":\"ReadAction\",\"target\":[\"https:\/\/tenerifepropertysales.demo4.respacio.com\/de\/ueber-paul-ruane-los-gigantes-properties\/\"]}]},{\"@type\":\"ImageObject\",\"inLanguage\":\"de\",\"@id\":\"https:\/\/tenerifepropertysales.demo4.respacio.com\/de\/ueber-paul-ruane-los-gigantes-properties\/#primaryimage\",\"url\":\"https:\/\/tenerifepropertysales.demo4.respacio.com\/wp-content\/uploads\/2024\/11\/Photo-22-10-24-12-41-12-scaled.jpg\",\"contentUrl\":\"https:\/\/tenerifepropertysales.demo4.respacio.com\/wp-content\/uploads\/2024\/11\/Photo-22-10-24-12-41-12-scaled.jpg\",\"width\":2560,\"height\":1920},{\"@type\":\"BreadcrumbList\",\"@id\":\"https:\/\/tenerifepropertysales.demo4.respacio.com\/de\/ueber-paul-ruane-los-gigantes-properties\/#breadcrumb\",\"itemListElement\":[{\"@type\":\"ListItem\",\"position\":1,\"name\":\"Startseite\",\"item\":\"https:\/\/tenerifepropertysales.demo4.respacio.com\/de\/titelseite\/\"},{\"@type\":\"ListItem\",\"position\":2,\"name\":\"\u00dcber Paul Ruane &#8211; Los Gigantes Properties\"}]},{\"@type\":\"WebSite\",\"@id\":\"https:\/\/tenerifepropertysales.demo4.respacio.com\/de\/#website\",\"url\":\"https:\/\/tenerifepropertysales.demo4.respacio.com\/de\/\",\"name\":\"Paul Ruane - Los Gigantes Immobilien\",\"description\":\"Los Gigantes Immobilien\",\"publisher\":{\"@id\":\"https:\/\/tenerifepropertysales.demo4.respacio.com\/de\/#organization\"},\"inLanguage\":\"de\"},{\"@type\":\"Organization\",\"@id\":\"https:\/\/tenerifepropertysales.demo4.respacio.com\/de\/#organization\",\"name\":\"Paul Ruane - Los Gigantes Immobilien\",\"url\":\"https:\/\/tenerifepropertysales.demo4.respacio.com\/de\/\",\"logo\":{\"@type\":\"ImageObject\",\"inLanguage\":\"de\",\"@id\":\"https:\/\/tenerifepropertysales.demo4.respacio.com\/de\/#\/schema\/logo\/image\/\",\"url\":\"https:\/\/tenerifepropertysales.demo4.respacio.com\/wp-content\/uploads\/2020\/04\/logo-white-1.png\",\"contentUrl\":\"https:\/\/tenerifepropertysales.demo4.respacio.com\/wp-content\/uploads\/2020\/04\/logo-white-1.png\",\"width\":273,\"height\":59,\"caption\":\"Paul Ruane - Los Gigantes Immobilien\"},\"image\":{\"@id\":\"https:\/\/tenerifepropertysales.demo4.respacio.com\/de\/#\/schema\/logo\/image\/\"}}]}<\/script>\n<!-- \/ Yoast SEO Premium plugin. -->","yoast_head_json":{"title":"\u00dcber Paul Ruane - Los Gigantes Properties - Paul Ruane - Los Gigantes Immobilien","robots":{"index":"noindex","follow":"follow","max-snippet":"max-snippet:-1","max-image-preview":"max-image-preview:large","max-video-preview":"max-video-preview:-1"},"og_locale":"de_DE","og_type":"article","og_title":"\u00dcber Paul Ruane - Los Gigantes Properties","og_description":"Paul Ruane und sein Team f\u00fchren Los Gigantes nun in die Zukunft mit neuen Projekten wie Cristal und Aqua Suites sowie einigen anderen laufenden Projekten. Auch wenn einige behaupten, der erste Immobilienmakler in Los Gigantes gewesen zu sein, ist es eine Tatsache, dass Paul viele Immobilienmakler in dieser Gegend hat kommen und gehen sehen. Er [...]Read More...","og_url":"https:\/\/tenerifepropertysales.demo4.respacio.com\/de\/ueber-paul-ruane-los-gigantes-properties\/","og_site_name":"Paul Ruane - Los Gigantes Immobilien","og_image":[{"url":"https:\/\/tenerifepropertysales.demo4.respacio.com\/wp-content\/uploads\/2024\/11\/Photo-22-10-24-12-41-12-1024x768.jpg","type":"","width":"","height":""}],"twitter_card":"summary_large_image","twitter_image":"https:\/\/tenerifepropertysales.demo4.respacio.com\/wp-content\/uploads\/2024\/11\/Photo-22-10-24-12-41-12-1024x768.jpg","twitter_misc":{"Gesch\u00e4tzte Lesezeit":"3\u00a0Minuten"},"schema":{"@context":"https:\/\/schema.org","@graph":[{"@type":"WebPage","@id":"https:\/\/tenerifepropertysales.demo4.respacio.com\/de\/ueber-paul-ruane-los-gigantes-properties\/","url":"https:\/\/tenerifepropertysales.demo4.respacio.com\/de\/ueber-paul-ruane-los-gigantes-properties\/","name":"\u00dcber Paul Ruane - Los Gigantes Properties - Paul Ruane - Los Gigantes Immobilien","isPartOf":{"@id":"https:\/\/tenerifepropertysales.demo4.respacio.com\/de\/#website"},"primaryImageOfPage":{"@id":"https:\/\/tenerifepropertysales.demo4.respacio.com\/de\/ueber-paul-ruane-los-gigantes-properties\/#primaryimage"},"image":{"@id":"https:\/\/tenerifepropertysales.demo4.respacio.com\/de\/ueber-paul-ruane-los-gigantes-properties\/#primaryimage"},"thumbnailUrl":"https:\/\/tenerifepropertysales.demo4.respacio.com\/wp-content\/uploads\/2024\/11\/Photo-22-10-24-12-41-12-scaled.jpg","datePublished":"2025-05-02T07:12:51+00:00","breadcrumb":{"@id":"https:\/\/tenerifepropertysales.demo4.respacio.com\/de\/ueber-paul-ruane-los-gigantes-properties\/#breadcrumb"},"inLanguage":"de","potentialAction":[{"@type":"ReadAction","target":["https:\/\/tenerifepropertysales.demo4.respacio.com\/de\/ueber-paul-ruane-los-gigantes-properties\/"]}]},{"@type":"ImageObject","inLanguage":"de","@id":"https:\/\/tenerifepropertysales.demo4.respacio.com\/de\/ueber-paul-ruane-los-gigantes-properties\/#primaryimage","url":"https:\/\/tenerifepropertysales.demo4.respacio.com\/wp-content\/uploads\/2024\/11\/Photo-22-10-24-12-41-12-scaled.jpg","contentUrl":"https:\/\/tenerifepropertysales.demo4.respacio.com\/wp-content\/uploads\/2024\/11\/Photo-22-10-24-12-41-12-scaled.jpg","width":2560,"height":1920},{"@type":"BreadcrumbList","@id":"https:\/\/tenerifepropertysales.demo4.respacio.com\/de\/ueber-paul-ruane-los-gigantes-properties\/#breadcrumb","itemListElement":[{"@type":"ListItem","position":1,"name":"Startseite","item":"https:\/\/tenerifepropertysales.demo4.respacio.com\/de\/titelseite\/"},{"@type":"ListItem","position":2,"name":"\u00dcber Paul Ruane &#8211; Los Gigantes Properties"}]},{"@type":"WebSite","@id":"https:\/\/tenerifepropertysales.demo4.respacio.com\/de\/#website","url":"https:\/\/tenerifepropertysales.demo4.respacio.com\/de\/","name":"Paul Ruane - Los Gigantes Immobilien","description":"Los Gigantes Immobilien","publisher":{"@id":"https:\/\/tenerifepropertysales.demo4.respacio.com\/de\/#organization"},"inLanguage":"de"},{"@type":"Organization","@id":"https:\/\/tenerifepropertysales.demo4.respacio.com\/de\/#organization","name":"Paul Ruane - Los Gigantes Immobilien","url":"https:\/\/tenerifepropertysales.demo4.respacio.com\/de\/","logo":{"@type":"ImageObject","inLanguage":"de","@id":"https:\/\/tenerifepropertysales.demo4.respacio.com\/de\/#\/schema\/logo\/image\/","url":"https:\/\/tenerifepropertysales.demo4.respacio.com\/wp-content\/uploads\/2020\/04\/logo-white-1.png","contentUrl":"https:\/\/tenerifepropertysales.demo4.respacio.com\/wp-content\/uploads\/2020\/04\/logo-white-1.png","width":273,"height":59,"caption":"Paul Ruane - Los Gigantes Immobilien"},"image":{"@id":"https:\/\/tenerifepropertysales.demo4.respacio.com\/de\/#\/schema\/logo\/image\/"}}]}},"uagb_featured_image_src":{"full":["https:\/\/tenerifepropertysales.demo4.respacio.com\/wp-content\/uploads\/2024\/11\/Photo-22-10-24-12-41-12-scaled.jpg",2560,1920,false],"thumbnail":["https:\/\/tenerifepropertysales.demo4.respacio.com\/wp-content\/uploads\/2024\/11\/Photo-22-10-24-12-41-12-150x150.jpg",150,150,true],"medium":["https:\/\/tenerifepropertysales.demo4.respacio.com\/wp-content\/uploads\/2024\/11\/Photo-22-10-24-12-41-12-300x225.jpg",300,225,true],"medium_large":["https:\/\/tenerifepropertysales.demo4.respacio.com\/wp-content\/uploads\/2024\/11\/Photo-22-10-24-12-41-12-768x576.jpg",640,480,true],"large":["https:\/\/tenerifepropertysales.demo4.respacio.com\/wp-content\/uploads\/2024\/11\/Photo-22-10-24-12-41-12-1024x768.jpg",640,480,true],"1536x1536":["https:\/\/tenerifepropertysales.demo4.respacio.com\/wp-content\/uploads\/2024\/11\/Photo-22-10-24-12-41-12-1536x1152.jpg",1536,1152,true],"2048x2048":["https:\/\/tenerifepropertysales.demo4.respacio.com\/wp-content\/uploads\/2024\/11\/Photo-22-10-24-12-41-12-2048x1536.jpg",2048,1536,true]},"uagb_author_info":{"display_name":"support@respacio.com","author_link":"https:\/\/tenerifepropertysales.demo4.respacio.com\/de\/author\/supportrespacio-com\/"},"uagb_comment_info":0,"uagb_excerpt":"Paul Ruane und sein Team f\u00fchren Los Gigantes nun in die Zukunft mit neuen Projekten wie Cristal und Aqua Suites sowie einigen anderen laufenden Projekten. Auch wenn einige behaupten, der erste Immobilienmakler in Los Gigantes gewesen zu sein, ist es eine Tatsache, dass Paul viele Immobilienmakler in dieser Gegend hat kommen und gehen sehen. Er&hellip;","_links":{"self":[{"href":"https:\/\/tenerifepropertysales.demo4.respacio.com\/de\/wp-json\/wp\/v2\/pages\/318331","targetHints":{"allow":["GET"]}}],"collection":[{"href":"https:\/\/tenerifepropertysales.demo4.respacio.com\/de\/wp-json\/wp\/v2\/pages"}],"about":[{"href":"https:\/\/tenerifepropertysales.demo4.respacio.com\/de\/wp-json\/wp\/v2\/types\/page"}],"author":[{"embeddable":true,"href":"https:\/\/tenerifepropertysales.demo4.respacio.com\/de\/wp-json\/wp\/v2\/users\/2"}],"replies":[{"embeddable":true,"href":"https:\/\/tenerifepropertysales.demo4.respacio.com\/de\/wp-json\/wp\/v2\/comments?post=318331"}],"version-history":[{"count":1,"href":"https:\/\/tenerifepropertysales.demo4.respacio.com\/de\/wp-json\/wp\/v2\/pages\/318331\/revisions"}],"predecessor-version":[{"id":318333,"href":"https:\/\/tenerifepropertysales.demo4.respacio.com\/de\/wp-json\/wp\/v2\/pages\/318331\/revisions\/318333"}],"wp:featuredmedia":[{"embeddable":true,"href":"https:\/\/tenerifepropertysales.demo4.respacio.com\/de\/wp-json\/wp\/v2\/media\/318332"}],"wp:attachment":[{"href":"https:\/\/tenerifepropertysales.demo4.respacio.com\/de\/wp-json\/wp\/v2\/media?parent=318331"}],"wp:term":[{"taxonomy":"page-tag","embeddable":true,"href":"https:\/\/tenerifepropertysales.demo4.respacio.com\/de\/wp-json\/wp\/v2\/page-tag?post=318331"}],"curies":[{"name":"wp","href":"https:\/\/api.w.org\/{rel}","templated":true}]}}