{"id":318175,"date":"2025-05-02T08:11:38","date_gmt":"2025-05-02T07:11:38","guid":{"rendered":"https:\/\/tenerifepropertysales.demo4.respacio.com\/politica-juridica\/"},"modified":"2025-05-02T08:11:39","modified_gmt":"2025-05-02T07:11:39","slug":"politica-juridica","status":"publish","type":"page","link":"https:\/\/tenerifepropertysales.demo4.respacio.com\/es\/politica-juridica\/","title":{"rendered":"Pol\u00edtica jur\u00eddica"},"content":{"rendered":"\n<h2 class=\"wp-block-heading\" id=\"h-1-nbsp-nbsp-nbsp-nbsp-nbsp-nbsp-nbsp-nbsp-objeto-y-aceptacion\">1. Objeto y aceptaci\u00f3n<\/h2>\n\n<p>El presente aviso legal regula el uso del sitio Web: www.tenerifepropertysales.com<\/p>\n\n<p>El sitio web www.tenerifepropertysales.com presta servicios cuyo objetivo primordial es permitir el contacto entre los usuarios y la entidad, bien para ponerse en contacto con nosotros, responder a su solicitud, gestionar su reclamaci\u00f3n, ejercitar sus derechos en protecci\u00f3n de datos o para solicitar una cita.<\/p>\n\n<p>La navegaci\u00f3n por la p\u00e1gina www.tenerifepropertysales.com atribuye la condici\u00f3n de usuario de la misma e implica la aceptaci\u00f3n plena y sin reservas de todas y cada una de las disposiciones incluidas en este Aviso Legal, que pueden sufrir modificaciones.<\/p>\n\n<p>El usuario se obliga a hacer un uso correcto del sitio Web de conformidad con las leyes, la buena fe, el orden p\u00fablico, los usos del tr\u00e1fico y el presente Aviso Legal. El Usuario responder\u00e1 frente a LOS GIGANTES PROPERTIES, S.L. y frente a terceros, de los da\u00f1os y perjuicios que pudieran causarse como consecuencia del incumplimiento de dicha obligaci\u00f3n. <\/p>\n\n<h2 class=\"wp-block-heading\" id=\"h-2-nbsp-nbsp-nbsp-nbsp-nbsp-nbsp-nbsp-nbsp-titularidad-de-la-web-e-identificacion-del-prestador-de-servicios-de-la-sociedad-de-la-informacion\">2. Titularidad de la web e identificaci\u00f3n del Prestador de Servicios de la Sociedad de la Informaci\u00f3n<\/h2>\n\n<p>Con la finalidad de dar cumplimiento al principio de Informaci\u00f3n general exigido por el Art\u00edculo 10 de la Ley 34\/2002, de 11 de julio, de servicios de la sociedad de la informaci\u00f3n y de comercio electr\u00f3nico informamos a nuestros usuarios que el presente sitio web pertenece a LOS GIGANTES PROPERTIES, S.L. con CIF B38350013.<\/p>\n\n<figure class=\"wp-block-table\"><table><tbody><tr><td colspan=\"3\">Direcci\u00f3n:<strong><\/strong><\/td><td colspan=\"3\">Calle Flor de Pascua, 23, 38683 &#8211; Acantilado de Los Gigantes (Santa Cruz de Tenerife)<\/td><\/tr><tr><td colspan=\"3\">Correo-e:<\/td><td colspan=\"3\">nicky@tenerifepropertysales.com<\/td><\/tr><tr><td colspan=\"3\">Tel\u00e9fono:<\/td><td colspan=\"3\">922 861 313<\/td><\/tr><tr><td colspan=\"3\">Web alojada por:<\/td><td colspan=\"3\">OVH SAS<\/td><\/tr><\/tbody><\/table><\/figure>\n\n<h2 class=\"wp-block-heading\" id=\"h-3-nbsp-nbsp-nbsp-nbsp-nbsp-nbsp-nbsp-nbsp-condiciones-generales-de-acceso-y-utilizacion\">3. Condiciones generales de acceso y utilizaci\u00f3n<\/h2>\n\n<p>El sitio Web y sus servicios son de acceso libre y gratuito, si bien la utilizaci\u00f3n de determinadas \u00e1reas o servicios est\u00e1 condicionada a cumplir formularios de recogida de datos. S\u00f3lo los mayores de 18 a\u00f1os podr\u00e1n facilitar datos a trav\u00e9s de nuestra web, y los menores de 14 a\u00f1os no pueden facilitarlos sin el consentimiento de los padres o tutores. <\/p>\n\n<p>El Usuario garantiza la autenticidad y actualidad de todos aquellos datos que comunique a LOS GIGANTES PROPERTIES, S.L. y ser\u00e1 el \u00fanico responsable de las manifestaciones falsas o inexactas que realice.<\/p>\n\n<p>www.tenerifepropertysales.com tiene los siguientes tipos de usuarios:<\/p>\n\n<ul class=\"wp-block-list\">\n<li>Usuarios que aportan datos en cualquiera de los formularios disponibles: Los datos personales que LOS GIGANTES PROPERTIES, S.L. solicita incluyen el nombre y direcci\u00f3n electr\u00f3nica y los proporcionados por el propio usuario al rellenar los formularios.<\/li>\n\n\n\n<li>Usuarios que no han contactado con LOS GIGANTES PROPERTIES, S.L. pero de los que se recogen datos: Datos proporcionados por las cookies<\/li>\n<\/ul>\n\n<p><strong>3.1<\/strong> <strong>Reglas y prohibiciones de uso para usuarios de nuestros servicios<\/strong><strong><\/strong><\/p>\n\n<p>El Usuario se compromete expresamente a hacer un uso adecuado de los contenidos y servicios ofrecidos y a no emplearlos para:<\/p>\n\n<ul class=\"wp-block-list\">\n<li>Difundir contenidos delictivos, violentos, pornogr\u00e1ficos, racistas, xen\u00f3fobos, ofensivos, de apolog\u00eda del terrorismo o, en general, contrarios a la ley o al orden p\u00fablico.<\/li>\n\n\n\n<li>Introducir en la red virus inform\u00e1ticos o realizar actuaciones susceptibles de alterar, estropear, interrumpir o generar errores o da\u00f1os en los documentos electr\u00f3nicos, datos o sistemas f\u00edsicos y l\u00f3gicos de LOS GIGANTES PROPERTIES, S.L. o de terceras personas; as\u00ed como obstaculizar el acceso de otros Usuarios al sitio Web y a sus servicios.<\/li>\n\n\n\n<li>Intentar acceder a \u00e1reas restringidas de los sistemas inform\u00e1ticos de LOS GIGANTES PROPERTIES, S.L. o de terceros y, en su caso, extraer informaci\u00f3n.<\/li>\n\n\n\n<li>Vulnerar los derechos de propiedad intelectual o industrial, as\u00ed como violar la confidencialidad de la informaci\u00f3n de LOS GIGANTES PROPERTIES, S.L. o de terceros.<\/li>\n\n\n\n<li>Suplantar la identidad de otro Usuario, de las administraciones p\u00fablicas o de un tercero.<\/li>\n\n\n\n<li>Reproducir, copiar, distribuir, poner a disposici\u00f3n o de cualquier otra forma comunicar p\u00fablicamente, transformar o modificar los Contenidos, a menos que se cuente con la autorizaci\u00f3n del titular de los correspondientes derechos o ello resulte legalmente permitido<\/li>\n\n\n\n<li>Recabar datos con finalidad publicitaria y de remitir publicidad de cualquier clase y comunicaciones con fines de venta u otras de naturaleza comercial sin que medie su previa solicitud o consentimiento.<\/li>\n<\/ul>\n\n<p><strong>3.2. Procedimiento en caso de realizaci\u00f3n de actividades de car\u00e1cter il\u00edcito<\/strong><strong><\/strong><\/p>\n\n<p>En el caso de que cualquier usuario o un tercero considere que existen hechos o circunstancias que revelen el car\u00e1cter il\u00edcito de la utilizaci\u00f3n de cualquier contenido y\/o de la realizaci\u00f3n de cualquier actividad en las p\u00e1ginas Web incluidas o accesibles a trav\u00e9s del sitio Web, deber\u00e1 enviar una notificaci\u00f3n a LOS GIGANTES PROPERTIES, S.L. identific\u00e1ndose debidamente, especificando las supuestas infracciones y declarando expresamente y bajo su responsabilidad que la informaci\u00f3n proporcionada en la notificaci\u00f3n es exacta.<\/p>\n\n<p><strong>4. Pol\u00edtica de privacidad<\/strong><strong><\/strong><\/p>\n\n<p>El usuario puede consultar c\u00f3mo LOS GIGANTES PROPERTIES, S.L. utiliza sus datos y las medidas de seguridad implantadas en el enlace: \u00abPol\u00edtica de privacidad\u00bb<\/p>\n\n<p><strong>5. Pol\u00edtica de cookies<\/strong><strong><\/strong><\/p>\n\n<p>LOS GIGANTES PROPERTIES, S.L. instala cookies en el ordenador del usuario. Para conocer m\u00e1s las cookies de nuestro sitio web accede al siguiente enlace: \u00abpol\u00edtica de cookies <\/p>\n\n<p><strong>6. Notificaciones<\/strong><strong><\/strong><\/p>\n\n<p>Todas las notificaciones y comunicaciones entre los usuarios y LOS GIGANTES PROPERTIES, S.L. se considerar\u00e1n eficaces, a todos los efectos, cuando se realicen a trav\u00e9s de correo postal o correo electr\u00f3nico o comunicaci\u00f3n telef\u00f3nica. Los usuarios deber\u00e1n dirigirse a LOS GIGANTES PROPERTIES, S.L. mediante: <\/p>\n\n<ul class=\"wp-block-list\">\n<li>Env\u00edo por correo postal a la siguiente direcci\u00f3n: LOS GIGANTES PROPERTIES, S.L. &#8211; Calle Flor de Pascua, 23, 38683 &#8211; Acantilado de Los Gigantes (Santa Cruz de Tenerife).<\/li>\n\n\n\n<li>Env\u00edo por correo electr\u00f3nico a la siguiente direcci\u00f3n: nicky@tenerifepropertysales.com<\/li>\n<\/ul>\n\n<p><strong>7. Propiedad Industrial y propiedad intelectual<\/strong><strong><\/strong><\/p>\n\n<p>Todos los contenidos del sitio Web, como textos, fotograf\u00edas, gr\u00e1ficos, im\u00e1genes, iconos, tecnolog\u00eda, software, as\u00ed como su dise\u00f1o gr\u00e1fico y c\u00f3digos fuente, constituyen una obra cuya propiedad pertenece a LOS GIGANTES PROPERTIES, S.L., sin que puedan entenderse cedidos al Usuario ninguno de los derechos de explotaci\u00f3n sobre los mismos m\u00e1s all\u00e1 de lo estrictamente necesario para el correcto uso de la Web.<\/p>\n\n<p>En definitiva, los usuarios que accedan a este sitio Web pueden visualizar los contenidos y efectuar, en su caso, copias privadas autorizadas siempre que los elementos reproducidos no sean cedidos posteriormente a terceros, ni se instalen a servidores conectados a redes, ni sean objeto de ning\u00fan tipo de explotaci\u00f3n y \u00fanica y exclusivamente mientras se encuentre en vigor el servicio.<\/p>\n\n<p>Asimismo, todas las marcas, nombres comerciales o signos distintivos de cualquier clase que aparezcan en el sitio Web son propiedad de LOS GIGANTES PROPERTIES, S.L., sin que pueda entenderse que el uso o acceso al mismo atribuya al Usuario derecho alguno sobre los mismos.<\/p>\n\n<p>Quedan prohibidas la distribuci\u00f3n, modificaci\u00f3n, cesi\u00f3n o comunicaci\u00f3n p\u00fablica de los contenidos y cualquier otro acto que no haya sido expresamente autorizado por LOS GIGANTES PROPERTIES, S.L. En caso de incumplimiento LOS GIGANTES PROPERTIES, S.L. proceder\u00e1 a adoptar las medidas legales oportunas.<\/p>\n\n<p><strong>8. Exenci\u00f3n de responsabilidad y modificaci\u00f3n del presente aviso legal<\/strong><strong><\/strong><\/p>\n\n<p>La web www.tenerifepropertysales.com utiliza t\u00e9cnicas de seguridad de la informaci\u00f3n tales como firewalls, procedimientos de control de acceso y mecanismos criptogr\u00e1ficos, todo ello con el objetivo de evitar el acceso no autorizado a los datos y garantizar la confidencialidad de los mismos.<\/p>\n\n<p>La informaci\u00f3n que se difunde en esta web se hace \u00fanica y exclusivamente a t\u00edtulo informativo, reserv\u00e1ndose LOS GIGANTES PROPERTIES, S.L. el derecho a eliminar o suspender su difusi\u00f3n, total o parcialmente, y a modificar la estructura y contenido de este sitio Web sin previo aviso, pudiendo incluso limitar o no permitir el acceso a dicha informaci\u00f3n. LOS GIGANTES PROPERTIES, S.L. intenta mantener la calidad y actualizaci\u00f3n de esta informaci\u00f3n y evitar y minimizar posibles errores pero LOS GIGANTES PROPERTIES, S.L. no responder\u00e1 de los da\u00f1os o perjuicios causados por decisiones tomadas en base a la informaci\u00f3n difundida; ni de inexactitudes, omisiones o errores contenidos en el mismo, ni de los problemas que se originen por el uso de este sitio Web u otro de conexi\u00f3n externa; ni de los da\u00f1os y\/o perjuicios en el software o hardware del usuario que se deriven del acceso a este sitio Web. <\/p>\n\n<p>Los Usuarios aceptan expresamente que LOS GIGANTES PROPERTIES, S.L. no ser\u00e1 responsable del acceso no autorizado o alteraci\u00f3n de sus transmisiones o datos, de cualquier material o datos enviados o recibidos o no enviados o recibidos, ni de ninguna transacci\u00f3n realizada a trav\u00e9s de su web.<\/p>\n\n<p>LOS GIGANTES PROPERTIES, S.L. se reserva el derecho a modificar el presente aviso legal unilateralmente y sin preaviso en los t\u00e9rminos y condiciones que estime conveniente con la \u00fanica obligaci\u00f3n de informar al usuario de las modificaciones efectuadas a trav\u00e9s de <a href=\"http:\/\/www.aixacorpore.es\/\">www.tenerifepropertysales.com.<\/a><\/p>\n\n<p><strong>9. Nulidad parcial<\/strong><strong><\/strong><\/p>\n\n<p>Si alguna de las presentes cl\u00e1usulas fuese declarada nula y sin efecto por resoluci\u00f3n firme dictada por autoridad competente, los restantes t\u00e9rminos y condiciones permanecer\u00e1n en vigor, sin que queden afectados por dicha declaraci\u00f3n de nulidad.<\/p>\n\n<p><strong>10. Ley aplicable y tribunales competentes<\/strong><strong><\/strong><\/p>\n\n<p>El presente sitio web queda sometido a lo establecido por la legislaci\u00f3n espa\u00f1ola y normativa europea que resulte de aplicaci\u00f3n<\/p>\n\n<p>Cualquier controversia que surja o guarde relaci\u00f3n con el uso de la p\u00e1gina web o con dichos productos ser\u00e1 sometida a la jurisdicci\u00f3n no exclusiva de los juzgados y tribunales espa\u00f1oles de la provincia de Santa Cruz de Tenerife.<\/p>\n\n<p>Si se trata de un consumidor final nada en la presente cl\u00e1usula afectar\u00e1 a los derechos que como tal le reconoce la legislaci\u00f3n vigente, pudiendo elegir presentar una reclamaci\u00f3n para hacer valer sus derechos en relaci\u00f3n con las presentes Condiciones ante el Juez o Tribunales que correspondan a su domicilio.<\/p>\n","protected":false},"excerpt":{"rendered":"<p>1. Objeto y aceptaci\u00f3n El presente aviso legal regula el uso del sitio Web: www.tenerifepropertysales.com El sitio web www.tenerifepropertysales.com presta servicios cuyo objetivo primordial es permitir el contacto entre los usuarios y la entidad, bien para ponerse en contacto con nosotros, responder a su solicitud, gestionar su reclamaci\u00f3n, ejercitar sus derechos en protecci\u00f3n de datos [&#8230;]<\/p>\n<p><a class=\"btn btn-secondary respacio-read-more-link\" href=\"https:\/\/tenerifepropertysales.demo4.respacio.com\/es\/politica-juridica\/\">Read More&#8230;<\/a><\/p>\n","protected":false},"author":21,"featured_media":0,"parent":0,"menu_order":0,"comment_status":"closed","ping_status":"closed","template":"","meta":{"_uag_custom_page_level_css":"","ub_ctt_via":"","footnotes":""},"page-tag":[],"class_list":["post-318175","page","type-page","status-publish","hentry"],"acf":[],"featured_image_src":null,"yoast_head":"<!-- This site is optimized with the Yoast SEO Premium plugin v21.2 (Yoast SEO v24.4) - https:\/\/yoast.com\/wordpress\/plugins\/seo\/ -->\n<title>Pol\u00edtica jur\u00eddica - Paul Ruane - Los Gigantes Propiedades<\/title>\n<meta name=\"robots\" content=\"noindex, follow, max-snippet:-1, max-image-preview:large, max-video-preview:-1\" \/>\n<meta property=\"og:locale\" content=\"es_ES\" \/>\n<meta property=\"og:type\" content=\"article\" \/>\n<meta property=\"og:title\" content=\"Pol\u00edtica jur\u00eddica\" \/>\n<meta property=\"og:description\" content=\"1. Objeto y aceptaci\u00f3n El presente aviso legal regula el uso del sitio Web: www.tenerifepropertysales.com El sitio web www.tenerifepropertysales.com presta servicios cuyo objetivo primordial es permitir el contacto entre los usuarios y la entidad, bien para ponerse en contacto con nosotros, responder a su solicitud, gestionar su reclamaci\u00f3n, ejercitar sus derechos en protecci\u00f3n de datos [...]Read More...\" \/>\n<meta property=\"og:url\" content=\"https:\/\/tenerifepropertysales.demo4.respacio.com\/es\/politica-juridica\/\" \/>\n<meta property=\"og:site_name\" content=\"Paul Ruane - Los Gigantes Propiedades\" \/>\n<meta property=\"article:modified_time\" content=\"2025-05-02T07:11:39+00:00\" \/>\n<meta property=\"og:image\" content=\"\" \/>\n<meta name=\"twitter:card\" content=\"summary_large_image\" \/>\n<meta name=\"twitter:label1\" content=\"Tiempo de lectura\" \/>\n\t<meta name=\"twitter:data1\" content=\"8 minutos\" \/>\n<script type=\"application\/ld+json\" class=\"yoast-schema-graph\">{\"@context\":\"https:\/\/schema.org\",\"@graph\":[{\"@type\":\"WebPage\",\"@id\":\"https:\/\/tenerifepropertysales.demo4.respacio.com\/es\/politica-juridica\/\",\"url\":\"https:\/\/tenerifepropertysales.demo4.respacio.com\/es\/politica-juridica\/\",\"name\":\"Pol\u00edtica jur\u00eddica - Paul Ruane - Los Gigantes Propiedades\",\"isPartOf\":{\"@id\":\"https:\/\/tenerifepropertysales.demo4.respacio.com\/es\/#website\"},\"datePublished\":\"2025-05-02T07:11:38+00:00\",\"dateModified\":\"2025-05-02T07:11:39+00:00\",\"breadcrumb\":{\"@id\":\"https:\/\/tenerifepropertysales.demo4.respacio.com\/es\/politica-juridica\/#breadcrumb\"},\"inLanguage\":\"es\",\"potentialAction\":[{\"@type\":\"ReadAction\",\"target\":[\"https:\/\/tenerifepropertysales.demo4.respacio.com\/es\/politica-juridica\/\"]}]},{\"@type\":\"BreadcrumbList\",\"@id\":\"https:\/\/tenerifepropertysales.demo4.respacio.com\/es\/politica-juridica\/#breadcrumb\",\"itemListElement\":[{\"@type\":\"ListItem\",\"position\":1,\"name\":\"Inicio\",\"item\":\"https:\/\/tenerifepropertysales.demo4.respacio.com\/es\/portada\/\"},{\"@type\":\"ListItem\",\"position\":2,\"name\":\"Pol\u00edtica jur\u00eddica\"}]},{\"@type\":\"WebSite\",\"@id\":\"https:\/\/tenerifepropertysales.demo4.respacio.com\/es\/#website\",\"url\":\"https:\/\/tenerifepropertysales.demo4.respacio.com\/es\/\",\"name\":\"Paul Ruane - Los Gigantes Propiedades\",\"description\":\"Los Gigantes Propiedades\",\"publisher\":{\"@id\":\"https:\/\/tenerifepropertysales.demo4.respacio.com\/es\/#organization\"},\"inLanguage\":\"es\"},{\"@type\":\"Organization\",\"@id\":\"https:\/\/tenerifepropertysales.demo4.respacio.com\/es\/#organization\",\"name\":\"Paul Ruane - Los Gigantes Propiedades\",\"url\":\"https:\/\/tenerifepropertysales.demo4.respacio.com\/es\/\",\"logo\":{\"@type\":\"ImageObject\",\"inLanguage\":\"es\",\"@id\":\"https:\/\/tenerifepropertysales.demo4.respacio.com\/es\/#\/schema\/logo\/image\/\",\"url\":\"https:\/\/tenerifepropertysales.demo4.respacio.com\/wp-content\/uploads\/2020\/04\/logo-white-1.png\",\"contentUrl\":\"https:\/\/tenerifepropertysales.demo4.respacio.com\/wp-content\/uploads\/2020\/04\/logo-white-1.png\",\"width\":273,\"height\":59,\"caption\":\"Paul Ruane - Los Gigantes Propiedades\"},\"image\":{\"@id\":\"https:\/\/tenerifepropertysales.demo4.respacio.com\/es\/#\/schema\/logo\/image\/\"}}]}<\/script>\n<!-- \/ Yoast SEO Premium plugin. -->","yoast_head_json":{"title":"Pol\u00edtica jur\u00eddica - Paul Ruane - Los Gigantes Propiedades","robots":{"index":"noindex","follow":"follow","max-snippet":"max-snippet:-1","max-image-preview":"max-image-preview:large","max-video-preview":"max-video-preview:-1"},"og_locale":"es_ES","og_type":"article","og_title":"Pol\u00edtica jur\u00eddica","og_description":"1. Objeto y aceptaci\u00f3n El presente aviso legal regula el uso del sitio Web: www.tenerifepropertysales.com El sitio web www.tenerifepropertysales.com presta servicios cuyo objetivo primordial es permitir el contacto entre los usuarios y la entidad, bien para ponerse en contacto con nosotros, responder a su solicitud, gestionar su reclamaci\u00f3n, ejercitar sus derechos en protecci\u00f3n de datos [...]Read More...","og_url":"https:\/\/tenerifepropertysales.demo4.respacio.com\/es\/politica-juridica\/","og_site_name":"Paul Ruane - Los Gigantes Propiedades","article_modified_time":"2025-05-02T07:11:39+00:00","og_image":[{"url":false,"type":"","width":"","height":""}],"twitter_card":"summary_large_image","twitter_misc":{"Tiempo de lectura":"8 minutos"},"schema":{"@context":"https:\/\/schema.org","@graph":[{"@type":"WebPage","@id":"https:\/\/tenerifepropertysales.demo4.respacio.com\/es\/politica-juridica\/","url":"https:\/\/tenerifepropertysales.demo4.respacio.com\/es\/politica-juridica\/","name":"Pol\u00edtica jur\u00eddica - Paul Ruane - Los Gigantes Propiedades","isPartOf":{"@id":"https:\/\/tenerifepropertysales.demo4.respacio.com\/es\/#website"},"datePublished":"2025-05-02T07:11:38+00:00","dateModified":"2025-05-02T07:11:39+00:00","breadcrumb":{"@id":"https:\/\/tenerifepropertysales.demo4.respacio.com\/es\/politica-juridica\/#breadcrumb"},"inLanguage":"es","potentialAction":[{"@type":"ReadAction","target":["https:\/\/tenerifepropertysales.demo4.respacio.com\/es\/politica-juridica\/"]}]},{"@type":"BreadcrumbList","@id":"https:\/\/tenerifepropertysales.demo4.respacio.com\/es\/politica-juridica\/#breadcrumb","itemListElement":[{"@type":"ListItem","position":1,"name":"Inicio","item":"https:\/\/tenerifepropertysales.demo4.respacio.com\/es\/portada\/"},{"@type":"ListItem","position":2,"name":"Pol\u00edtica jur\u00eddica"}]},{"@type":"WebSite","@id":"https:\/\/tenerifepropertysales.demo4.respacio.com\/es\/#website","url":"https:\/\/tenerifepropertysales.demo4.respacio.com\/es\/","name":"Paul Ruane - Los Gigantes Propiedades","description":"Los Gigantes Propiedades","publisher":{"@id":"https:\/\/tenerifepropertysales.demo4.respacio.com\/es\/#organization"},"inLanguage":"es"},{"@type":"Organization","@id":"https:\/\/tenerifepropertysales.demo4.respacio.com\/es\/#organization","name":"Paul Ruane - Los Gigantes Propiedades","url":"https:\/\/tenerifepropertysales.demo4.respacio.com\/es\/","logo":{"@type":"ImageObject","inLanguage":"es","@id":"https:\/\/tenerifepropertysales.demo4.respacio.com\/es\/#\/schema\/logo\/image\/","url":"https:\/\/tenerifepropertysales.demo4.respacio.com\/wp-content\/uploads\/2020\/04\/logo-white-1.png","contentUrl":"https:\/\/tenerifepropertysales.demo4.respacio.com\/wp-content\/uploads\/2020\/04\/logo-white-1.png","width":273,"height":59,"caption":"Paul Ruane - Los Gigantes Propiedades"},"image":{"@id":"https:\/\/tenerifepropertysales.demo4.respacio.com\/es\/#\/schema\/logo\/image\/"}}]}},"uagb_featured_image_src":{"full":false,"thumbnail":false,"medium":false,"medium_large":false,"large":false,"1536x1536":false,"2048x2048":false},"uagb_author_info":{"display_name":"Aixa","author_link":"https:\/\/tenerifepropertysales.demo4.respacio.com\/es\/author\/aixa\/"},"uagb_comment_info":0,"uagb_excerpt":"1. Objeto y aceptaci\u00f3n El presente aviso legal regula el uso del sitio Web: www.tenerifepropertysales.com El sitio web www.tenerifepropertysales.com presta servicios cuyo objetivo primordial es permitir el contacto entre los usuarios y la entidad, bien para ponerse en contacto con nosotros, responder a su solicitud, gestionar su reclamaci\u00f3n, ejercitar sus derechos en protecci\u00f3n de datos&hellip;","_links":{"self":[{"href":"https:\/\/tenerifepropertysales.demo4.respacio.com\/es\/wp-json\/wp\/v2\/pages\/318175","targetHints":{"allow":["GET"]}}],"collection":[{"href":"https:\/\/tenerifepropertysales.demo4.respacio.com\/es\/wp-json\/wp\/v2\/pages"}],"about":[{"href":"https:\/\/tenerifepropertysales.demo4.respacio.com\/es\/wp-json\/wp\/v2\/types\/page"}],"author":[{"embeddable":true,"href":"https:\/\/tenerifepropertysales.demo4.respacio.com\/es\/wp-json\/wp\/v2\/users\/21"}],"replies":[{"embeddable":true,"href":"https:\/\/tenerifepropertysales.demo4.respacio.com\/es\/wp-json\/wp\/v2\/comments?post=318175"}],"version-history":[{"count":1,"href":"https:\/\/tenerifepropertysales.demo4.respacio.com\/es\/wp-json\/wp\/v2\/pages\/318175\/revisions"}],"predecessor-version":[{"id":318177,"href":"https:\/\/tenerifepropertysales.demo4.respacio.com\/es\/wp-json\/wp\/v2\/pages\/318175\/revisions\/318177"}],"wp:attachment":[{"href":"https:\/\/tenerifepropertysales.demo4.respacio.com\/es\/wp-json\/wp\/v2\/media?parent=318175"}],"wp:term":[{"taxonomy":"page-tag","embeddable":true,"href":"https:\/\/tenerifepropertysales.demo4.respacio.com\/es\/wp-json\/wp\/v2\/page-tag?post=318175"}],"curies":[{"name":"wp","href":"https:\/\/api.w.org\/{rel}","templated":true}]}}