{"id":318185,"date":"2025-05-02T08:11:43","date_gmt":"2025-05-02T07:11:43","guid":{"rendered":"https:\/\/tenerifepropertysales.demo4.respacio.com\/vende-con-nosotros\/"},"modified":"2025-05-02T08:11:44","modified_gmt":"2025-05-02T07:11:44","slug":"vende-con-nosotros","status":"publish","type":"page","link":"https:\/\/tenerifepropertysales.demo4.respacio.com\/es\/vende-con-nosotros\/","title":{"rendered":"Vende con nosotros"},"content":{"rendered":"\n<h2 class=\"wp-block-heading\" id=\"h-there-is-no-better-choice-than-to-market-your-property-exclusively-with-us\">No hay mejor opci\u00f3n que comercializar tu propiedad exclusivamente con nosotros  <\/h2>\n\n<p>Siempre te informaremos de las condiciones del mercado y te asesoraremos sobre la comercializaci\u00f3n y el valor de tu inmueble.  <\/p>\n\n<p>Tu propiedad se anunciar\u00e1 en nuestro propio sitio web, en otras plataformas y se elaborar\u00e1 una hoja publicitaria personalizada que se anunciar\u00e1 en nuestras oficinas y en las redes sociales.  <\/p>\n\n<p>Al darnos la exclusividad de la venta de tu propiedad, esto no reduce tus posibilidades de venta, sino que las aumenta, ya que nuestro alcance es muy amplio, colaborando con la Asociaci\u00f3n Inmobiliaria Tenerife Sur, Expertos Inmobiliarios y otros agentes tanto locales como internacionales.  <\/p>\n\n<p>Todas las visitas est\u00e1n acompa\u00f1adas por uno de nuestros expertos comerciales y nuestros seguros garantizan que tus llaves est\u00e1n a salvo y las visitas de los clientes son nuestra responsabilidad.  <\/p>\n\n<p>Cuando recibamos una oferta, te proporcionaremos un desglose completo junto con nuestro asesoramiento, para que puedas tomar una decisi\u00f3n con pleno conocimiento de causa. Te quitaremos toda la presi\u00f3n, lo que significa que podr\u00e1s relajarte, mientras resolvemos todos los tr\u00e1mites legales y nos aseguramos de que se cumplan todas tus obligaciones como vendedor. <\/p>\n\n<p>Desde la valoraci\u00f3n inicial que te demos, hasta la finalizaci\u00f3n de la venta, te guiaremos y ayudaremos, demostr\u00e1ndote que has tomado la decisi\u00f3n correcta al comercializar tu propiedad con nosotros.  <\/p>\n\n<p>Incluso despu\u00e9s de que se haya completado la venta, nuestros servicios para ti permanecen, y siempre estaremos aqu\u00ed para cualquier ayuda o consejo que puedas necesitar en el futuro.<\/p>\n\n<h2 class=\"wp-block-heading\" id=\"h-request-your-free-consultation-with-us-now\">Solicita ahora tu consulta gratuita con nosotros<\/h2>\n\n<div class=\"wpcf7 no-js\" id=\"wpcf7-f241183-o1\" lang=\"\" dir=\"ltr\" data-wpcf7-id=\"241183\">\n<div class=\"screen-reader-response\"><p role=\"status\" aria-live=\"polite\" aria-atomic=\"true\"><\/p> <ul><\/ul><\/div>\n<form action=\"\/es\/wp-json\/wp\/v2\/pages\/318185#wpcf7-f241183-o1\" method=\"post\" class=\"wpcf7-form init\" aria-label=\"Formulario de contacto\" novalidate=\"novalidate\" data-status=\"init\">\n<div style=\"display: none;\">\n<input type=\"hidden\" name=\"_wpcf7\" value=\"241183\" \/>\n<input type=\"hidden\" name=\"_wpcf7_version\" value=\"6.0.3\" \/>\n<input type=\"hidden\" name=\"_wpcf7_locale\" value=\"\" \/>\n<input type=\"hidden\" name=\"_wpcf7_unit_tag\" value=\"wpcf7-f241183-o1\" \/>\n<input type=\"hidden\" name=\"_wpcf7_container_post\" value=\"0\" \/>\n<input type=\"hidden\" name=\"_wpcf7_posted_data_hash\" value=\"\" \/>\n<input type=\"hidden\" name=\"_wpcf7cf_hidden_group_fields\" value=\"[]\" \/>\n<input type=\"hidden\" name=\"_wpcf7cf_hidden_groups\" value=\"[]\" \/>\n<input type=\"hidden\" name=\"_wpcf7cf_visible_groups\" value=\"[]\" \/>\n<input type=\"hidden\" name=\"_wpcf7cf_repeaters\" value=\"[]\" \/>\n<input type=\"hidden\" name=\"_wpcf7cf_steps\" value=\"{}\" \/>\n<input type=\"hidden\" name=\"_wpcf7cf_options\" value=\"{&quot;form_id&quot;:241183,&quot;conditions&quot;:[],&quot;settings&quot;:{&quot;animation&quot;:&quot;yes&quot;,&quot;animation_intime&quot;:200,&quot;animation_outtime&quot;:200,&quot;conditions_ui&quot;:&quot;normal&quot;,&quot;notice_dismissed&quot;:false,&quot;regex_numeric&quot;:&quot;^[0-9]+$&quot;,&quot;regex_alphabetic&quot;:&quot;^[a-zA-Z]+$&quot;,&quot;regex_alphanumeric&quot;:&quot;^[a-zA-Z0-9]+$&quot;,&quot;regex_date&quot;:&quot;^(0?[1-9]|1[012])[- .](0?[1-9]|[12][0-9]|3[01])[- \\\/.](19|20)?[0-9]{2}$&quot;,&quot;regex_email&quot;:&quot;^[a-zA-Z0-9._%-]+@[a-zA-Z0-9.-]+.[a-zA-Z]{2,4}$&quot;,&quot;regex_numeric_label&quot;:&quot;numeric&quot;,&quot;regex_alphabetic_label&quot;:&quot;alphabetic&quot;,&quot;regex_alphanumeric_label&quot;:&quot;alphanumeric&quot;,&quot;regex_date_label&quot;:&quot;date&quot;,&quot;regex_email_label&quot;:&quot;email&quot;,&quot;regex_custom_1&quot;:&quot;&quot;,&quot;regex_custom_2&quot;:&quot;&quot;,&quot;regex_custom_3&quot;:&quot;&quot;,&quot;regex_custom_4&quot;:&quot;&quot;,&quot;regex_custom_5&quot;:&quot;&quot;,&quot;regex_custom_1_label&quot;:&quot;custom 1&quot;,&quot;regex_custom_2_label&quot;:&quot;custom 2&quot;,&quot;regex_custom_3_label&quot;:&quot;custom 3&quot;,&quot;regex_custom_4_label&quot;:&quot;custom 4&quot;,&quot;regex_custom_5_label&quot;:&quot;custom 5&quot;,&quot;notice_dismissed_rollback-cf7-5.8&quot;:true}}\" \/>\n<input type=\"hidden\" name=\"_wpcf7_recaptcha_response\" value=\"\" \/>\n<\/div>\n<div id=\"contact_page_form\">\n\t<div class=\"row\">\n\t\t<div class=\"col-sm-6 p-2\">\n\t\t\t<p><span class=\"wpcf7-form-control-wrap\" data-name=\"your-name\"><input size=\"40\" maxlength=\"400\" class=\"wpcf7-form-control wpcf7-text wpcf7-validates-as-required form-control\" aria-required=\"true\" aria-invalid=\"false\" placeholder=\"Name*\" value=\"\" type=\"text\" name=\"your-name\" \/><\/span>\n\t\t\t<\/p>\n\t\t<\/div>\n\t\t<div class=\"col-sm-6 p-2\">\n\t\t\t<p><span class=\"wpcf7-form-control-wrap\" data-name=\"your-sname\"><input size=\"40\" maxlength=\"400\" class=\"wpcf7-form-control wpcf7-text wpcf7-validates-as-required form-control\" aria-required=\"true\" aria-invalid=\"false\" placeholder=\"Surname*\" value=\"\" type=\"text\" name=\"your-sname\" \/><\/span>\n\t\t\t<\/p>\n\t\t<\/div>\n\t<\/div>\n\t<div class=\"row\">\n\t\t<div class=\"col-sm-6 p-2\">\n\t\t\t<p><span class=\"wpcf7-form-control-wrap\" data-name=\"your-phone\"><input size=\"40\" maxlength=\"400\" class=\"wpcf7-form-control wpcf7-tel wpcf7-validates-as-required wpcf7-text wpcf7-validates-as-tel form-control\" aria-required=\"true\" aria-invalid=\"false\" placeholder=\"Phone*\" value=\"\" type=\"tel\" name=\"your-phone\" \/><\/span>\n\t\t\t<\/p>\n\t\t<\/div>\n\t\t<div class=\"col-sm-6 p-2\">\n\t\t\t<p><span class=\"wpcf7-form-control-wrap\" data-name=\"your-email\"><input size=\"40\" maxlength=\"400\" class=\"wpcf7-form-control wpcf7-email wpcf7-validates-as-required wpcf7-text wpcf7-validates-as-email form-control\" aria-required=\"true\" aria-invalid=\"false\" placeholder=\"Email Address*\" value=\"\" type=\"email\" name=\"your-email\" \/><\/span>\n\t\t\t<\/p>\n\t\t<\/div>\n\t<\/div>\n\t<div class=\"row\">\n\t\t<div class=\"col-sm-12 p-2\">\n\t\t\t<p><span class=\"wpcf7-form-control-wrap\" data-name=\"your-message\"><textarea cols=\"34\" rows=\"4\" maxlength=\"2000\" class=\"wpcf7-form-control wpcf7-textarea form-control replace_message\" aria-invalid=\"false\" placeholder=\"Message\" name=\"your-message\"><\/textarea><\/span>\n\t\t\t<\/p>\n\t\t<\/div>\n\t<\/div>\n\t<div class=\"row\">\n\t\t<div class=\"col-sm-12 p-2 terms-on-white\">\n\t\t\t<p><span class=\"wpcf7-form-control-wrap\" data-name=\"privacy\"><span class=\"wpcf7-form-control wpcf7-acceptance\"><span class=\"wpcf7-list-item\"><label><input type=\"checkbox\" name=\"privacy\" value=\"1\" class=\"acceptance\" aria-invalid=\"false\" \/><span class=\"wpcf7-list-item-label\">I have read and accept the <a href=\"\/privacy-policy\/\" target=\"_blank\">Privacy agreement<\/a>, the <a \n  href=\"\/cookie-policy\/\" target=\"_blank\">Cookie agreement<\/a>, and the <a href=\"\/legal-policy\/\" target=\"_blank\">Legal agreement<\/a><\/span><\/label><\/span><\/span><\/span>\n\t\t\t<\/p>\n\t\t<\/div>\n\t<\/div>\n\t<div class=\"row\">\n\t\t<div class=\"col-sm-12 p-2\">\n\t\t\t<p><input class=\"wpcf7-form-control wpcf7-submit has-spinner form-control btn btn-primary\" type=\"submit\" value=\"Submit\" \/>\n\t\t\t<\/p>\n\t\t<\/div>\n\t<\/div>\n<\/div><div class=\"wpcf7-response-output\" aria-hidden=\"true\"><\/div>\n<\/form>\n<\/div>\n\n","protected":false},"excerpt":{"rendered":"<p>No hay mejor opci\u00f3n que comercializar tu propiedad exclusivamente con nosotros Siempre te informaremos de las condiciones del mercado y te asesoraremos sobre la comercializaci\u00f3n y el valor de tu inmueble. Tu propiedad se anunciar\u00e1 en nuestro propio sitio web, en otras plataformas y se elaborar\u00e1 una hoja publicitaria personalizada que se anunciar\u00e1 en nuestras [&#8230;]<\/p>\n<p><a class=\"btn btn-secondary respacio-read-more-link\" href=\"https:\/\/tenerifepropertysales.demo4.respacio.com\/es\/vende-con-nosotros\/\">Read More&#8230;<\/a><\/p>\n","protected":false},"author":2,"featured_media":318187,"parent":0,"menu_order":0,"comment_status":"closed","ping_status":"closed","template":"","meta":{"_uag_custom_page_level_css":"","ub_ctt_via":"","footnotes":""},"page-tag":[],"class_list":["post-318185","page","type-page","status-publish","has-post-thumbnail","hentry"],"acf":[],"featured_image_src":"https:\/\/tenerifepropertysales.demo4.respacio.com\/wp-content\/uploads\/2024\/11\/Photo-22-10-24-12-39-20-scaled.jpg","yoast_head":"<!-- This site is optimized with the Yoast SEO Premium plugin v21.2 (Yoast SEO v24.4) - https:\/\/yoast.com\/wordpress\/plugins\/seo\/ -->\n<title>Vende con nosotros - Paul Ruane - Los Gigantes Propiedades<\/title>\n<meta name=\"robots\" content=\"noindex, follow, max-snippet:-1, max-image-preview:large, max-video-preview:-1\" \/>\n<meta property=\"og:locale\" content=\"es_ES\" \/>\n<meta property=\"og:type\" content=\"article\" \/>\n<meta property=\"og:title\" content=\"Vende con nosotros\" \/>\n<meta property=\"og:description\" content=\"No hay mejor opci\u00f3n que comercializar tu propiedad exclusivamente con nosotros Siempre te informaremos de las condiciones del mercado y te asesoraremos sobre la comercializaci\u00f3n y el valor de tu inmueble. Tu propiedad se anunciar\u00e1 en nuestro propio sitio web, en otras plataformas y se elaborar\u00e1 una hoja publicitaria personalizada que se anunciar\u00e1 en nuestras [...]Read More...\" \/>\n<meta property=\"og:url\" content=\"https:\/\/tenerifepropertysales.demo4.respacio.com\/es\/vende-con-nosotros\/\" \/>\n<meta property=\"og:site_name\" content=\"Paul Ruane - Los Gigantes Propiedades\" \/>\n<meta property=\"article:modified_time\" content=\"2025-05-02T07:11:44+00:00\" \/>\n<meta property=\"og:image\" content=\"https:\/\/tenerifepropertysales.demo4.respacio.com\/wp-content\/uploads\/2024\/11\/Photo-22-10-24-12-39-20-1024x768.jpg\" \/>\n<meta name=\"twitter:card\" content=\"summary_large_image\" \/>\n<meta name=\"twitter:image\" content=\"https:\/\/tenerifepropertysales.demo4.respacio.com\/wp-content\/uploads\/2024\/11\/Photo-22-10-24-12-39-20-1024x768.jpg\" \/>\n<meta name=\"twitter:label1\" content=\"Tiempo de lectura\" \/>\n\t<meta name=\"twitter:data1\" content=\"1 minuto\" \/>\n<script type=\"application\/ld+json\" class=\"yoast-schema-graph\">{\"@context\":\"https:\/\/schema.org\",\"@graph\":[{\"@type\":\"WebPage\",\"@id\":\"https:\/\/tenerifepropertysales.demo4.respacio.com\/es\/vende-con-nosotros\/\",\"url\":\"https:\/\/tenerifepropertysales.demo4.respacio.com\/es\/vende-con-nosotros\/\",\"name\":\"Vende con nosotros - Paul Ruane - Los Gigantes Propiedades\",\"isPartOf\":{\"@id\":\"https:\/\/tenerifepropertysales.demo4.respacio.com\/es\/#website\"},\"primaryImageOfPage\":{\"@id\":\"https:\/\/tenerifepropertysales.demo4.respacio.com\/es\/vende-con-nosotros\/#primaryimage\"},\"image\":{\"@id\":\"https:\/\/tenerifepropertysales.demo4.respacio.com\/es\/vende-con-nosotros\/#primaryimage\"},\"thumbnailUrl\":\"https:\/\/tenerifepropertysales.demo4.respacio.com\/wp-content\/uploads\/2024\/11\/Photo-22-10-24-12-39-20-scaled.jpg\",\"datePublished\":\"2025-05-02T07:11:43+00:00\",\"dateModified\":\"2025-05-02T07:11:44+00:00\",\"breadcrumb\":{\"@id\":\"https:\/\/tenerifepropertysales.demo4.respacio.com\/es\/vende-con-nosotros\/#breadcrumb\"},\"inLanguage\":\"es\",\"potentialAction\":[{\"@type\":\"ReadAction\",\"target\":[\"https:\/\/tenerifepropertysales.demo4.respacio.com\/es\/vende-con-nosotros\/\"]}]},{\"@type\":\"ImageObject\",\"inLanguage\":\"es\",\"@id\":\"https:\/\/tenerifepropertysales.demo4.respacio.com\/es\/vende-con-nosotros\/#primaryimage\",\"url\":\"https:\/\/tenerifepropertysales.demo4.respacio.com\/wp-content\/uploads\/2024\/11\/Photo-22-10-24-12-39-20-scaled.jpg\",\"contentUrl\":\"https:\/\/tenerifepropertysales.demo4.respacio.com\/wp-content\/uploads\/2024\/11\/Photo-22-10-24-12-39-20-scaled.jpg\",\"width\":2560,\"height\":1920},{\"@type\":\"BreadcrumbList\",\"@id\":\"https:\/\/tenerifepropertysales.demo4.respacio.com\/es\/vende-con-nosotros\/#breadcrumb\",\"itemListElement\":[{\"@type\":\"ListItem\",\"position\":1,\"name\":\"Inicio\",\"item\":\"https:\/\/tenerifepropertysales.demo4.respacio.com\/es\/portada\/\"},{\"@type\":\"ListItem\",\"position\":2,\"name\":\"Vende con nosotros\"}]},{\"@type\":\"WebSite\",\"@id\":\"https:\/\/tenerifepropertysales.demo4.respacio.com\/es\/#website\",\"url\":\"https:\/\/tenerifepropertysales.demo4.respacio.com\/es\/\",\"name\":\"Paul Ruane - Los Gigantes Propiedades\",\"description\":\"Los Gigantes Propiedades\",\"publisher\":{\"@id\":\"https:\/\/tenerifepropertysales.demo4.respacio.com\/es\/#organization\"},\"inLanguage\":\"es\"},{\"@type\":\"Organization\",\"@id\":\"https:\/\/tenerifepropertysales.demo4.respacio.com\/es\/#organization\",\"name\":\"Paul Ruane - Los Gigantes Propiedades\",\"url\":\"https:\/\/tenerifepropertysales.demo4.respacio.com\/es\/\",\"logo\":{\"@type\":\"ImageObject\",\"inLanguage\":\"es\",\"@id\":\"https:\/\/tenerifepropertysales.demo4.respacio.com\/es\/#\/schema\/logo\/image\/\",\"url\":\"https:\/\/tenerifepropertysales.demo4.respacio.com\/wp-content\/uploads\/2020\/04\/logo-white-1.png\",\"contentUrl\":\"https:\/\/tenerifepropertysales.demo4.respacio.com\/wp-content\/uploads\/2020\/04\/logo-white-1.png\",\"width\":273,\"height\":59,\"caption\":\"Paul Ruane - Los Gigantes Propiedades\"},\"image\":{\"@id\":\"https:\/\/tenerifepropertysales.demo4.respacio.com\/es\/#\/schema\/logo\/image\/\"}}]}<\/script>\n<!-- \/ Yoast SEO Premium plugin. -->","yoast_head_json":{"title":"Vende con nosotros - Paul Ruane - Los Gigantes Propiedades","robots":{"index":"noindex","follow":"follow","max-snippet":"max-snippet:-1","max-image-preview":"max-image-preview:large","max-video-preview":"max-video-preview:-1"},"og_locale":"es_ES","og_type":"article","og_title":"Vende con nosotros","og_description":"No hay mejor opci\u00f3n que comercializar tu propiedad exclusivamente con nosotros Siempre te informaremos de las condiciones del mercado y te asesoraremos sobre la comercializaci\u00f3n y el valor de tu inmueble. Tu propiedad se anunciar\u00e1 en nuestro propio sitio web, en otras plataformas y se elaborar\u00e1 una hoja publicitaria personalizada que se anunciar\u00e1 en nuestras [...]Read More...","og_url":"https:\/\/tenerifepropertysales.demo4.respacio.com\/es\/vende-con-nosotros\/","og_site_name":"Paul Ruane - Los Gigantes Propiedades","article_modified_time":"2025-05-02T07:11:44+00:00","og_image":[{"url":"https:\/\/tenerifepropertysales.demo4.respacio.com\/wp-content\/uploads\/2024\/11\/Photo-22-10-24-12-39-20-1024x768.jpg","type":"","width":"","height":""}],"twitter_card":"summary_large_image","twitter_image":"https:\/\/tenerifepropertysales.demo4.respacio.com\/wp-content\/uploads\/2024\/11\/Photo-22-10-24-12-39-20-1024x768.jpg","twitter_misc":{"Tiempo de lectura":"1 minuto"},"schema":{"@context":"https:\/\/schema.org","@graph":[{"@type":"WebPage","@id":"https:\/\/tenerifepropertysales.demo4.respacio.com\/es\/vende-con-nosotros\/","url":"https:\/\/tenerifepropertysales.demo4.respacio.com\/es\/vende-con-nosotros\/","name":"Vende con nosotros - Paul Ruane - Los Gigantes Propiedades","isPartOf":{"@id":"https:\/\/tenerifepropertysales.demo4.respacio.com\/es\/#website"},"primaryImageOfPage":{"@id":"https:\/\/tenerifepropertysales.demo4.respacio.com\/es\/vende-con-nosotros\/#primaryimage"},"image":{"@id":"https:\/\/tenerifepropertysales.demo4.respacio.com\/es\/vende-con-nosotros\/#primaryimage"},"thumbnailUrl":"https:\/\/tenerifepropertysales.demo4.respacio.com\/wp-content\/uploads\/2024\/11\/Photo-22-10-24-12-39-20-scaled.jpg","datePublished":"2025-05-02T07:11:43+00:00","dateModified":"2025-05-02T07:11:44+00:00","breadcrumb":{"@id":"https:\/\/tenerifepropertysales.demo4.respacio.com\/es\/vende-con-nosotros\/#breadcrumb"},"inLanguage":"es","potentialAction":[{"@type":"ReadAction","target":["https:\/\/tenerifepropertysales.demo4.respacio.com\/es\/vende-con-nosotros\/"]}]},{"@type":"ImageObject","inLanguage":"es","@id":"https:\/\/tenerifepropertysales.demo4.respacio.com\/es\/vende-con-nosotros\/#primaryimage","url":"https:\/\/tenerifepropertysales.demo4.respacio.com\/wp-content\/uploads\/2024\/11\/Photo-22-10-24-12-39-20-scaled.jpg","contentUrl":"https:\/\/tenerifepropertysales.demo4.respacio.com\/wp-content\/uploads\/2024\/11\/Photo-22-10-24-12-39-20-scaled.jpg","width":2560,"height":1920},{"@type":"BreadcrumbList","@id":"https:\/\/tenerifepropertysales.demo4.respacio.com\/es\/vende-con-nosotros\/#breadcrumb","itemListElement":[{"@type":"ListItem","position":1,"name":"Inicio","item":"https:\/\/tenerifepropertysales.demo4.respacio.com\/es\/portada\/"},{"@type":"ListItem","position":2,"name":"Vende con nosotros"}]},{"@type":"WebSite","@id":"https:\/\/tenerifepropertysales.demo4.respacio.com\/es\/#website","url":"https:\/\/tenerifepropertysales.demo4.respacio.com\/es\/","name":"Paul Ruane - Los Gigantes Propiedades","description":"Los Gigantes Propiedades","publisher":{"@id":"https:\/\/tenerifepropertysales.demo4.respacio.com\/es\/#organization"},"inLanguage":"es"},{"@type":"Organization","@id":"https:\/\/tenerifepropertysales.demo4.respacio.com\/es\/#organization","name":"Paul Ruane - Los Gigantes Propiedades","url":"https:\/\/tenerifepropertysales.demo4.respacio.com\/es\/","logo":{"@type":"ImageObject","inLanguage":"es","@id":"https:\/\/tenerifepropertysales.demo4.respacio.com\/es\/#\/schema\/logo\/image\/","url":"https:\/\/tenerifepropertysales.demo4.respacio.com\/wp-content\/uploads\/2020\/04\/logo-white-1.png","contentUrl":"https:\/\/tenerifepropertysales.demo4.respacio.com\/wp-content\/uploads\/2020\/04\/logo-white-1.png","width":273,"height":59,"caption":"Paul Ruane - Los Gigantes Propiedades"},"image":{"@id":"https:\/\/tenerifepropertysales.demo4.respacio.com\/es\/#\/schema\/logo\/image\/"}}]}},"uagb_featured_image_src":{"full":["https:\/\/tenerifepropertysales.demo4.respacio.com\/wp-content\/uploads\/2024\/11\/Photo-22-10-24-12-39-20-scaled.jpg",2560,1920,false],"thumbnail":["https:\/\/tenerifepropertysales.demo4.respacio.com\/wp-content\/uploads\/2024\/11\/Photo-22-10-24-12-39-20-150x150.jpg",150,150,true],"medium":["https:\/\/tenerifepropertysales.demo4.respacio.com\/wp-content\/uploads\/2024\/11\/Photo-22-10-24-12-39-20-300x225.jpg",300,225,true],"medium_large":["https:\/\/tenerifepropertysales.demo4.respacio.com\/wp-content\/uploads\/2024\/11\/Photo-22-10-24-12-39-20-768x576.jpg",640,480,true],"large":["https:\/\/tenerifepropertysales.demo4.respacio.com\/wp-content\/uploads\/2024\/11\/Photo-22-10-24-12-39-20-1024x768.jpg",640,480,true],"1536x1536":["https:\/\/tenerifepropertysales.demo4.respacio.com\/wp-content\/uploads\/2024\/11\/Photo-22-10-24-12-39-20-1536x1152.jpg",1536,1152,true],"2048x2048":["https:\/\/tenerifepropertysales.demo4.respacio.com\/wp-content\/uploads\/2024\/11\/Photo-22-10-24-12-39-20-2048x1536.jpg",2048,1536,true]},"uagb_author_info":{"display_name":"support@respacio.com","author_link":"https:\/\/tenerifepropertysales.demo4.respacio.com\/es\/author\/supportrespacio-com\/"},"uagb_comment_info":0,"uagb_excerpt":"No hay mejor opci\u00f3n que comercializar tu propiedad exclusivamente con nosotros Siempre te informaremos de las condiciones del mercado y te asesoraremos sobre la comercializaci\u00f3n y el valor de tu inmueble. Tu propiedad se anunciar\u00e1 en nuestro propio sitio web, en otras plataformas y se elaborar\u00e1 una hoja publicitaria personalizada que se anunciar\u00e1 en nuestras&hellip;","_links":{"self":[{"href":"https:\/\/tenerifepropertysales.demo4.respacio.com\/es\/wp-json\/wp\/v2\/pages\/318185","targetHints":{"allow":["GET"]}}],"collection":[{"href":"https:\/\/tenerifepropertysales.demo4.respacio.com\/es\/wp-json\/wp\/v2\/pages"}],"about":[{"href":"https:\/\/tenerifepropertysales.demo4.respacio.com\/es\/wp-json\/wp\/v2\/types\/page"}],"author":[{"embeddable":true,"href":"https:\/\/tenerifepropertysales.demo4.respacio.com\/es\/wp-json\/wp\/v2\/users\/2"}],"replies":[{"embeddable":true,"href":"https:\/\/tenerifepropertysales.demo4.respacio.com\/es\/wp-json\/wp\/v2\/comments?post=318185"}],"version-history":[{"count":1,"href":"https:\/\/tenerifepropertysales.demo4.respacio.com\/es\/wp-json\/wp\/v2\/pages\/318185\/revisions"}],"predecessor-version":[{"id":318189,"href":"https:\/\/tenerifepropertysales.demo4.respacio.com\/es\/wp-json\/wp\/v2\/pages\/318185\/revisions\/318189"}],"wp:featuredmedia":[{"embeddable":true,"href":"https:\/\/tenerifepropertysales.demo4.respacio.com\/es\/wp-json\/wp\/v2\/media\/318187"}],"wp:attachment":[{"href":"https:\/\/tenerifepropertysales.demo4.respacio.com\/es\/wp-json\/wp\/v2\/media?parent=318185"}],"wp:term":[{"taxonomy":"page-tag","embeddable":true,"href":"https:\/\/tenerifepropertysales.demo4.respacio.com\/es\/wp-json\/wp\/v2\/page-tag?post=318185"}],"curies":[{"name":"wp","href":"https:\/\/api.w.org\/{rel}","templated":true}]}}