{"id":318214,"date":"2025-05-02T08:11:53","date_gmt":"2025-05-02T07:11:53","guid":{"rendered":"https:\/\/tenerifepropertysales.demo4.respacio.com\/servicios\/"},"modified":"2025-05-02T08:11:53","modified_gmt":"2025-05-02T07:11:53","slug":"servicios","status":"publish","type":"page","link":"https:\/\/tenerifepropertysales.demo4.respacio.com\/es\/servicios\/","title":{"rendered":"Servicios"},"content":{"rendered":"\n<p>Al comprar una propiedad en el extranjero tendr\u00e1s que tener en cuenta que el sistema jur\u00eddico y los pasos a seguir pueden ser muy diferentes de los que has experimentado anteriormente. Es comprensible que tengas muchas preguntas y preocupaciones. Los Gigantes Properties s.l. es una agencia inmobiliaria cualificada, reconocida y establecida, y miembro afiliado de la Asociaci\u00f3n Profesional de Expertos Inmobiliarios de Espa\u00f1a con n\u00famero de registro 1021.  <\/p>\n\n<p>Tanto si compras un estudio, un apartamento, un chalet, un negocio o un terreno, el asesoramiento que te damos est\u00e1 asegurado. Con m\u00e1s de 30 a\u00f1os de experiencia en la venta de propiedades en las Islas Canarias, Paul Ruane y su equipo de Los Gigantes Propertie s.l. ofrecen una amplia experiencia en el mercado inmobiliario espa\u00f1ol. <\/p>\n\n<p>Los Gigantes Properties s.l. ofrece tranquilidad y un servicio totalmente profesional y amable que incluye :<\/p>\n\n<p class=\"has-text-align-center\"><strong>Asistencia integral de principio a fin<\/strong><\/p>\n\n<p class=\"has-text-align-center\"><strong>Transmisi\u00f3n completa de tu propiedad, incluidos contratos, traducciones, trabajo jur\u00eddico y n\u00fameros de identificaci\u00f3n espa\u00f1oles<\/strong><\/p>\n\n<p class=\"has-text-align-center\"><strong>Garantizar que todas las transacciones sean totalmente legales y cumplan plenamente los requisitos de la legislaci\u00f3n espa\u00f1ola.<\/strong><\/p>\n\n<p class=\"has-text-align-center\"><strong>Asistencia con cuentas bancarias, transferencias de dinero e hipotecas<\/strong><\/p>\n\n<p class=\"has-text-align-center\"><strong>Traspaso de todos los servicios y un servicio posventa inigualable.<\/strong><\/p>\n\n<p>A continuaci\u00f3n te detallamos otros servicios en los que podemos ayudarte :<\/p>\n\n<ul class=\"wp-block-list\"><li>Testamentos personales<\/li><li>Herencia<\/li><li>Poder notarial<\/li><li>Tr\u00e1mites\/transacciones<\/li><li>Patrimonio (impuesto de no residentes)<\/li><li>Cambios en los servicios p\u00fablicos<\/li><li>N\u00fameros N.I.E<\/li><li>Gesti\u00f3n de proyectos<\/li><\/ul>\n\n<p><\/p>\n","protected":false},"excerpt":{"rendered":"<p>Al comprar una propiedad en el extranjero tendr\u00e1s que tener en cuenta que el sistema jur\u00eddico y los pasos a seguir pueden ser muy diferentes de los que has experimentado anteriormente. Es comprensible que tengas muchas preguntas y preocupaciones. Los Gigantes Properties s.l. es una agencia inmobiliaria cualificada, reconocida y establecida, y miembro afiliado de [&#8230;]<\/p>\n<p><a class=\"btn btn-secondary respacio-read-more-link\" href=\"https:\/\/tenerifepropertysales.demo4.respacio.com\/es\/servicios\/\">Read More&#8230;<\/a><\/p>\n","protected":false},"author":2,"featured_media":318215,"parent":0,"menu_order":0,"comment_status":"closed","ping_status":"closed","template":"","meta":{"_uag_custom_page_level_css":"","ub_ctt_via":"","footnotes":""},"page-tag":[],"class_list":["post-318214","page","type-page","status-publish","has-post-thumbnail","hentry"],"acf":[],"featured_image_src":"https:\/\/tenerifepropertysales.demo4.respacio.com\/wp-content\/uploads\/2024\/11\/Photo-22-10-24-12-36-48-scaled.jpg","yoast_head":"<!-- This site is optimized with the Yoast SEO Premium plugin v21.2 (Yoast SEO v24.4) - https:\/\/yoast.com\/wordpress\/plugins\/seo\/ -->\n<title>Servicios - Paul Ruane - Los Gigantes Propiedades<\/title>\n<meta name=\"robots\" content=\"noindex, follow, max-snippet:-1, max-image-preview:large, max-video-preview:-1\" \/>\n<meta property=\"og:locale\" content=\"es_ES\" \/>\n<meta property=\"og:type\" content=\"article\" \/>\n<meta property=\"og:title\" content=\"Servicios\" \/>\n<meta property=\"og:description\" content=\"Al comprar una propiedad en el extranjero tendr\u00e1s que tener en cuenta que el sistema jur\u00eddico y los pasos a seguir pueden ser muy diferentes de los que has experimentado anteriormente. Es comprensible que tengas muchas preguntas y preocupaciones. Los Gigantes Properties s.l. es una agencia inmobiliaria cualificada, reconocida y establecida, y miembro afiliado de [...]Read More...\" \/>\n<meta property=\"og:url\" content=\"https:\/\/tenerifepropertysales.demo4.respacio.com\/es\/servicios\/\" \/>\n<meta property=\"og:site_name\" content=\"Paul Ruane - Los Gigantes Propiedades\" \/>\n<meta property=\"og:image\" content=\"https:\/\/tenerifepropertysales.demo4.respacio.com\/wp-content\/uploads\/2024\/11\/Photo-22-10-24-12-36-48-1024x768.jpg\" \/>\n<meta name=\"twitter:card\" content=\"summary_large_image\" \/>\n<meta name=\"twitter:image\" content=\"https:\/\/tenerifepropertysales.demo4.respacio.com\/wp-content\/uploads\/2024\/11\/Photo-22-10-24-12-36-48-1024x768.jpg\" \/>\n<meta name=\"twitter:label1\" content=\"Tiempo de lectura\" \/>\n\t<meta name=\"twitter:data1\" content=\"1 minuto\" \/>\n<script type=\"application\/ld+json\" class=\"yoast-schema-graph\">{\"@context\":\"https:\/\/schema.org\",\"@graph\":[{\"@type\":\"WebPage\",\"@id\":\"https:\/\/tenerifepropertysales.demo4.respacio.com\/es\/servicios\/\",\"url\":\"https:\/\/tenerifepropertysales.demo4.respacio.com\/es\/servicios\/\",\"name\":\"Servicios - Paul Ruane - Los Gigantes Propiedades\",\"isPartOf\":{\"@id\":\"https:\/\/tenerifepropertysales.demo4.respacio.com\/es\/#website\"},\"primaryImageOfPage\":{\"@id\":\"https:\/\/tenerifepropertysales.demo4.respacio.com\/es\/servicios\/#primaryimage\"},\"image\":{\"@id\":\"https:\/\/tenerifepropertysales.demo4.respacio.com\/es\/servicios\/#primaryimage\"},\"thumbnailUrl\":\"https:\/\/tenerifepropertysales.demo4.respacio.com\/wp-content\/uploads\/2024\/11\/Photo-22-10-24-12-36-48-scaled.jpg\",\"datePublished\":\"2025-05-02T07:11:53+00:00\",\"breadcrumb\":{\"@id\":\"https:\/\/tenerifepropertysales.demo4.respacio.com\/es\/servicios\/#breadcrumb\"},\"inLanguage\":\"es\",\"potentialAction\":[{\"@type\":\"ReadAction\",\"target\":[\"https:\/\/tenerifepropertysales.demo4.respacio.com\/es\/servicios\/\"]}]},{\"@type\":\"ImageObject\",\"inLanguage\":\"es\",\"@id\":\"https:\/\/tenerifepropertysales.demo4.respacio.com\/es\/servicios\/#primaryimage\",\"url\":\"https:\/\/tenerifepropertysales.demo4.respacio.com\/wp-content\/uploads\/2024\/11\/Photo-22-10-24-12-36-48-scaled.jpg\",\"contentUrl\":\"https:\/\/tenerifepropertysales.demo4.respacio.com\/wp-content\/uploads\/2024\/11\/Photo-22-10-24-12-36-48-scaled.jpg\",\"width\":2560,\"height\":1920},{\"@type\":\"BreadcrumbList\",\"@id\":\"https:\/\/tenerifepropertysales.demo4.respacio.com\/es\/servicios\/#breadcrumb\",\"itemListElement\":[{\"@type\":\"ListItem\",\"position\":1,\"name\":\"Inicio\",\"item\":\"https:\/\/tenerifepropertysales.demo4.respacio.com\/es\/portada\/\"},{\"@type\":\"ListItem\",\"position\":2,\"name\":\"Servicios\"}]},{\"@type\":\"WebSite\",\"@id\":\"https:\/\/tenerifepropertysales.demo4.respacio.com\/es\/#website\",\"url\":\"https:\/\/tenerifepropertysales.demo4.respacio.com\/es\/\",\"name\":\"Paul Ruane - Los Gigantes Propiedades\",\"description\":\"Los Gigantes Propiedades\",\"publisher\":{\"@id\":\"https:\/\/tenerifepropertysales.demo4.respacio.com\/es\/#organization\"},\"inLanguage\":\"es\"},{\"@type\":\"Organization\",\"@id\":\"https:\/\/tenerifepropertysales.demo4.respacio.com\/es\/#organization\",\"name\":\"Paul Ruane - Los Gigantes Propiedades\",\"url\":\"https:\/\/tenerifepropertysales.demo4.respacio.com\/es\/\",\"logo\":{\"@type\":\"ImageObject\",\"inLanguage\":\"es\",\"@id\":\"https:\/\/tenerifepropertysales.demo4.respacio.com\/es\/#\/schema\/logo\/image\/\",\"url\":\"https:\/\/tenerifepropertysales.demo4.respacio.com\/wp-content\/uploads\/2020\/04\/logo-white-1.png\",\"contentUrl\":\"https:\/\/tenerifepropertysales.demo4.respacio.com\/wp-content\/uploads\/2020\/04\/logo-white-1.png\",\"width\":273,\"height\":59,\"caption\":\"Paul Ruane - Los Gigantes Propiedades\"},\"image\":{\"@id\":\"https:\/\/tenerifepropertysales.demo4.respacio.com\/es\/#\/schema\/logo\/image\/\"}}]}<\/script>\n<!-- \/ Yoast SEO Premium plugin. -->","yoast_head_json":{"title":"Servicios - Paul Ruane - Los Gigantes Propiedades","robots":{"index":"noindex","follow":"follow","max-snippet":"max-snippet:-1","max-image-preview":"max-image-preview:large","max-video-preview":"max-video-preview:-1"},"og_locale":"es_ES","og_type":"article","og_title":"Servicios","og_description":"Al comprar una propiedad en el extranjero tendr\u00e1s que tener en cuenta que el sistema jur\u00eddico y los pasos a seguir pueden ser muy diferentes de los que has experimentado anteriormente. Es comprensible que tengas muchas preguntas y preocupaciones. Los Gigantes Properties s.l. es una agencia inmobiliaria cualificada, reconocida y establecida, y miembro afiliado de [...]Read More...","og_url":"https:\/\/tenerifepropertysales.demo4.respacio.com\/es\/servicios\/","og_site_name":"Paul Ruane - Los Gigantes Propiedades","og_image":[{"url":"https:\/\/tenerifepropertysales.demo4.respacio.com\/wp-content\/uploads\/2024\/11\/Photo-22-10-24-12-36-48-1024x768.jpg","type":"","width":"","height":""}],"twitter_card":"summary_large_image","twitter_image":"https:\/\/tenerifepropertysales.demo4.respacio.com\/wp-content\/uploads\/2024\/11\/Photo-22-10-24-12-36-48-1024x768.jpg","twitter_misc":{"Tiempo de lectura":"1 minuto"},"schema":{"@context":"https:\/\/schema.org","@graph":[{"@type":"WebPage","@id":"https:\/\/tenerifepropertysales.demo4.respacio.com\/es\/servicios\/","url":"https:\/\/tenerifepropertysales.demo4.respacio.com\/es\/servicios\/","name":"Servicios - Paul Ruane - Los Gigantes Propiedades","isPartOf":{"@id":"https:\/\/tenerifepropertysales.demo4.respacio.com\/es\/#website"},"primaryImageOfPage":{"@id":"https:\/\/tenerifepropertysales.demo4.respacio.com\/es\/servicios\/#primaryimage"},"image":{"@id":"https:\/\/tenerifepropertysales.demo4.respacio.com\/es\/servicios\/#primaryimage"},"thumbnailUrl":"https:\/\/tenerifepropertysales.demo4.respacio.com\/wp-content\/uploads\/2024\/11\/Photo-22-10-24-12-36-48-scaled.jpg","datePublished":"2025-05-02T07:11:53+00:00","breadcrumb":{"@id":"https:\/\/tenerifepropertysales.demo4.respacio.com\/es\/servicios\/#breadcrumb"},"inLanguage":"es","potentialAction":[{"@type":"ReadAction","target":["https:\/\/tenerifepropertysales.demo4.respacio.com\/es\/servicios\/"]}]},{"@type":"ImageObject","inLanguage":"es","@id":"https:\/\/tenerifepropertysales.demo4.respacio.com\/es\/servicios\/#primaryimage","url":"https:\/\/tenerifepropertysales.demo4.respacio.com\/wp-content\/uploads\/2024\/11\/Photo-22-10-24-12-36-48-scaled.jpg","contentUrl":"https:\/\/tenerifepropertysales.demo4.respacio.com\/wp-content\/uploads\/2024\/11\/Photo-22-10-24-12-36-48-scaled.jpg","width":2560,"height":1920},{"@type":"BreadcrumbList","@id":"https:\/\/tenerifepropertysales.demo4.respacio.com\/es\/servicios\/#breadcrumb","itemListElement":[{"@type":"ListItem","position":1,"name":"Inicio","item":"https:\/\/tenerifepropertysales.demo4.respacio.com\/es\/portada\/"},{"@type":"ListItem","position":2,"name":"Servicios"}]},{"@type":"WebSite","@id":"https:\/\/tenerifepropertysales.demo4.respacio.com\/es\/#website","url":"https:\/\/tenerifepropertysales.demo4.respacio.com\/es\/","name":"Paul Ruane - Los Gigantes Propiedades","description":"Los Gigantes Propiedades","publisher":{"@id":"https:\/\/tenerifepropertysales.demo4.respacio.com\/es\/#organization"},"inLanguage":"es"},{"@type":"Organization","@id":"https:\/\/tenerifepropertysales.demo4.respacio.com\/es\/#organization","name":"Paul Ruane - Los Gigantes Propiedades","url":"https:\/\/tenerifepropertysales.demo4.respacio.com\/es\/","logo":{"@type":"ImageObject","inLanguage":"es","@id":"https:\/\/tenerifepropertysales.demo4.respacio.com\/es\/#\/schema\/logo\/image\/","url":"https:\/\/tenerifepropertysales.demo4.respacio.com\/wp-content\/uploads\/2020\/04\/logo-white-1.png","contentUrl":"https:\/\/tenerifepropertysales.demo4.respacio.com\/wp-content\/uploads\/2020\/04\/logo-white-1.png","width":273,"height":59,"caption":"Paul Ruane - Los Gigantes Propiedades"},"image":{"@id":"https:\/\/tenerifepropertysales.demo4.respacio.com\/es\/#\/schema\/logo\/image\/"}}]}},"uagb_featured_image_src":{"full":["https:\/\/tenerifepropertysales.demo4.respacio.com\/wp-content\/uploads\/2024\/11\/Photo-22-10-24-12-36-48-scaled.jpg",2560,1920,false],"thumbnail":["https:\/\/tenerifepropertysales.demo4.respacio.com\/wp-content\/uploads\/2024\/11\/Photo-22-10-24-12-36-48-150x150.jpg",150,150,true],"medium":["https:\/\/tenerifepropertysales.demo4.respacio.com\/wp-content\/uploads\/2024\/11\/Photo-22-10-24-12-36-48-300x225.jpg",300,225,true],"medium_large":["https:\/\/tenerifepropertysales.demo4.respacio.com\/wp-content\/uploads\/2024\/11\/Photo-22-10-24-12-36-48-768x576.jpg",640,480,true],"large":["https:\/\/tenerifepropertysales.demo4.respacio.com\/wp-content\/uploads\/2024\/11\/Photo-22-10-24-12-36-48-1024x768.jpg",640,480,true],"1536x1536":["https:\/\/tenerifepropertysales.demo4.respacio.com\/wp-content\/uploads\/2024\/11\/Photo-22-10-24-12-36-48-1536x1152.jpg",1536,1152,true],"2048x2048":["https:\/\/tenerifepropertysales.demo4.respacio.com\/wp-content\/uploads\/2024\/11\/Photo-22-10-24-12-36-48-2048x1536.jpg",2048,1536,true]},"uagb_author_info":{"display_name":"support@respacio.com","author_link":"https:\/\/tenerifepropertysales.demo4.respacio.com\/es\/author\/supportrespacio-com\/"},"uagb_comment_info":0,"uagb_excerpt":"Al comprar una propiedad en el extranjero tendr\u00e1s que tener en cuenta que el sistema jur\u00eddico y los pasos a seguir pueden ser muy diferentes de los que has experimentado anteriormente. Es comprensible que tengas muchas preguntas y preocupaciones. Los Gigantes Properties s.l. es una agencia inmobiliaria cualificada, reconocida y establecida, y miembro afiliado de&hellip;","_links":{"self":[{"href":"https:\/\/tenerifepropertysales.demo4.respacio.com\/es\/wp-json\/wp\/v2\/pages\/318214","targetHints":{"allow":["GET"]}}],"collection":[{"href":"https:\/\/tenerifepropertysales.demo4.respacio.com\/es\/wp-json\/wp\/v2\/pages"}],"about":[{"href":"https:\/\/tenerifepropertysales.demo4.respacio.com\/es\/wp-json\/wp\/v2\/types\/page"}],"author":[{"embeddable":true,"href":"https:\/\/tenerifepropertysales.demo4.respacio.com\/es\/wp-json\/wp\/v2\/users\/2"}],"replies":[{"embeddable":true,"href":"https:\/\/tenerifepropertysales.demo4.respacio.com\/es\/wp-json\/wp\/v2\/comments?post=318214"}],"version-history":[{"count":1,"href":"https:\/\/tenerifepropertysales.demo4.respacio.com\/es\/wp-json\/wp\/v2\/pages\/318214\/revisions"}],"predecessor-version":[{"id":318216,"href":"https:\/\/tenerifepropertysales.demo4.respacio.com\/es\/wp-json\/wp\/v2\/pages\/318214\/revisions\/318216"}],"wp:featuredmedia":[{"embeddable":true,"href":"https:\/\/tenerifepropertysales.demo4.respacio.com\/es\/wp-json\/wp\/v2\/media\/318215"}],"wp:attachment":[{"href":"https:\/\/tenerifepropertysales.demo4.respacio.com\/es\/wp-json\/wp\/v2\/media?parent=318214"}],"wp:term":[{"taxonomy":"page-tag","embeddable":true,"href":"https:\/\/tenerifepropertysales.demo4.respacio.com\/es\/wp-json\/wp\/v2\/page-tag?post=318214"}],"curies":[{"name":"wp","href":"https:\/\/api.w.org\/{rel}","templated":true}]}}