{"id":318273,"date":"2025-05-02T08:12:27","date_gmt":"2025-05-02T07:12:27","guid":{"rendered":"https:\/\/tenerifepropertysales.demo4.respacio.com\/zonas-populares\/"},"modified":"2025-05-02T08:12:28","modified_gmt":"2025-05-02T07:12:28","slug":"zonas-populares","status":"publish","type":"page","link":"https:\/\/tenerifepropertysales.demo4.respacio.com\/es\/zonas-populares\/","title":{"rendered":"Zonas populares"},"content":{"rendered":"\n<div class=\"wp-block-uagb-container uagb-block-e3a6973d default uagb-is-root-container\">\n<h1 class=\"wp-block-heading has-text-align-center ticss-b67e8b00\">Zonas populares<\/h1>\n<\/div>\n\n<div class=\"wp-block-uagb-container ticss-22084500 uagb-block-22084500 default uagb-is-root-container\">\n<p class=\"has-text-align-center\">Conoce las zonas m\u00e1s populares con informaci\u00f3n pr\u00e1ctica y propiedades en venta<\/p>\n\n\n<div class=\"col-12 parent-to-remove\"><div class=\"row inner-container-1748368235 basic-grid-1748368235\"><div class=\"col-12 col-lg-4 this-item-1748368235 odd py-2 px-0 px-sm-2 card-grid-location\"><div class=\"respacio_loop_card respacio_loop_card_with_wrapper location\"><a href=\"https:\/\/tenerifepropertysales.demo4.respacio.com\/es\/location\/propiedades-en-venta-en-santiago-del-teide\/propiedades-en-venta-en-puerto-santiago\/\" class=\"\"><div data-lazy-url=\"https:\/\/tenerifepropertysales.demo4.respacio.com\/wp-content\/uploads\/2025\/02\/030A8539-min-768x512.webp\" class=\" overlay_h location-image \"><\/div><\/a><div class=\"detail location-info d-flex flex-column justify-content-center\"><div class=\"location-content pt-3 px-2 text-center\"><a href=\"https:\/\/tenerifepropertysales.demo4.respacio.com\/es\/location\/propiedades-en-venta-en-santiago-del-teide\/propiedades-en-venta-en-puerto-santiago\/\" class=\"text-dark text-decoration-none\"><h5 class=\"location-heading\">Propiedades en venta en Puerto Santiago<\/h5><\/a><p>Originalmente, Puerto Santiago era el principal puerto pesquero de la zona. Los pescadores locales tra\u00edan la pesca del d\u00eda a este puerto y sus esposas intercambiaban el pescado por frutas y verduras con los pueblos de los alrededores de Santiago del Teide. Esto est\u00e1 marcado por la \u00abRotonda de la Pescadora\u00bb a la entrada del&#8230;<\/p><\/div><div class=\"location-btn text-center pb-3\"><a href=\"https:\/\/tenerifepropertysales.demo4.respacio.com\/es\/location\/propiedades-en-venta-en-santiago-del-teide\/propiedades-en-venta-en-puerto-santiago\/\" class=\"btn-sm btn btn-primary text-white py-1\">\tRead More<\/a><\/div><\/div><\/div><\/div><div class=\"col-12 col-lg-4 this-item-1748368235 even py-2 px-0 px-sm-2 card-grid-location\"><div class=\"respacio_loop_card respacio_loop_card_with_wrapper location\"><a href=\"https:\/\/tenerifepropertysales.demo4.respacio.com\/es\/location\/propiedades-en-venta-en-santiago-del-teide\/propiedades-en-venta-en-playa-de-la-arena\/\" class=\"\"><div data-lazy-url=\"https:\/\/tenerifepropertysales.demo4.respacio.com\/wp-content\/uploads\/2025\/02\/Photo-30-10-24-11-54-32-1-scaled-1-768x576.webp\" class=\" overlay_h location-image \"><\/div><\/a><div class=\"detail location-info d-flex flex-column justify-content-center\"><div class=\"location-content pt-3 px-2 text-center\"><a href=\"https:\/\/tenerifepropertysales.demo4.respacio.com\/es\/location\/propiedades-en-venta-en-santiago-del-teide\/propiedades-en-venta-en-playa-de-la-arena\/\" class=\"text-dark text-decoration-none\"><h5 class=\"location-heading\">Propiedades en venta en Playa de la Arena<\/h5><\/a><p>Playa de la Arena es un centro tur\u00edstico en r\u00e1pida expansi\u00f3n, y la arena negra azabache de la playa de Playa de la Arena, en el municipio de Santiago del Teide, lleva m\u00e1s de diecinueve a\u00f1os consecutivos recibiendo la codiciada bandera azul. La bandera se concede anualmente tras evaluar la calidad de las aguas de&#8230;<\/p><\/div><div class=\"location-btn text-center pb-3\"><a href=\"https:\/\/tenerifepropertysales.demo4.respacio.com\/es\/location\/propiedades-en-venta-en-santiago-del-teide\/propiedades-en-venta-en-playa-de-la-arena\/\" class=\"btn-sm btn btn-primary text-white py-1\">\tRead More<\/a><\/div><\/div><\/div><\/div><div class=\"col-12 col-lg-4 this-item-1748368235 odd py-2 px-0 px-sm-2 card-grid-location\"><div class=\"respacio_loop_card respacio_loop_card_with_wrapper location\"><a href=\"https:\/\/tenerifepropertysales.demo4.respacio.com\/es\/location\/propiedades-en-venta-en-santiago-del-teide\/propiedades-en-venta-en-los-gigantes\/\" class=\"\"><div data-lazy-url=\"https:\/\/tenerifepropertysales.demo4.respacio.com\/wp-content\/uploads\/2025\/02\/030A8501-min-768x512.webp\" class=\" overlay_h location-image \"><\/div><\/a><div class=\"detail location-info d-flex flex-column justify-content-center\"><div class=\"location-content pt-3 px-2 text-center\"><a href=\"https:\/\/tenerifepropertysales.demo4.respacio.com\/es\/location\/propiedades-en-venta-en-santiago-del-teide\/propiedades-en-venta-en-los-gigantes\/\" class=\"text-dark text-decoration-none\"><h5 class=\"location-heading\">Propiedades en venta en Los Gigantes<\/h5><\/a><p>Los Gigantes fue declarada zona de Importancia Tur\u00edstica Nacional a mediados de la d\u00e9cada de 1960 y desde entonces se ha desarrollado con gusto y encanto a raudales. Ofreci\u00e9ndote todo lo que desear\u00edas como destino de tus vacaciones, encontrar\u00e1s una variada selecci\u00f3n de restaurantes, bares y lugares para ir de compras; adem\u00e1s, a s\u00f3lo 30&#8230;<\/p><\/div><div class=\"location-btn text-center pb-3\"><a href=\"https:\/\/tenerifepropertysales.demo4.respacio.com\/es\/location\/propiedades-en-venta-en-santiago-del-teide\/propiedades-en-venta-en-los-gigantes\/\" class=\"btn-sm btn btn-primary text-white py-1\">\tRead More<\/a><\/div><\/div><\/div><\/div><\/div><\/div><\/div>\n","protected":false},"excerpt":{"rendered":"<p>Zonas populares Conoce las zonas m\u00e1s populares con informaci\u00f3n pr\u00e1ctica y propiedades en venta [&#8230;]<\/p>\n<p><a class=\"btn btn-secondary respacio-read-more-link\" href=\"https:\/\/tenerifepropertysales.demo4.respacio.com\/es\/zonas-populares\/\">Read More&#8230;<\/a><\/p>\n","protected":false},"author":2,"featured_media":0,"parent":0,"menu_order":0,"comment_status":"closed","ping_status":"closed","template":"","meta":{"_uag_custom_page_level_css":"","ub_ctt_via":"","footnotes":""},"page-tag":[],"class_list":["post-318273","page","type-page","status-publish","hentry"],"acf":[],"featured_image_src":null,"yoast_head":"<!-- This site is optimized with the Yoast SEO Premium plugin v21.2 (Yoast SEO v24.4) - https:\/\/yoast.com\/wordpress\/plugins\/seo\/ -->\n<title>Zonas populares - Paul Ruane - Los Gigantes Propiedades<\/title>\n<meta name=\"robots\" content=\"noindex, follow, max-snippet:-1, max-image-preview:large, max-video-preview:-1\" \/>\n<meta property=\"og:locale\" content=\"es_ES\" \/>\n<meta property=\"og:type\" content=\"article\" \/>\n<meta property=\"og:title\" content=\"Zonas populares\" \/>\n<meta property=\"og:description\" content=\"Zonas populares Conoce las zonas m\u00e1s populares con informaci\u00f3n pr\u00e1ctica y propiedades en venta [...]Read More...\" \/>\n<meta property=\"og:url\" content=\"https:\/\/tenerifepropertysales.demo4.respacio.com\/es\/zonas-populares\/\" \/>\n<meta property=\"og:site_name\" content=\"Paul Ruane - Los Gigantes Propiedades\" \/>\n<meta property=\"article:modified_time\" content=\"2025-05-02T07:12:28+00:00\" \/>\n<meta property=\"og:image\" content=\"\" \/>\n<meta name=\"twitter:card\" content=\"summary_large_image\" \/>\n<script type=\"application\/ld+json\" class=\"yoast-schema-graph\">{\"@context\":\"https:\/\/schema.org\",\"@graph\":[{\"@type\":\"WebPage\",\"@id\":\"https:\/\/tenerifepropertysales.demo4.respacio.com\/es\/zonas-populares\/\",\"url\":\"https:\/\/tenerifepropertysales.demo4.respacio.com\/es\/zonas-populares\/\",\"name\":\"Zonas populares - Paul Ruane - Los Gigantes Propiedades\",\"isPartOf\":{\"@id\":\"https:\/\/tenerifepropertysales.demo4.respacio.com\/es\/#website\"},\"datePublished\":\"2025-05-02T07:12:27+00:00\",\"dateModified\":\"2025-05-02T07:12:28+00:00\",\"breadcrumb\":{\"@id\":\"https:\/\/tenerifepropertysales.demo4.respacio.com\/es\/zonas-populares\/#breadcrumb\"},\"inLanguage\":\"es\",\"potentialAction\":[{\"@type\":\"ReadAction\",\"target\":[\"https:\/\/tenerifepropertysales.demo4.respacio.com\/es\/zonas-populares\/\"]}]},{\"@type\":\"BreadcrumbList\",\"@id\":\"https:\/\/tenerifepropertysales.demo4.respacio.com\/es\/zonas-populares\/#breadcrumb\",\"itemListElement\":[{\"@type\":\"ListItem\",\"position\":1,\"name\":\"Inicio\",\"item\":\"https:\/\/tenerifepropertysales.demo4.respacio.com\/es\/portada\/\"},{\"@type\":\"ListItem\",\"position\":2,\"name\":\"Zonas populares\"}]},{\"@type\":\"WebSite\",\"@id\":\"https:\/\/tenerifepropertysales.demo4.respacio.com\/es\/#website\",\"url\":\"https:\/\/tenerifepropertysales.demo4.respacio.com\/es\/\",\"name\":\"Paul Ruane - Los Gigantes Propiedades\",\"description\":\"Los Gigantes Propiedades\",\"publisher\":{\"@id\":\"https:\/\/tenerifepropertysales.demo4.respacio.com\/es\/#organization\"},\"inLanguage\":\"es\"},{\"@type\":\"Organization\",\"@id\":\"https:\/\/tenerifepropertysales.demo4.respacio.com\/es\/#organization\",\"name\":\"Paul Ruane - Los Gigantes Propiedades\",\"url\":\"https:\/\/tenerifepropertysales.demo4.respacio.com\/es\/\",\"logo\":{\"@type\":\"ImageObject\",\"inLanguage\":\"es\",\"@id\":\"https:\/\/tenerifepropertysales.demo4.respacio.com\/es\/#\/schema\/logo\/image\/\",\"url\":\"https:\/\/tenerifepropertysales.demo4.respacio.com\/wp-content\/uploads\/2020\/04\/logo-white-1.png\",\"contentUrl\":\"https:\/\/tenerifepropertysales.demo4.respacio.com\/wp-content\/uploads\/2020\/04\/logo-white-1.png\",\"width\":273,\"height\":59,\"caption\":\"Paul Ruane - Los Gigantes Propiedades\"},\"image\":{\"@id\":\"https:\/\/tenerifepropertysales.demo4.respacio.com\/es\/#\/schema\/logo\/image\/\"}}]}<\/script>\n<!-- \/ Yoast SEO Premium plugin. -->","yoast_head_json":{"title":"Zonas populares - Paul Ruane - Los Gigantes Propiedades","robots":{"index":"noindex","follow":"follow","max-snippet":"max-snippet:-1","max-image-preview":"max-image-preview:large","max-video-preview":"max-video-preview:-1"},"og_locale":"es_ES","og_type":"article","og_title":"Zonas populares","og_description":"Zonas populares Conoce las zonas m\u00e1s populares con informaci\u00f3n pr\u00e1ctica y propiedades en venta [...]Read More...","og_url":"https:\/\/tenerifepropertysales.demo4.respacio.com\/es\/zonas-populares\/","og_site_name":"Paul Ruane - Los Gigantes Propiedades","article_modified_time":"2025-05-02T07:12:28+00:00","og_image":[{"url":false,"type":"","width":"","height":""}],"twitter_card":"summary_large_image","schema":{"@context":"https:\/\/schema.org","@graph":[{"@type":"WebPage","@id":"https:\/\/tenerifepropertysales.demo4.respacio.com\/es\/zonas-populares\/","url":"https:\/\/tenerifepropertysales.demo4.respacio.com\/es\/zonas-populares\/","name":"Zonas populares - Paul Ruane - Los Gigantes Propiedades","isPartOf":{"@id":"https:\/\/tenerifepropertysales.demo4.respacio.com\/es\/#website"},"datePublished":"2025-05-02T07:12:27+00:00","dateModified":"2025-05-02T07:12:28+00:00","breadcrumb":{"@id":"https:\/\/tenerifepropertysales.demo4.respacio.com\/es\/zonas-populares\/#breadcrumb"},"inLanguage":"es","potentialAction":[{"@type":"ReadAction","target":["https:\/\/tenerifepropertysales.demo4.respacio.com\/es\/zonas-populares\/"]}]},{"@type":"BreadcrumbList","@id":"https:\/\/tenerifepropertysales.demo4.respacio.com\/es\/zonas-populares\/#breadcrumb","itemListElement":[{"@type":"ListItem","position":1,"name":"Inicio","item":"https:\/\/tenerifepropertysales.demo4.respacio.com\/es\/portada\/"},{"@type":"ListItem","position":2,"name":"Zonas populares"}]},{"@type":"WebSite","@id":"https:\/\/tenerifepropertysales.demo4.respacio.com\/es\/#website","url":"https:\/\/tenerifepropertysales.demo4.respacio.com\/es\/","name":"Paul Ruane - Los Gigantes Propiedades","description":"Los Gigantes Propiedades","publisher":{"@id":"https:\/\/tenerifepropertysales.demo4.respacio.com\/es\/#organization"},"inLanguage":"es"},{"@type":"Organization","@id":"https:\/\/tenerifepropertysales.demo4.respacio.com\/es\/#organization","name":"Paul Ruane - Los Gigantes Propiedades","url":"https:\/\/tenerifepropertysales.demo4.respacio.com\/es\/","logo":{"@type":"ImageObject","inLanguage":"es","@id":"https:\/\/tenerifepropertysales.demo4.respacio.com\/es\/#\/schema\/logo\/image\/","url":"https:\/\/tenerifepropertysales.demo4.respacio.com\/wp-content\/uploads\/2020\/04\/logo-white-1.png","contentUrl":"https:\/\/tenerifepropertysales.demo4.respacio.com\/wp-content\/uploads\/2020\/04\/logo-white-1.png","width":273,"height":59,"caption":"Paul Ruane - Los Gigantes Propiedades"},"image":{"@id":"https:\/\/tenerifepropertysales.demo4.respacio.com\/es\/#\/schema\/logo\/image\/"}}]}},"uagb_featured_image_src":{"full":false,"thumbnail":false,"medium":false,"medium_large":false,"large":false,"1536x1536":false,"2048x2048":false},"uagb_author_info":{"display_name":"support@respacio.com","author_link":"https:\/\/tenerifepropertysales.demo4.respacio.com\/es\/author\/supportrespacio-com\/"},"uagb_comment_info":0,"uagb_excerpt":"Zonas populares Conoce las zonas m\u00e1s populares con informaci\u00f3n pr\u00e1ctica y propiedades en venta [...]Read More...","_links":{"self":[{"href":"https:\/\/tenerifepropertysales.demo4.respacio.com\/es\/wp-json\/wp\/v2\/pages\/318273","targetHints":{"allow":["GET"]}}],"collection":[{"href":"https:\/\/tenerifepropertysales.demo4.respacio.com\/es\/wp-json\/wp\/v2\/pages"}],"about":[{"href":"https:\/\/tenerifepropertysales.demo4.respacio.com\/es\/wp-json\/wp\/v2\/types\/page"}],"author":[{"embeddable":true,"href":"https:\/\/tenerifepropertysales.demo4.respacio.com\/es\/wp-json\/wp\/v2\/users\/2"}],"replies":[{"embeddable":true,"href":"https:\/\/tenerifepropertysales.demo4.respacio.com\/es\/wp-json\/wp\/v2\/comments?post=318273"}],"version-history":[{"count":1,"href":"https:\/\/tenerifepropertysales.demo4.respacio.com\/es\/wp-json\/wp\/v2\/pages\/318273\/revisions"}],"predecessor-version":[{"id":318275,"href":"https:\/\/tenerifepropertysales.demo4.respacio.com\/es\/wp-json\/wp\/v2\/pages\/318273\/revisions\/318275"}],"wp:attachment":[{"href":"https:\/\/tenerifepropertysales.demo4.respacio.com\/es\/wp-json\/wp\/v2\/media?parent=318273"}],"wp:term":[{"taxonomy":"page-tag","embeddable":true,"href":"https:\/\/tenerifepropertysales.demo4.respacio.com\/es\/wp-json\/wp\/v2\/page-tag?post=318273"}],"curies":[{"name":"wp","href":"https:\/\/api.w.org\/{rel}","templated":true}]}}