{"id":318357,"date":"2025-05-02T08:13:03","date_gmt":"2025-05-02T07:13:03","guid":{"rendered":"https:\/\/tenerifepropertysales.demo4.respacio.com\/acerca-de-paul-ruane-los-gigantes-properties\/"},"modified":"2025-05-02T08:13:03","modified_gmt":"2025-05-02T07:13:03","slug":"acerca-de-paul-ruane-los-gigantes-properties","status":"publish","type":"page","link":"https:\/\/tenerifepropertysales.demo4.respacio.com\/es\/acerca-de-paul-ruane-los-gigantes-properties\/","title":{"rendered":"Acerca de Paul Ruane &#8211; Los Gigantes Properties"},"content":{"rendered":"\n<p>Paul Ruane y su equipo est\u00e1n llevando a Los Gigantes hacia el futuro con nuevos proyectos como Cristal y Aqua Suites, adem\u00e1s de otros en curso.<\/p>\n\n<p>Aunque algunos afirman haber sido el primer agente inmobiliario de Los Gigantes, lo cierto es que Paul ha visto ir y venir a muchos agentes inmobiliarios en esta zona. Ha visto a otros retirarse y ser sustituidos por reci\u00e9n llegados, algunos de los cuales s\u00f3lo duraron un par de a\u00f1os. Sin embargo, como Paul Ruane fue el primer agente inmobiliario de la zona y particip\u00f3 en la construcci\u00f3n de Los Gigantes, nuestros clientes no s\u00f3lo se benefician de nuestros conocimientos y experiencia, sino que pueden estar seguros de que seguiremos a su lado muchos a\u00f1os m\u00e1s. De hecho, 4 de cada 5 agentes inmobiliarios de la zona compraron sus propiedades a Paul Raune.     <\/p>\n\n<p>Paul cuenta con un equipo entregado que comparte gran parte de sus conocimientos y que lleva muchos a\u00f1os trabajando a su lado. Lo m\u00e1s importante es que trabajamos en equipo para garantizar que los intereses de todos nuestros clientes son lo primero y lo m\u00e1s importante para todos. <\/p>\n\n<h2 class=\"wp-block-heading\">Retrocede en el tiempo<\/h2>\n\n<p>Las primeras propiedades que se construyeron en Los Gigantes se sit\u00faan alrededor de la Plaza de la Iglesia, aunque \u00e9sta no se construy\u00f3 hasta mucho despu\u00e9s. Originalmente, el pueblo contaba con su primera gran construcci\u00f3n, que era el Hotel Los Gigantes, que entonces ten\u00eda la mitad de su tama\u00f1o actual y cuya piscina estaba al otro lado de la carretera, en lo que ahora es \u00abEl Oasis\u00bb. <\/p>\n\n<p>En aquella \u00e9poca El Oasis se llamaba \u00abEl Club\u00bb y pertenec\u00eda al Hotel Los Gigantes.<\/p>\n\n<p>Paul Ruane lleg\u00f3 a Los Gigantes en 1979, con s\u00f3lo 20 a\u00f1os, momento en el que empezaban a construirse los apartamentos de Florida.<\/p>\n\n<p>Se dedic\u00f3 a la venta de esas propiedades desde Plan y luego pas\u00f3 a trabajar para Jens Peter Fulda, que pose\u00eda la mayor empresa constructora de esta zona. Durante los 15 a\u00f1os siguientes, Paul trabaj\u00f3 como jefe de ventas y m\u00e1s tarde pas\u00f3 a ser director de la constructora Fulda, para despu\u00e9s abrir su propia agencia: Los Gigantes Properties s.l. <\/p>\n\n<p>Durante la construcci\u00f3n original de los siguientes complejos, Paul Ruane fue responsable de las ventas y los vendi\u00f3 todos inicialmente desde Plan: Hibisco I, II y III, Medusa I, II y III, Apartamentos Isla del Cangrejo, Apartamentos Sunset (Los Gigantes).<\/p>\n\n<p>Todas las Villas Isla del Cangrejo, Cornisa, Tamara A , B, C ,D y AII, BII, CII &amp; DII, Los Arcos, Varias propiedades en Calle el Pino, Calle Adlefas y Calle Tabaiba, la Urbanizaci\u00f3n de San Francisco incluyendo Apartamentos California y Santa B\u00e1rbara, Edificio Mario en Puerto Santiago, Las Pardeleras, Finca Esmeralda, Grand Tabaiba, Apartamentos Avenida. Tambi\u00e9n, un poco m\u00e1s lejos : Chalets en El Madro\u00f1al y Chalets en Valle Hermosa en Playa de Las Am\u00e9ricas. <\/p>\n\n<p>Paul Ruane tambi\u00e9n particip\u00f3 en otros complejos y locales como: Tipsy Terrace, Restaurante Tamara, Restaurante El Pescador, The Oasis, Arches Bistro<\/p>\n\n<p>Paul fue tambi\u00e9n el principal agente de ventas de los siguientes complejos de Plan:<\/p>\n\n<p>Aqua Marin, Palacio El Marqu\u00e9s, Balc\u00f3n de Los Gigantes, Sansofe Puerto, Florencia (P.O.), El Marqu\u00e9s y Las Rosas , Sansofe, Vitacura, India Sol, Vigilia Park , Casa Blanca.<\/p>\n\n<p>Paul Ruane y Construcciones Fulda trabajaron codo con codo con la familia Pi\u00f1eiro y su empresa \u00abGigansol\u00bb, que fueron los pioneros de Los Gigantes (y que de hecho construyeron el Hotel Los Gigantes) y desarrollaron los complejos de: Sauce, Drago, Flamboyant, Geranios, Jacaranda, Club I y Club II, Jasmin, Las Mimosas y varios inmuebles en la Calle Pino<\/p>\n\n<p>Paul tambi\u00e9n vendi\u00f3 propiedades para otros promotores independientes que tambi\u00e9n construyeron complejos y propiedades en la zona.<\/p>\n\n<p>A d\u00eda de hoy, Paul Ruane y Los Gigantes Properties s.l. siguen vendiendo propiedades en todos los complejos y lugares de esta zona y sus alrededores, y sin duda son el nombre en el que puedes confiar.<\/p>\n","protected":false},"excerpt":{"rendered":"<p>Paul Ruane y su equipo est\u00e1n llevando a Los Gigantes hacia el futuro con nuevos proyectos como Cristal y Aqua Suites, adem\u00e1s de otros en curso. Aunque algunos afirman haber sido el primer agente inmobiliario de Los Gigantes, lo cierto es que Paul ha visto ir y venir a muchos agentes inmobiliarios en esta zona. [&#8230;]<\/p>\n<p><a class=\"btn btn-secondary respacio-read-more-link\" href=\"https:\/\/tenerifepropertysales.demo4.respacio.com\/es\/acerca-de-paul-ruane-los-gigantes-properties\/\">Read More&#8230;<\/a><\/p>\n","protected":false},"author":2,"featured_media":318360,"parent":0,"menu_order":0,"comment_status":"closed","ping_status":"closed","template":"","meta":{"_uag_custom_page_level_css":"","ub_ctt_via":"","footnotes":""},"page-tag":[],"class_list":["post-318357","page","type-page","status-publish","has-post-thumbnail","hentry"],"acf":[],"featured_image_src":"https:\/\/tenerifepropertysales.demo4.respacio.com\/wp-content\/uploads\/2024\/11\/Photo-22-10-24-12-41-12-scaled.jpg","yoast_head":"<!-- This site is optimized with the Yoast SEO Premium plugin v21.2 (Yoast SEO v24.4) - https:\/\/yoast.com\/wordpress\/plugins\/seo\/ -->\n<title>Acerca de Paul Ruane - Los Gigantes Properties - Paul Ruane - Los Gigantes Propiedades<\/title>\n<meta name=\"robots\" content=\"noindex, follow, max-snippet:-1, max-image-preview:large, max-video-preview:-1\" \/>\n<meta property=\"og:locale\" content=\"es_ES\" \/>\n<meta property=\"og:type\" content=\"article\" \/>\n<meta property=\"og:title\" content=\"Acerca de Paul Ruane - Los Gigantes Properties\" \/>\n<meta property=\"og:description\" content=\"Paul Ruane y su equipo est\u00e1n llevando a Los Gigantes hacia el futuro con nuevos proyectos como Cristal y Aqua Suites, adem\u00e1s de otros en curso. Aunque algunos afirman haber sido el primer agente inmobiliario de Los Gigantes, lo cierto es que Paul ha visto ir y venir a muchos agentes inmobiliarios en esta zona. [...]Read More...\" \/>\n<meta property=\"og:url\" content=\"https:\/\/tenerifepropertysales.demo4.respacio.com\/es\/acerca-de-paul-ruane-los-gigantes-properties\/\" \/>\n<meta property=\"og:site_name\" content=\"Paul Ruane - Los Gigantes Propiedades\" \/>\n<meta property=\"og:image\" content=\"https:\/\/tenerifepropertysales.demo4.respacio.com\/wp-content\/uploads\/2024\/11\/Photo-22-10-24-12-41-12-1024x768.jpg\" \/>\n<meta name=\"twitter:card\" content=\"summary_large_image\" \/>\n<meta name=\"twitter:image\" content=\"https:\/\/tenerifepropertysales.demo4.respacio.com\/wp-content\/uploads\/2024\/11\/Photo-22-10-24-12-41-12-1024x768.jpg\" \/>\n<meta name=\"twitter:label1\" content=\"Tiempo de lectura\" \/>\n\t<meta name=\"twitter:data1\" content=\"3 minutos\" \/>\n<script type=\"application\/ld+json\" class=\"yoast-schema-graph\">{\"@context\":\"https:\/\/schema.org\",\"@graph\":[{\"@type\":\"WebPage\",\"@id\":\"https:\/\/tenerifepropertysales.demo4.respacio.com\/es\/acerca-de-paul-ruane-los-gigantes-properties\/\",\"url\":\"https:\/\/tenerifepropertysales.demo4.respacio.com\/es\/acerca-de-paul-ruane-los-gigantes-properties\/\",\"name\":\"Acerca de Paul Ruane - Los Gigantes Properties - Paul Ruane - Los Gigantes Propiedades\",\"isPartOf\":{\"@id\":\"https:\/\/tenerifepropertysales.demo4.respacio.com\/es\/#website\"},\"primaryImageOfPage\":{\"@id\":\"https:\/\/tenerifepropertysales.demo4.respacio.com\/es\/acerca-de-paul-ruane-los-gigantes-properties\/#primaryimage\"},\"image\":{\"@id\":\"https:\/\/tenerifepropertysales.demo4.respacio.com\/es\/acerca-de-paul-ruane-los-gigantes-properties\/#primaryimage\"},\"thumbnailUrl\":\"https:\/\/tenerifepropertysales.demo4.respacio.com\/wp-content\/uploads\/2024\/11\/Photo-22-10-24-12-41-12-scaled.jpg\",\"datePublished\":\"2025-05-02T07:13:03+00:00\",\"breadcrumb\":{\"@id\":\"https:\/\/tenerifepropertysales.demo4.respacio.com\/es\/acerca-de-paul-ruane-los-gigantes-properties\/#breadcrumb\"},\"inLanguage\":\"es\",\"potentialAction\":[{\"@type\":\"ReadAction\",\"target\":[\"https:\/\/tenerifepropertysales.demo4.respacio.com\/es\/acerca-de-paul-ruane-los-gigantes-properties\/\"]}]},{\"@type\":\"ImageObject\",\"inLanguage\":\"es\",\"@id\":\"https:\/\/tenerifepropertysales.demo4.respacio.com\/es\/acerca-de-paul-ruane-los-gigantes-properties\/#primaryimage\",\"url\":\"https:\/\/tenerifepropertysales.demo4.respacio.com\/wp-content\/uploads\/2024\/11\/Photo-22-10-24-12-41-12-scaled.jpg\",\"contentUrl\":\"https:\/\/tenerifepropertysales.demo4.respacio.com\/wp-content\/uploads\/2024\/11\/Photo-22-10-24-12-41-12-scaled.jpg\",\"width\":2560,\"height\":1920},{\"@type\":\"BreadcrumbList\",\"@id\":\"https:\/\/tenerifepropertysales.demo4.respacio.com\/es\/acerca-de-paul-ruane-los-gigantes-properties\/#breadcrumb\",\"itemListElement\":[{\"@type\":\"ListItem\",\"position\":1,\"name\":\"Inicio\",\"item\":\"https:\/\/tenerifepropertysales.demo4.respacio.com\/es\/portada\/\"},{\"@type\":\"ListItem\",\"position\":2,\"name\":\"Acerca de Paul Ruane &#8211; Los Gigantes Properties\"}]},{\"@type\":\"WebSite\",\"@id\":\"https:\/\/tenerifepropertysales.demo4.respacio.com\/es\/#website\",\"url\":\"https:\/\/tenerifepropertysales.demo4.respacio.com\/es\/\",\"name\":\"Paul Ruane - Los Gigantes Propiedades\",\"description\":\"Los Gigantes Propiedades\",\"publisher\":{\"@id\":\"https:\/\/tenerifepropertysales.demo4.respacio.com\/es\/#organization\"},\"inLanguage\":\"es\"},{\"@type\":\"Organization\",\"@id\":\"https:\/\/tenerifepropertysales.demo4.respacio.com\/es\/#organization\",\"name\":\"Paul Ruane - Los Gigantes Propiedades\",\"url\":\"https:\/\/tenerifepropertysales.demo4.respacio.com\/es\/\",\"logo\":{\"@type\":\"ImageObject\",\"inLanguage\":\"es\",\"@id\":\"https:\/\/tenerifepropertysales.demo4.respacio.com\/es\/#\/schema\/logo\/image\/\",\"url\":\"https:\/\/tenerifepropertysales.demo4.respacio.com\/wp-content\/uploads\/2020\/04\/logo-white-1.png\",\"contentUrl\":\"https:\/\/tenerifepropertysales.demo4.respacio.com\/wp-content\/uploads\/2020\/04\/logo-white-1.png\",\"width\":273,\"height\":59,\"caption\":\"Paul Ruane - Los Gigantes Propiedades\"},\"image\":{\"@id\":\"https:\/\/tenerifepropertysales.demo4.respacio.com\/es\/#\/schema\/logo\/image\/\"}}]}<\/script>\n<!-- \/ Yoast SEO Premium plugin. -->","yoast_head_json":{"title":"Acerca de Paul Ruane - Los Gigantes Properties - Paul Ruane - Los Gigantes Propiedades","robots":{"index":"noindex","follow":"follow","max-snippet":"max-snippet:-1","max-image-preview":"max-image-preview:large","max-video-preview":"max-video-preview:-1"},"og_locale":"es_ES","og_type":"article","og_title":"Acerca de Paul Ruane - Los Gigantes Properties","og_description":"Paul Ruane y su equipo est\u00e1n llevando a Los Gigantes hacia el futuro con nuevos proyectos como Cristal y Aqua Suites, adem\u00e1s de otros en curso. Aunque algunos afirman haber sido el primer agente inmobiliario de Los Gigantes, lo cierto es que Paul ha visto ir y venir a muchos agentes inmobiliarios en esta zona. [...]Read More...","og_url":"https:\/\/tenerifepropertysales.demo4.respacio.com\/es\/acerca-de-paul-ruane-los-gigantes-properties\/","og_site_name":"Paul Ruane - Los Gigantes Propiedades","og_image":[{"url":"https:\/\/tenerifepropertysales.demo4.respacio.com\/wp-content\/uploads\/2024\/11\/Photo-22-10-24-12-41-12-1024x768.jpg","type":"","width":"","height":""}],"twitter_card":"summary_large_image","twitter_image":"https:\/\/tenerifepropertysales.demo4.respacio.com\/wp-content\/uploads\/2024\/11\/Photo-22-10-24-12-41-12-1024x768.jpg","twitter_misc":{"Tiempo de lectura":"3 minutos"},"schema":{"@context":"https:\/\/schema.org","@graph":[{"@type":"WebPage","@id":"https:\/\/tenerifepropertysales.demo4.respacio.com\/es\/acerca-de-paul-ruane-los-gigantes-properties\/","url":"https:\/\/tenerifepropertysales.demo4.respacio.com\/es\/acerca-de-paul-ruane-los-gigantes-properties\/","name":"Acerca de Paul Ruane - Los Gigantes Properties - Paul Ruane - Los Gigantes Propiedades","isPartOf":{"@id":"https:\/\/tenerifepropertysales.demo4.respacio.com\/es\/#website"},"primaryImageOfPage":{"@id":"https:\/\/tenerifepropertysales.demo4.respacio.com\/es\/acerca-de-paul-ruane-los-gigantes-properties\/#primaryimage"},"image":{"@id":"https:\/\/tenerifepropertysales.demo4.respacio.com\/es\/acerca-de-paul-ruane-los-gigantes-properties\/#primaryimage"},"thumbnailUrl":"https:\/\/tenerifepropertysales.demo4.respacio.com\/wp-content\/uploads\/2024\/11\/Photo-22-10-24-12-41-12-scaled.jpg","datePublished":"2025-05-02T07:13:03+00:00","breadcrumb":{"@id":"https:\/\/tenerifepropertysales.demo4.respacio.com\/es\/acerca-de-paul-ruane-los-gigantes-properties\/#breadcrumb"},"inLanguage":"es","potentialAction":[{"@type":"ReadAction","target":["https:\/\/tenerifepropertysales.demo4.respacio.com\/es\/acerca-de-paul-ruane-los-gigantes-properties\/"]}]},{"@type":"ImageObject","inLanguage":"es","@id":"https:\/\/tenerifepropertysales.demo4.respacio.com\/es\/acerca-de-paul-ruane-los-gigantes-properties\/#primaryimage","url":"https:\/\/tenerifepropertysales.demo4.respacio.com\/wp-content\/uploads\/2024\/11\/Photo-22-10-24-12-41-12-scaled.jpg","contentUrl":"https:\/\/tenerifepropertysales.demo4.respacio.com\/wp-content\/uploads\/2024\/11\/Photo-22-10-24-12-41-12-scaled.jpg","width":2560,"height":1920},{"@type":"BreadcrumbList","@id":"https:\/\/tenerifepropertysales.demo4.respacio.com\/es\/acerca-de-paul-ruane-los-gigantes-properties\/#breadcrumb","itemListElement":[{"@type":"ListItem","position":1,"name":"Inicio","item":"https:\/\/tenerifepropertysales.demo4.respacio.com\/es\/portada\/"},{"@type":"ListItem","position":2,"name":"Acerca de Paul Ruane &#8211; Los Gigantes Properties"}]},{"@type":"WebSite","@id":"https:\/\/tenerifepropertysales.demo4.respacio.com\/es\/#website","url":"https:\/\/tenerifepropertysales.demo4.respacio.com\/es\/","name":"Paul Ruane - Los Gigantes Propiedades","description":"Los Gigantes Propiedades","publisher":{"@id":"https:\/\/tenerifepropertysales.demo4.respacio.com\/es\/#organization"},"inLanguage":"es"},{"@type":"Organization","@id":"https:\/\/tenerifepropertysales.demo4.respacio.com\/es\/#organization","name":"Paul Ruane - Los Gigantes Propiedades","url":"https:\/\/tenerifepropertysales.demo4.respacio.com\/es\/","logo":{"@type":"ImageObject","inLanguage":"es","@id":"https:\/\/tenerifepropertysales.demo4.respacio.com\/es\/#\/schema\/logo\/image\/","url":"https:\/\/tenerifepropertysales.demo4.respacio.com\/wp-content\/uploads\/2020\/04\/logo-white-1.png","contentUrl":"https:\/\/tenerifepropertysales.demo4.respacio.com\/wp-content\/uploads\/2020\/04\/logo-white-1.png","width":273,"height":59,"caption":"Paul Ruane - Los Gigantes Propiedades"},"image":{"@id":"https:\/\/tenerifepropertysales.demo4.respacio.com\/es\/#\/schema\/logo\/image\/"}}]}},"uagb_featured_image_src":{"full":["https:\/\/tenerifepropertysales.demo4.respacio.com\/wp-content\/uploads\/2024\/11\/Photo-22-10-24-12-41-12-scaled.jpg",2560,1920,false],"thumbnail":["https:\/\/tenerifepropertysales.demo4.respacio.com\/wp-content\/uploads\/2024\/11\/Photo-22-10-24-12-41-12-150x150.jpg",150,150,true],"medium":["https:\/\/tenerifepropertysales.demo4.respacio.com\/wp-content\/uploads\/2024\/11\/Photo-22-10-24-12-41-12-300x225.jpg",300,225,true],"medium_large":["https:\/\/tenerifepropertysales.demo4.respacio.com\/wp-content\/uploads\/2024\/11\/Photo-22-10-24-12-41-12-768x576.jpg",640,480,true],"large":["https:\/\/tenerifepropertysales.demo4.respacio.com\/wp-content\/uploads\/2024\/11\/Photo-22-10-24-12-41-12-1024x768.jpg",640,480,true],"1536x1536":["https:\/\/tenerifepropertysales.demo4.respacio.com\/wp-content\/uploads\/2024\/11\/Photo-22-10-24-12-41-12-1536x1152.jpg",1536,1152,true],"2048x2048":["https:\/\/tenerifepropertysales.demo4.respacio.com\/wp-content\/uploads\/2024\/11\/Photo-22-10-24-12-41-12-2048x1536.jpg",2048,1536,true]},"uagb_author_info":{"display_name":"support@respacio.com","author_link":"https:\/\/tenerifepropertysales.demo4.respacio.com\/es\/author\/supportrespacio-com\/"},"uagb_comment_info":0,"uagb_excerpt":"Paul Ruane y su equipo est\u00e1n llevando a Los Gigantes hacia el futuro con nuevos proyectos como Cristal y Aqua Suites, adem\u00e1s de otros en curso. Aunque algunos afirman haber sido el primer agente inmobiliario de Los Gigantes, lo cierto es que Paul ha visto ir y venir a muchos agentes inmobiliarios en esta zona.&hellip;","_links":{"self":[{"href":"https:\/\/tenerifepropertysales.demo4.respacio.com\/es\/wp-json\/wp\/v2\/pages\/318357","targetHints":{"allow":["GET"]}}],"collection":[{"href":"https:\/\/tenerifepropertysales.demo4.respacio.com\/es\/wp-json\/wp\/v2\/pages"}],"about":[{"href":"https:\/\/tenerifepropertysales.demo4.respacio.com\/es\/wp-json\/wp\/v2\/types\/page"}],"author":[{"embeddable":true,"href":"https:\/\/tenerifepropertysales.demo4.respacio.com\/es\/wp-json\/wp\/v2\/users\/2"}],"replies":[{"embeddable":true,"href":"https:\/\/tenerifepropertysales.demo4.respacio.com\/es\/wp-json\/wp\/v2\/comments?post=318357"}],"version-history":[{"count":1,"href":"https:\/\/tenerifepropertysales.demo4.respacio.com\/es\/wp-json\/wp\/v2\/pages\/318357\/revisions"}],"predecessor-version":[{"id":318361,"href":"https:\/\/tenerifepropertysales.demo4.respacio.com\/es\/wp-json\/wp\/v2\/pages\/318357\/revisions\/318361"}],"wp:featuredmedia":[{"embeddable":true,"href":"https:\/\/tenerifepropertysales.demo4.respacio.com\/es\/wp-json\/wp\/v2\/media\/318360"}],"wp:attachment":[{"href":"https:\/\/tenerifepropertysales.demo4.respacio.com\/es\/wp-json\/wp\/v2\/media?parent=318357"}],"wp:term":[{"taxonomy":"page-tag","embeddable":true,"href":"https:\/\/tenerifepropertysales.demo4.respacio.com\/es\/wp-json\/wp\/v2\/page-tag?post=318357"}],"curies":[{"name":"wp","href":"https:\/\/api.w.org\/{rel}","templated":true}]}}