{"id":318151,"date":"2025-05-02T08:11:23","date_gmt":"2025-05-02T07:11:23","guid":{"rendered":"https:\/\/tenerifepropertysales.demo4.respacio.com\/politique-juridique\/"},"modified":"2025-05-02T08:11:24","modified_gmt":"2025-05-02T07:11:24","slug":"politique-juridique","status":"publish","type":"page","link":"https:\/\/tenerifepropertysales.demo4.respacio.com\/fr\/politique-juridique\/","title":{"rendered":"Politique juridique"},"content":{"rendered":"\n<h2 class=\"wp-block-heading\" id=\"h-1-nbsp-nbsp-nbsp-nbsp-nbsp-nbsp-nbsp-nbsp-objeto-y-aceptacion\">1. Objet et acceptation<\/h2>\n\n<p>Le pr\u00e9sent avis juridique r\u00e9git l&rsquo;utilisation du site Web : www.tenerifepropertysales.com<\/p>\n\n<p>Le site web www.tenerifepropertysales.com fournit des services dont l&rsquo;objectif primordial est de permettre le contact entre les utilisateurs et l&rsquo;entit\u00e9, bien pour entrer en contact avec nous, r\u00e9pondre \u00e0 une demande, g\u00e9rer une r\u00e9clamation, exercer ses droits en mati\u00e8re de protection des donn\u00e9es ou pour demander un devis.<\/p>\n\n<p>La navigation sur la page www.tenerifepropertysales.com attribue la condition d&rsquo;utilisation de celle-ci et implique l&rsquo;acceptation pleine et enti\u00e8re de toutes et chacune des dispositions incluses dans cet avis juridique, qui peuvent faire l&rsquo;objet de modifications.<\/p>\n\n<p>L&rsquo;utilisateur s&rsquo;engage \u00e0 faire un usage correct du site Web en conformit\u00e9 avec les lois, la bonne foi, l&rsquo;ordre public, les usages du trafic et le pr\u00e9sent avis juridique. El Usuario responder\u00e1 frente a LOS GIGANTES PROPERTIES, S.L. y frente a terceros, de los da\u00f1os y perjuicios que pudieran causarse como consecuencia del incumplimiento de dicha obligaci\u00f3n. <\/p>\n\n<h2 class=\"wp-block-heading\" id=\"h-2-nbsp-nbsp-nbsp-nbsp-nbsp-nbsp-nbsp-nbsp-titularidad-de-la-web-e-identificacion-del-prestador-de-servicios-de-la-sociedad-de-la-informacion\">2. Titre du site web et identification du prestataire de services de la soci\u00e9t\u00e9 de l&rsquo;information<\/h2>\n\n<p>Afin de satisfaire au principe d&rsquo;information g\u00e9n\u00e9rale exig\u00e9 par l&rsquo;article 10 de la loi 34\/2002 du 11 juillet 2002 relative aux services de la soci\u00e9t\u00e9 de l&rsquo;information et au commerce \u00e9lectronique, nous informons nos utilisateurs que le pr\u00e9sent site web appartient \u00e0 LOS GIGANTES PROPERTIES, S.L., avec le CIF B38350013.<\/p>\n\n<figure class=\"wp-block-table\"><table><tbody><tr><td colspan=\"3\">Direcci\u00f3n :<strong><\/strong><\/td><td colspan=\"3\">Calle Flor de Pascua, 23, 38683 &#8211; Acantilado de Los Gigantes (Santa Cruz de Tenerife)<\/td><\/tr><tr><td colspan=\"3\">Correo-e :<\/td><td colspan=\"3\">nicky@tenerifepropertysales.com<\/td><\/tr><tr><td colspan=\"3\">Tel\u00e9fono :<\/td><td colspan=\"3\">922 861 313<\/td><\/tr><tr><td colspan=\"3\">Web alojada por :<\/td><td colspan=\"3\">OVH SAS<\/td><\/tr><\/tbody><\/table><\/figure>\n\n<h2 class=\"wp-block-heading\" id=\"h-3-nbsp-nbsp-nbsp-nbsp-nbsp-nbsp-nbsp-nbsp-condiciones-generales-de-acceso-y-utilizacion\">3. Conditions g\u00e9n\u00e9rales d&rsquo;acc\u00e8s et d&rsquo;utilisation<\/h2>\n\n<p>Le site Web et ses services sont d&rsquo;acc\u00e8s libre et gratuit, m\u00eame si l&rsquo;utilisation de certaines zones ou de certains services est subordonn\u00e9e \u00e0 l&rsquo;application de formulaires de collecte de donn\u00e9es. Seuls les plus de 18 ans peuvent faciliter la collecte de donn\u00e9es par le biais de notre site web, et les moins de 14 ans ne peuvent pas le faire sans le consentement de leurs parents ou tuteurs. <\/p>\n\n<p>L&rsquo;Utilisateur garantit l&rsquo;authenticit\u00e9 et l&rsquo;actualit\u00e9 de toutes les donn\u00e9es qu&rsquo;il communique \u00e0 LOS GIGANTES PROPERTIES, S.L. et il est le seul responsable des manifestations fausses ou inexactes qu&rsquo;il r\u00e9alise.<\/p>\n\n<p>www.tenerifepropertysales.com a les types d&rsquo;utilisateurs suivants :<\/p>\n\n<ul class=\"wp-block-list\">\n<li>Les utilisateurs qui fournissent des donn\u00e9es dans n&rsquo;importe quel formulaire disponible : Les donn\u00e9es personnelles que LOS GIGANTES PROPERTIES, S.L. demande comprennent le nombre et la direction \u00e9lectronique ainsi que les donn\u00e9es fournies par l&rsquo;utilisateur lui-m\u00eame lorsqu&rsquo;il remplit les formulaires.<\/li>\n\n\n\n<li>Les utilisateurs qui n&rsquo;ont pas pris contact avec LOS GIGANTES PROPERTIES, S.L. mais dont les donn\u00e9es sont conserv\u00e9es : Donn\u00e9es fournies par les cookies<\/li>\n<\/ul>\n\n<p><strong>3.1<\/strong> <strong>R\u00e8gles et interdictions d&rsquo;utilisation pour les utilisateurs de nos services<\/strong><strong><\/strong><\/p>\n\n<p>L&rsquo;Utilisateur s&rsquo;engage express\u00e9ment \u00e0 faire un usage ad\u00e9quat des contenus et services propos\u00e9s et \u00e0 ne pas les utiliser pour :<\/p>\n\n<ul class=\"wp-block-list\">\n<li>Diffuser des contenus d\u00e9licats, violents, pornographiques, racistes, x\u00e9nophobes, offensants, faisant l&rsquo;apologie du terrorisme ou, en g\u00e9n\u00e9ral, contraires \u00e0 la loi ou \u00e0 l&rsquo;ordre public.<\/li>\n\n\n\n<li>Introduire dans le r\u00e9seau des virus informatiques ou r\u00e9aliser des actions susceptibles d&rsquo;alt\u00e9rer, de d\u00e9truire, d&rsquo;interf\u00e9rer ou de g\u00e9n\u00e9rer des erreurs ou des dommages dans les documents \u00e9lectroniques, les donn\u00e9es ou les syst\u00e8mes informatiques et logiques de LOS GIGANTES PROPERTIES, S.L. ou de tierces personnes ; ainsi qu&rsquo;entraver l&rsquo;acc\u00e8s d&rsquo;autres utilisateurs au site Web et \u00e0 ses services.<\/li>\n\n\n\n<li>Avoir l&rsquo;intention d&rsquo;acc\u00e9der \u00e0 des zones r\u00e9serv\u00e9es des syst\u00e8mes informatiques de LOS GIGANTES PROPERTIES, S.L. ou de tiers et, dans ce cas, extraire des informations.<\/li>\n\n\n\n<li>Vuln\u00e9rer les droits de propri\u00e9t\u00e9 intellectuelle ou industrielle, ainsi que violer la confidentialit\u00e9 des informations de LOS GIGANTES PROPERTIES, S.L. ou de tiers.<\/li>\n\n\n\n<li>Supprimer l&rsquo;identit\u00e9 d&rsquo;un autre utilisateur, d&rsquo;une administration publique ou d&rsquo;un tiers.<\/li>\n\n\n\n<li>Reproduire, copier, distribuer, mettre \u00e0 disposition ou de toute autre mani\u00e8re communiquer publiquement, transformer ou modifier les Contenus, \u00e0 moins qu&rsquo;ils ne soient autoris\u00e9s par le titulaire des droits correspondants ou qu&rsquo;ils ne soient l\u00e9galement autoris\u00e9s.<\/li>\n\n\n\n<li>Recueillir des donn\u00e9es \u00e0 des fins publicitaires et diffuser de la publicit\u00e9 de toute nature et des communications \u00e0 des fins de vente ou autres de nature commerciale sans avoir re\u00e7u votre demande ou votre consentement pr\u00e9alable.<\/li>\n<\/ul>\n\n<p><strong>3.2. Procedimiento en caso de realizaci\u00f3n de actividades de car\u00e1cter il\u00edcito<\/strong><strong><\/strong><\/p>\n\n<p>Dans le cas o\u00f9 un utilisateur ou un tiers consid\u00e8re qu&rsquo;il existe des \u00e9v\u00e9nements ou des circonstances qui r\u00e9v\u00e8lent le caract\u00e8re illicite de l&rsquo;utilisation de tout contenu et\/ou de la r\u00e9alisation de toute activit\u00e9 sur les pages Web incluses ou accessibles par le biais du site Web, il doit envoyer une notification \u00e0 LOS GIGANTES PROPERTIES, S.L. en l&rsquo;identifiant de mani\u00e8re d\u00e9taill\u00e9e, en sp\u00e9cifiant les infractions suspect\u00e9es et en d\u00e9clarant de mani\u00e8re explicite et sous sa responsabilit\u00e9 que l&rsquo;information fournie dans la notification est exacte.<\/p>\n\n<p><strong>4. Politique de confidentialit\u00e9<\/strong><strong><\/strong><\/p>\n\n<p>L&rsquo;utilisateur peut consulter la mani\u00e8re dont LOS GIGANTES PROPERTIES, S.L. utilise ses donn\u00e9es et les mesures de s\u00e9curit\u00e9 mises en place dans cette page : \u00ab\u00a0Politique de confidentialit\u00e9\u00a0\u00bb<\/p>\n\n<p><strong>5. Politique en mati\u00e8re de cookies<\/strong><strong><\/strong><\/p>\n\n<p>LOS GIGANTES PROPERTIES, S.L. installe des cookies dans le navigateur de l&rsquo;utilisateur. Pour en savoir plus sur les cookies de notre site web, cliquez sur l&rsquo;onglet suivant : \u00ab\u00a0pol\u00edtica de cookies\u00a0\u00bb <\/p>\n\n<p><strong>6. Notifications<\/strong><strong><\/strong><\/p>\n\n<p>Toutes les notifications et communications entre les utilisateurs et LOS GIGANTES PROPERTIES, S.L. sont consid\u00e9r\u00e9es comme efficaces, \u00e0 tous \u00e9gards, lorsqu&rsquo;elles sont effectu\u00e9es par le biais d&rsquo;un courrier postal, d&rsquo;un courrier \u00e9lectronique ou d&rsquo;une communication t\u00e9l\u00e9phonique. Los usuarios deber\u00e1n dirigirse a LOS GIGANTES PROPERTIES, S.L. mediante : <\/p>\n\n<ul class=\"wp-block-list\">\n<li>Envoyer par courrier postal \u00e0 la direction suivante : LOS GIGANTES PROPERTIES, S.L. &#8211; Calle Flor de Pascua, 23, 38683 &#8211; Acantilado de Los Gigantes (Santa Cruz de Tenerife).<\/li>\n\n\n\n<li>Envoi par courrier \u00e9lectronique \u00e0 l&rsquo;adresse suivante : nicky@tenerifepropertysales.com<\/li>\n<\/ul>\n\n<p><strong>7. Propri\u00e9t\u00e9 industrielle et propri\u00e9t\u00e9 intellectuelle<\/strong><strong><\/strong><\/p>\n\n<p>Tous les contenus du site Web, y compris les textes, photos, graphiques, images, ic\u00f4nes, technologies, logiciels, ainsi que leur conception graphique et les codes source, constituent un ouvrage dont la propri\u00e9t\u00e9 appartient \u00e0 LOS GIGANTES PROPERTIES, S.L., sin that puedan enterse cedidos al Usuario ninguno de los derechos de explotaci\u00f3n sobre los mismos m\u00e1s all\u00e1 de lo estrictamente necesario para el correcto uso de la Web.<\/p>\n\n<p>En definitiva, los usuarios que accedan a este sitio Web pueden visualizar los contenidos y efectuar, en su caso, copias privadas autorizadas siempre que los elementos reproducidos no sean cedidos posteriormente a terceros, ni \u00eatre install\u00e9s sur des serveurs connect\u00e9s \u00e0 des r\u00e9seaux, ni faire l&rsquo;objet d&rsquo;un quelconque type d&rsquo;explotation et ce, de mani\u00e8re unique et exclusive pendant la dur\u00e9e du service.<\/p>\n\n<p>De m\u00eame, toutes les marques, noms commerciaux ou signes distinctifs de toute nature apparaissant sur le site Web sont la propri\u00e9t\u00e9 de LOS GIGANTES PROPERTIES, S.L., sans que l&rsquo;on puisse entendre que l&rsquo;utilisation ou l&rsquo;acc\u00e8s \u00e0 ces marques conf\u00e8re \u00e0 l&rsquo;utilisateur un droit de regard sur ces derni\u00e8res.<\/p>\n\n<p>Sont interdits la distribution, la modification, la cession ou la communication publique des contenus et tout autre acte qui n&rsquo;a pas \u00e9t\u00e9 express\u00e9ment autoris\u00e9 par LOS GIGANTES PROPERTIES, S.L. En cas d&rsquo;infraction, LOS GIGANTES PROPERTIES, S.L. adoptera les mesures l\u00e9gales appropri\u00e9es.<\/p>\n\n<p><strong>8. Exenci\u00f3n de responsabilidad y modificaci\u00f3n del presente aviso legal<\/strong><strong><\/strong><\/p>\n\n<p>Le site web www.tenerifepropertysales.com utilise des techniques de s\u00e9curit\u00e9 de l&rsquo;information telles que des pare-feu, des proc\u00e9dures de contr\u00f4le d&rsquo;acc\u00e8s et des m\u00e9canismes cryptographiques, le tout dans le but d&rsquo;\u00e9viter l&rsquo;acc\u00e8s non autoris\u00e9 aux donn\u00e9es et de garantir la confidentialit\u00e9 de ces derni\u00e8res.<\/p>\n\n<p>L&rsquo;information qui est diffus\u00e9e sur ce site web est unique et exclusivement informative, r\u00e9servant \u00e0 LOS GIGANTES PROPERTIES, S.L. le droit d&rsquo;\u00e9liminer ou de suspendre sa diffusion, totalement ou partiellement, et de modifier la structure et le contenu de ce site web sans avis pr\u00e9alable, y compris en limitant ou en interdisant l&rsquo;acc\u00e8s \u00e0 cette information. LOS GIGANTES PROPERTIES, S.L. a l&rsquo;intention de maintenir la qualit\u00e9 et la mise \u00e0 jour de cette information et d&rsquo;\u00e9viter et de minimiser les erreurs possibles, mais LOS GIGANTES PROPERTIES, S.L. no responder\u00e1 de los da\u00f1os o perjuicios causados por decisiones tomadas en base a la informaci\u00f3n difundida ; ni de inexactitudes, omisiones o errores contenidos en el mismo, ni de los problemas que se originen por el uso de este sitio Web u otro de conexi\u00f3n externa ; ni de los da\u00f1os y\/o perjuicios en el software o hardware del usuario que se deriven de acceso a este sitio Web. <\/p>\n\n<p>Les utilisateurs acceptent express\u00e9ment que LOS GIGANTES PROPERTIES, S.L. ne soit pas responsable de l&rsquo;acc\u00e8s non autoris\u00e9 ou de l&rsquo;alt\u00e9ration de ses transmissions ou donn\u00e9es, de tout mat\u00e9riel ou donn\u00e9es envoy\u00e9s ou re\u00e7us ou non envoy\u00e9s ou re\u00e7us, ni de toute transaction effectu\u00e9e par l&rsquo;interm\u00e9diaire de son site web.<\/p>\n\n<p>LOS GIGANTES PROPERTIES, S.L. se r\u00e9serve le droit de modifier le pr\u00e9sent avis l\u00e9gal unilat\u00e9ralement et sans pr\u00e9avis dans les termes et conditions qu&rsquo;elle estime opportuns avec la seule obligation d&rsquo;informer l&rsquo;utilisateur des modifications effectu\u00e9es par le biais de <a href=\"http:\/\/www.aixacorpore.es\/\">www.tenerifepropertysales.com<\/a>.<\/p>\n\n<p><strong>9. Nulidad parcial<\/strong><strong><\/strong><\/p>\n\n<p>Si alguna de las presentes cl\u00e1usulas fuese declarada nula y sin efecto por resoluci\u00f3n firme dictada por autoridad competente, los restantes t\u00e9rminos y condiciones permanecer\u00e1n en vigor, sin que queden afectados por dicha declaraci\u00f3n de nulidad.<\/p>\n\n<p><strong>10. Ley aplicable y tribunales competentes<\/strong><strong><\/strong><\/p>\n\n<p>Le pr\u00e9sent site web est soumis aux dispositions de la l\u00e9gislation espagnole et des normes europ\u00e9ennes qui s&rsquo;appliquent.<\/p>\n\n<p>Toute controverse li\u00e9e \u00e0 l&rsquo;utilisation de la page web ou de ces produits sera soumise \u00e0 la juridiction non exclusive des tribunaux espagnols de la province de Santa Cruz de Tenerife.<\/p>\n\n<p>Si se trata de un consumidor final nada en la presente cl\u00e1usula afectar\u00e1 a los derechos que como tal le reconoce la legislaci\u00f3n vigente, pudiendo elegir presentar una reclamaci\u00f3n para hacer valer sus derechos en relaci\u00f3n con las presentes Condiciones ante el Juez o Tribunales que correspondan a su domicilio.<\/p>\n","protected":false},"excerpt":{"rendered":"<p>1. Objet et acceptation Le pr\u00e9sent avis juridique r\u00e9git l&rsquo;utilisation du site Web : www.tenerifepropertysales.com Le site web www.tenerifepropertysales.com fournit des services dont l&rsquo;objectif primordial est de permettre le contact entre les utilisateurs et l&rsquo;entit\u00e9, bien pour entrer en contact avec nous, r\u00e9pondre \u00e0 une demande, g\u00e9rer une r\u00e9clamation, exercer ses droits en mati\u00e8re de [&#8230;]<\/p>\n<p><a class=\"btn btn-secondary respacio-read-more-link\" href=\"https:\/\/tenerifepropertysales.demo4.respacio.com\/fr\/politique-juridique\/\">Read More&#8230;<\/a><\/p>\n","protected":false},"author":21,"featured_media":0,"parent":0,"menu_order":0,"comment_status":"closed","ping_status":"closed","template":"","meta":{"_uag_custom_page_level_css":"","ub_ctt_via":"","footnotes":""},"page-tag":[],"class_list":["post-318151","page","type-page","status-publish","hentry"],"acf":[],"featured_image_src":null,"yoast_head":"<!-- This site is optimized with the Yoast SEO Premium plugin v21.2 (Yoast SEO v24.4) - https:\/\/yoast.com\/wordpress\/plugins\/seo\/ -->\n<title>Politique juridique - Paul Ruane - Los Gigantes Properties<\/title>\n<meta name=\"robots\" content=\"noindex, follow, max-snippet:-1, max-image-preview:large, max-video-preview:-1\" \/>\n<meta property=\"og:locale\" content=\"fr_FR\" \/>\n<meta property=\"og:type\" content=\"article\" \/>\n<meta property=\"og:title\" content=\"Politique juridique\" \/>\n<meta property=\"og:description\" content=\"1. Objet et acceptation Le pr\u00e9sent avis juridique r\u00e9git l&rsquo;utilisation du site Web : www.tenerifepropertysales.com Le site web www.tenerifepropertysales.com fournit des services dont l&rsquo;objectif primordial est de permettre le contact entre les utilisateurs et l&rsquo;entit\u00e9, bien pour entrer en contact avec nous, r\u00e9pondre \u00e0 une demande, g\u00e9rer une r\u00e9clamation, exercer ses droits en mati\u00e8re de [...]Read More...\" \/>\n<meta property=\"og:url\" content=\"https:\/\/tenerifepropertysales.demo4.respacio.com\/fr\/politique-juridique\/\" \/>\n<meta property=\"og:site_name\" content=\"Paul Ruane - Los Gigantes Properties\" \/>\n<meta property=\"article:modified_time\" content=\"2025-05-02T07:11:24+00:00\" \/>\n<meta property=\"og:image\" content=\"\" \/>\n<meta name=\"twitter:card\" content=\"summary_large_image\" \/>\n<meta name=\"twitter:label1\" content=\"Dur\u00e9e de lecture estim\u00e9e\" \/>\n\t<meta name=\"twitter:data1\" content=\"9 minutes\" \/>\n<script type=\"application\/ld+json\" class=\"yoast-schema-graph\">{\"@context\":\"https:\/\/schema.org\",\"@graph\":[{\"@type\":\"WebPage\",\"@id\":\"https:\/\/tenerifepropertysales.demo4.respacio.com\/fr\/politique-juridique\/\",\"url\":\"https:\/\/tenerifepropertysales.demo4.respacio.com\/fr\/politique-juridique\/\",\"name\":\"Politique juridique - Paul Ruane - Los Gigantes Properties\",\"isPartOf\":{\"@id\":\"https:\/\/tenerifepropertysales.demo4.respacio.com\/fr\/#website\"},\"datePublished\":\"2025-05-02T07:11:23+00:00\",\"dateModified\":\"2025-05-02T07:11:24+00:00\",\"breadcrumb\":{\"@id\":\"https:\/\/tenerifepropertysales.demo4.respacio.com\/fr\/politique-juridique\/#breadcrumb\"},\"inLanguage\":\"fr-FR\",\"potentialAction\":[{\"@type\":\"ReadAction\",\"target\":[\"https:\/\/tenerifepropertysales.demo4.respacio.com\/fr\/politique-juridique\/\"]}]},{\"@type\":\"BreadcrumbList\",\"@id\":\"https:\/\/tenerifepropertysales.demo4.respacio.com\/fr\/politique-juridique\/#breadcrumb\",\"itemListElement\":[{\"@type\":\"ListItem\",\"position\":1,\"name\":\"Accueil\",\"item\":\"https:\/\/tenerifepropertysales.demo4.respacio.com\/fr\/premiere-page\/\"},{\"@type\":\"ListItem\",\"position\":2,\"name\":\"Politique juridique\"}]},{\"@type\":\"WebSite\",\"@id\":\"https:\/\/tenerifepropertysales.demo4.respacio.com\/fr\/#website\",\"url\":\"https:\/\/tenerifepropertysales.demo4.respacio.com\/fr\/\",\"name\":\"Paul Ruane - Los Gigantes Properties\",\"description\":\"Propri\u00e9t\u00e9s de Los Gigantes\",\"publisher\":{\"@id\":\"https:\/\/tenerifepropertysales.demo4.respacio.com\/fr\/#organization\"},\"inLanguage\":\"fr-FR\"},{\"@type\":\"Organization\",\"@id\":\"https:\/\/tenerifepropertysales.demo4.respacio.com\/fr\/#organization\",\"name\":\"Paul Ruane - Los Gigantes Properties\",\"url\":\"https:\/\/tenerifepropertysales.demo4.respacio.com\/fr\/\",\"logo\":{\"@type\":\"ImageObject\",\"inLanguage\":\"fr-FR\",\"@id\":\"https:\/\/tenerifepropertysales.demo4.respacio.com\/fr\/#\/schema\/logo\/image\/\",\"url\":\"https:\/\/tenerifepropertysales.demo4.respacio.com\/wp-content\/uploads\/2020\/04\/logo-white-1.png\",\"contentUrl\":\"https:\/\/tenerifepropertysales.demo4.respacio.com\/wp-content\/uploads\/2020\/04\/logo-white-1.png\",\"width\":273,\"height\":59,\"caption\":\"Paul Ruane - Los Gigantes Properties\"},\"image\":{\"@id\":\"https:\/\/tenerifepropertysales.demo4.respacio.com\/fr\/#\/schema\/logo\/image\/\"}}]}<\/script>\n<!-- \/ Yoast SEO Premium plugin. -->","yoast_head_json":{"title":"Politique juridique - Paul Ruane - Los Gigantes Properties","robots":{"index":"noindex","follow":"follow","max-snippet":"max-snippet:-1","max-image-preview":"max-image-preview:large","max-video-preview":"max-video-preview:-1"},"og_locale":"fr_FR","og_type":"article","og_title":"Politique juridique","og_description":"1. Objet et acceptation Le pr\u00e9sent avis juridique r\u00e9git l&rsquo;utilisation du site Web : www.tenerifepropertysales.com Le site web www.tenerifepropertysales.com fournit des services dont l&rsquo;objectif primordial est de permettre le contact entre les utilisateurs et l&rsquo;entit\u00e9, bien pour entrer en contact avec nous, r\u00e9pondre \u00e0 une demande, g\u00e9rer une r\u00e9clamation, exercer ses droits en mati\u00e8re de [...]Read More...","og_url":"https:\/\/tenerifepropertysales.demo4.respacio.com\/fr\/politique-juridique\/","og_site_name":"Paul Ruane - Los Gigantes Properties","article_modified_time":"2025-05-02T07:11:24+00:00","og_image":[{"url":false,"type":"","width":"","height":""}],"twitter_card":"summary_large_image","twitter_misc":{"Dur\u00e9e de lecture estim\u00e9e":"9 minutes"},"schema":{"@context":"https:\/\/schema.org","@graph":[{"@type":"WebPage","@id":"https:\/\/tenerifepropertysales.demo4.respacio.com\/fr\/politique-juridique\/","url":"https:\/\/tenerifepropertysales.demo4.respacio.com\/fr\/politique-juridique\/","name":"Politique juridique - Paul Ruane - Los Gigantes Properties","isPartOf":{"@id":"https:\/\/tenerifepropertysales.demo4.respacio.com\/fr\/#website"},"datePublished":"2025-05-02T07:11:23+00:00","dateModified":"2025-05-02T07:11:24+00:00","breadcrumb":{"@id":"https:\/\/tenerifepropertysales.demo4.respacio.com\/fr\/politique-juridique\/#breadcrumb"},"inLanguage":"fr-FR","potentialAction":[{"@type":"ReadAction","target":["https:\/\/tenerifepropertysales.demo4.respacio.com\/fr\/politique-juridique\/"]}]},{"@type":"BreadcrumbList","@id":"https:\/\/tenerifepropertysales.demo4.respacio.com\/fr\/politique-juridique\/#breadcrumb","itemListElement":[{"@type":"ListItem","position":1,"name":"Accueil","item":"https:\/\/tenerifepropertysales.demo4.respacio.com\/fr\/premiere-page\/"},{"@type":"ListItem","position":2,"name":"Politique juridique"}]},{"@type":"WebSite","@id":"https:\/\/tenerifepropertysales.demo4.respacio.com\/fr\/#website","url":"https:\/\/tenerifepropertysales.demo4.respacio.com\/fr\/","name":"Paul Ruane - Los Gigantes Properties","description":"Propri\u00e9t\u00e9s de Los Gigantes","publisher":{"@id":"https:\/\/tenerifepropertysales.demo4.respacio.com\/fr\/#organization"},"inLanguage":"fr-FR"},{"@type":"Organization","@id":"https:\/\/tenerifepropertysales.demo4.respacio.com\/fr\/#organization","name":"Paul Ruane - Los Gigantes Properties","url":"https:\/\/tenerifepropertysales.demo4.respacio.com\/fr\/","logo":{"@type":"ImageObject","inLanguage":"fr-FR","@id":"https:\/\/tenerifepropertysales.demo4.respacio.com\/fr\/#\/schema\/logo\/image\/","url":"https:\/\/tenerifepropertysales.demo4.respacio.com\/wp-content\/uploads\/2020\/04\/logo-white-1.png","contentUrl":"https:\/\/tenerifepropertysales.demo4.respacio.com\/wp-content\/uploads\/2020\/04\/logo-white-1.png","width":273,"height":59,"caption":"Paul Ruane - Los Gigantes Properties"},"image":{"@id":"https:\/\/tenerifepropertysales.demo4.respacio.com\/fr\/#\/schema\/logo\/image\/"}}]}},"uagb_featured_image_src":{"full":false,"thumbnail":false,"medium":false,"medium_large":false,"large":false,"1536x1536":false,"2048x2048":false},"uagb_author_info":{"display_name":"Aixa","author_link":"https:\/\/tenerifepropertysales.demo4.respacio.com\/fr\/author\/aixa\/"},"uagb_comment_info":0,"uagb_excerpt":"1. Objet et acceptation Le pr\u00e9sent avis juridique r\u00e9git l&rsquo;utilisation du site Web : www.tenerifepropertysales.com Le site web www.tenerifepropertysales.com fournit des services dont l&rsquo;objectif primordial est de permettre le contact entre les utilisateurs et l&rsquo;entit\u00e9, bien pour entrer en contact avec nous, r\u00e9pondre \u00e0 une demande, g\u00e9rer une r\u00e9clamation, exercer ses droits en mati\u00e8re de\u2026","_links":{"self":[{"href":"https:\/\/tenerifepropertysales.demo4.respacio.com\/fr\/wp-json\/wp\/v2\/pages\/318151","targetHints":{"allow":["GET"]}}],"collection":[{"href":"https:\/\/tenerifepropertysales.demo4.respacio.com\/fr\/wp-json\/wp\/v2\/pages"}],"about":[{"href":"https:\/\/tenerifepropertysales.demo4.respacio.com\/fr\/wp-json\/wp\/v2\/types\/page"}],"author":[{"embeddable":true,"href":"https:\/\/tenerifepropertysales.demo4.respacio.com\/fr\/wp-json\/wp\/v2\/users\/21"}],"replies":[{"embeddable":true,"href":"https:\/\/tenerifepropertysales.demo4.respacio.com\/fr\/wp-json\/wp\/v2\/comments?post=318151"}],"version-history":[{"count":1,"href":"https:\/\/tenerifepropertysales.demo4.respacio.com\/fr\/wp-json\/wp\/v2\/pages\/318151\/revisions"}],"predecessor-version":[{"id":318154,"href":"https:\/\/tenerifepropertysales.demo4.respacio.com\/fr\/wp-json\/wp\/v2\/pages\/318151\/revisions\/318154"}],"wp:attachment":[{"href":"https:\/\/tenerifepropertysales.demo4.respacio.com\/fr\/wp-json\/wp\/v2\/media?parent=318151"}],"wp:term":[{"taxonomy":"page-tag","embeddable":true,"href":"https:\/\/tenerifepropertysales.demo4.respacio.com\/fr\/wp-json\/wp\/v2\/page-tag?post=318151"}],"curies":[{"name":"wp","href":"https:\/\/api.w.org\/{rel}","templated":true}]}}