{"id":318176,"date":"2025-05-02T08:11:39","date_gmt":"2025-05-02T07:11:39","guid":{"rendered":"https:\/\/tenerifepropertysales.demo4.respacio.com\/vendez-avec-nous\/"},"modified":"2025-05-02T08:11:39","modified_gmt":"2025-05-02T07:11:39","slug":"vendez-avec-nous","status":"publish","type":"page","link":"https:\/\/tenerifepropertysales.demo4.respacio.com\/fr\/vendez-avec-nous\/","title":{"rendered":"Vendez avec nous"},"content":{"rendered":"\n<h2 class=\"wp-block-heading\" id=\"h-there-is-no-better-choice-than-to-market-your-property-exclusively-with-us\">Il n&rsquo;y a pas de meilleur choix que de commercialiser votre bien en exclusivit\u00e9 avec nous.  <\/h2>\n\n<p>Nous vous informons toujours des conditions du march\u00e9 et vous conseillons sur la commercialisation et la valeur de votre bien.  <\/p>\n\n<p>Votre propri\u00e9t\u00e9 sera annonc\u00e9e sur notre propre site web, sur diverses autres plateformes et une fiche publicitaire personnalis\u00e9e sera r\u00e9alis\u00e9e et annonc\u00e9e dans nos bureaux et sur les m\u00e9dias sociaux.  <\/p>\n\n<p>En nous confiant l&rsquo;exclusivit\u00e9 de la vente de votre propri\u00e9t\u00e9, nous ne r\u00e9duisons pas vos chances de vendre, mais nous les augmentons, car nous sommes tr\u00e8s proches de vous et nous collaborons avec l&rsquo;Association immobili\u00e8re de Tenerife Sud, Expertos Inmobiliarios et d&rsquo;autres agents au niveau local et international.  <\/p>\n\n<p>Toutes les visites sont accompagn\u00e9es par l&rsquo;un de nos experts commerciaux et nos assurances garantissent que vos cl\u00e9s sont en s\u00e9curit\u00e9 et que les clients qui visitent sont sous notre responsabilit\u00e9.  <\/p>\n\n<p>D\u00e8s r\u00e9ception d&rsquo;une offre, nous vous fournirons une analyse compl\u00e8te ainsi que nos conseils, ce qui vous permettra de prendre une d\u00e9cision en toute connaissance de cause. Nous vous lib\u00e9rons de toute pression, ce qui signifie que vous pouvez vous d\u00e9tendre pendant que nous r\u00e9glons toutes les questions juridiques et que nous veillons \u00e0 ce que toutes vos obligations en tant que vendeur soient respect\u00e9es. <\/p>\n\n<p>De l&rsquo;\u00e9valuation initiale \u00e0 la conclusion de la vente, nous vous guidons et vous aidons, prouvant ainsi que vous avez pris la bonne d\u00e9cision en nous confiant la commercialisation de votre bien.  <\/p>\n\n<p>M\u00eame apr\u00e8s la conclusion de la vente, nous continuons \u00e0 vous offrir nos services et nous serons toujours l\u00e0 pour vous aider ou vous conseiller \u00e0 l&rsquo;avenir.<\/p>\n\n<h2 class=\"wp-block-heading\" id=\"h-request-your-free-consultation-with-us-now\">Demandez-nous une consultation gratuite<\/h2>\n\n<div class=\"wpcf7 no-js\" id=\"wpcf7-f241183-o1\" lang=\"\" dir=\"ltr\" data-wpcf7-id=\"241183\">\n<div class=\"screen-reader-response\"><p role=\"status\" aria-live=\"polite\" aria-atomic=\"true\"><\/p> <ul><\/ul><\/div>\n<form action=\"\/fr\/wp-json\/wp\/v2\/pages\/318176#wpcf7-f241183-o1\" method=\"post\" class=\"wpcf7-form init\" aria-label=\"Formulaire de contact\" novalidate=\"novalidate\" data-status=\"init\">\n<div style=\"display: none;\">\n<input type=\"hidden\" name=\"_wpcf7\" value=\"241183\" \/>\n<input type=\"hidden\" name=\"_wpcf7_version\" value=\"6.0.3\" \/>\n<input type=\"hidden\" name=\"_wpcf7_locale\" value=\"\" \/>\n<input type=\"hidden\" name=\"_wpcf7_unit_tag\" value=\"wpcf7-f241183-o1\" \/>\n<input type=\"hidden\" name=\"_wpcf7_container_post\" value=\"0\" \/>\n<input type=\"hidden\" name=\"_wpcf7_posted_data_hash\" value=\"\" \/>\n<input type=\"hidden\" name=\"_wpcf7cf_hidden_group_fields\" value=\"[]\" \/>\n<input type=\"hidden\" name=\"_wpcf7cf_hidden_groups\" value=\"[]\" \/>\n<input type=\"hidden\" name=\"_wpcf7cf_visible_groups\" value=\"[]\" \/>\n<input type=\"hidden\" name=\"_wpcf7cf_repeaters\" value=\"[]\" \/>\n<input type=\"hidden\" name=\"_wpcf7cf_steps\" value=\"{}\" \/>\n<input type=\"hidden\" name=\"_wpcf7cf_options\" value=\"{&quot;form_id&quot;:241183,&quot;conditions&quot;:[],&quot;settings&quot;:{&quot;animation&quot;:&quot;yes&quot;,&quot;animation_intime&quot;:200,&quot;animation_outtime&quot;:200,&quot;conditions_ui&quot;:&quot;normal&quot;,&quot;notice_dismissed&quot;:false,&quot;regex_numeric&quot;:&quot;^[0-9]+$&quot;,&quot;regex_alphabetic&quot;:&quot;^[a-zA-Z]+$&quot;,&quot;regex_alphanumeric&quot;:&quot;^[a-zA-Z0-9]+$&quot;,&quot;regex_date&quot;:&quot;^(0?[1-9]|1[012])[- .](0?[1-9]|[12][0-9]|3[01])[- \\\/.](19|20)?[0-9]{2}$&quot;,&quot;regex_email&quot;:&quot;^[a-zA-Z0-9._%-]+@[a-zA-Z0-9.-]+.[a-zA-Z]{2,4}$&quot;,&quot;regex_numeric_label&quot;:&quot;numeric&quot;,&quot;regex_alphabetic_label&quot;:&quot;alphabetic&quot;,&quot;regex_alphanumeric_label&quot;:&quot;alphanumeric&quot;,&quot;regex_date_label&quot;:&quot;date&quot;,&quot;regex_email_label&quot;:&quot;email&quot;,&quot;regex_custom_1&quot;:&quot;&quot;,&quot;regex_custom_2&quot;:&quot;&quot;,&quot;regex_custom_3&quot;:&quot;&quot;,&quot;regex_custom_4&quot;:&quot;&quot;,&quot;regex_custom_5&quot;:&quot;&quot;,&quot;regex_custom_1_label&quot;:&quot;custom 1&quot;,&quot;regex_custom_2_label&quot;:&quot;custom 2&quot;,&quot;regex_custom_3_label&quot;:&quot;custom 3&quot;,&quot;regex_custom_4_label&quot;:&quot;custom 4&quot;,&quot;regex_custom_5_label&quot;:&quot;custom 5&quot;,&quot;notice_dismissed_rollback-cf7-5.8&quot;:true}}\" \/>\n<input type=\"hidden\" name=\"_wpcf7_recaptcha_response\" value=\"\" \/>\n<\/div>\n<div id=\"contact_page_form\">\n\t<div class=\"row\">\n\t\t<div class=\"col-sm-6 p-2\">\n\t\t\t<p><span class=\"wpcf7-form-control-wrap\" data-name=\"your-name\"><input size=\"40\" maxlength=\"400\" class=\"wpcf7-form-control wpcf7-text wpcf7-validates-as-required form-control\" aria-required=\"true\" aria-invalid=\"false\" placeholder=\"Name*\" value=\"\" type=\"text\" name=\"your-name\" \/><\/span>\n\t\t\t<\/p>\n\t\t<\/div>\n\t\t<div class=\"col-sm-6 p-2\">\n\t\t\t<p><span class=\"wpcf7-form-control-wrap\" data-name=\"your-sname\"><input size=\"40\" maxlength=\"400\" class=\"wpcf7-form-control wpcf7-text wpcf7-validates-as-required form-control\" aria-required=\"true\" aria-invalid=\"false\" placeholder=\"Surname*\" value=\"\" type=\"text\" name=\"your-sname\" \/><\/span>\n\t\t\t<\/p>\n\t\t<\/div>\n\t<\/div>\n\t<div class=\"row\">\n\t\t<div class=\"col-sm-6 p-2\">\n\t\t\t<p><span class=\"wpcf7-form-control-wrap\" data-name=\"your-phone\"><input size=\"40\" maxlength=\"400\" class=\"wpcf7-form-control wpcf7-tel wpcf7-validates-as-required wpcf7-text wpcf7-validates-as-tel form-control\" aria-required=\"true\" aria-invalid=\"false\" placeholder=\"Phone*\" value=\"\" type=\"tel\" name=\"your-phone\" \/><\/span>\n\t\t\t<\/p>\n\t\t<\/div>\n\t\t<div class=\"col-sm-6 p-2\">\n\t\t\t<p><span class=\"wpcf7-form-control-wrap\" data-name=\"your-email\"><input size=\"40\" maxlength=\"400\" class=\"wpcf7-form-control wpcf7-email wpcf7-validates-as-required wpcf7-text wpcf7-validates-as-email form-control\" aria-required=\"true\" aria-invalid=\"false\" placeholder=\"Email Address*\" value=\"\" type=\"email\" name=\"your-email\" \/><\/span>\n\t\t\t<\/p>\n\t\t<\/div>\n\t<\/div>\n\t<div class=\"row\">\n\t\t<div class=\"col-sm-12 p-2\">\n\t\t\t<p><span class=\"wpcf7-form-control-wrap\" data-name=\"your-message\"><textarea cols=\"34\" rows=\"4\" maxlength=\"2000\" class=\"wpcf7-form-control wpcf7-textarea form-control replace_message\" aria-invalid=\"false\" placeholder=\"Message\" name=\"your-message\"><\/textarea><\/span>\n\t\t\t<\/p>\n\t\t<\/div>\n\t<\/div>\n\t<div class=\"row\">\n\t\t<div class=\"col-sm-12 p-2 terms-on-white\">\n\t\t\t<p><span class=\"wpcf7-form-control-wrap\" data-name=\"privacy\"><span class=\"wpcf7-form-control wpcf7-acceptance\"><span class=\"wpcf7-list-item\"><label><input type=\"checkbox\" name=\"privacy\" value=\"1\" class=\"acceptance\" aria-invalid=\"false\" \/><span class=\"wpcf7-list-item-label\">I have read and accept the <a href=\"\/privacy-policy\/\" target=\"_blank\">Privacy agreement<\/a>, the <a \n  href=\"\/cookie-policy\/\" target=\"_blank\">Cookie agreement<\/a>, and the <a href=\"\/legal-policy\/\" target=\"_blank\">Legal agreement<\/a><\/span><\/label><\/span><\/span><\/span>\n\t\t\t<\/p>\n\t\t<\/div>\n\t<\/div>\n\t<div class=\"row\">\n\t\t<div class=\"col-sm-12 p-2\">\n\t\t\t<p><input class=\"wpcf7-form-control wpcf7-submit has-spinner form-control btn btn-primary\" type=\"submit\" value=\"Submit\" \/>\n\t\t\t<\/p>\n\t\t<\/div>\n\t<\/div>\n<\/div><div class=\"wpcf7-response-output\" aria-hidden=\"true\"><\/div>\n<\/form>\n<\/div>\n\n","protected":false},"excerpt":{"rendered":"<p>Il n&rsquo;y a pas de meilleur choix que de commercialiser votre bien en exclusivit\u00e9 avec nous. Nous vous informons toujours des conditions du march\u00e9 et vous conseillons sur la commercialisation et la valeur de votre bien. Votre propri\u00e9t\u00e9 sera annonc\u00e9e sur notre propre site web, sur diverses autres plateformes et une fiche publicitaire personnalis\u00e9e sera [&#8230;]<\/p>\n<p><a class=\"btn btn-secondary respacio-read-more-link\" href=\"https:\/\/tenerifepropertysales.demo4.respacio.com\/fr\/vendez-avec-nous\/\">Read More&#8230;<\/a><\/p>\n","protected":false},"author":2,"featured_media":318178,"parent":0,"menu_order":0,"comment_status":"closed","ping_status":"closed","template":"","meta":{"_uag_custom_page_level_css":"","ub_ctt_via":"","footnotes":""},"page-tag":[],"class_list":["post-318176","page","type-page","status-publish","has-post-thumbnail","hentry"],"acf":[],"featured_image_src":"https:\/\/tenerifepropertysales.demo4.respacio.com\/wp-content\/uploads\/2024\/11\/Photo-22-10-24-12-39-20-scaled.jpg","yoast_head":"<!-- This site is optimized with the Yoast SEO Premium plugin v21.2 (Yoast SEO v24.4) - https:\/\/yoast.com\/wordpress\/plugins\/seo\/ -->\n<title>Vendez avec nous - Paul Ruane - Los Gigantes Properties<\/title>\n<meta name=\"robots\" content=\"noindex, follow, max-snippet:-1, max-image-preview:large, max-video-preview:-1\" \/>\n<meta property=\"og:locale\" content=\"fr_FR\" \/>\n<meta property=\"og:type\" content=\"article\" \/>\n<meta property=\"og:title\" content=\"Vendez avec nous\" \/>\n<meta property=\"og:description\" content=\"Il n&rsquo;y a pas de meilleur choix que de commercialiser votre bien en exclusivit\u00e9 avec nous. Nous vous informons toujours des conditions du march\u00e9 et vous conseillons sur la commercialisation et la valeur de votre bien. Votre propri\u00e9t\u00e9 sera annonc\u00e9e sur notre propre site web, sur diverses autres plateformes et une fiche publicitaire personnalis\u00e9e sera [...]Read More...\" \/>\n<meta property=\"og:url\" content=\"https:\/\/tenerifepropertysales.demo4.respacio.com\/fr\/vendez-avec-nous\/\" \/>\n<meta property=\"og:site_name\" content=\"Paul Ruane - Los Gigantes Properties\" \/>\n<meta property=\"og:image\" content=\"https:\/\/tenerifepropertysales.demo4.respacio.com\/wp-content\/uploads\/2024\/11\/Photo-22-10-24-12-39-20-1024x768.jpg\" \/>\n<meta name=\"twitter:card\" content=\"summary_large_image\" \/>\n<meta name=\"twitter:image\" content=\"https:\/\/tenerifepropertysales.demo4.respacio.com\/wp-content\/uploads\/2024\/11\/Photo-22-10-24-12-39-20-1024x768.jpg\" \/>\n<meta name=\"twitter:label1\" content=\"Dur\u00e9e de lecture estim\u00e9e\" \/>\n\t<meta name=\"twitter:data1\" content=\"2 minutes\" \/>\n<script type=\"application\/ld+json\" class=\"yoast-schema-graph\">{\"@context\":\"https:\/\/schema.org\",\"@graph\":[{\"@type\":\"WebPage\",\"@id\":\"https:\/\/tenerifepropertysales.demo4.respacio.com\/fr\/vendez-avec-nous\/\",\"url\":\"https:\/\/tenerifepropertysales.demo4.respacio.com\/fr\/vendez-avec-nous\/\",\"name\":\"Vendez avec nous - Paul Ruane - Los Gigantes Properties\",\"isPartOf\":{\"@id\":\"https:\/\/tenerifepropertysales.demo4.respacio.com\/fr\/#website\"},\"primaryImageOfPage\":{\"@id\":\"https:\/\/tenerifepropertysales.demo4.respacio.com\/fr\/vendez-avec-nous\/#primaryimage\"},\"image\":{\"@id\":\"https:\/\/tenerifepropertysales.demo4.respacio.com\/fr\/vendez-avec-nous\/#primaryimage\"},\"thumbnailUrl\":\"https:\/\/tenerifepropertysales.demo4.respacio.com\/wp-content\/uploads\/2024\/11\/Photo-22-10-24-12-39-20-scaled.jpg\",\"datePublished\":\"2025-05-02T07:11:39+00:00\",\"breadcrumb\":{\"@id\":\"https:\/\/tenerifepropertysales.demo4.respacio.com\/fr\/vendez-avec-nous\/#breadcrumb\"},\"inLanguage\":\"fr-FR\",\"potentialAction\":[{\"@type\":\"ReadAction\",\"target\":[\"https:\/\/tenerifepropertysales.demo4.respacio.com\/fr\/vendez-avec-nous\/\"]}]},{\"@type\":\"ImageObject\",\"inLanguage\":\"fr-FR\",\"@id\":\"https:\/\/tenerifepropertysales.demo4.respacio.com\/fr\/vendez-avec-nous\/#primaryimage\",\"url\":\"https:\/\/tenerifepropertysales.demo4.respacio.com\/wp-content\/uploads\/2024\/11\/Photo-22-10-24-12-39-20-scaled.jpg\",\"contentUrl\":\"https:\/\/tenerifepropertysales.demo4.respacio.com\/wp-content\/uploads\/2024\/11\/Photo-22-10-24-12-39-20-scaled.jpg\",\"width\":2560,\"height\":1920},{\"@type\":\"BreadcrumbList\",\"@id\":\"https:\/\/tenerifepropertysales.demo4.respacio.com\/fr\/vendez-avec-nous\/#breadcrumb\",\"itemListElement\":[{\"@type\":\"ListItem\",\"position\":1,\"name\":\"Accueil\",\"item\":\"https:\/\/tenerifepropertysales.demo4.respacio.com\/fr\/premiere-page\/\"},{\"@type\":\"ListItem\",\"position\":2,\"name\":\"Vendez avec nous\"}]},{\"@type\":\"WebSite\",\"@id\":\"https:\/\/tenerifepropertysales.demo4.respacio.com\/fr\/#website\",\"url\":\"https:\/\/tenerifepropertysales.demo4.respacio.com\/fr\/\",\"name\":\"Paul Ruane - Los Gigantes Properties\",\"description\":\"Propri\u00e9t\u00e9s de Los Gigantes\",\"publisher\":{\"@id\":\"https:\/\/tenerifepropertysales.demo4.respacio.com\/fr\/#organization\"},\"inLanguage\":\"fr-FR\"},{\"@type\":\"Organization\",\"@id\":\"https:\/\/tenerifepropertysales.demo4.respacio.com\/fr\/#organization\",\"name\":\"Paul Ruane - Los Gigantes Properties\",\"url\":\"https:\/\/tenerifepropertysales.demo4.respacio.com\/fr\/\",\"logo\":{\"@type\":\"ImageObject\",\"inLanguage\":\"fr-FR\",\"@id\":\"https:\/\/tenerifepropertysales.demo4.respacio.com\/fr\/#\/schema\/logo\/image\/\",\"url\":\"https:\/\/tenerifepropertysales.demo4.respacio.com\/wp-content\/uploads\/2020\/04\/logo-white-1.png\",\"contentUrl\":\"https:\/\/tenerifepropertysales.demo4.respacio.com\/wp-content\/uploads\/2020\/04\/logo-white-1.png\",\"width\":273,\"height\":59,\"caption\":\"Paul Ruane - Los Gigantes Properties\"},\"image\":{\"@id\":\"https:\/\/tenerifepropertysales.demo4.respacio.com\/fr\/#\/schema\/logo\/image\/\"}}]}<\/script>\n<!-- \/ Yoast SEO Premium plugin. -->","yoast_head_json":{"title":"Vendez avec nous - Paul Ruane - Los Gigantes Properties","robots":{"index":"noindex","follow":"follow","max-snippet":"max-snippet:-1","max-image-preview":"max-image-preview:large","max-video-preview":"max-video-preview:-1"},"og_locale":"fr_FR","og_type":"article","og_title":"Vendez avec nous","og_description":"Il n&rsquo;y a pas de meilleur choix que de commercialiser votre bien en exclusivit\u00e9 avec nous. Nous vous informons toujours des conditions du march\u00e9 et vous conseillons sur la commercialisation et la valeur de votre bien. Votre propri\u00e9t\u00e9 sera annonc\u00e9e sur notre propre site web, sur diverses autres plateformes et une fiche publicitaire personnalis\u00e9e sera [...]Read More...","og_url":"https:\/\/tenerifepropertysales.demo4.respacio.com\/fr\/vendez-avec-nous\/","og_site_name":"Paul Ruane - Los Gigantes Properties","og_image":[{"url":"https:\/\/tenerifepropertysales.demo4.respacio.com\/wp-content\/uploads\/2024\/11\/Photo-22-10-24-12-39-20-1024x768.jpg","type":"","width":"","height":""}],"twitter_card":"summary_large_image","twitter_image":"https:\/\/tenerifepropertysales.demo4.respacio.com\/wp-content\/uploads\/2024\/11\/Photo-22-10-24-12-39-20-1024x768.jpg","twitter_misc":{"Dur\u00e9e de lecture estim\u00e9e":"2 minutes"},"schema":{"@context":"https:\/\/schema.org","@graph":[{"@type":"WebPage","@id":"https:\/\/tenerifepropertysales.demo4.respacio.com\/fr\/vendez-avec-nous\/","url":"https:\/\/tenerifepropertysales.demo4.respacio.com\/fr\/vendez-avec-nous\/","name":"Vendez avec nous - Paul Ruane - Los Gigantes Properties","isPartOf":{"@id":"https:\/\/tenerifepropertysales.demo4.respacio.com\/fr\/#website"},"primaryImageOfPage":{"@id":"https:\/\/tenerifepropertysales.demo4.respacio.com\/fr\/vendez-avec-nous\/#primaryimage"},"image":{"@id":"https:\/\/tenerifepropertysales.demo4.respacio.com\/fr\/vendez-avec-nous\/#primaryimage"},"thumbnailUrl":"https:\/\/tenerifepropertysales.demo4.respacio.com\/wp-content\/uploads\/2024\/11\/Photo-22-10-24-12-39-20-scaled.jpg","datePublished":"2025-05-02T07:11:39+00:00","breadcrumb":{"@id":"https:\/\/tenerifepropertysales.demo4.respacio.com\/fr\/vendez-avec-nous\/#breadcrumb"},"inLanguage":"fr-FR","potentialAction":[{"@type":"ReadAction","target":["https:\/\/tenerifepropertysales.demo4.respacio.com\/fr\/vendez-avec-nous\/"]}]},{"@type":"ImageObject","inLanguage":"fr-FR","@id":"https:\/\/tenerifepropertysales.demo4.respacio.com\/fr\/vendez-avec-nous\/#primaryimage","url":"https:\/\/tenerifepropertysales.demo4.respacio.com\/wp-content\/uploads\/2024\/11\/Photo-22-10-24-12-39-20-scaled.jpg","contentUrl":"https:\/\/tenerifepropertysales.demo4.respacio.com\/wp-content\/uploads\/2024\/11\/Photo-22-10-24-12-39-20-scaled.jpg","width":2560,"height":1920},{"@type":"BreadcrumbList","@id":"https:\/\/tenerifepropertysales.demo4.respacio.com\/fr\/vendez-avec-nous\/#breadcrumb","itemListElement":[{"@type":"ListItem","position":1,"name":"Accueil","item":"https:\/\/tenerifepropertysales.demo4.respacio.com\/fr\/premiere-page\/"},{"@type":"ListItem","position":2,"name":"Vendez avec nous"}]},{"@type":"WebSite","@id":"https:\/\/tenerifepropertysales.demo4.respacio.com\/fr\/#website","url":"https:\/\/tenerifepropertysales.demo4.respacio.com\/fr\/","name":"Paul Ruane - Los Gigantes Properties","description":"Propri\u00e9t\u00e9s de Los Gigantes","publisher":{"@id":"https:\/\/tenerifepropertysales.demo4.respacio.com\/fr\/#organization"},"inLanguage":"fr-FR"},{"@type":"Organization","@id":"https:\/\/tenerifepropertysales.demo4.respacio.com\/fr\/#organization","name":"Paul Ruane - Los Gigantes Properties","url":"https:\/\/tenerifepropertysales.demo4.respacio.com\/fr\/","logo":{"@type":"ImageObject","inLanguage":"fr-FR","@id":"https:\/\/tenerifepropertysales.demo4.respacio.com\/fr\/#\/schema\/logo\/image\/","url":"https:\/\/tenerifepropertysales.demo4.respacio.com\/wp-content\/uploads\/2020\/04\/logo-white-1.png","contentUrl":"https:\/\/tenerifepropertysales.demo4.respacio.com\/wp-content\/uploads\/2020\/04\/logo-white-1.png","width":273,"height":59,"caption":"Paul Ruane - Los Gigantes Properties"},"image":{"@id":"https:\/\/tenerifepropertysales.demo4.respacio.com\/fr\/#\/schema\/logo\/image\/"}}]}},"uagb_featured_image_src":{"full":["https:\/\/tenerifepropertysales.demo4.respacio.com\/wp-content\/uploads\/2024\/11\/Photo-22-10-24-12-39-20-scaled.jpg",2560,1920,false],"thumbnail":["https:\/\/tenerifepropertysales.demo4.respacio.com\/wp-content\/uploads\/2024\/11\/Photo-22-10-24-12-39-20-150x150.jpg",150,150,true],"medium":["https:\/\/tenerifepropertysales.demo4.respacio.com\/wp-content\/uploads\/2024\/11\/Photo-22-10-24-12-39-20-300x225.jpg",300,225,true],"medium_large":["https:\/\/tenerifepropertysales.demo4.respacio.com\/wp-content\/uploads\/2024\/11\/Photo-22-10-24-12-39-20-768x576.jpg",640,480,true],"large":["https:\/\/tenerifepropertysales.demo4.respacio.com\/wp-content\/uploads\/2024\/11\/Photo-22-10-24-12-39-20-1024x768.jpg",640,480,true],"1536x1536":["https:\/\/tenerifepropertysales.demo4.respacio.com\/wp-content\/uploads\/2024\/11\/Photo-22-10-24-12-39-20-1536x1152.jpg",1536,1152,true],"2048x2048":["https:\/\/tenerifepropertysales.demo4.respacio.com\/wp-content\/uploads\/2024\/11\/Photo-22-10-24-12-39-20-2048x1536.jpg",2048,1536,true]},"uagb_author_info":{"display_name":"support@respacio.com","author_link":"https:\/\/tenerifepropertysales.demo4.respacio.com\/fr\/author\/supportrespacio-com\/"},"uagb_comment_info":0,"uagb_excerpt":"Il n&rsquo;y a pas de meilleur choix que de commercialiser votre bien en exclusivit\u00e9 avec nous. Nous vous informons toujours des conditions du march\u00e9 et vous conseillons sur la commercialisation et la valeur de votre bien. Votre propri\u00e9t\u00e9 sera annonc\u00e9e sur notre propre site web, sur diverses autres plateformes et une fiche publicitaire personnalis\u00e9e sera\u2026","_links":{"self":[{"href":"https:\/\/tenerifepropertysales.demo4.respacio.com\/fr\/wp-json\/wp\/v2\/pages\/318176","targetHints":{"allow":["GET"]}}],"collection":[{"href":"https:\/\/tenerifepropertysales.demo4.respacio.com\/fr\/wp-json\/wp\/v2\/pages"}],"about":[{"href":"https:\/\/tenerifepropertysales.demo4.respacio.com\/fr\/wp-json\/wp\/v2\/types\/page"}],"author":[{"embeddable":true,"href":"https:\/\/tenerifepropertysales.demo4.respacio.com\/fr\/wp-json\/wp\/v2\/users\/2"}],"replies":[{"embeddable":true,"href":"https:\/\/tenerifepropertysales.demo4.respacio.com\/fr\/wp-json\/wp\/v2\/comments?post=318176"}],"version-history":[{"count":1,"href":"https:\/\/tenerifepropertysales.demo4.respacio.com\/fr\/wp-json\/wp\/v2\/pages\/318176\/revisions"}],"predecessor-version":[{"id":318179,"href":"https:\/\/tenerifepropertysales.demo4.respacio.com\/fr\/wp-json\/wp\/v2\/pages\/318176\/revisions\/318179"}],"wp:featuredmedia":[{"embeddable":true,"href":"https:\/\/tenerifepropertysales.demo4.respacio.com\/fr\/wp-json\/wp\/v2\/media\/318178"}],"wp:attachment":[{"href":"https:\/\/tenerifepropertysales.demo4.respacio.com\/fr\/wp-json\/wp\/v2\/media?parent=318176"}],"wp:term":[{"taxonomy":"page-tag","embeddable":true,"href":"https:\/\/tenerifepropertysales.demo4.respacio.com\/fr\/wp-json\/wp\/v2\/page-tag?post=318176"}],"curies":[{"name":"wp","href":"https:\/\/api.w.org\/{rel}","templated":true}]}}