{"id":318180,"date":"2025-05-02T08:11:41","date_gmt":"2025-05-02T07:11:41","guid":{"rendered":"https:\/\/tenerifepropertysales.demo4.respacio.com\/services\/"},"modified":"2025-05-02T08:11:42","modified_gmt":"2025-05-02T07:11:42","slug":"services","status":"publish","type":"page","link":"https:\/\/tenerifepropertysales.demo4.respacio.com\/fr\/services\/","title":{"rendered":"Services"},"content":{"rendered":"\n<p>Lorsque vous achetez un bien immobilier \u00e0 l&rsquo;\u00e9tranger, vous devez garder \u00e0 l&rsquo;esprit que le syst\u00e8me juridique et les d\u00e9marches \u00e0 suivre peuvent \u00eatre tr\u00e8s diff\u00e9rents de ceux que vous avez connus auparavant. Il est compr\u00e9hensible que vous ayez de nombreuses questions et inqui\u00e9tudes. Los Gigantes Properties s.l. est une agence immobili\u00e8re qualifi\u00e9e, reconnue et \u00e9tablie, et un membre affili\u00e9 de l&rsquo;Association professionnelle des experts immobiliers d&rsquo;Espagne (Asociaci\u00f3n Profesional de Expertos Inmobiliarios de Espa\u00f1a), dont le num\u00e9ro de registre est le 1021.  <\/p>\n\n<p>Qu&rsquo;il s&rsquo;agisse de l&rsquo;achat d&rsquo;un studio, d&rsquo;un appartement, d&rsquo;une villa, d&rsquo;un commerce ou d&rsquo;un terrain, les conseils que nous vous donnons sont assur\u00e9s. Avec plus de 30 ans d&rsquo;exp\u00e9rience dans la vente de biens immobiliers aux \u00eeles Canaries, Paul Ruane et son \u00e9quipe de Los Gigantes Propertie s.l. vous offrent une expertise compl\u00e8te du march\u00e9 immobilier espagnol. <\/p>\n\n<p>Los Gigantes Properties s.l. vous offre la tranquillit\u00e9 d&rsquo;esprit et un service enti\u00e8rement professionnel et amical qui comprend :<\/p>\n\n<p class=\"has-text-align-center\"><strong>Une assistance compl\u00e8te du d\u00e9but \u00e0 la fin<\/strong><\/p>\n\n<p class=\"has-text-align-center\"><strong>Transmission compl\u00e8te de votre propri\u00e9t\u00e9, y compris les contrats, les traductions, les travaux juridiques et les num\u00e9ros d&rsquo;identification espagnols.<\/strong><\/p>\n\n<p class=\"has-text-align-center\"><strong>Garantir que toutes les transactions sont enti\u00e8rement l\u00e9gales et conformes aux exigences de la l\u00e9gislation espagnole.<\/strong><\/p>\n\n<p class=\"has-text-align-center\"><strong>Assistance pour les comptes bancaires, les transferts d&rsquo;argent et les hypoth\u00e8ques<\/strong><\/p>\n\n<p class=\"has-text-align-center\"><strong>Le transfert de tous les services publics et un service apr\u00e8s-vente in\u00e9gal\u00e9.<\/strong><\/p>\n\n<p>Vous trouverez ci-dessous une liste d\u00e9taill\u00e9e des autres services que nous pouvons vous proposer :<\/p>\n\n<ul class=\"wp-block-list\"><li>Testaments personnels<\/li><li>H\u00e9ritage<\/li><li>Procuration<\/li><li>Paperasserie\/convoyage<\/li><li>Patrimoine (imp\u00f4t des non-r\u00e9sidents)<\/li><li>Changements dans les services publics<\/li><li>Num\u00e9ros N.I.E.<\/li><li>Gestion de projet<\/li><\/ul>\n\n<p><\/p>\n","protected":false},"excerpt":{"rendered":"<p>Lorsque vous achetez un bien immobilier \u00e0 l&rsquo;\u00e9tranger, vous devez garder \u00e0 l&rsquo;esprit que le syst\u00e8me juridique et les d\u00e9marches \u00e0 suivre peuvent \u00eatre tr\u00e8s diff\u00e9rents de ceux que vous avez connus auparavant. Il est compr\u00e9hensible que vous ayez de nombreuses questions et inqui\u00e9tudes. Los Gigantes Properties s.l. est une agence immobili\u00e8re qualifi\u00e9e, reconnue et [&#8230;]<\/p>\n<p><a class=\"btn btn-secondary respacio-read-more-link\" href=\"https:\/\/tenerifepropertysales.demo4.respacio.com\/fr\/services\/\">Read More&#8230;<\/a><\/p>\n","protected":false},"author":2,"featured_media":318181,"parent":0,"menu_order":0,"comment_status":"closed","ping_status":"closed","template":"","meta":{"_uag_custom_page_level_css":"","ub_ctt_via":"","footnotes":""},"page-tag":[],"class_list":["post-318180","page","type-page","status-publish","has-post-thumbnail","hentry"],"acf":[],"featured_image_src":"https:\/\/tenerifepropertysales.demo4.respacio.com\/wp-content\/uploads\/2024\/11\/Photo-22-10-24-12-36-48-scaled.jpg","yoast_head":"<!-- This site is optimized with the Yoast SEO Premium plugin v21.2 (Yoast SEO v24.4) - https:\/\/yoast.com\/wordpress\/plugins\/seo\/ -->\n<title>Services - Paul Ruane - Los Gigantes Properties<\/title>\n<meta name=\"robots\" content=\"noindex, follow, max-snippet:-1, max-image-preview:large, max-video-preview:-1\" \/>\n<meta property=\"og:locale\" content=\"fr_FR\" \/>\n<meta property=\"og:type\" content=\"article\" \/>\n<meta property=\"og:title\" content=\"Services\" \/>\n<meta property=\"og:description\" content=\"Lorsque vous achetez un bien immobilier \u00e0 l&rsquo;\u00e9tranger, vous devez garder \u00e0 l&rsquo;esprit que le syst\u00e8me juridique et les d\u00e9marches \u00e0 suivre peuvent \u00eatre tr\u00e8s diff\u00e9rents de ceux que vous avez connus auparavant. Il est compr\u00e9hensible que vous ayez de nombreuses questions et inqui\u00e9tudes. Los Gigantes Properties s.l. est une agence immobili\u00e8re qualifi\u00e9e, reconnue et [...]Read More...\" \/>\n<meta property=\"og:url\" content=\"https:\/\/tenerifepropertysales.demo4.respacio.com\/fr\/services\/\" \/>\n<meta property=\"og:site_name\" content=\"Paul Ruane - Los Gigantes Properties\" \/>\n<meta property=\"article:modified_time\" content=\"2025-05-02T07:11:42+00:00\" \/>\n<meta property=\"og:image\" content=\"https:\/\/tenerifepropertysales.demo4.respacio.com\/wp-content\/uploads\/2024\/11\/Photo-22-10-24-12-36-48-1024x768.jpg\" \/>\n<meta name=\"twitter:card\" content=\"summary_large_image\" \/>\n<meta name=\"twitter:image\" content=\"https:\/\/tenerifepropertysales.demo4.respacio.com\/wp-content\/uploads\/2024\/11\/Photo-22-10-24-12-36-48-1024x768.jpg\" \/>\n<meta name=\"twitter:label1\" content=\"Dur\u00e9e de lecture estim\u00e9e\" \/>\n\t<meta name=\"twitter:data1\" content=\"1 minute\" \/>\n<script type=\"application\/ld+json\" class=\"yoast-schema-graph\">{\"@context\":\"https:\/\/schema.org\",\"@graph\":[{\"@type\":\"WebPage\",\"@id\":\"https:\/\/tenerifepropertysales.demo4.respacio.com\/fr\/services\/\",\"url\":\"https:\/\/tenerifepropertysales.demo4.respacio.com\/fr\/services\/\",\"name\":\"Services - Paul Ruane - Los Gigantes Properties\",\"isPartOf\":{\"@id\":\"https:\/\/tenerifepropertysales.demo4.respacio.com\/fr\/#website\"},\"primaryImageOfPage\":{\"@id\":\"https:\/\/tenerifepropertysales.demo4.respacio.com\/fr\/services\/#primaryimage\"},\"image\":{\"@id\":\"https:\/\/tenerifepropertysales.demo4.respacio.com\/fr\/services\/#primaryimage\"},\"thumbnailUrl\":\"https:\/\/tenerifepropertysales.demo4.respacio.com\/wp-content\/uploads\/2024\/11\/Photo-22-10-24-12-36-48-scaled.jpg\",\"datePublished\":\"2025-05-02T07:11:41+00:00\",\"dateModified\":\"2025-05-02T07:11:42+00:00\",\"breadcrumb\":{\"@id\":\"https:\/\/tenerifepropertysales.demo4.respacio.com\/fr\/services\/#breadcrumb\"},\"inLanguage\":\"fr-FR\",\"potentialAction\":[{\"@type\":\"ReadAction\",\"target\":[\"https:\/\/tenerifepropertysales.demo4.respacio.com\/fr\/services\/\"]}]},{\"@type\":\"ImageObject\",\"inLanguage\":\"fr-FR\",\"@id\":\"https:\/\/tenerifepropertysales.demo4.respacio.com\/fr\/services\/#primaryimage\",\"url\":\"https:\/\/tenerifepropertysales.demo4.respacio.com\/wp-content\/uploads\/2024\/11\/Photo-22-10-24-12-36-48-scaled.jpg\",\"contentUrl\":\"https:\/\/tenerifepropertysales.demo4.respacio.com\/wp-content\/uploads\/2024\/11\/Photo-22-10-24-12-36-48-scaled.jpg\",\"width\":2560,\"height\":1920},{\"@type\":\"BreadcrumbList\",\"@id\":\"https:\/\/tenerifepropertysales.demo4.respacio.com\/fr\/services\/#breadcrumb\",\"itemListElement\":[{\"@type\":\"ListItem\",\"position\":1,\"name\":\"Accueil\",\"item\":\"https:\/\/tenerifepropertysales.demo4.respacio.com\/fr\/premiere-page\/\"},{\"@type\":\"ListItem\",\"position\":2,\"name\":\"Services\"}]},{\"@type\":\"WebSite\",\"@id\":\"https:\/\/tenerifepropertysales.demo4.respacio.com\/fr\/#website\",\"url\":\"https:\/\/tenerifepropertysales.demo4.respacio.com\/fr\/\",\"name\":\"Paul Ruane - Los Gigantes Properties\",\"description\":\"Propri\u00e9t\u00e9s de Los Gigantes\",\"publisher\":{\"@id\":\"https:\/\/tenerifepropertysales.demo4.respacio.com\/fr\/#organization\"},\"inLanguage\":\"fr-FR\"},{\"@type\":\"Organization\",\"@id\":\"https:\/\/tenerifepropertysales.demo4.respacio.com\/fr\/#organization\",\"name\":\"Paul Ruane - Los Gigantes Properties\",\"url\":\"https:\/\/tenerifepropertysales.demo4.respacio.com\/fr\/\",\"logo\":{\"@type\":\"ImageObject\",\"inLanguage\":\"fr-FR\",\"@id\":\"https:\/\/tenerifepropertysales.demo4.respacio.com\/fr\/#\/schema\/logo\/image\/\",\"url\":\"https:\/\/tenerifepropertysales.demo4.respacio.com\/wp-content\/uploads\/2020\/04\/logo-white-1.png\",\"contentUrl\":\"https:\/\/tenerifepropertysales.demo4.respacio.com\/wp-content\/uploads\/2020\/04\/logo-white-1.png\",\"width\":273,\"height\":59,\"caption\":\"Paul Ruane - Los Gigantes Properties\"},\"image\":{\"@id\":\"https:\/\/tenerifepropertysales.demo4.respacio.com\/fr\/#\/schema\/logo\/image\/\"}}]}<\/script>\n<!-- \/ Yoast SEO Premium plugin. -->","yoast_head_json":{"title":"Services - Paul Ruane - Los Gigantes Properties","robots":{"index":"noindex","follow":"follow","max-snippet":"max-snippet:-1","max-image-preview":"max-image-preview:large","max-video-preview":"max-video-preview:-1"},"og_locale":"fr_FR","og_type":"article","og_title":"Services","og_description":"Lorsque vous achetez un bien immobilier \u00e0 l&rsquo;\u00e9tranger, vous devez garder \u00e0 l&rsquo;esprit que le syst\u00e8me juridique et les d\u00e9marches \u00e0 suivre peuvent \u00eatre tr\u00e8s diff\u00e9rents de ceux que vous avez connus auparavant. Il est compr\u00e9hensible que vous ayez de nombreuses questions et inqui\u00e9tudes. Los Gigantes Properties s.l. est une agence immobili\u00e8re qualifi\u00e9e, reconnue et [...]Read More...","og_url":"https:\/\/tenerifepropertysales.demo4.respacio.com\/fr\/services\/","og_site_name":"Paul Ruane - Los Gigantes Properties","article_modified_time":"2025-05-02T07:11:42+00:00","og_image":[{"url":"https:\/\/tenerifepropertysales.demo4.respacio.com\/wp-content\/uploads\/2024\/11\/Photo-22-10-24-12-36-48-1024x768.jpg","type":"","width":"","height":""}],"twitter_card":"summary_large_image","twitter_image":"https:\/\/tenerifepropertysales.demo4.respacio.com\/wp-content\/uploads\/2024\/11\/Photo-22-10-24-12-36-48-1024x768.jpg","twitter_misc":{"Dur\u00e9e de lecture estim\u00e9e":"1 minute"},"schema":{"@context":"https:\/\/schema.org","@graph":[{"@type":"WebPage","@id":"https:\/\/tenerifepropertysales.demo4.respacio.com\/fr\/services\/","url":"https:\/\/tenerifepropertysales.demo4.respacio.com\/fr\/services\/","name":"Services - Paul Ruane - Los Gigantes Properties","isPartOf":{"@id":"https:\/\/tenerifepropertysales.demo4.respacio.com\/fr\/#website"},"primaryImageOfPage":{"@id":"https:\/\/tenerifepropertysales.demo4.respacio.com\/fr\/services\/#primaryimage"},"image":{"@id":"https:\/\/tenerifepropertysales.demo4.respacio.com\/fr\/services\/#primaryimage"},"thumbnailUrl":"https:\/\/tenerifepropertysales.demo4.respacio.com\/wp-content\/uploads\/2024\/11\/Photo-22-10-24-12-36-48-scaled.jpg","datePublished":"2025-05-02T07:11:41+00:00","dateModified":"2025-05-02T07:11:42+00:00","breadcrumb":{"@id":"https:\/\/tenerifepropertysales.demo4.respacio.com\/fr\/services\/#breadcrumb"},"inLanguage":"fr-FR","potentialAction":[{"@type":"ReadAction","target":["https:\/\/tenerifepropertysales.demo4.respacio.com\/fr\/services\/"]}]},{"@type":"ImageObject","inLanguage":"fr-FR","@id":"https:\/\/tenerifepropertysales.demo4.respacio.com\/fr\/services\/#primaryimage","url":"https:\/\/tenerifepropertysales.demo4.respacio.com\/wp-content\/uploads\/2024\/11\/Photo-22-10-24-12-36-48-scaled.jpg","contentUrl":"https:\/\/tenerifepropertysales.demo4.respacio.com\/wp-content\/uploads\/2024\/11\/Photo-22-10-24-12-36-48-scaled.jpg","width":2560,"height":1920},{"@type":"BreadcrumbList","@id":"https:\/\/tenerifepropertysales.demo4.respacio.com\/fr\/services\/#breadcrumb","itemListElement":[{"@type":"ListItem","position":1,"name":"Accueil","item":"https:\/\/tenerifepropertysales.demo4.respacio.com\/fr\/premiere-page\/"},{"@type":"ListItem","position":2,"name":"Services"}]},{"@type":"WebSite","@id":"https:\/\/tenerifepropertysales.demo4.respacio.com\/fr\/#website","url":"https:\/\/tenerifepropertysales.demo4.respacio.com\/fr\/","name":"Paul Ruane - Los Gigantes Properties","description":"Propri\u00e9t\u00e9s de Los Gigantes","publisher":{"@id":"https:\/\/tenerifepropertysales.demo4.respacio.com\/fr\/#organization"},"inLanguage":"fr-FR"},{"@type":"Organization","@id":"https:\/\/tenerifepropertysales.demo4.respacio.com\/fr\/#organization","name":"Paul Ruane - Los Gigantes Properties","url":"https:\/\/tenerifepropertysales.demo4.respacio.com\/fr\/","logo":{"@type":"ImageObject","inLanguage":"fr-FR","@id":"https:\/\/tenerifepropertysales.demo4.respacio.com\/fr\/#\/schema\/logo\/image\/","url":"https:\/\/tenerifepropertysales.demo4.respacio.com\/wp-content\/uploads\/2020\/04\/logo-white-1.png","contentUrl":"https:\/\/tenerifepropertysales.demo4.respacio.com\/wp-content\/uploads\/2020\/04\/logo-white-1.png","width":273,"height":59,"caption":"Paul Ruane - Los Gigantes Properties"},"image":{"@id":"https:\/\/tenerifepropertysales.demo4.respacio.com\/fr\/#\/schema\/logo\/image\/"}}]}},"uagb_featured_image_src":{"full":["https:\/\/tenerifepropertysales.demo4.respacio.com\/wp-content\/uploads\/2024\/11\/Photo-22-10-24-12-36-48-scaled.jpg",2560,1920,false],"thumbnail":["https:\/\/tenerifepropertysales.demo4.respacio.com\/wp-content\/uploads\/2024\/11\/Photo-22-10-24-12-36-48-150x150.jpg",150,150,true],"medium":["https:\/\/tenerifepropertysales.demo4.respacio.com\/wp-content\/uploads\/2024\/11\/Photo-22-10-24-12-36-48-300x225.jpg",300,225,true],"medium_large":["https:\/\/tenerifepropertysales.demo4.respacio.com\/wp-content\/uploads\/2024\/11\/Photo-22-10-24-12-36-48-768x576.jpg",640,480,true],"large":["https:\/\/tenerifepropertysales.demo4.respacio.com\/wp-content\/uploads\/2024\/11\/Photo-22-10-24-12-36-48-1024x768.jpg",640,480,true],"1536x1536":["https:\/\/tenerifepropertysales.demo4.respacio.com\/wp-content\/uploads\/2024\/11\/Photo-22-10-24-12-36-48-1536x1152.jpg",1536,1152,true],"2048x2048":["https:\/\/tenerifepropertysales.demo4.respacio.com\/wp-content\/uploads\/2024\/11\/Photo-22-10-24-12-36-48-2048x1536.jpg",2048,1536,true]},"uagb_author_info":{"display_name":"support@respacio.com","author_link":"https:\/\/tenerifepropertysales.demo4.respacio.com\/fr\/author\/supportrespacio-com\/"},"uagb_comment_info":0,"uagb_excerpt":"Lorsque vous achetez un bien immobilier \u00e0 l&rsquo;\u00e9tranger, vous devez garder \u00e0 l&rsquo;esprit que le syst\u00e8me juridique et les d\u00e9marches \u00e0 suivre peuvent \u00eatre tr\u00e8s diff\u00e9rents de ceux que vous avez connus auparavant. Il est compr\u00e9hensible que vous ayez de nombreuses questions et inqui\u00e9tudes. Los Gigantes Properties s.l. est une agence immobili\u00e8re qualifi\u00e9e, reconnue et\u2026","_links":{"self":[{"href":"https:\/\/tenerifepropertysales.demo4.respacio.com\/fr\/wp-json\/wp\/v2\/pages\/318180","targetHints":{"allow":["GET"]}}],"collection":[{"href":"https:\/\/tenerifepropertysales.demo4.respacio.com\/fr\/wp-json\/wp\/v2\/pages"}],"about":[{"href":"https:\/\/tenerifepropertysales.demo4.respacio.com\/fr\/wp-json\/wp\/v2\/types\/page"}],"author":[{"embeddable":true,"href":"https:\/\/tenerifepropertysales.demo4.respacio.com\/fr\/wp-json\/wp\/v2\/users\/2"}],"replies":[{"embeddable":true,"href":"https:\/\/tenerifepropertysales.demo4.respacio.com\/fr\/wp-json\/wp\/v2\/comments?post=318180"}],"version-history":[{"count":1,"href":"https:\/\/tenerifepropertysales.demo4.respacio.com\/fr\/wp-json\/wp\/v2\/pages\/318180\/revisions"}],"predecessor-version":[{"id":318183,"href":"https:\/\/tenerifepropertysales.demo4.respacio.com\/fr\/wp-json\/wp\/v2\/pages\/318180\/revisions\/318183"}],"wp:featuredmedia":[{"embeddable":true,"href":"https:\/\/tenerifepropertysales.demo4.respacio.com\/fr\/wp-json\/wp\/v2\/media\/318181"}],"wp:attachment":[{"href":"https:\/\/tenerifepropertysales.demo4.respacio.com\/fr\/wp-json\/wp\/v2\/media?parent=318180"}],"wp:term":[{"taxonomy":"page-tag","embeddable":true,"href":"https:\/\/tenerifepropertysales.demo4.respacio.com\/fr\/wp-json\/wp\/v2\/page-tag?post=318180"}],"curies":[{"name":"wp","href":"https:\/\/api.w.org\/{rel}","templated":true}]}}