{"id":318219,"date":"2025-05-02T08:11:54","date_gmt":"2025-05-02T07:11:54","guid":{"rendered":"https:\/\/tenerifepropertysales.demo4.respacio.com\/rencontrez-lequipe\/"},"modified":"2025-05-02T08:11:55","modified_gmt":"2025-05-02T07:11:55","slug":"rencontrez-lequipe","status":"publish","type":"page","link":"https:\/\/tenerifepropertysales.demo4.respacio.com\/fr\/rencontrez-lequipe\/","title":{"rendered":"Rencontrez l&rsquo;\u00e9quipe"},"content":{"rendered":"\n<div class=\"wp-block-uagb-container uagb-block-66216e1b default uagb-is-root-container\">\n<p>L&rsquo;\u00e9quipe de Los Gigantes Properties S.L. est professionnelle, exp\u00e9riment\u00e9e, multilingue et conna\u00eet parfaitement les proc\u00e9dures d&rsquo;achat \u00e0 Tenerife.<\/p>\n\n\n<div class=\"w-100 parent-to-remove wrapper-433990940\"><div class=\"col-12 px-0\"><div class=\"d-flex pt-0 pb-3 inner-container-433990940 carousel-slide no-ajax-loader\" data-slick='{\"dots\": true,\"slidesToShow\": 3,\"responsive\":[{\"breakpoint\": 1400,\"settings\":{\"slidesToShow\": 3,\"slidesToScroll\": 1}},{\"breakpoint\": 1200,\"settings\": {\"slidesToShow\": 3,\"slidesToScroll\": 1}},{\"breakpoint\": 992,\"settings\": {\"slidesToShow\": 2,\"slidesToScroll\": 1}},{\"breakpoint\": 768,\"settings\": {\"arrows\": false,\"slidesToShow\": 1,\"slidesToScroll\": 1}}]}'><div class=\"respacio_loop_card respacio_loop_card_with_wrapper col-12 py-3 col-lg-12 px-3\"><a href=\"https:\/\/tenerifepropertysales.demo4.respacio.com\/fr\/team\/paul-ruane\/\" class=\"testimoniallink\"><div class=\"card teamslidercard p-0 m-0 h-100 rounded-0\" data-lazy-url=\"https:\/\/tenerifepropertysales.demo4.respacio.com\/wp-content\/uploads\/2020\/04\/Photo-9-4-24-11-08-04-2-768x1152.jpg\"><div class=\"card-body d-flex align-items-end justify-content-center\"><div class=\"slider-bottom-title\">Paul Ruane<\/div><\/div><\/div><\/a><\/div><div class=\"respacio_loop_card respacio_loop_card_with_wrapper col-12 py-3 col-lg-12 px-3\"><a href=\"https:\/\/tenerifepropertysales.demo4.respacio.com\/fr\/team\/nicky-wragg\/\" class=\"testimoniallink\"><div class=\"card teamslidercard p-0 m-0 h-100 rounded-0\" data-lazy-url=\"https:\/\/tenerifepropertysales.demo4.respacio.com\/wp-content\/uploads\/2020\/04\/Photo-13-6-24-13-26-15-768x1024.jpg\"><div class=\"card-body d-flex align-items-end justify-content-center\"><div class=\"slider-bottom-title\">Nicky Wragg<\/div><\/div><\/div><\/a><\/div><div class=\"respacio_loop_card respacio_loop_card_with_wrapper col-12 py-3 col-lg-12 px-3\"><a href=\"https:\/\/tenerifepropertysales.demo4.respacio.com\/fr\/team\/kerrie-stone\/\" class=\"testimoniallink\"><div class=\"card teamslidercard p-0 m-0 h-100 rounded-0\" data-lazy-url=\"https:\/\/tenerifepropertysales.demo4.respacio.com\/wp-content\/uploads\/2020\/04\/Photo-13-6-24-13-24-20-768x1024.jpg\"><div class=\"card-body d-flex align-items-end justify-content-center\"><div class=\"slider-bottom-title\">Kerrie Stone<\/div><\/div><\/div><\/a><\/div><\/div><\/div><\/div><\/div>\n","protected":false},"excerpt":{"rendered":"<p>L&rsquo;\u00e9quipe de Los Gigantes Properties S.L. est professionnelle, exp\u00e9riment\u00e9e, multilingue et conna\u00eet parfaitement les proc\u00e9dures d&rsquo;achat \u00e0 Tenerife. [&#8230;]<\/p>\n<p><a class=\"btn btn-secondary respacio-read-more-link\" href=\"https:\/\/tenerifepropertysales.demo4.respacio.com\/fr\/rencontrez-lequipe\/\">Read More&#8230;<\/a><\/p>\n","protected":false},"author":2,"featured_media":318221,"parent":0,"menu_order":0,"comment_status":"closed","ping_status":"closed","template":"","meta":{"_uag_custom_page_level_css":"","ub_ctt_via":"","footnotes":""},"page-tag":[],"class_list":["post-318219","page","type-page","status-publish","has-post-thumbnail","hentry"],"acf":[],"featured_image_src":"https:\/\/tenerifepropertysales.demo4.respacio.com\/wp-content\/uploads\/2020\/04\/030A8787-min.jpg","yoast_head":"<!-- This site is optimized with the Yoast SEO Premium plugin v21.2 (Yoast SEO v24.4) - https:\/\/yoast.com\/wordpress\/plugins\/seo\/ -->\n<title>Rencontrez l&#039;\u00e9quipe - Paul Ruane - Los Gigantes Properties<\/title>\n<meta name=\"robots\" content=\"noindex, follow, max-snippet:-1, max-image-preview:large, max-video-preview:-1\" \/>\n<meta property=\"og:locale\" content=\"fr_FR\" \/>\n<meta property=\"og:type\" content=\"article\" \/>\n<meta property=\"og:title\" content=\"Rencontrez l&#039;\u00e9quipe\" \/>\n<meta property=\"og:description\" content=\"L&rsquo;\u00e9quipe de Los Gigantes Properties S.L. est professionnelle, exp\u00e9riment\u00e9e, multilingue et conna\u00eet parfaitement les proc\u00e9dures d&rsquo;achat \u00e0 Tenerife. [...]Read More...\" \/>\n<meta property=\"og:url\" content=\"https:\/\/tenerifepropertysales.demo4.respacio.com\/fr\/rencontrez-lequipe\/\" \/>\n<meta property=\"og:site_name\" content=\"Paul Ruane - Los Gigantes Properties\" \/>\n<meta property=\"article:modified_time\" content=\"2025-05-02T07:11:55+00:00\" \/>\n<meta property=\"og:image\" content=\"https:\/\/tenerifepropertysales.demo4.respacio.com\/wp-content\/uploads\/2020\/04\/030A8787-min-1024x683.jpg\" \/>\n<meta name=\"twitter:card\" content=\"summary_large_image\" \/>\n<meta name=\"twitter:image\" content=\"https:\/\/tenerifepropertysales.demo4.respacio.com\/wp-content\/uploads\/2020\/04\/030A8787-min-1024x683.jpg\" \/>\n<script type=\"application\/ld+json\" class=\"yoast-schema-graph\">{\"@context\":\"https:\/\/schema.org\",\"@graph\":[{\"@type\":\"WebPage\",\"@id\":\"https:\/\/tenerifepropertysales.demo4.respacio.com\/fr\/rencontrez-lequipe\/\",\"url\":\"https:\/\/tenerifepropertysales.demo4.respacio.com\/fr\/rencontrez-lequipe\/\",\"name\":\"Rencontrez l'\u00e9quipe - Paul Ruane - Los Gigantes Properties\",\"isPartOf\":{\"@id\":\"https:\/\/tenerifepropertysales.demo4.respacio.com\/fr\/#website\"},\"primaryImageOfPage\":{\"@id\":\"https:\/\/tenerifepropertysales.demo4.respacio.com\/fr\/rencontrez-lequipe\/#primaryimage\"},\"image\":{\"@id\":\"https:\/\/tenerifepropertysales.demo4.respacio.com\/fr\/rencontrez-lequipe\/#primaryimage\"},\"thumbnailUrl\":\"https:\/\/tenerifepropertysales.demo4.respacio.com\/wp-content\/uploads\/2020\/04\/030A8787-min.jpg\",\"datePublished\":\"2025-05-02T07:11:54+00:00\",\"dateModified\":\"2025-05-02T07:11:55+00:00\",\"breadcrumb\":{\"@id\":\"https:\/\/tenerifepropertysales.demo4.respacio.com\/fr\/rencontrez-lequipe\/#breadcrumb\"},\"inLanguage\":\"fr-FR\",\"potentialAction\":[{\"@type\":\"ReadAction\",\"target\":[\"https:\/\/tenerifepropertysales.demo4.respacio.com\/fr\/rencontrez-lequipe\/\"]}]},{\"@type\":\"ImageObject\",\"inLanguage\":\"fr-FR\",\"@id\":\"https:\/\/tenerifepropertysales.demo4.respacio.com\/fr\/rencontrez-lequipe\/#primaryimage\",\"url\":\"https:\/\/tenerifepropertysales.demo4.respacio.com\/wp-content\/uploads\/2020\/04\/030A8787-min.jpg\",\"contentUrl\":\"https:\/\/tenerifepropertysales.demo4.respacio.com\/wp-content\/uploads\/2020\/04\/030A8787-min.jpg\",\"width\":1920,\"height\":1280},{\"@type\":\"BreadcrumbList\",\"@id\":\"https:\/\/tenerifepropertysales.demo4.respacio.com\/fr\/rencontrez-lequipe\/#breadcrumb\",\"itemListElement\":[{\"@type\":\"ListItem\",\"position\":1,\"name\":\"Accueil\",\"item\":\"https:\/\/tenerifepropertysales.demo4.respacio.com\/fr\/premiere-page\/\"},{\"@type\":\"ListItem\",\"position\":2,\"name\":\"Rencontrez l&rsquo;\u00e9quipe\"}]},{\"@type\":\"WebSite\",\"@id\":\"https:\/\/tenerifepropertysales.demo4.respacio.com\/fr\/#website\",\"url\":\"https:\/\/tenerifepropertysales.demo4.respacio.com\/fr\/\",\"name\":\"Paul Ruane - Los Gigantes Properties\",\"description\":\"Propri\u00e9t\u00e9s de Los Gigantes\",\"publisher\":{\"@id\":\"https:\/\/tenerifepropertysales.demo4.respacio.com\/fr\/#organization\"},\"inLanguage\":\"fr-FR\"},{\"@type\":\"Organization\",\"@id\":\"https:\/\/tenerifepropertysales.demo4.respacio.com\/fr\/#organization\",\"name\":\"Paul Ruane - Los Gigantes Properties\",\"url\":\"https:\/\/tenerifepropertysales.demo4.respacio.com\/fr\/\",\"logo\":{\"@type\":\"ImageObject\",\"inLanguage\":\"fr-FR\",\"@id\":\"https:\/\/tenerifepropertysales.demo4.respacio.com\/fr\/#\/schema\/logo\/image\/\",\"url\":\"https:\/\/tenerifepropertysales.demo4.respacio.com\/wp-content\/uploads\/2020\/04\/logo-white-1.png\",\"contentUrl\":\"https:\/\/tenerifepropertysales.demo4.respacio.com\/wp-content\/uploads\/2020\/04\/logo-white-1.png\",\"width\":273,\"height\":59,\"caption\":\"Paul Ruane - Los Gigantes Properties\"},\"image\":{\"@id\":\"https:\/\/tenerifepropertysales.demo4.respacio.com\/fr\/#\/schema\/logo\/image\/\"}}]}<\/script>\n<!-- \/ Yoast SEO Premium plugin. -->","yoast_head_json":{"title":"Rencontrez l'\u00e9quipe - Paul Ruane - Los Gigantes Properties","robots":{"index":"noindex","follow":"follow","max-snippet":"max-snippet:-1","max-image-preview":"max-image-preview:large","max-video-preview":"max-video-preview:-1"},"og_locale":"fr_FR","og_type":"article","og_title":"Rencontrez l'\u00e9quipe","og_description":"L&rsquo;\u00e9quipe de Los Gigantes Properties S.L. est professionnelle, exp\u00e9riment\u00e9e, multilingue et conna\u00eet parfaitement les proc\u00e9dures d&rsquo;achat \u00e0 Tenerife. [...]Read More...","og_url":"https:\/\/tenerifepropertysales.demo4.respacio.com\/fr\/rencontrez-lequipe\/","og_site_name":"Paul Ruane - Los Gigantes Properties","article_modified_time":"2025-05-02T07:11:55+00:00","og_image":[{"url":"https:\/\/tenerifepropertysales.demo4.respacio.com\/wp-content\/uploads\/2020\/04\/030A8787-min-1024x683.jpg","type":"","width":"","height":""}],"twitter_card":"summary_large_image","twitter_image":"https:\/\/tenerifepropertysales.demo4.respacio.com\/wp-content\/uploads\/2020\/04\/030A8787-min-1024x683.jpg","schema":{"@context":"https:\/\/schema.org","@graph":[{"@type":"WebPage","@id":"https:\/\/tenerifepropertysales.demo4.respacio.com\/fr\/rencontrez-lequipe\/","url":"https:\/\/tenerifepropertysales.demo4.respacio.com\/fr\/rencontrez-lequipe\/","name":"Rencontrez l'\u00e9quipe - Paul Ruane - Los Gigantes Properties","isPartOf":{"@id":"https:\/\/tenerifepropertysales.demo4.respacio.com\/fr\/#website"},"primaryImageOfPage":{"@id":"https:\/\/tenerifepropertysales.demo4.respacio.com\/fr\/rencontrez-lequipe\/#primaryimage"},"image":{"@id":"https:\/\/tenerifepropertysales.demo4.respacio.com\/fr\/rencontrez-lequipe\/#primaryimage"},"thumbnailUrl":"https:\/\/tenerifepropertysales.demo4.respacio.com\/wp-content\/uploads\/2020\/04\/030A8787-min.jpg","datePublished":"2025-05-02T07:11:54+00:00","dateModified":"2025-05-02T07:11:55+00:00","breadcrumb":{"@id":"https:\/\/tenerifepropertysales.demo4.respacio.com\/fr\/rencontrez-lequipe\/#breadcrumb"},"inLanguage":"fr-FR","potentialAction":[{"@type":"ReadAction","target":["https:\/\/tenerifepropertysales.demo4.respacio.com\/fr\/rencontrez-lequipe\/"]}]},{"@type":"ImageObject","inLanguage":"fr-FR","@id":"https:\/\/tenerifepropertysales.demo4.respacio.com\/fr\/rencontrez-lequipe\/#primaryimage","url":"https:\/\/tenerifepropertysales.demo4.respacio.com\/wp-content\/uploads\/2020\/04\/030A8787-min.jpg","contentUrl":"https:\/\/tenerifepropertysales.demo4.respacio.com\/wp-content\/uploads\/2020\/04\/030A8787-min.jpg","width":1920,"height":1280},{"@type":"BreadcrumbList","@id":"https:\/\/tenerifepropertysales.demo4.respacio.com\/fr\/rencontrez-lequipe\/#breadcrumb","itemListElement":[{"@type":"ListItem","position":1,"name":"Accueil","item":"https:\/\/tenerifepropertysales.demo4.respacio.com\/fr\/premiere-page\/"},{"@type":"ListItem","position":2,"name":"Rencontrez l&rsquo;\u00e9quipe"}]},{"@type":"WebSite","@id":"https:\/\/tenerifepropertysales.demo4.respacio.com\/fr\/#website","url":"https:\/\/tenerifepropertysales.demo4.respacio.com\/fr\/","name":"Paul Ruane - Los Gigantes Properties","description":"Propri\u00e9t\u00e9s de Los Gigantes","publisher":{"@id":"https:\/\/tenerifepropertysales.demo4.respacio.com\/fr\/#organization"},"inLanguage":"fr-FR"},{"@type":"Organization","@id":"https:\/\/tenerifepropertysales.demo4.respacio.com\/fr\/#organization","name":"Paul Ruane - Los Gigantes Properties","url":"https:\/\/tenerifepropertysales.demo4.respacio.com\/fr\/","logo":{"@type":"ImageObject","inLanguage":"fr-FR","@id":"https:\/\/tenerifepropertysales.demo4.respacio.com\/fr\/#\/schema\/logo\/image\/","url":"https:\/\/tenerifepropertysales.demo4.respacio.com\/wp-content\/uploads\/2020\/04\/logo-white-1.png","contentUrl":"https:\/\/tenerifepropertysales.demo4.respacio.com\/wp-content\/uploads\/2020\/04\/logo-white-1.png","width":273,"height":59,"caption":"Paul Ruane - Los Gigantes Properties"},"image":{"@id":"https:\/\/tenerifepropertysales.demo4.respacio.com\/fr\/#\/schema\/logo\/image\/"}}]}},"uagb_featured_image_src":{"full":["https:\/\/tenerifepropertysales.demo4.respacio.com\/wp-content\/uploads\/2020\/04\/030A8787-min.jpg",1920,1280,false],"thumbnail":["https:\/\/tenerifepropertysales.demo4.respacio.com\/wp-content\/uploads\/2020\/04\/030A8787-min-150x150.jpg",150,150,true],"medium":["https:\/\/tenerifepropertysales.demo4.respacio.com\/wp-content\/uploads\/2020\/04\/030A8787-min-300x200.jpg",300,200,true],"medium_large":["https:\/\/tenerifepropertysales.demo4.respacio.com\/wp-content\/uploads\/2020\/04\/030A8787-min-768x512.jpg",640,427,true],"large":["https:\/\/tenerifepropertysales.demo4.respacio.com\/wp-content\/uploads\/2020\/04\/030A8787-min-1024x683.jpg",640,427,true],"1536x1536":["https:\/\/tenerifepropertysales.demo4.respacio.com\/wp-content\/uploads\/2020\/04\/030A8787-min-1536x1024.jpg",1536,1024,true],"2048x2048":["https:\/\/tenerifepropertysales.demo4.respacio.com\/wp-content\/uploads\/2020\/04\/030A8787-min.jpg",1920,1280,false]},"uagb_author_info":{"display_name":"support@respacio.com","author_link":"https:\/\/tenerifepropertysales.demo4.respacio.com\/fr\/author\/supportrespacio-com\/"},"uagb_comment_info":0,"uagb_excerpt":"L&rsquo;\u00e9quipe de Los Gigantes Properties S.L. est professionnelle, exp\u00e9riment\u00e9e, multilingue et conna\u00eet parfaitement les proc\u00e9dures d&rsquo;achat \u00e0 Tenerife. [...]Read More...","_links":{"self":[{"href":"https:\/\/tenerifepropertysales.demo4.respacio.com\/fr\/wp-json\/wp\/v2\/pages\/318219","targetHints":{"allow":["GET"]}}],"collection":[{"href":"https:\/\/tenerifepropertysales.demo4.respacio.com\/fr\/wp-json\/wp\/v2\/pages"}],"about":[{"href":"https:\/\/tenerifepropertysales.demo4.respacio.com\/fr\/wp-json\/wp\/v2\/types\/page"}],"author":[{"embeddable":true,"href":"https:\/\/tenerifepropertysales.demo4.respacio.com\/fr\/wp-json\/wp\/v2\/users\/2"}],"replies":[{"embeddable":true,"href":"https:\/\/tenerifepropertysales.demo4.respacio.com\/fr\/wp-json\/wp\/v2\/comments?post=318219"}],"version-history":[{"count":1,"href":"https:\/\/tenerifepropertysales.demo4.respacio.com\/fr\/wp-json\/wp\/v2\/pages\/318219\/revisions"}],"predecessor-version":[{"id":318225,"href":"https:\/\/tenerifepropertysales.demo4.respacio.com\/fr\/wp-json\/wp\/v2\/pages\/318219\/revisions\/318225"}],"wp:featuredmedia":[{"embeddable":true,"href":"https:\/\/tenerifepropertysales.demo4.respacio.com\/fr\/wp-json\/wp\/v2\/media\/318221"}],"wp:attachment":[{"href":"https:\/\/tenerifepropertysales.demo4.respacio.com\/fr\/wp-json\/wp\/v2\/media?parent=318219"}],"wp:term":[{"taxonomy":"page-tag","embeddable":true,"href":"https:\/\/tenerifepropertysales.demo4.respacio.com\/fr\/wp-json\/wp\/v2\/page-tag?post=318219"}],"curies":[{"name":"wp","href":"https:\/\/api.w.org\/{rel}","templated":true}]}}