{"id":318279,"date":"2025-05-02T08:12:31","date_gmt":"2025-05-02T07:12:31","guid":{"rendered":"https:\/\/tenerifepropertysales.demo4.respacio.com\/domaines-populaires\/"},"modified":"2025-05-02T08:12:32","modified_gmt":"2025-05-02T07:12:32","slug":"domaines-populaires","status":"publish","type":"page","link":"https:\/\/tenerifepropertysales.demo4.respacio.com\/fr\/domaines-populaires\/","title":{"rendered":"Domaines populaires"},"content":{"rendered":"\n<div class=\"wp-block-uagb-container uagb-block-e3a6973d default uagb-is-root-container\">\n<h1 class=\"wp-block-heading has-text-align-center ticss-b67e8b00\">Domaines populaires<\/h1>\n<\/div>\n\n<div class=\"wp-block-uagb-container ticss-22084500 uagb-block-22084500 default uagb-is-root-container\">\n<p class=\"has-text-align-center\">D\u00e9couvrez les zones les plus pris\u00e9es avec des informations pratiques et des biens \u00e0 vendre.<\/p>\n\n\n<div class=\"col-12 parent-to-remove\"><div class=\"row inner-container-1426668583 basic-grid-1426668583\"><div class=\"col-12 col-lg-4 this-item-1426668583 odd py-2 px-0 px-sm-2 card-grid-location\"><div class=\"respacio_loop_card respacio_loop_card_with_wrapper location\"><a href=\"https:\/\/tenerifepropertysales.demo4.respacio.com\/fr\/location\/proprietes-en-vente-a-santiago-del-teide\/proprietes-a-vendre-a-puerto-santiago\/\" class=\"\"><div data-lazy-url=\"https:\/\/tenerifepropertysales.demo4.respacio.com\/wp-content\/uploads\/2025\/02\/030A8539-min-768x512.webp\" class=\" overlay_h location-image \"><\/div><\/a><div class=\"detail location-info d-flex flex-column justify-content-center\"><div class=\"location-content pt-3 px-2 text-center\"><a href=\"https:\/\/tenerifepropertysales.demo4.respacio.com\/fr\/location\/proprietes-en-vente-a-santiago-del-teide\/proprietes-a-vendre-a-puerto-santiago\/\" class=\"text-dark text-decoration-none\"><h5 class=\"location-heading\">Propri\u00e9t\u00e9s \u00e0 vendre \u00e0 Puerto Santiago<\/h5><\/a><p>Puerto Santiago \u00e9tait \u00e0 l\u2019origine le principal port de p\u00eache de la r\u00e9gion. Les p\u00eacheurs locaux apportaient leur p\u00eache du jour dans ce port et leurs femmes \u00e9changeaient le poisson contre des fruits et des l\u00e9gumes dans les villages autour de Santiago del Teide. Le \u00ab\u00a0rond-point de la Pescadora\u00a0\u00bb, \u00e0 l\u2019entr\u00e9e du village, en t\u00e9moigne.<\/p><\/div><div class=\"location-btn text-center pb-3\"><a href=\"https:\/\/tenerifepropertysales.demo4.respacio.com\/fr\/location\/proprietes-en-vente-a-santiago-del-teide\/proprietes-a-vendre-a-puerto-santiago\/\" class=\"btn-sm btn btn-primary text-white py-1\">\tRead More<\/a><\/div><\/div><\/div><\/div><div class=\"col-12 col-lg-4 this-item-1426668583 even py-2 px-0 px-sm-2 card-grid-location\"><div class=\"respacio_loop_card respacio_loop_card_with_wrapper location\"><a href=\"https:\/\/tenerifepropertysales.demo4.respacio.com\/fr\/location\/proprietes-en-vente-a-santiago-del-teide\/proprietes-en-vente-a-playa-de-la-arena\/\" class=\"\"><div data-lazy-url=\"https:\/\/tenerifepropertysales.demo4.respacio.com\/wp-content\/uploads\/2025\/02\/Photo-30-10-24-11-54-32-1-scaled-1-768x576.webp\" class=\" overlay_h location-image \"><\/div><\/a><div class=\"detail location-info d-flex flex-column justify-content-center\"><div class=\"location-content pt-3 px-2 text-center\"><a href=\"https:\/\/tenerifepropertysales.demo4.respacio.com\/fr\/location\/proprietes-en-vente-a-santiago-del-teide\/proprietes-en-vente-a-playa-de-la-arena\/\" class=\"text-dark text-decoration-none\"><h5 class=\"location-heading\">Propri\u00e9t\u00e9s en vente \u00e0 Playa de la Arena<\/h5><\/a><p>Playa de la Arena est une station baln\u00e9aire en pleine expansion et le sable noir de la plage de Playa de la Arena, dans le quartier de Santiago del Teide, a re\u00e7u le drapeau bleu tant convoit\u00e9 pendant plus de dix-neuf ann\u00e9es cons\u00e9cutives. Le drapeau est d\u00e9cern\u00e9 chaque ann\u00e9e apr\u00e8s \u00e9valuation de la qualit\u00e9 des&#8230;<\/p><\/div><div class=\"location-btn text-center pb-3\"><a href=\"https:\/\/tenerifepropertysales.demo4.respacio.com\/fr\/location\/proprietes-en-vente-a-santiago-del-teide\/proprietes-en-vente-a-playa-de-la-arena\/\" class=\"btn-sm btn btn-primary text-white py-1\">\tRead More<\/a><\/div><\/div><\/div><\/div><div class=\"col-12 col-lg-4 this-item-1426668583 odd py-2 px-0 px-sm-2 card-grid-location\"><div class=\"respacio_loop_card respacio_loop_card_with_wrapper location\"><a href=\"https:\/\/tenerifepropertysales.demo4.respacio.com\/fr\/location\/proprietes-en-vente-a-santiago-del-teide\/proprietes-en-vente-a-los-gigantes\/\" class=\"\"><div data-lazy-url=\"https:\/\/tenerifepropertysales.demo4.respacio.com\/wp-content\/uploads\/2025\/02\/030A8501-min-768x512.webp\" class=\" overlay_h location-image \"><\/div><\/a><div class=\"detail location-info d-flex flex-column justify-content-center\"><div class=\"location-content pt-3 px-2 text-center\"><a href=\"https:\/\/tenerifepropertysales.demo4.respacio.com\/fr\/location\/proprietes-en-vente-a-santiago-del-teide\/proprietes-en-vente-a-los-gigantes\/\" class=\"text-dark text-decoration-none\"><h5 class=\"location-heading\">Propri\u00e9t\u00e9s en vente \u00e0 Los Gigantes<\/h5><\/a><p>Los Gigantes a \u00e9t\u00e9 d\u00e9clar\u00e9e zone d\u2019importance touristique nationale au milieu des ann\u00e9es 1960 et s\u2019est depuis d\u00e9velopp\u00e9e avec beaucoup de go\u00fbt et de charme. Offrant tout ce que vous souhaitez comme destination de vacances, vous trouverez une s\u00e9lection vari\u00e9e de restaurants, de bars et de magasins. De plus, \u00e0 seulement 30 minutes en voiture&#8230;<\/p><\/div><div class=\"location-btn text-center pb-3\"><a href=\"https:\/\/tenerifepropertysales.demo4.respacio.com\/fr\/location\/proprietes-en-vente-a-santiago-del-teide\/proprietes-en-vente-a-los-gigantes\/\" class=\"btn-sm btn btn-primary text-white py-1\">\tRead More<\/a><\/div><\/div><\/div><\/div><\/div><\/div><\/div>\n","protected":false},"excerpt":{"rendered":"<p>Domaines populaires D\u00e9couvrez les zones les plus pris\u00e9es avec des informations pratiques et des biens \u00e0 vendre. [&#8230;]<\/p>\n<p><a class=\"btn btn-secondary respacio-read-more-link\" href=\"https:\/\/tenerifepropertysales.demo4.respacio.com\/fr\/domaines-populaires\/\">Read More&#8230;<\/a><\/p>\n","protected":false},"author":2,"featured_media":0,"parent":0,"menu_order":0,"comment_status":"closed","ping_status":"closed","template":"","meta":{"_uag_custom_page_level_css":"","ub_ctt_via":"","footnotes":""},"page-tag":[],"class_list":["post-318279","page","type-page","status-publish","hentry"],"acf":[],"featured_image_src":null,"yoast_head":"<!-- This site is optimized with the Yoast SEO Premium plugin v21.2 (Yoast SEO v24.4) - https:\/\/yoast.com\/wordpress\/plugins\/seo\/ -->\n<title>Domaines populaires - Paul Ruane - Los Gigantes Properties<\/title>\n<meta name=\"robots\" content=\"noindex, follow, max-snippet:-1, max-image-preview:large, max-video-preview:-1\" \/>\n<meta property=\"og:locale\" content=\"fr_FR\" \/>\n<meta property=\"og:type\" content=\"article\" \/>\n<meta property=\"og:title\" content=\"Domaines populaires\" \/>\n<meta property=\"og:description\" content=\"Domaines populaires D\u00e9couvrez les zones les plus pris\u00e9es avec des informations pratiques et des biens \u00e0 vendre. [...]Read More...\" \/>\n<meta property=\"og:url\" content=\"https:\/\/tenerifepropertysales.demo4.respacio.com\/fr\/domaines-populaires\/\" \/>\n<meta property=\"og:site_name\" content=\"Paul Ruane - Los Gigantes Properties\" \/>\n<meta property=\"article:modified_time\" content=\"2025-05-02T07:12:32+00:00\" \/>\n<meta property=\"og:image\" content=\"\" \/>\n<meta name=\"twitter:card\" content=\"summary_large_image\" \/>\n<script type=\"application\/ld+json\" class=\"yoast-schema-graph\">{\"@context\":\"https:\/\/schema.org\",\"@graph\":[{\"@type\":\"WebPage\",\"@id\":\"https:\/\/tenerifepropertysales.demo4.respacio.com\/fr\/domaines-populaires\/\",\"url\":\"https:\/\/tenerifepropertysales.demo4.respacio.com\/fr\/domaines-populaires\/\",\"name\":\"Domaines populaires - Paul Ruane - Los Gigantes Properties\",\"isPartOf\":{\"@id\":\"https:\/\/tenerifepropertysales.demo4.respacio.com\/fr\/#website\"},\"datePublished\":\"2025-05-02T07:12:31+00:00\",\"dateModified\":\"2025-05-02T07:12:32+00:00\",\"breadcrumb\":{\"@id\":\"https:\/\/tenerifepropertysales.demo4.respacio.com\/fr\/domaines-populaires\/#breadcrumb\"},\"inLanguage\":\"fr-FR\",\"potentialAction\":[{\"@type\":\"ReadAction\",\"target\":[\"https:\/\/tenerifepropertysales.demo4.respacio.com\/fr\/domaines-populaires\/\"]}]},{\"@type\":\"BreadcrumbList\",\"@id\":\"https:\/\/tenerifepropertysales.demo4.respacio.com\/fr\/domaines-populaires\/#breadcrumb\",\"itemListElement\":[{\"@type\":\"ListItem\",\"position\":1,\"name\":\"Accueil\",\"item\":\"https:\/\/tenerifepropertysales.demo4.respacio.com\/fr\/premiere-page\/\"},{\"@type\":\"ListItem\",\"position\":2,\"name\":\"Domaines populaires\"}]},{\"@type\":\"WebSite\",\"@id\":\"https:\/\/tenerifepropertysales.demo4.respacio.com\/fr\/#website\",\"url\":\"https:\/\/tenerifepropertysales.demo4.respacio.com\/fr\/\",\"name\":\"Paul Ruane - Los Gigantes Properties\",\"description\":\"Propri\u00e9t\u00e9s de Los Gigantes\",\"publisher\":{\"@id\":\"https:\/\/tenerifepropertysales.demo4.respacio.com\/fr\/#organization\"},\"inLanguage\":\"fr-FR\"},{\"@type\":\"Organization\",\"@id\":\"https:\/\/tenerifepropertysales.demo4.respacio.com\/fr\/#organization\",\"name\":\"Paul Ruane - Los Gigantes Properties\",\"url\":\"https:\/\/tenerifepropertysales.demo4.respacio.com\/fr\/\",\"logo\":{\"@type\":\"ImageObject\",\"inLanguage\":\"fr-FR\",\"@id\":\"https:\/\/tenerifepropertysales.demo4.respacio.com\/fr\/#\/schema\/logo\/image\/\",\"url\":\"https:\/\/tenerifepropertysales.demo4.respacio.com\/wp-content\/uploads\/2020\/04\/logo-white-1.png\",\"contentUrl\":\"https:\/\/tenerifepropertysales.demo4.respacio.com\/wp-content\/uploads\/2020\/04\/logo-white-1.png\",\"width\":273,\"height\":59,\"caption\":\"Paul Ruane - Los Gigantes Properties\"},\"image\":{\"@id\":\"https:\/\/tenerifepropertysales.demo4.respacio.com\/fr\/#\/schema\/logo\/image\/\"}}]}<\/script>\n<!-- \/ Yoast SEO Premium plugin. -->","yoast_head_json":{"title":"Domaines populaires - Paul Ruane - Los Gigantes Properties","robots":{"index":"noindex","follow":"follow","max-snippet":"max-snippet:-1","max-image-preview":"max-image-preview:large","max-video-preview":"max-video-preview:-1"},"og_locale":"fr_FR","og_type":"article","og_title":"Domaines populaires","og_description":"Domaines populaires D\u00e9couvrez les zones les plus pris\u00e9es avec des informations pratiques et des biens \u00e0 vendre. [...]Read More...","og_url":"https:\/\/tenerifepropertysales.demo4.respacio.com\/fr\/domaines-populaires\/","og_site_name":"Paul Ruane - Los Gigantes Properties","article_modified_time":"2025-05-02T07:12:32+00:00","og_image":[{"url":false,"type":"","width":"","height":""}],"twitter_card":"summary_large_image","schema":{"@context":"https:\/\/schema.org","@graph":[{"@type":"WebPage","@id":"https:\/\/tenerifepropertysales.demo4.respacio.com\/fr\/domaines-populaires\/","url":"https:\/\/tenerifepropertysales.demo4.respacio.com\/fr\/domaines-populaires\/","name":"Domaines populaires - Paul Ruane - Los Gigantes Properties","isPartOf":{"@id":"https:\/\/tenerifepropertysales.demo4.respacio.com\/fr\/#website"},"datePublished":"2025-05-02T07:12:31+00:00","dateModified":"2025-05-02T07:12:32+00:00","breadcrumb":{"@id":"https:\/\/tenerifepropertysales.demo4.respacio.com\/fr\/domaines-populaires\/#breadcrumb"},"inLanguage":"fr-FR","potentialAction":[{"@type":"ReadAction","target":["https:\/\/tenerifepropertysales.demo4.respacio.com\/fr\/domaines-populaires\/"]}]},{"@type":"BreadcrumbList","@id":"https:\/\/tenerifepropertysales.demo4.respacio.com\/fr\/domaines-populaires\/#breadcrumb","itemListElement":[{"@type":"ListItem","position":1,"name":"Accueil","item":"https:\/\/tenerifepropertysales.demo4.respacio.com\/fr\/premiere-page\/"},{"@type":"ListItem","position":2,"name":"Domaines populaires"}]},{"@type":"WebSite","@id":"https:\/\/tenerifepropertysales.demo4.respacio.com\/fr\/#website","url":"https:\/\/tenerifepropertysales.demo4.respacio.com\/fr\/","name":"Paul Ruane - Los Gigantes Properties","description":"Propri\u00e9t\u00e9s de Los Gigantes","publisher":{"@id":"https:\/\/tenerifepropertysales.demo4.respacio.com\/fr\/#organization"},"inLanguage":"fr-FR"},{"@type":"Organization","@id":"https:\/\/tenerifepropertysales.demo4.respacio.com\/fr\/#organization","name":"Paul Ruane - Los Gigantes Properties","url":"https:\/\/tenerifepropertysales.demo4.respacio.com\/fr\/","logo":{"@type":"ImageObject","inLanguage":"fr-FR","@id":"https:\/\/tenerifepropertysales.demo4.respacio.com\/fr\/#\/schema\/logo\/image\/","url":"https:\/\/tenerifepropertysales.demo4.respacio.com\/wp-content\/uploads\/2020\/04\/logo-white-1.png","contentUrl":"https:\/\/tenerifepropertysales.demo4.respacio.com\/wp-content\/uploads\/2020\/04\/logo-white-1.png","width":273,"height":59,"caption":"Paul Ruane - Los Gigantes Properties"},"image":{"@id":"https:\/\/tenerifepropertysales.demo4.respacio.com\/fr\/#\/schema\/logo\/image\/"}}]}},"uagb_featured_image_src":{"full":false,"thumbnail":false,"medium":false,"medium_large":false,"large":false,"1536x1536":false,"2048x2048":false},"uagb_author_info":{"display_name":"support@respacio.com","author_link":"https:\/\/tenerifepropertysales.demo4.respacio.com\/fr\/author\/supportrespacio-com\/"},"uagb_comment_info":0,"uagb_excerpt":"Domaines populaires D\u00e9couvrez les zones les plus pris\u00e9es avec des informations pratiques et des biens \u00e0 vendre. [...]Read More...","_links":{"self":[{"href":"https:\/\/tenerifepropertysales.demo4.respacio.com\/fr\/wp-json\/wp\/v2\/pages\/318279","targetHints":{"allow":["GET"]}}],"collection":[{"href":"https:\/\/tenerifepropertysales.demo4.respacio.com\/fr\/wp-json\/wp\/v2\/pages"}],"about":[{"href":"https:\/\/tenerifepropertysales.demo4.respacio.com\/fr\/wp-json\/wp\/v2\/types\/page"}],"author":[{"embeddable":true,"href":"https:\/\/tenerifepropertysales.demo4.respacio.com\/fr\/wp-json\/wp\/v2\/users\/2"}],"replies":[{"embeddable":true,"href":"https:\/\/tenerifepropertysales.demo4.respacio.com\/fr\/wp-json\/wp\/v2\/comments?post=318279"}],"version-history":[{"count":1,"href":"https:\/\/tenerifepropertysales.demo4.respacio.com\/fr\/wp-json\/wp\/v2\/pages\/318279\/revisions"}],"predecessor-version":[{"id":318282,"href":"https:\/\/tenerifepropertysales.demo4.respacio.com\/fr\/wp-json\/wp\/v2\/pages\/318279\/revisions\/318282"}],"wp:attachment":[{"href":"https:\/\/tenerifepropertysales.demo4.respacio.com\/fr\/wp-json\/wp\/v2\/media?parent=318279"}],"wp:term":[{"taxonomy":"page-tag","embeddable":true,"href":"https:\/\/tenerifepropertysales.demo4.respacio.com\/fr\/wp-json\/wp\/v2\/page-tag?post=318279"}],"curies":[{"name":"wp","href":"https:\/\/api.w.org\/{rel}","templated":true}]}}