{"id":318326,"date":"2025-05-02T08:12:50","date_gmt":"2025-05-02T07:12:50","guid":{"rendered":"https:\/\/tenerifepropertysales.demo4.respacio.com\/a-propos-de-paul-ruane-los-gigantes-properties\/"},"modified":"2025-05-02T08:12:50","modified_gmt":"2025-05-02T07:12:50","slug":"a-propos-de-paul-ruane-los-gigantes-properties","status":"publish","type":"page","link":"https:\/\/tenerifepropertysales.demo4.respacio.com\/fr\/a-propos-de-paul-ruane-los-gigantes-properties\/","title":{"rendered":"A propos de Paul Ruane &#8211; Los Gigantes Properties"},"content":{"rendered":"\n<p>Paul Ruane et son \u00e9quipe emm\u00e8nent aujourd&rsquo;hui Los Gigantes vers l&rsquo;avenir avec de nouveaux d\u00e9veloppements tels que Cristal et Aqua Suites, ainsi que d&rsquo;autres d\u00e9veloppements en cours.<\/p>\n\n<p>Bien que certains pr\u00e9tendent avoir \u00e9t\u00e9 le premier agent immobilier de Los Gigantes, le fait est que Paul a vu de nombreux agents immobiliers se succ\u00e9der dans cette r\u00e9gion. Il en a vu d&rsquo;autres prendre leur retraite et \u00eatre remplac\u00e9s par de nouveaux venus, dont certains n&rsquo;ont dur\u00e9 que quelques ann\u00e9es. Cependant, comme Paul Ruane a \u00e9t\u00e9 le premier agent immobilier ici et qu&rsquo;il a particip\u00e9 \u00e0 la construction de Los Gigantes, nos clients b\u00e9n\u00e9ficient non seulement de notre richesse de connaissances et d&rsquo;exp\u00e9rience, mais ils peuvent \u00e9galement \u00eatre assur\u00e9s que nous serons l\u00e0 pour eux pendant de nombreuses ann\u00e9es \u00e0 venir. En fait, 4 des 5 agents immobiliers de la r\u00e9gion imm\u00e9diate ont achet\u00e9 leurs propres propri\u00e9t\u00e9s \u00e0 Paul Raune.     <\/p>\n\n<p>Paul dispose d&rsquo;une \u00e9quipe d\u00e9vou\u00e9e qui partage une grande partie de ses connaissances et qui travaille \u00e0 ses c\u00f4t\u00e9s depuis de nombreuses ann\u00e9es. Le plus important, c&rsquo;est que nous travaillons en \u00e9quipe pour veiller \u00e0 ce que les int\u00e9r\u00eats de tous nos clients soient au premier plan pour tout le monde. <\/p>\n\n<h2 class=\"wp-block-heading\">Remonter le temps<\/h2>\n\n<p>Les premi\u00e8res propri\u00e9t\u00e9s construites \u00e0 Los Gigantes se trouvent autour de la place de l&rsquo;\u00e9glise, bien que celle-ci n&rsquo;ait \u00e9t\u00e9 construite que bien plus tard. \u00c0 l&rsquo;origine, le village se composait de sa premi\u00e8re grande construction, l&rsquo;h\u00f4tel Los Gigantes, qui ne faisait alors que la moiti\u00e9 de sa taille actuelle et dont la piscine se trouvait de l&rsquo;autre c\u00f4t\u00e9 de la route, dans ce qui est aujourd&rsquo;hui \u00ab\u00a0l&rsquo;Oasis\u00a0\u00bb. <\/p>\n\n<p>\u00c0 l&rsquo;\u00e9poque, l&rsquo;Oasis s&rsquo;appelait \u00ab\u00a0The Club\u00a0\u00bb et appartenait \u00e0 l&rsquo;h\u00f4tel Los Gigantes.<\/p>\n\n<p>Paul Ruane est arriv\u00e9 \u00e0 Los Gigantes en 1979, \u00e0 l&rsquo;\u00e2ge de 20 ans, alors que les appartements de Floride commen\u00e7aient \u00e0 \u00eatre construits.<\/p>\n\n<p>Il s&rsquo;est impliqu\u00e9 dans la vente de ces propri\u00e9t\u00e9s \u00e0 partir de Plan et a ensuite travaill\u00e9 pour Jens Peter Fulda, qui poss\u00e9dait la plus grande entreprise de construction de la r\u00e9gion. Pendant les 15 ann\u00e9es qui ont suivi, Paul a travaill\u00e9 comme chef des ventes, puis comme directeur de Construction Fulda, avant d&rsquo;ouvrir sa propre agence &#8211; Los Gigantes Properties s.l. <\/p>\n\n<p>Lors de la construction initiale des complexes suivants, Paul Ruane \u00e9tait responsable des ventes et les a tous vendus initialement \u00e0 partir de Plan : Hibisco I, II et III, Medusa I, II et III, Crab Island Apartments, Sunset Apartments (Los Gigantes).<\/p>\n\n<p>Toutes les villas de Crab Island, Cornisa, Tamara A , B, C ,D et AII, BII, CII &amp; DII, Los Arcos, diverses propri\u00e9t\u00e9s dans Calle el Pino, Calle Adlefas et Calle Tabaiba, l&rsquo;urbanisation de San Francisco comprenant les appartements California et Santa Barbara, Edificio Mario \u00e0 Puerto Santiago, Las Pardeleras, Finca Esmeralda, Grand Tabaiba, Avenida Apartments. De m\u00eame, un peu plus loin : Villas \u00e0 El Madro\u00f1al et Villas \u00e0 Valle Hermosa \u00e0 Playa de Las Amercias. <\/p>\n\n<p>Paul Ruane a \u00e9galement \u00e9t\u00e9 impliqu\u00e9 dans plusieurs autres complexes et locaux tels que : Tipsy Terrace, Restaurant Tamara, Restaurant El Pescador, The Oasis, Arches Bistro<\/p>\n\n<p>Paul a \u00e9galement \u00e9t\u00e9 le principal agent de vente des complexes suivants de Plan :<\/p>\n\n<p>Aqua Marin, El Marques Palace, Balcon de Los Gigantes, Sansofe Puerto, Florencia (P.O.), El Marques et Las Rosas , Sansofe, Vitacura, India Sol, Vigilia Park , Casa Blanca.<\/p>\n\n<p>Paul Ruane et Constructions Fulda ont travaill\u00e9 c\u00f4te \u00e0 c\u00f4te avec la famille Pi\u00f1eiro et son entreprise \u00ab\u00a0Gigansol\u00a0\u00bb, qui ont \u00e9t\u00e9 les pionniers de Los Gigantes (et qui ont construit l&rsquo;h\u00f4tel Los Gigantes) et ont d\u00e9velopp\u00e9 les complexes de : Sauce, Drago, Flamboyant, Geranios, Jacaranda, Club I et Club II, Jasmin, Las Mimosas et diverses propri\u00e9t\u00e9s dans la Calle Pino.<\/p>\n\n<p>Paul a \u00e9galement vendu des biens immobiliers pour plusieurs autres promoteurs ind\u00e9pendants qui ont \u00e9galement construit des complexes et des biens immobiliers dans la r\u00e9gion.<\/p>\n\n<p>Aujourd&rsquo;hui encore, Paul Ruane et Los Gigantes Properties s.l. continuent de vendre des biens immobiliers dans tous les complexes et dans tous les lieux de cette r\u00e9gion et sont certainement le nom sur lequel vous pouvez compter.<\/p>\n","protected":false},"excerpt":{"rendered":"<p>Paul Ruane et son \u00e9quipe emm\u00e8nent aujourd&rsquo;hui Los Gigantes vers l&rsquo;avenir avec de nouveaux d\u00e9veloppements tels que Cristal et Aqua Suites, ainsi que d&rsquo;autres d\u00e9veloppements en cours. Bien que certains pr\u00e9tendent avoir \u00e9t\u00e9 le premier agent immobilier de Los Gigantes, le fait est que Paul a vu de nombreux agents immobiliers se succ\u00e9der dans cette [&#8230;]<\/p>\n<p><a class=\"btn btn-secondary respacio-read-more-link\" href=\"https:\/\/tenerifepropertysales.demo4.respacio.com\/fr\/a-propos-de-paul-ruane-los-gigantes-properties\/\">Read More&#8230;<\/a><\/p>\n","protected":false},"author":2,"featured_media":318328,"parent":0,"menu_order":0,"comment_status":"closed","ping_status":"closed","template":"","meta":{"_uag_custom_page_level_css":"","ub_ctt_via":"","footnotes":""},"page-tag":[],"class_list":["post-318326","page","type-page","status-publish","has-post-thumbnail","hentry"],"acf":[],"featured_image_src":"https:\/\/tenerifepropertysales.demo4.respacio.com\/wp-content\/uploads\/2024\/11\/Photo-22-10-24-12-41-12-scaled.jpg","yoast_head":"<!-- This site is optimized with the Yoast SEO Premium plugin v21.2 (Yoast SEO v24.4) - https:\/\/yoast.com\/wordpress\/plugins\/seo\/ -->\n<title>A propos de Paul Ruane - Los Gigantes Properties - Paul Ruane - Los Gigantes Properties<\/title>\n<meta name=\"robots\" content=\"noindex, follow, max-snippet:-1, max-image-preview:large, max-video-preview:-1\" \/>\n<meta property=\"og:locale\" content=\"fr_FR\" \/>\n<meta property=\"og:type\" content=\"article\" \/>\n<meta property=\"og:title\" content=\"A propos de Paul Ruane - Los Gigantes Properties\" \/>\n<meta property=\"og:description\" content=\"Paul Ruane et son \u00e9quipe emm\u00e8nent aujourd&rsquo;hui Los Gigantes vers l&rsquo;avenir avec de nouveaux d\u00e9veloppements tels que Cristal et Aqua Suites, ainsi que d&rsquo;autres d\u00e9veloppements en cours. Bien que certains pr\u00e9tendent avoir \u00e9t\u00e9 le premier agent immobilier de Los Gigantes, le fait est que Paul a vu de nombreux agents immobiliers se succ\u00e9der dans cette [...]Read More...\" \/>\n<meta property=\"og:url\" content=\"https:\/\/tenerifepropertysales.demo4.respacio.com\/fr\/a-propos-de-paul-ruane-los-gigantes-properties\/\" \/>\n<meta property=\"og:site_name\" content=\"Paul Ruane - Los Gigantes Properties\" \/>\n<meta property=\"og:image\" content=\"https:\/\/tenerifepropertysales.demo4.respacio.com\/wp-content\/uploads\/2024\/11\/Photo-22-10-24-12-41-12-1024x768.jpg\" \/>\n<meta name=\"twitter:card\" content=\"summary_large_image\" \/>\n<meta name=\"twitter:image\" content=\"https:\/\/tenerifepropertysales.demo4.respacio.com\/wp-content\/uploads\/2024\/11\/Photo-22-10-24-12-41-12-1024x768.jpg\" \/>\n<meta name=\"twitter:label1\" content=\"Dur\u00e9e de lecture estim\u00e9e\" \/>\n\t<meta name=\"twitter:data1\" content=\"4 minutes\" \/>\n<script type=\"application\/ld+json\" class=\"yoast-schema-graph\">{\"@context\":\"https:\/\/schema.org\",\"@graph\":[{\"@type\":\"WebPage\",\"@id\":\"https:\/\/tenerifepropertysales.demo4.respacio.com\/fr\/a-propos-de-paul-ruane-los-gigantes-properties\/\",\"url\":\"https:\/\/tenerifepropertysales.demo4.respacio.com\/fr\/a-propos-de-paul-ruane-los-gigantes-properties\/\",\"name\":\"A propos de Paul Ruane - Los Gigantes Properties - Paul Ruane - Los Gigantes Properties\",\"isPartOf\":{\"@id\":\"https:\/\/tenerifepropertysales.demo4.respacio.com\/fr\/#website\"},\"primaryImageOfPage\":{\"@id\":\"https:\/\/tenerifepropertysales.demo4.respacio.com\/fr\/a-propos-de-paul-ruane-los-gigantes-properties\/#primaryimage\"},\"image\":{\"@id\":\"https:\/\/tenerifepropertysales.demo4.respacio.com\/fr\/a-propos-de-paul-ruane-los-gigantes-properties\/#primaryimage\"},\"thumbnailUrl\":\"https:\/\/tenerifepropertysales.demo4.respacio.com\/wp-content\/uploads\/2024\/11\/Photo-22-10-24-12-41-12-scaled.jpg\",\"datePublished\":\"2025-05-02T07:12:50+00:00\",\"breadcrumb\":{\"@id\":\"https:\/\/tenerifepropertysales.demo4.respacio.com\/fr\/a-propos-de-paul-ruane-los-gigantes-properties\/#breadcrumb\"},\"inLanguage\":\"fr-FR\",\"potentialAction\":[{\"@type\":\"ReadAction\",\"target\":[\"https:\/\/tenerifepropertysales.demo4.respacio.com\/fr\/a-propos-de-paul-ruane-los-gigantes-properties\/\"]}]},{\"@type\":\"ImageObject\",\"inLanguage\":\"fr-FR\",\"@id\":\"https:\/\/tenerifepropertysales.demo4.respacio.com\/fr\/a-propos-de-paul-ruane-los-gigantes-properties\/#primaryimage\",\"url\":\"https:\/\/tenerifepropertysales.demo4.respacio.com\/wp-content\/uploads\/2024\/11\/Photo-22-10-24-12-41-12-scaled.jpg\",\"contentUrl\":\"https:\/\/tenerifepropertysales.demo4.respacio.com\/wp-content\/uploads\/2024\/11\/Photo-22-10-24-12-41-12-scaled.jpg\",\"width\":2560,\"height\":1920},{\"@type\":\"BreadcrumbList\",\"@id\":\"https:\/\/tenerifepropertysales.demo4.respacio.com\/fr\/a-propos-de-paul-ruane-los-gigantes-properties\/#breadcrumb\",\"itemListElement\":[{\"@type\":\"ListItem\",\"position\":1,\"name\":\"Accueil\",\"item\":\"https:\/\/tenerifepropertysales.demo4.respacio.com\/fr\/premiere-page\/\"},{\"@type\":\"ListItem\",\"position\":2,\"name\":\"A propos de Paul Ruane &#8211; Los Gigantes Properties\"}]},{\"@type\":\"WebSite\",\"@id\":\"https:\/\/tenerifepropertysales.demo4.respacio.com\/fr\/#website\",\"url\":\"https:\/\/tenerifepropertysales.demo4.respacio.com\/fr\/\",\"name\":\"Paul Ruane - Los Gigantes Properties\",\"description\":\"Propri\u00e9t\u00e9s de Los Gigantes\",\"publisher\":{\"@id\":\"https:\/\/tenerifepropertysales.demo4.respacio.com\/fr\/#organization\"},\"inLanguage\":\"fr-FR\"},{\"@type\":\"Organization\",\"@id\":\"https:\/\/tenerifepropertysales.demo4.respacio.com\/fr\/#organization\",\"name\":\"Paul Ruane - Los Gigantes Properties\",\"url\":\"https:\/\/tenerifepropertysales.demo4.respacio.com\/fr\/\",\"logo\":{\"@type\":\"ImageObject\",\"inLanguage\":\"fr-FR\",\"@id\":\"https:\/\/tenerifepropertysales.demo4.respacio.com\/fr\/#\/schema\/logo\/image\/\",\"url\":\"https:\/\/tenerifepropertysales.demo4.respacio.com\/wp-content\/uploads\/2020\/04\/logo-white-1.png\",\"contentUrl\":\"https:\/\/tenerifepropertysales.demo4.respacio.com\/wp-content\/uploads\/2020\/04\/logo-white-1.png\",\"width\":273,\"height\":59,\"caption\":\"Paul Ruane - Los Gigantes Properties\"},\"image\":{\"@id\":\"https:\/\/tenerifepropertysales.demo4.respacio.com\/fr\/#\/schema\/logo\/image\/\"}}]}<\/script>\n<!-- \/ Yoast SEO Premium plugin. -->","yoast_head_json":{"title":"A propos de Paul Ruane - Los Gigantes Properties - Paul Ruane - Los Gigantes Properties","robots":{"index":"noindex","follow":"follow","max-snippet":"max-snippet:-1","max-image-preview":"max-image-preview:large","max-video-preview":"max-video-preview:-1"},"og_locale":"fr_FR","og_type":"article","og_title":"A propos de Paul Ruane - Los Gigantes Properties","og_description":"Paul Ruane et son \u00e9quipe emm\u00e8nent aujourd&rsquo;hui Los Gigantes vers l&rsquo;avenir avec de nouveaux d\u00e9veloppements tels que Cristal et Aqua Suites, ainsi que d&rsquo;autres d\u00e9veloppements en cours. Bien que certains pr\u00e9tendent avoir \u00e9t\u00e9 le premier agent immobilier de Los Gigantes, le fait est que Paul a vu de nombreux agents immobiliers se succ\u00e9der dans cette [...]Read More...","og_url":"https:\/\/tenerifepropertysales.demo4.respacio.com\/fr\/a-propos-de-paul-ruane-los-gigantes-properties\/","og_site_name":"Paul Ruane - Los Gigantes Properties","og_image":[{"url":"https:\/\/tenerifepropertysales.demo4.respacio.com\/wp-content\/uploads\/2024\/11\/Photo-22-10-24-12-41-12-1024x768.jpg","type":"","width":"","height":""}],"twitter_card":"summary_large_image","twitter_image":"https:\/\/tenerifepropertysales.demo4.respacio.com\/wp-content\/uploads\/2024\/11\/Photo-22-10-24-12-41-12-1024x768.jpg","twitter_misc":{"Dur\u00e9e de lecture estim\u00e9e":"4 minutes"},"schema":{"@context":"https:\/\/schema.org","@graph":[{"@type":"WebPage","@id":"https:\/\/tenerifepropertysales.demo4.respacio.com\/fr\/a-propos-de-paul-ruane-los-gigantes-properties\/","url":"https:\/\/tenerifepropertysales.demo4.respacio.com\/fr\/a-propos-de-paul-ruane-los-gigantes-properties\/","name":"A propos de Paul Ruane - Los Gigantes Properties - Paul Ruane - Los Gigantes Properties","isPartOf":{"@id":"https:\/\/tenerifepropertysales.demo4.respacio.com\/fr\/#website"},"primaryImageOfPage":{"@id":"https:\/\/tenerifepropertysales.demo4.respacio.com\/fr\/a-propos-de-paul-ruane-los-gigantes-properties\/#primaryimage"},"image":{"@id":"https:\/\/tenerifepropertysales.demo4.respacio.com\/fr\/a-propos-de-paul-ruane-los-gigantes-properties\/#primaryimage"},"thumbnailUrl":"https:\/\/tenerifepropertysales.demo4.respacio.com\/wp-content\/uploads\/2024\/11\/Photo-22-10-24-12-41-12-scaled.jpg","datePublished":"2025-05-02T07:12:50+00:00","breadcrumb":{"@id":"https:\/\/tenerifepropertysales.demo4.respacio.com\/fr\/a-propos-de-paul-ruane-los-gigantes-properties\/#breadcrumb"},"inLanguage":"fr-FR","potentialAction":[{"@type":"ReadAction","target":["https:\/\/tenerifepropertysales.demo4.respacio.com\/fr\/a-propos-de-paul-ruane-los-gigantes-properties\/"]}]},{"@type":"ImageObject","inLanguage":"fr-FR","@id":"https:\/\/tenerifepropertysales.demo4.respacio.com\/fr\/a-propos-de-paul-ruane-los-gigantes-properties\/#primaryimage","url":"https:\/\/tenerifepropertysales.demo4.respacio.com\/wp-content\/uploads\/2024\/11\/Photo-22-10-24-12-41-12-scaled.jpg","contentUrl":"https:\/\/tenerifepropertysales.demo4.respacio.com\/wp-content\/uploads\/2024\/11\/Photo-22-10-24-12-41-12-scaled.jpg","width":2560,"height":1920},{"@type":"BreadcrumbList","@id":"https:\/\/tenerifepropertysales.demo4.respacio.com\/fr\/a-propos-de-paul-ruane-los-gigantes-properties\/#breadcrumb","itemListElement":[{"@type":"ListItem","position":1,"name":"Accueil","item":"https:\/\/tenerifepropertysales.demo4.respacio.com\/fr\/premiere-page\/"},{"@type":"ListItem","position":2,"name":"A propos de Paul Ruane &#8211; Los Gigantes Properties"}]},{"@type":"WebSite","@id":"https:\/\/tenerifepropertysales.demo4.respacio.com\/fr\/#website","url":"https:\/\/tenerifepropertysales.demo4.respacio.com\/fr\/","name":"Paul Ruane - Los Gigantes Properties","description":"Propri\u00e9t\u00e9s de Los Gigantes","publisher":{"@id":"https:\/\/tenerifepropertysales.demo4.respacio.com\/fr\/#organization"},"inLanguage":"fr-FR"},{"@type":"Organization","@id":"https:\/\/tenerifepropertysales.demo4.respacio.com\/fr\/#organization","name":"Paul Ruane - Los Gigantes Properties","url":"https:\/\/tenerifepropertysales.demo4.respacio.com\/fr\/","logo":{"@type":"ImageObject","inLanguage":"fr-FR","@id":"https:\/\/tenerifepropertysales.demo4.respacio.com\/fr\/#\/schema\/logo\/image\/","url":"https:\/\/tenerifepropertysales.demo4.respacio.com\/wp-content\/uploads\/2020\/04\/logo-white-1.png","contentUrl":"https:\/\/tenerifepropertysales.demo4.respacio.com\/wp-content\/uploads\/2020\/04\/logo-white-1.png","width":273,"height":59,"caption":"Paul Ruane - Los Gigantes Properties"},"image":{"@id":"https:\/\/tenerifepropertysales.demo4.respacio.com\/fr\/#\/schema\/logo\/image\/"}}]}},"uagb_featured_image_src":{"full":["https:\/\/tenerifepropertysales.demo4.respacio.com\/wp-content\/uploads\/2024\/11\/Photo-22-10-24-12-41-12-scaled.jpg",2560,1920,false],"thumbnail":["https:\/\/tenerifepropertysales.demo4.respacio.com\/wp-content\/uploads\/2024\/11\/Photo-22-10-24-12-41-12-150x150.jpg",150,150,true],"medium":["https:\/\/tenerifepropertysales.demo4.respacio.com\/wp-content\/uploads\/2024\/11\/Photo-22-10-24-12-41-12-300x225.jpg",300,225,true],"medium_large":["https:\/\/tenerifepropertysales.demo4.respacio.com\/wp-content\/uploads\/2024\/11\/Photo-22-10-24-12-41-12-768x576.jpg",640,480,true],"large":["https:\/\/tenerifepropertysales.demo4.respacio.com\/wp-content\/uploads\/2024\/11\/Photo-22-10-24-12-41-12-1024x768.jpg",640,480,true],"1536x1536":["https:\/\/tenerifepropertysales.demo4.respacio.com\/wp-content\/uploads\/2024\/11\/Photo-22-10-24-12-41-12-1536x1152.jpg",1536,1152,true],"2048x2048":["https:\/\/tenerifepropertysales.demo4.respacio.com\/wp-content\/uploads\/2024\/11\/Photo-22-10-24-12-41-12-2048x1536.jpg",2048,1536,true]},"uagb_author_info":{"display_name":"support@respacio.com","author_link":"https:\/\/tenerifepropertysales.demo4.respacio.com\/fr\/author\/supportrespacio-com\/"},"uagb_comment_info":0,"uagb_excerpt":"Paul Ruane et son \u00e9quipe emm\u00e8nent aujourd&rsquo;hui Los Gigantes vers l&rsquo;avenir avec de nouveaux d\u00e9veloppements tels que Cristal et Aqua Suites, ainsi que d&rsquo;autres d\u00e9veloppements en cours. Bien que certains pr\u00e9tendent avoir \u00e9t\u00e9 le premier agent immobilier de Los Gigantes, le fait est que Paul a vu de nombreux agents immobiliers se succ\u00e9der dans cette\u2026","_links":{"self":[{"href":"https:\/\/tenerifepropertysales.demo4.respacio.com\/fr\/wp-json\/wp\/v2\/pages\/318326","targetHints":{"allow":["GET"]}}],"collection":[{"href":"https:\/\/tenerifepropertysales.demo4.respacio.com\/fr\/wp-json\/wp\/v2\/pages"}],"about":[{"href":"https:\/\/tenerifepropertysales.demo4.respacio.com\/fr\/wp-json\/wp\/v2\/types\/page"}],"author":[{"embeddable":true,"href":"https:\/\/tenerifepropertysales.demo4.respacio.com\/fr\/wp-json\/wp\/v2\/users\/2"}],"replies":[{"embeddable":true,"href":"https:\/\/tenerifepropertysales.demo4.respacio.com\/fr\/wp-json\/wp\/v2\/comments?post=318326"}],"version-history":[{"count":1,"href":"https:\/\/tenerifepropertysales.demo4.respacio.com\/fr\/wp-json\/wp\/v2\/pages\/318326\/revisions"}],"predecessor-version":[{"id":318329,"href":"https:\/\/tenerifepropertysales.demo4.respacio.com\/fr\/wp-json\/wp\/v2\/pages\/318326\/revisions\/318329"}],"wp:featuredmedia":[{"embeddable":true,"href":"https:\/\/tenerifepropertysales.demo4.respacio.com\/fr\/wp-json\/wp\/v2\/media\/318328"}],"wp:attachment":[{"href":"https:\/\/tenerifepropertysales.demo4.respacio.com\/fr\/wp-json\/wp\/v2\/media?parent=318326"}],"wp:term":[{"taxonomy":"page-tag","embeddable":true,"href":"https:\/\/tenerifepropertysales.demo4.respacio.com\/fr\/wp-json\/wp\/v2\/page-tag?post=318326"}],"curies":[{"name":"wp","href":"https:\/\/api.w.org\/{rel}","templated":true}]}}