{"id":318149,"date":"2025-05-02T08:11:23","date_gmt":"2025-05-02T07:11:23","guid":{"rendered":"https:\/\/tenerifepropertysales.demo4.respacio.com\/slapuku-politika\/"},"modified":"2025-05-02T08:11:23","modified_gmt":"2025-05-02T07:11:23","slug":"slapuku-politika","status":"publish","type":"page","link":"https:\/\/tenerifepropertysales.demo4.respacio.com\/lt\/slapuku-politika\/","title":{"rendered":"Slapuk\u0173 politika"},"content":{"rendered":"\n<h2 class=\"wp-block-heading\" id=\"h-1-nbsp-que-son-las-cookies\">1. \u00bfQU\u00c9 SON LAS COOKIES?<\/h2>\n\n<p>Una cookie es un archivo de texto que un servidor web puede guardar en el disco duro de tu equipo para almacenar alg\u00fan tipo de informaci\u00f3n sobre ti como usuario. Las cookies se utilizan con diversas finalidades tales como almacenar datos para pr\u00f3ximas visitas, para reconocer al usuario y evitar pedir de nuevo la autentificaci\u00f3n, para saber que paginas visitas, o para guardar tus preferencias en \u00e1reas personalizables&#8230;). Normalmente los sitios web utilizan las cookies para obtener informaci\u00f3n estad\u00edstica sobre sus p\u00e1ginas web, y analizar el comportamiento de sus clientes\/usuarios.  <\/p>\n\n<p>Quedan exceptuadas del cumplimiento de las obligaciones establecidas en el art\u00edculo 22.2 de la LSSI las cookies utilizadas para alguna de las siguientes finalidades:<\/p>\n\n<ul class=\"wp-block-list\">\n<li>Permitir \u00fanicamente la comunicaci\u00f3n entre el equipo del usuario y la red.<\/li>\n\n\n\n<li>Estrictamente prestar un servicio expresamente solicitado por el usuario.<\/li>\n<\/ul>\n\n<p>As\u00ed, quedan entre las cookies exceptuadas estar\u00edan aquellas que tienen por finalidad:<\/p>\n\n<ul class=\"wp-block-list\">\n<li>&#8222;Entrada del usuario&#8221; slapukai. Son aquellas que se almacenan en el equipo cuando el usuario introduce informaci\u00f3n en un sitio web. Por ejemplo, al rellenar un formulario web.  <\/li>\n\n\n\n<li>Autenticaci\u00f3n o identificaci\u00f3n de usuario slapukai (tik sesijos metu). Su funci\u00f3n es identificar a un usuario cuando \u00e9ste introduzca sus credenciales al iniciar sesi\u00f3n. <\/li>\n\n\n\n<li>Slapuk\u0173 de seguridad del usuario. Son las cookies que detectan problemas o riesgos de seguridad. Por ejemplo, aquellas que detectan intentos err\u00f3neos y reiterados de conexi\u00f3n.  <\/li>\n\n\n\n<li>Daugialyp\u0117s terp\u0117s atk\u016brimo sesijos slapukai. Leid\u017eia atgaminti multimedijos turin\u012f interneto svetain\u0117se, kuriose lankosi naudotojas. Por ejemplo, los v\u00eddeos que se reproducen autom\u00e1ticamente al entrar en una web est\u00e1n autorizados por este tipo de cookies.  <\/li>\n\n\n\n<li>Slapuk\u0173 de sesi\u00f3n para equilibrar la carga. Conectan el servidor del sitio web y el del usuario para que la informaci\u00f3n se pueda transmitir entre ambos. <\/li>\n\n\n\n<li>Cookies de personalizaci\u00f3n de la interfaz de usuario. Son las cookies que recuerdan las preferencias de los usuarios durante la navegaci\u00f3n por una web. Por ejemplo, el idioma; el navegador elegido; etc.  <\/li>\n\n\n\n<li>Determinadas cookies de complemento (plug-in) para intercambiar contenidos sociales. Se utilizan cuando el usuario visita redes sociales a trav\u00e9s de una web. Por ejemplo, al compartir en redes sociales el art\u00edculo de una web.  <\/li>\n<\/ul>\n\n<p>Los usos concretos que hacemos de estas tecnolog\u00edas se describen en los siguientes apartados.<\/p>\n\n<h2 class=\"wp-block-heading\" id=\"h-2-nbsp-tipos-de-cookies\">2. SLAPUK\u0172 TIPAI<\/h2>\n\n<p>Las cookies pueden clasificarse seg\u00fan los siguientes criterios:<\/p>\n\n<p>Seg\u00fan quien <strong>instalia<\/strong> la cookie, \u00e9stas pueden ser:<\/p>\n\n<p><strong>Slapukai propias:<\/strong> Tai yra slapukai, kurie yra siun\u010diami \u012f naudotojo terminal\u0105 ir naudojami jo naudojamoje \u012frangoje ar domeno valdyme, ir kurie teikia naudotojo pra\u0161omas paslaugas.<\/p>\n\n<p><strong>Slapuk\u0173 de terceros:<\/strong> Sono aqu\u00e9llas que se env\u00edan al equipo terminal del usuario bien desde un desde un equipo o dominio gestionado por nosotros o por un tercero, pero la informaci\u00f3n que se recoja de las cookies es gestionada por un tercero distinto del titular de la web.<\/p>\n\n<p>Seg\u00fan su <strong>plazo<\/strong> de conservaci\u00f3n, las cookies pueden ser:<\/p>\n\n<p><strong>Sesijos slapukai<\/strong>: Tai slapukai, kurie trunka vis\u0105 laik\u0105, kol naudotojas naudojasi interneto svetaine, ir yra nuimami, kai baigiama nar\u0161yti.<\/p>\n\n<p><strong>Nuolatiniai slapukai:<\/strong> Tai yra slapuk\u0173, kurie yra saugomi naudotojo terminale ilg\u0105 laik\u0105 ir palengvina jo pasirinkt\u0173 nuostat\u0173 kontrol\u0119, nes n\u0117ra b\u016btina kartoti kai kuri\u0173 parametr\u0173 duomenis, kai tik jis apsilanko interneto svetain\u0117je.<\/p>\n\n<p>Seg\u00fan su <strong>finalidad<\/strong>, las cookies pueden ser:<\/p>\n\n<p><strong>Slapukai ir technikos slapukai:<\/strong> Slapukus galima naudoti tik tada, jei jie yra b\u016btini ir grie\u017etai reikalingi, kad svetain\u0117 veikt\u0173 tinkamai ir b\u016bt\u0173 naudojamos \u012fvairios galimyb\u0117s ir paslaugos, kurias ji si\u016blo. Por ejemplo, las de mantenimiento de sesi\u00f3n, las que permiten utilizar elementos de seguridad, compartir contenido con redes sociales, etc. <\/p>\n\n<p><strong>Personalizavimo slapukai:<\/strong> Tai leid\u017eia naudotojui pasirinkti ar personalizuoti tinklalapio charakteristikas, tokias kaip idioma, regionin\u0117 konfig\u016bracija ar nar\u0161ykl\u0117s tipas.<\/p>\n\n<p><strong>Analitiniai slapukai:<\/strong> Tai &#8211; slapti duomenys: Son las utilizadas por los portales Web, para elaborar perfiles de navegaci\u00f3n y poder conocer las preferencias de los usuarios con el fin de mejorar la oferta de productos y servicios. Permiten controlar \u00e1reas geogr\u00e1ficas de mayor inter\u00e9s de un usuario, la informaci\u00f3n de la web de m\u00e1s aceptaci\u00f3n, etc. <\/p>\n\n<p><strong>Publicitarias \/ de publicidad:<\/strong> son aquellas que almacenan informaci\u00f3n del comportamiento de los usuarios obtenida a trav\u00e9s de la observaci\u00f3n continuada de sus h\u00e1bitos de navegaci\u00f3n, lo que permite desarrollar un perfil espec\u00edfico para mostrar publicidad en funci\u00f3n de este.<\/p>\n\n<h2 class=\"wp-block-heading\" id=\"h-3-nbsp-nbsp-nbsp-cookies-utilizadas-en-nuestra-web\">3. SLAPUKAI, NAUDOJAMI NUESTRA WEB<\/h2>\n\n<p>www.tenerifepropertysales.com utiliza los siguientes tipos de cookies en la web:<\/p>\n\n<p><strong>Slapukai t\u00e9cnicas<\/strong><\/p>\n\n<p>Leid\u017eia naudotojui navegar por la Web.<\/p>\n\n<p><strong>Analiz\u0117s slapukai<\/strong><\/p>\n\n<p>Utilizamos cookies de Google Analytics para cuantificar el n\u00famero de usuarios que visitan la Web. Estas cookies permiten medir y analizar la forma en que los usuarios navegan por la Web. Esta informaci\u00f3n permite a LOS GIGANTES PROPERTIES, S.L. mejor continuamente sus servicios y la experiencia de los usuarios de la Web. Para obtener m\u00e1s informaci\u00f3n, puedes consultar la p\u00e1gina de privacidad de Google Analytics: <a href=\"https:\/\/developers.google.com\/analytics\/devguides\/collection\/analyticsjs\/cookie-usage\">https:\/\/developers.google.com\/analytics\/devguides\/collection\/analyticsjs\/cookie-usage<\/a>   <\/p>\n\n<p><strong>Slapukai, \u012fdiegti m\u016bs\u0173 interneto svetain\u0117je:<\/strong><\/p>\n\n<figure class=\"wp-block-table\"><table><thead><tr><td>Slapuko pavadinimas<\/td><td>Finalidad<\/td><td>Propia\/ de terceros<\/td><td>Duraci\u00f3n<\/td><td>\u00bfCu\u00e1ndo se instaliacija?<\/td><\/tr><\/thead><tbody><tr><td>PHPSESSID<\/td><td>Esta cookie se utiliza para almacenar e identificar la ID de sesi\u00f3n \u00fanica de un usuario con el fin de administrar la sesi\u00f3n del usuario en el sitio web. La cookie es una cookie de sesi\u00f3n y se elimina cuando se cierran todas las ventanas del navegador. <\/td><td>Propia<\/td><td>Sesija<\/td><td>Cuando se accede a la web<\/td><\/tr><tr><td>ignore_cookies<\/td><td>Sin descripci\u00f3n<\/td><td>Propia<\/td><td>7 d\u00edas<\/td><td>Cuando se accede a la web<\/td><\/tr><tr><td>twk_idm_key<\/td><td>Sin descripci\u00f3n<\/td><td>Propia<\/td><td>Sesija<\/td><td>Cuando se accede a la web<\/td><\/tr><tr><td>TawkConnectionTime<\/td><td>Esta cookie se utiliza para ayudar a recordar a los usuarios para que los chats anteriores se puedan vincular entre s\u00ed.<\/td><td>Propia<\/td><td>Sesija<\/td><td>Cuando se accede a la web<\/td><\/tr><tr><td>_GRECAPTCHA<\/td><td>Esta cookie se utiliza para identificar bots y proteger el sitio web contra ataques de spam maliciosos.<\/td><td>Terceros<\/td><td>5 meses y 27 d\u00edas<\/td><td>Cuando se accede a la web<\/td><\/tr><\/tbody><\/table><\/figure>\n\n<p>Esta web, kaip ir did\u017eioji dalis interneto svetaini\u0173, apima tre\u010di\u0173j\u0173 \u0161ali\u0173 proporcingas funkcijas.<\/p>\n\n<p>Nuestra web es una web viva y se pueden incluir nuevos dise\u00f1os o servicios de terceros. Esto puede modificar ocasionalmente la configuraci\u00f3n de cookies y que aparezcan cookies no detladas de forma pormenorizada en la presente pol\u00edtica. <\/p>\n\n<h2 class=\"wp-block-heading\" id=\"h-4-nbsp-nbsp-nbsp-informacion-y-obtencion-del-consentimiento-para-la-instalacion\">4. INFORMACI\u00d3N Y OBTENCI\u00d3N DEL CONSENTIMIENTO PARA LA INSTALATION<\/h2>\n\n<p>www.tenerifepropertysales.com ha procurado el establecimiento de mecanismos adecuados para la obtenci\u00f3n del consentimiento del usuario en relaci\u00f3n con las cookies no estrictamente necesarias. Esto incluye a las cookies anal\u00edticas o de medici\u00f3n, que no se instalar\u00e1n salvo aceptaci\u00f3n expresa del usuario. <\/p>\n\n<p>Con el acceso a nuestra web, aparece un pop-up en el que se informa de todos los detales acerca de las cookies; ofreciendo una aceptaci\u00f3n granular de \u00e9stas.<\/p>\n\n<p>Los usuarios no tendr\u00e1n que dar su consentimiento cada vez que visiten la web. Conservaremos su consentimiento y preferencias de cookies durante el plazo m\u00e1ximo de 24 meses. Antes de que transcurra dicho plazo le solicitaremos la renovaci\u00f3n de su consentimiento en relaci\u00f3n con las cookies.  <\/p>\n\n<h2 class=\"wp-block-heading\" id=\"h-5-nbsp-nbsp-nbsp-como-puedo-impedir-la-instalacion-de-cookies\">5. \u00bfC\u00d3MO PUEDO IMPEDIR LA INSTALATION DE COOKIES?<\/h2>\n\n<p>El usuario puede rechazar la instalci\u00f3n de todas aquellas cookies, seg\u00fan sus preferencias, salvo aquellas que autorice expresamente o las que son de perfil t\u00e9cnico y deben ser instaladas para garantizar el funcionamiento correcto de la p\u00e1gina web, se\u00f1alando las que desee instalar o rechazar en el pop-up o ventana de aceptaci\u00f3n de cookies que aparece al ingresar en la home. No obstante, existen otras formas de evitar que se instalen cookies en el equipo, como les indicamos a continuaci\u00f3n. <\/p>\n\n<p>El usuario puede configurar su navegador para aceptar, o no, las cookies que recibe o para que el navegador le avise cuando un servidor quiera guardar una cookie. Si se deshabilitan algunas cookies t\u00e9cnicas no se garantiza el correcto funcionamiento de algunas de las utilidades de la web. <\/p>\n\n<p>El usuario podr\u00e1 excluir que se almacenen en su terminal las cookies <em>&#8222;analitticas y publicitarias&#8221;<\/em> de Google Analytics mediante los <a href=\"https:\/\/tools.google.com\/dlpage\/gaoptout\">sistemas de exclusi\u00f3n facilitados por Google Analytics.<\/a><\/p>\n\n<p>A continuaci\u00f3n, tambi\u00e9n le facilitamos algunos ejemplos de c\u00f3mo deshabilitar las cookies:<\/p>\n\n<ol class=\"wp-block-list\" style=\"list-style-type:lower-alpha\">\n<li><strong><\/strong><strong>Mediante la configuraci\u00f3n del propio navegador:<\/strong><\/li>\n\n\n\n<li>Internet Explorer: <a href=\"http:\/\/windows.microsoft.com\/es-es\/windows-vista\/block-or-allow-cookies\">http:\/\/windows.microsoft.com\/es-es\/windows-vista\/block-or-allow-cookies<\/a><\/li>\n\n\n\n<li>Firefox: <a href=\"https:\/\/support.mozilla.org\/es\/kb\/Borrar%20cookies\">https:\/\/support.mozilla.org\/es\/kb\/Borrar%20cookies<\/a>  <\/li>\n\n\n\n<li>Safari: <a href=\"http:\/\/support.apple.com\/kb\/HT1677?viewlocale=es_ES\">http:\/\/support.apple.com\/kb\/HT1677?viewlocale=es_ES<\/a>.<\/li>\n\n\n\n<li>Chrome: <a href=\"https:\/\/support.google.com\/accounts\/answer\/61416?hl=es\">https:\/\/support.google.com\/accounts\/answer\/61416?hl=es.<\/a><\/li>\n\n\n\n<li>Opera: <a href=\"http:\/\/help.opera.com\/Windows\/11.50\/es-ES\/cookies.html\">http:\/\/help.opera.com\/Windows\/11.50\/es-ES\/cookies.html<\/a><\/li>\n<\/ol>\n\n<p>Para ampliar esta informaci\u00f3n acuda a la p\u00e1gina de la Agencia Espa\u00f1ola de Protecci\u00f3n de Datos que ayuda a configurar la privacidad en redes sociales, navegadores y sistemas operativos m\u00f3viles.  <a href=\"http:\/\/www.agpd.es\/portalwebAGPD\/CanalDelCiudadano\/protegetuprivacidad\/index-ides-idphp.php\">Daugiau informacijos.<\/a><\/p>\n\n<ul class=\"wp-block-list\">\n<li><strong><\/strong><strong>Mediante herramientas de terceros:<\/strong><\/li>\n<\/ul>\n\n<p>Egzistuoja terceros herramientas de terceros, disponibles online, kurios leid\u017eia naudotojams aptikti slapukus kiekvienoje interneto svetain\u0117je, kuri\u0105 jie lanko, ir valdyti j\u0173 atk\u016brim\u0105, pvz:<\/p>\n\n<p><a href=\"http:\/\/www.ghostery.com\/\">http:\/\/www.ghostery.com<\/a><\/p>\n\n<p><a href=\"http:\/\/www.youronlinechoices.com\/es\/\">http:\/\/www.youronlinechoices.com\/es\/<\/a><\/p>\n\n<p>En todo caso, el usuario puede permitir o bloquear las cookies, as\u00ed como borrar sus datos de navegaci\u00f3n (incluidas las cookies) desde el navegador que utiliza. Consulte las opciones e instrucciones que ofrece su navegador para ello. Tenga en cuenta que si acepta las cookies de terceros, deber\u00e1 eliminarlas desde las opciones del navegador.  <\/p>\n\n<h2 class=\"wp-block-heading\" id=\"h-6-nbsp-nbsp-nbsp-nbsp-enlaces-a-otros-sitios-web\">6. ENLACES A OTROS SITIOS WEB<\/h2>\n\n<p>Si opta por abandonar nuestro sitio Web a trav\u00e9s de enlaces a otros sitios Web no pertenecientes a nuestra entidad, no nos haremos responsables de las pol\u00edticas de privacidad de dichos sitios Web ni de las cookies que estos puedan almacenar en el ordenador del usuario.<\/p>\n\n<h2 class=\"wp-block-heading\" id=\"h-7-nbsp-nbsp-nbsp-como-recopilamos-y-usamos-las-direcciones-ip\">7. \u00bfC\u00d3MO RECOPILAMOS Y USAMOS LAS DIRECCIONES IP?<\/h2>\n\n<p>Los servidores de la Web podr\u00e1n detectar de manera autom\u00e1tica la direcci\u00f3n IP y el nombre de dominio utilizados por los usuarios.<\/p>\n\n<p>Una direcci\u00f3n IP es un n\u00famero asignado autom\u00e1ticamente a un ordenador cuando \u00e9ste se conecta a Internet. Esta informaci\u00f3n permite el posterior procesamiento de los datos con el fin de saber si ha prestado su consentimiento para la instalation de cookies, realizar mediciones \u00fanicamente estad\u00edsticas que permitan conocer el n\u00famero de visitas realizadas a la Web, el orden de visitas, el punto de acceso, etc. <\/p>\n\n<h2 class=\"wp-block-heading\" id=\"h-8-nbsp-nbsp-nbsp-nbsp-transferencia-internacional-de-datos\">8. TRANSFERENCIA INTERNACIONAL DE DATOS<\/h2>\n\n<p>Las cookies instaladas en nuestro dominio web se instalan en nuestro servidor por lo que los datos en ellas recogidos no son sometidos a transferencias internacionales de datos.<\/p>\n\n<p>Las cookies de terceros instaladas en nuestra web por dominios de terceros pueden estar estar sometidos a transferencia internacional de datos. Para obtener m\u00e1s informaci\u00f3n sobre las posibles transferencias internacionales de datos que estas cookies puedan suponer le recomendamos pulsar en el apartado <em>&#8222;m\u00e1s informaci\u00f3n<\/em> &#8221; de la cookie que quieran consultar. <\/p>\n\n<p>Puedes informarte de las transferencias a terceros pa\u00edses (art\u00edculo 49 RGPD) que, en su caso, puedan realizar los terceros identificados en la presente Pol\u00edtica de Cookies en sus correspondientes pol\u00edticas (v\u00e9ase el siguiente enlace: <a href=\"https:\/\/policies.google.com\/technologies\/cookies?hl=es\">https:\/\/policies.google.com\/technologies\/cookies?hl=es)<\/a><\/p>\n\n<h2 class=\"wp-block-heading\" id=\"h-9-nbsp-nbsp-nbsp-actualizacion-de-nuestra-politica-de-cookies\">9. M\u016aS\u0172 SLAPUK\u0172 POLITIKOS ATNAUJINIMAS<\/h2>\n\n<p>Esta pol\u00edtica se revisa peri\u00f3dicamente para asegurar su vigencia, por lo que puede ser modificada. Le recomendamos que visite la p\u00e1gina con regularidad donde le informaremos de cualquier actualizaci\u00f3n al respecto. <\/p>\n","protected":false},"excerpt":{"rendered":"<p>1. \u00bfQU\u00c9 SON LAS COOKIES? Una cookie es un archivo de texto que un servidor web puede guardar en el disco duro de tu equipo para almacenar alg\u00fan tipo de informaci\u00f3n sobre ti como usuario. Las cookies se utilizan con diversas finalidades tales como almacenar datos para pr\u00f3ximas visitas, para reconocer al usuario y evitar [&#8230;]<\/p>\n<p><a class=\"btn btn-secondary respacio-read-more-link\" href=\"https:\/\/tenerifepropertysales.demo4.respacio.com\/lt\/slapuku-politika\/\">Read More&#8230;<\/a><\/p>\n","protected":false},"author":21,"featured_media":0,"parent":0,"menu_order":0,"comment_status":"closed","ping_status":"closed","template":"","meta":{"_uag_custom_page_level_css":"","ub_ctt_via":"","footnotes":""},"page-tag":[],"class_list":["post-318149","page","type-page","status-publish","hentry"],"acf":[],"featured_image_src":null,"yoast_head":"<!-- This site is optimized with the Yoast SEO Premium plugin v21.2 (Yoast SEO v24.4) - https:\/\/yoast.com\/wordpress\/plugins\/seo\/ -->\n<title>Slapuk\u0173 politika - Paul Ruane - Los Gigantes Properties<\/title>\n<meta name=\"robots\" content=\"noindex, follow, max-snippet:-1, max-image-preview:large, max-video-preview:-1\" \/>\n<meta property=\"og:locale\" content=\"lt_LT\" \/>\n<meta property=\"og:type\" content=\"article\" \/>\n<meta property=\"og:title\" content=\"Slapuk\u0173 politika\" \/>\n<meta property=\"og:description\" content=\"1. \u00bfQU\u00c9 SON LAS COOKIES? Una cookie es un archivo de texto que un servidor web puede guardar en el disco duro de tu equipo para almacenar alg\u00fan tipo de informaci\u00f3n sobre ti como usuario. Las cookies se utilizan con diversas finalidades tales como almacenar datos para pr\u00f3ximas visitas, para reconocer al usuario y evitar [...]Read More...\" \/>\n<meta property=\"og:url\" content=\"https:\/\/tenerifepropertysales.demo4.respacio.com\/lt\/slapuku-politika\/\" \/>\n<meta property=\"og:site_name\" content=\"Paul Ruane - Los Gigantes Properties\" \/>\n<meta property=\"og:image\" content=\"\" \/>\n<meta name=\"twitter:card\" content=\"summary_large_image\" \/>\n<meta name=\"twitter:label1\" content=\"Est. reading time\" \/>\n\t<meta name=\"twitter:data1\" content=\"10 minu\u010di\u0173\" \/>\n<script type=\"application\/ld+json\" class=\"yoast-schema-graph\">{\"@context\":\"https:\/\/schema.org\",\"@graph\":[{\"@type\":\"WebPage\",\"@id\":\"https:\/\/tenerifepropertysales.demo4.respacio.com\/lt\/slapuku-politika\/\",\"url\":\"https:\/\/tenerifepropertysales.demo4.respacio.com\/lt\/slapuku-politika\/\",\"name\":\"Slapuk\u0173 politika - Paul Ruane - Los Gigantes Properties\",\"isPartOf\":{\"@id\":\"https:\/\/tenerifepropertysales.demo4.respacio.com\/lt\/#website\"},\"datePublished\":\"2025-05-02T07:11:23+00:00\",\"breadcrumb\":{\"@id\":\"https:\/\/tenerifepropertysales.demo4.respacio.com\/lt\/slapuku-politika\/#breadcrumb\"},\"inLanguage\":\"lt-LT\",\"potentialAction\":[{\"@type\":\"ReadAction\",\"target\":[\"https:\/\/tenerifepropertysales.demo4.respacio.com\/lt\/slapuku-politika\/\"]}]},{\"@type\":\"BreadcrumbList\",\"@id\":\"https:\/\/tenerifepropertysales.demo4.respacio.com\/lt\/slapuku-politika\/#breadcrumb\",\"itemListElement\":[{\"@type\":\"ListItem\",\"position\":1,\"name\":\"Pagrindinis\",\"item\":\"https:\/\/tenerifepropertysales.demo4.respacio.com\/lt\/pirmasis-puslapis\/\"},{\"@type\":\"ListItem\",\"position\":2,\"name\":\"Slapuk\u0173 politika\"}]},{\"@type\":\"WebSite\",\"@id\":\"https:\/\/tenerifepropertysales.demo4.respacio.com\/lt\/#website\",\"url\":\"https:\/\/tenerifepropertysales.demo4.respacio.com\/lt\/\",\"name\":\"Paul Ruane - Los Gigantes Properties\",\"description\":\"Los Gigantes Nekilnojamasis turtas\",\"publisher\":{\"@id\":\"https:\/\/tenerifepropertysales.demo4.respacio.com\/lt\/#organization\"},\"inLanguage\":\"lt-LT\"},{\"@type\":\"Organization\",\"@id\":\"https:\/\/tenerifepropertysales.demo4.respacio.com\/lt\/#organization\",\"name\":\"Paul Ruane - Los Gigantes Properties\",\"url\":\"https:\/\/tenerifepropertysales.demo4.respacio.com\/lt\/\",\"logo\":{\"@type\":\"ImageObject\",\"inLanguage\":\"lt-LT\",\"@id\":\"https:\/\/tenerifepropertysales.demo4.respacio.com\/lt\/#\/schema\/logo\/image\/\",\"url\":\"https:\/\/tenerifepropertysales.demo4.respacio.com\/wp-content\/uploads\/2020\/04\/logo-white-1.png\",\"contentUrl\":\"https:\/\/tenerifepropertysales.demo4.respacio.com\/wp-content\/uploads\/2020\/04\/logo-white-1.png\",\"width\":273,\"height\":59,\"caption\":\"Paul Ruane - Los Gigantes Properties\"},\"image\":{\"@id\":\"https:\/\/tenerifepropertysales.demo4.respacio.com\/lt\/#\/schema\/logo\/image\/\"}}]}<\/script>\n<!-- \/ Yoast SEO Premium plugin. -->","yoast_head_json":{"title":"Slapuk\u0173 politika - Paul Ruane - Los Gigantes Properties","robots":{"index":"noindex","follow":"follow","max-snippet":"max-snippet:-1","max-image-preview":"max-image-preview:large","max-video-preview":"max-video-preview:-1"},"og_locale":"lt_LT","og_type":"article","og_title":"Slapuk\u0173 politika","og_description":"1. \u00bfQU\u00c9 SON LAS COOKIES? Una cookie es un archivo de texto que un servidor web puede guardar en el disco duro de tu equipo para almacenar alg\u00fan tipo de informaci\u00f3n sobre ti como usuario. Las cookies se utilizan con diversas finalidades tales como almacenar datos para pr\u00f3ximas visitas, para reconocer al usuario y evitar [...]Read More...","og_url":"https:\/\/tenerifepropertysales.demo4.respacio.com\/lt\/slapuku-politika\/","og_site_name":"Paul Ruane - Los Gigantes Properties","og_image":[{"url":false,"type":"","width":"","height":""}],"twitter_card":"summary_large_image","twitter_misc":{"Est. reading time":"10 minu\u010di\u0173"},"schema":{"@context":"https:\/\/schema.org","@graph":[{"@type":"WebPage","@id":"https:\/\/tenerifepropertysales.demo4.respacio.com\/lt\/slapuku-politika\/","url":"https:\/\/tenerifepropertysales.demo4.respacio.com\/lt\/slapuku-politika\/","name":"Slapuk\u0173 politika - Paul Ruane - Los Gigantes Properties","isPartOf":{"@id":"https:\/\/tenerifepropertysales.demo4.respacio.com\/lt\/#website"},"datePublished":"2025-05-02T07:11:23+00:00","breadcrumb":{"@id":"https:\/\/tenerifepropertysales.demo4.respacio.com\/lt\/slapuku-politika\/#breadcrumb"},"inLanguage":"lt-LT","potentialAction":[{"@type":"ReadAction","target":["https:\/\/tenerifepropertysales.demo4.respacio.com\/lt\/slapuku-politika\/"]}]},{"@type":"BreadcrumbList","@id":"https:\/\/tenerifepropertysales.demo4.respacio.com\/lt\/slapuku-politika\/#breadcrumb","itemListElement":[{"@type":"ListItem","position":1,"name":"Pagrindinis","item":"https:\/\/tenerifepropertysales.demo4.respacio.com\/lt\/pirmasis-puslapis\/"},{"@type":"ListItem","position":2,"name":"Slapuk\u0173 politika"}]},{"@type":"WebSite","@id":"https:\/\/tenerifepropertysales.demo4.respacio.com\/lt\/#website","url":"https:\/\/tenerifepropertysales.demo4.respacio.com\/lt\/","name":"Paul Ruane - Los Gigantes Properties","description":"Los Gigantes Nekilnojamasis turtas","publisher":{"@id":"https:\/\/tenerifepropertysales.demo4.respacio.com\/lt\/#organization"},"inLanguage":"lt-LT"},{"@type":"Organization","@id":"https:\/\/tenerifepropertysales.demo4.respacio.com\/lt\/#organization","name":"Paul Ruane - Los Gigantes Properties","url":"https:\/\/tenerifepropertysales.demo4.respacio.com\/lt\/","logo":{"@type":"ImageObject","inLanguage":"lt-LT","@id":"https:\/\/tenerifepropertysales.demo4.respacio.com\/lt\/#\/schema\/logo\/image\/","url":"https:\/\/tenerifepropertysales.demo4.respacio.com\/wp-content\/uploads\/2020\/04\/logo-white-1.png","contentUrl":"https:\/\/tenerifepropertysales.demo4.respacio.com\/wp-content\/uploads\/2020\/04\/logo-white-1.png","width":273,"height":59,"caption":"Paul Ruane - Los Gigantes Properties"},"image":{"@id":"https:\/\/tenerifepropertysales.demo4.respacio.com\/lt\/#\/schema\/logo\/image\/"}}]}},"uagb_featured_image_src":{"full":false,"thumbnail":false,"medium":false,"medium_large":false,"large":false,"1536x1536":false,"2048x2048":false},"uagb_author_info":{"display_name":"Aixa","author_link":"https:\/\/tenerifepropertysales.demo4.respacio.com\/lt\/author\/aixa\/"},"uagb_comment_info":0,"uagb_excerpt":"1. \u00bfQU\u00c9 SON LAS COOKIES? Una cookie es un archivo de texto que un servidor web puede guardar en el disco duro de tu equipo para almacenar alg\u00fan tipo de informaci\u00f3n sobre ti como usuario. Las cookies se utilizan con diversas finalidades tales como almacenar datos para pr\u00f3ximas visitas, para reconocer al usuario y evitar&hellip;","_links":{"self":[{"href":"https:\/\/tenerifepropertysales.demo4.respacio.com\/lt\/wp-json\/wp\/v2\/pages\/318149","targetHints":{"allow":["GET"]}}],"collection":[{"href":"https:\/\/tenerifepropertysales.demo4.respacio.com\/lt\/wp-json\/wp\/v2\/pages"}],"about":[{"href":"https:\/\/tenerifepropertysales.demo4.respacio.com\/lt\/wp-json\/wp\/v2\/types\/page"}],"author":[{"embeddable":true,"href":"https:\/\/tenerifepropertysales.demo4.respacio.com\/lt\/wp-json\/wp\/v2\/users\/21"}],"replies":[{"embeddable":true,"href":"https:\/\/tenerifepropertysales.demo4.respacio.com\/lt\/wp-json\/wp\/v2\/comments?post=318149"}],"version-history":[{"count":1,"href":"https:\/\/tenerifepropertysales.demo4.respacio.com\/lt\/wp-json\/wp\/v2\/pages\/318149\/revisions"}],"predecessor-version":[{"id":318153,"href":"https:\/\/tenerifepropertysales.demo4.respacio.com\/lt\/wp-json\/wp\/v2\/pages\/318149\/revisions\/318153"}],"wp:attachment":[{"href":"https:\/\/tenerifepropertysales.demo4.respacio.com\/lt\/wp-json\/wp\/v2\/media?parent=318149"}],"wp:term":[{"taxonomy":"page-tag","embeddable":true,"href":"https:\/\/tenerifepropertysales.demo4.respacio.com\/lt\/wp-json\/wp\/v2\/page-tag?post=318149"}],"curies":[{"name":"wp","href":"https:\/\/api.w.org\/{rel}","templated":true}]}}