{"id":318152,"date":"2025-05-02T08:11:23","date_gmt":"2025-05-02T07:11:23","guid":{"rendered":"https:\/\/tenerifepropertysales.demo4.respacio.com\/teisine-politika\/"},"modified":"2025-05-02T08:11:24","modified_gmt":"2025-05-02T07:11:24","slug":"teisine-politika","status":"publish","type":"page","link":"https:\/\/tenerifepropertysales.demo4.respacio.com\/lt\/teisine-politika\/","title":{"rendered":"Teisin\u0117 politika"},"content":{"rendered":"\n<h2 class=\"wp-block-heading\" id=\"h-1-nbsp-nbsp-nbsp-nbsp-nbsp-nbsp-nbsp-nbsp-objeto-y-aceptacion\">1. Objektas ir recepcija<\/h2>\n\n<p>El presente aviso legal regula el uso del sitio Web: www.tenerifepropertysales.com<\/p>\n\n<p>El sitio web www.tenerifepropertysales.com presta servicios cuyo objetivo primordial es permitir el contacto entre los usuarios y la entidad, bien para ponerse en contacto con nosotros, responder a su solicitud, gestionar su reclamaci\u00f3n, ejercitar sus derechos en protecci\u00f3n de datos o para pedir una cita.<\/p>\n\n<p>La navegaci\u00f3n por la p\u00e1gina www.tenerifepropertysales.com atribuye la condici\u00f3n de usuario de la misma e implica la aceptaci\u00f3n plena y sin reservas de todas y cada una de las disposiciones incluidas en este Aviso Legal, que pueden sufrir modificaciones.<\/p>\n\n<p>El usuario se obliga a hacer un uso correcto del sitio Web de conformidad con las leyes, la buena fe, el orden p\u00fablico, los usos del tr\u00e1fico y el presente Aviso Legal. El Usuario responder\u00e1 frente a LOS GIGANTES PROPERTIES, S.L. y frente a terceros, de los da\u00f1os y perjuicios que pudieran causarse como consecuencia del incumplimiento de dicha obligaci\u00f3n. <\/p>\n\n<h2 class=\"wp-block-heading\" id=\"h-2-nbsp-nbsp-nbsp-nbsp-nbsp-nbsp-nbsp-nbsp-titularidad-de-la-web-e-identificacion-del-prestador-de-servicios-de-la-sociedad-de-la-informacion\">2. Titularidad de la web e identificaci\u00f3n del Prestador de Servicios de la Sociedad de la Informaci\u00f3n<\/h2>\n\n<p>Con la finalidad de dar cumplimiento al principio de Informaci\u00f3n general exigido por el Art\u00edculo 10 de la Ley 34\/2002, de 11 de julio, de servicios de la sociedad de la informaci\u00f3n y de comercio electr\u00f3nico informamos a nuestros usuarios que el presente sitio web pertenece a LOS GIGANTES PROPERTIES, S.L. con CIF B38350013.<\/p>\n\n<figure class=\"wp-block-table\"><table><tbody><tr><td colspan=\"3\">Direcci\u00f3n:<strong><\/strong><\/td><td colspan=\"3\">Calle Flor de Pascua, 23, 38683 &#8211; Acantilado de Los Gigantes (Santa Cruz de Tenerif\u0117)<\/td><\/tr><tr><td colspan=\"3\">Correo-e:<\/td><td colspan=\"3\">nicky@tenerifepropertysales.com<\/td><\/tr><tr><td colspan=\"3\">Tel:<\/td><td colspan=\"3\">922 861 313<\/td><\/tr><tr><td colspan=\"3\">Web alojada por:<\/td><td colspan=\"3\">OVH SAS<\/td><\/tr><\/tbody><\/table><\/figure>\n\n<h2 class=\"wp-block-heading\" id=\"h-3-nbsp-nbsp-nbsp-nbsp-nbsp-nbsp-nbsp-nbsp-condiciones-generales-de-acceso-y-utilizacion\">3. Condiciones generales de acceso y utilizaci\u00f3n<\/h2>\n\n<p>El sitio Web y sus servicios son de acceso libre y gratuito, si bien la utilizaci\u00f3n de determinadas \u00e1reas o servicios est\u00e1 condicionada a cumplimentar formularios de recogida de datos. S\u00f3lo los mayores de 18 a\u00f1os podr\u00e1n facilitar datos a trav\u00e9s de nuestra web, y los menores de 14 a\u00f1os no pueden facilitarlos sin el consentimiento de los padres o tutores. <\/p>\n\n<p>El Usuario garantiza la autenticidad y actualidad de todos aquellos datos que comunique a LOS GIGANTES PROPERTIES, S.L. y ser\u00e1 el \u00fanico responsable de las manifestestaciones falsas o inexactas que realice.<\/p>\n\n<p>www.tenerifepropertysales.com tiene los siguientes tipos de usuarios:<\/p>\n\n<ul class=\"wp-block-list\">\n<li>Usuarios que aportan datos en cualquiera de los formularios disponibles: LOS GIGANTES PROPERTIES, S.L. solicita incluye el nombre y direcci\u00f3n electr\u00f3nica y los proporcionados por el propio usuario al rellenar los formularios.<\/li>\n\n\n\n<li>Usuarios que no han contactado con LOS GIGANTES PROPERTIES, S.L. pero de los que se recogen datos: Duomenys, proporcingi slapukams<\/li>\n<\/ul>\n\n<p><strong>3.1<\/strong> <strong>Reglas y prohibiciones de uso para usuarios de nuestros servicios<\/strong><strong><\/strong><\/p>\n\n<p>El Usuario se compromete expresamente a hacer un uso adecuado de los contenidos y servicios ofrecidos y a no emplearlos para:<\/p>\n\n<ul class=\"wp-block-list\">\n<li>Difundir contenidos delictivos, violentos, pornogr\u00e1ficos, racistas, xen\u00f3fobo, ofensivos, de apolog\u00eda del terrorismo or, en general, contenarios a la ley or al orden p\u00fablico.<\/li>\n\n\n\n<li>\u012evesti \u012f svetain\u0119 informacinius virusus arba vykdyti veiksmus, galin\u010dius pakeisti, sunaikinti, sutrikdyti arba sukelti klaid\u0173 ar pa\u017eeidim\u0173 LOS GIGANTES PROPERTIES, S.L. arba tre\u010di\u0173j\u0173 asmen\u0173 elektroniniuose dokumentuose, duomenyse ar sistemose, taip pat trukdyti kit\u0173 naudotoj\u0173 prieigai prie svetain\u0117s ir paslaug\u0173.<\/li>\n\n\n\n<li>Ketinimas prisijungti prie LOS GIGANTES PROPERTIES, S.L. ar tre\u010di\u0173j\u0173 \u0161ali\u0173 informacini\u0173 sistem\u0173 saugom\u0173 sri\u010di\u0173 ir, en su caso, ekstraer informaci\u00f3n.<\/li>\n\n\n\n<li>pa\u017eeisti intelektin\u0117s ar pramonin\u0117s nuosavyb\u0117s teises, taip pat pa\u017eeisti LOS GIGANTES PROPERTIES, S.L. ar tre\u010di\u0173j\u0173 asmen\u0173 konfidencialum\u0105.<\/li>\n\n\n\n<li>Suplantar la identidad de otro Usuario, de las administraciones p\u00fablicas o de un tercero.<\/li>\n\n\n\n<li>Reproducir, copiar, distribuir, poner a disposici\u00f3n o de cualquier otra forma comunicar p\u00fablicamente, transformar o modificar los Contenidos, a menos que se cuente con la autorizaci\u00f3n del titular de los correspondientes derechos o ello resulte legalmente permitido<\/li>\n\n\n\n<li>Recabar datos con finalidad publicitaria y de remitir publicidad de cualquier clase y comunicaciones con fines de venta u otras de naturaleza comercial sin que medie su previa solicitud o consentimiento.<\/li>\n<\/ul>\n\n<p><strong>3.2. Procedimiento en caso de realizaci\u00f3n de actividades de car\u00e1cter il\u00edcito<\/strong><strong><\/strong><\/p>\n\n<p>En el caso de que cualquier usuario o un tercero considere que existen hechos o circunstancias que revelen el car\u00e1cter il\u00edcito de la utilizaci\u00f3n de cualquier contenido y\/o de la realizaci\u00f3n de cualquier actividad en las p\u00e1ginas Web incluidas o accesibles a trav\u00e9s del sitio Web, deber\u00e1 enviar una notificaci\u00f3n a LOS GIGANTES PROPERTIES, S.L. identific\u00e1ndose debidamente, especificando las supuestas infracciones y declarando expresamente y bajo su responsabilidad que la informaci\u00f3n proporcionada en la notificaci\u00f3n es exacta.<\/p>\n\n<p><strong>4. Pol\u00edtica de privacidad<\/strong><strong><\/strong><\/p>\n\n<p>El usuario puede consultar c\u00f3mo LOS GIGANTES PROPERTIES, S.L. utiliza sus datos y las medidas de seguridad implantadas en el enlace: &#8222;Pol\u00edtica de privacidad&#8221;<\/p>\n\n<p><strong>5. Slapuk\u0173 politika<\/strong><strong><\/strong><\/p>\n\n<p>LOS GIGANTES PROPERTIES, S.L. \u012fdiegia slapukus \u012f naudotojo ordenador\u0105. Para conocer m\u00e1s las cookies de nuestro sitio web acuda al siguiente enlace: &#8222;pol\u00edtica de cookies&#8221; <\/p>\n\n<p><strong>6. Notificaciones<\/strong><strong><\/strong><\/p>\n\n<p>Todas las notificaciones y comunicaciones entre los usuarios y LOS GIGANTES PROPERTIES, S.L. se se considerar\u00e1n eficaces, a todos los efectos, cuando se realicen a trav\u00e9s de correo postal o correo electr\u00f3nico o comunicaci\u00f3n telef\u00f3nica. Los usuarios deber\u00e1n dirigirse a LOS GIGANTES PROPERTIES, S.L. mediante: <\/p>\n\n<ul class=\"wp-block-list\">\n<li>Env\u00edo por correo postal a la siguiente direcci\u00f3n: Calle Flor de Pascua, 23, 38683 &#8211; Acantilado de Los Gigantes (Santa Cruz de Tenerife).<\/li>\n\n\n\n<li>Env\u00edo por correo electr\u00f3nico a la siguiente direcci\u00f3n: nicky@tenerifepropertysales.com<\/li>\n<\/ul>\n\n<p><strong>7. Pramonin\u0117 ir intelektin\u0117 nuosavyb\u0117<\/strong><strong><\/strong><\/p>\n\n<p>Todos los contenidos del sitio Web, como textos, fotograf\u00edas, gr\u00e1ficos, im\u00e1genes, iconos, tecnolog\u00eda, software, as\u00ed como su dise\u00f1o gr\u00e1fico y c\u00f3digos fuente, constituyen una obra cuya propiedad pertenece a LOS GIGANTES PROPERTIES, S.L, sin que puedan entenderse cedidos al Usuario ninguno de los derechos de explotaci\u00f3n sobre los mismos m\u00e1s all\u00e1 de lo estrictamente necesario para el correcto uso de la Web.<\/p>\n\n<p>En definitiva, los usuarios que accedan a este sitio Web pueden visualizar los contenidos y efectuar, en su caso, copias privadas autorizadas siempre que los elementos reproducidos no sean cedidos posteriormente a terceros, ni se instalen a servidores conectados a redes, ni sean objeto de ning\u00fan tipo de explotaci\u00f3n y \u00fanica y exclusivamente mientras se encuentre en vigor el servicio.<\/p>\n\n<p>Asimismo, todas las marcas, nombres comerciales o signos distintivos de cualquier clase que aparecen en el sitio Web son propiedad de LOS GIGANTES PROPERTIES, S.L., sin que pueda entenderse que el uso o acceso al mismo atribuya al Usuario derecho alguno sobre los mismos.<\/p>\n\n<p>Quedan prohibidas la distribuci\u00f3n, modaci\u00f3n, cesi\u00f3n o comunicaci\u00f3n p\u00fablica de los contenidos y cualquier otro acto que no haya sido expresamente autorizado por LOS GIGANTES PROPERTIES, S.L. En caso de incumplimiento LOS GIGANTES PROPERTIES, S.L. proceder\u00e1 a adoptar las medidas legales oportunas.<\/p>\n\n<p><strong>8. Exenci\u00f3n de responsabilidad y modification del presente aviso legal<\/strong><strong><\/strong><\/p>\n\n<p>Tinklalapyje www.tenerifepropertysales.com naudojamos informacijos apsaugos technikos, tokios kaip ugniasien\u0117s, prieigos kontrol\u0117s proced\u016bros ir kriptografiniai mechanizmai, kuri\u0173 tikslas &#8211; i\u0161vengti neautorizuotos prieigos prie duomen\u0173 ir u\u017etikrinti j\u0173 konfidencialum\u0105.<\/p>\n\n<p>La informaci\u00f3n que se difunde en esta web se hace \u00fanica y exclusivamente a t\u00edtulo informativo, reserv\u00e1ndose LOS GIGANTES PROPERTIES, S.L. el derecho de eliminar o suspender su difusi\u00f3n, total o parcialmente, y a modicar la estructura y contenido de este sitio Web sin aviso previo, pudiendo incluso limitar o no permitir el acceso a dicha informaci\u00f3n. LOS GIGANTES PROPERTIES, S.L. ketina palaikyti \u0161ios informacijos kokyb\u0119 ir atnaujinim\u0105 bei i\u0161vengti ir suma\u017einti galimas klaidas, ta\u010diau LOS GIGANTES PROPERTIES, S.L. no responder\u00e1 de los da\u00f1os o perjuicios causados por decisiones tomadas en base a la informaci\u00f3n difundida; ni de inexactitudes, omisiones o errores contenidos en el mismo, ni de los problemas que se originen por el uso de este sitio Web u otro de conexi\u00f3n externa; ni de los da\u00f1os y\/o perjuicios en el software o hardware del usuario que se deriven del acceso a este sitio Web. <\/p>\n\n<p>Los Usuarios aceptan expresamente que LOS GIGANTES PROPERTIES, S.L. no ser\u00e1 responsable del acceso no autorizado or alteraci\u00f3n de sus transmisiones o datos, de cualquier material o datos enviados o recibidos o no enviados o recibidos, ni de ninguna transacci\u00f3n realizada a trav\u00e9s de su web.<\/p>\n\n<p>LOS GIGANTES PROPERTIES, S.L. se reserva el derecho a modicar el presente aviso legal unilateralmente y sin preaviso en los t\u00e9rminos y condiciones que estime conveniente con la \u00fanica obligaci\u00f3n de informar al usuario de las modificaciones efectuadas a trav\u00e9s de <a href=\"http:\/\/www.aixacorpore.es\/\">www.tenerifepropertysales.com<\/a>.<\/p>\n\n<p><strong>9. Nulidad parcial<\/strong><strong><\/strong><\/p>\n\n<p>Si alguna de las presentes cl\u00e1usulas fuese declarada nula y sin efecto por resoluci\u00f3n firme dictada por autoridad competente, los restantes t\u00e9rminos y condiciones permanecer\u00e1n en vigor, sin que queden afectados por dicha declaraci\u00f3n de nulidad.<\/p>\n\n<p><strong>10. Ley aplicable y tribunales competentes<\/strong><strong><\/strong><\/p>\n\n<p>El presente sitio web queda sometido a lo establecido por la legislaci\u00f3n espa\u00f1ola y normativa europea que resulte de aplicaci\u00f3n<\/p>\n\n<p>Cualquier controversia que surja o guarde relaci\u00f3n con el uso de la p\u00e1gina web o con dichos productos ser\u00e1 sometida a la jurisdicci\u00f3n no exclusiva de los juzgados y tribunales espa\u00f1oles de la provincia de Santa Cruz de Tenerife.<\/p>\n\n<p>Si se trata de un consumidor final nada en la presente cl\u00e1usula afectar\u00e1 a los derechos que como tal le reconoce la legislaci\u00f3n vigente, pudiendo elegir presentar una reclamaci\u00f3n para hacer valer sus derechos en relaci\u00f3n con las presentes Condiciones ante el Juez o Tribunales que correspondan a su domicilio.<\/p>\n","protected":false},"excerpt":{"rendered":"<p>1. Objektas ir recepcija El presente aviso legal regula el uso del sitio Web: www.tenerifepropertysales.com El sitio web www.tenerifepropertysales.com presta servicios cuyo objetivo primordial es permitir el contacto entre los usuarios y la entidad, bien para ponerse en contacto con nosotros, responder a su solicitud, gestionar su reclamaci\u00f3n, ejercitar sus derechos en protecci\u00f3n de datos [&#8230;]<\/p>\n<p><a class=\"btn btn-secondary respacio-read-more-link\" href=\"https:\/\/tenerifepropertysales.demo4.respacio.com\/lt\/teisine-politika\/\">Read More&#8230;<\/a><\/p>\n","protected":false},"author":21,"featured_media":0,"parent":0,"menu_order":0,"comment_status":"closed","ping_status":"closed","template":"","meta":{"_uag_custom_page_level_css":"","ub_ctt_via":"","footnotes":""},"page-tag":[],"class_list":["post-318152","page","type-page","status-publish","hentry"],"acf":[],"featured_image_src":null,"yoast_head":"<!-- This site is optimized with the Yoast SEO Premium plugin v21.2 (Yoast SEO v24.4) - https:\/\/yoast.com\/wordpress\/plugins\/seo\/ -->\n<title>Teisin\u0117 politika - Paul Ruane - Los Gigantes Properties<\/title>\n<meta name=\"robots\" content=\"noindex, follow, max-snippet:-1, max-image-preview:large, max-video-preview:-1\" \/>\n<meta property=\"og:locale\" content=\"lt_LT\" \/>\n<meta property=\"og:type\" content=\"article\" \/>\n<meta property=\"og:title\" content=\"Teisin\u0117 politika\" \/>\n<meta property=\"og:description\" content=\"1. Objektas ir recepcija El presente aviso legal regula el uso del sitio Web: www.tenerifepropertysales.com El sitio web www.tenerifepropertysales.com presta servicios cuyo objetivo primordial es permitir el contacto entre los usuarios y la entidad, bien para ponerse en contacto con nosotros, responder a su solicitud, gestionar su reclamaci\u00f3n, ejercitar sus derechos en protecci\u00f3n de datos [...]Read More...\" \/>\n<meta property=\"og:url\" content=\"https:\/\/tenerifepropertysales.demo4.respacio.com\/lt\/teisine-politika\/\" \/>\n<meta property=\"og:site_name\" content=\"Paul Ruane - Los Gigantes Properties\" \/>\n<meta property=\"article:modified_time\" content=\"2025-05-02T07:11:24+00:00\" \/>\n<meta property=\"og:image\" content=\"\" \/>\n<meta name=\"twitter:card\" content=\"summary_large_image\" \/>\n<meta name=\"twitter:label1\" content=\"Est. reading time\" \/>\n\t<meta name=\"twitter:data1\" content=\"8 minut\u0117s\" \/>\n<script type=\"application\/ld+json\" class=\"yoast-schema-graph\">{\"@context\":\"https:\/\/schema.org\",\"@graph\":[{\"@type\":\"WebPage\",\"@id\":\"https:\/\/tenerifepropertysales.demo4.respacio.com\/lt\/teisine-politika\/\",\"url\":\"https:\/\/tenerifepropertysales.demo4.respacio.com\/lt\/teisine-politika\/\",\"name\":\"Teisin\u0117 politika - Paul Ruane - Los Gigantes Properties\",\"isPartOf\":{\"@id\":\"https:\/\/tenerifepropertysales.demo4.respacio.com\/lt\/#website\"},\"datePublished\":\"2025-05-02T07:11:23+00:00\",\"dateModified\":\"2025-05-02T07:11:24+00:00\",\"breadcrumb\":{\"@id\":\"https:\/\/tenerifepropertysales.demo4.respacio.com\/lt\/teisine-politika\/#breadcrumb\"},\"inLanguage\":\"lt-LT\",\"potentialAction\":[{\"@type\":\"ReadAction\",\"target\":[\"https:\/\/tenerifepropertysales.demo4.respacio.com\/lt\/teisine-politika\/\"]}]},{\"@type\":\"BreadcrumbList\",\"@id\":\"https:\/\/tenerifepropertysales.demo4.respacio.com\/lt\/teisine-politika\/#breadcrumb\",\"itemListElement\":[{\"@type\":\"ListItem\",\"position\":1,\"name\":\"Pagrindinis\",\"item\":\"https:\/\/tenerifepropertysales.demo4.respacio.com\/lt\/pirmasis-puslapis\/\"},{\"@type\":\"ListItem\",\"position\":2,\"name\":\"Teisin\u0117 politika\"}]},{\"@type\":\"WebSite\",\"@id\":\"https:\/\/tenerifepropertysales.demo4.respacio.com\/lt\/#website\",\"url\":\"https:\/\/tenerifepropertysales.demo4.respacio.com\/lt\/\",\"name\":\"Paul Ruane - Los Gigantes Properties\",\"description\":\"Los Gigantes Nekilnojamasis turtas\",\"publisher\":{\"@id\":\"https:\/\/tenerifepropertysales.demo4.respacio.com\/lt\/#organization\"},\"inLanguage\":\"lt-LT\"},{\"@type\":\"Organization\",\"@id\":\"https:\/\/tenerifepropertysales.demo4.respacio.com\/lt\/#organization\",\"name\":\"Paul Ruane - Los Gigantes Properties\",\"url\":\"https:\/\/tenerifepropertysales.demo4.respacio.com\/lt\/\",\"logo\":{\"@type\":\"ImageObject\",\"inLanguage\":\"lt-LT\",\"@id\":\"https:\/\/tenerifepropertysales.demo4.respacio.com\/lt\/#\/schema\/logo\/image\/\",\"url\":\"https:\/\/tenerifepropertysales.demo4.respacio.com\/wp-content\/uploads\/2020\/04\/logo-white-1.png\",\"contentUrl\":\"https:\/\/tenerifepropertysales.demo4.respacio.com\/wp-content\/uploads\/2020\/04\/logo-white-1.png\",\"width\":273,\"height\":59,\"caption\":\"Paul Ruane - Los Gigantes Properties\"},\"image\":{\"@id\":\"https:\/\/tenerifepropertysales.demo4.respacio.com\/lt\/#\/schema\/logo\/image\/\"}}]}<\/script>\n<!-- \/ Yoast SEO Premium plugin. -->","yoast_head_json":{"title":"Teisin\u0117 politika - Paul Ruane - Los Gigantes Properties","robots":{"index":"noindex","follow":"follow","max-snippet":"max-snippet:-1","max-image-preview":"max-image-preview:large","max-video-preview":"max-video-preview:-1"},"og_locale":"lt_LT","og_type":"article","og_title":"Teisin\u0117 politika","og_description":"1. Objektas ir recepcija El presente aviso legal regula el uso del sitio Web: www.tenerifepropertysales.com El sitio web www.tenerifepropertysales.com presta servicios cuyo objetivo primordial es permitir el contacto entre los usuarios y la entidad, bien para ponerse en contacto con nosotros, responder a su solicitud, gestionar su reclamaci\u00f3n, ejercitar sus derechos en protecci\u00f3n de datos [...]Read More...","og_url":"https:\/\/tenerifepropertysales.demo4.respacio.com\/lt\/teisine-politika\/","og_site_name":"Paul Ruane - Los Gigantes Properties","article_modified_time":"2025-05-02T07:11:24+00:00","og_image":[{"url":false,"type":"","width":"","height":""}],"twitter_card":"summary_large_image","twitter_misc":{"Est. reading time":"8 minut\u0117s"},"schema":{"@context":"https:\/\/schema.org","@graph":[{"@type":"WebPage","@id":"https:\/\/tenerifepropertysales.demo4.respacio.com\/lt\/teisine-politika\/","url":"https:\/\/tenerifepropertysales.demo4.respacio.com\/lt\/teisine-politika\/","name":"Teisin\u0117 politika - Paul Ruane - Los Gigantes Properties","isPartOf":{"@id":"https:\/\/tenerifepropertysales.demo4.respacio.com\/lt\/#website"},"datePublished":"2025-05-02T07:11:23+00:00","dateModified":"2025-05-02T07:11:24+00:00","breadcrumb":{"@id":"https:\/\/tenerifepropertysales.demo4.respacio.com\/lt\/teisine-politika\/#breadcrumb"},"inLanguage":"lt-LT","potentialAction":[{"@type":"ReadAction","target":["https:\/\/tenerifepropertysales.demo4.respacio.com\/lt\/teisine-politika\/"]}]},{"@type":"BreadcrumbList","@id":"https:\/\/tenerifepropertysales.demo4.respacio.com\/lt\/teisine-politika\/#breadcrumb","itemListElement":[{"@type":"ListItem","position":1,"name":"Pagrindinis","item":"https:\/\/tenerifepropertysales.demo4.respacio.com\/lt\/pirmasis-puslapis\/"},{"@type":"ListItem","position":2,"name":"Teisin\u0117 politika"}]},{"@type":"WebSite","@id":"https:\/\/tenerifepropertysales.demo4.respacio.com\/lt\/#website","url":"https:\/\/tenerifepropertysales.demo4.respacio.com\/lt\/","name":"Paul Ruane - Los Gigantes Properties","description":"Los Gigantes Nekilnojamasis turtas","publisher":{"@id":"https:\/\/tenerifepropertysales.demo4.respacio.com\/lt\/#organization"},"inLanguage":"lt-LT"},{"@type":"Organization","@id":"https:\/\/tenerifepropertysales.demo4.respacio.com\/lt\/#organization","name":"Paul Ruane - Los Gigantes Properties","url":"https:\/\/tenerifepropertysales.demo4.respacio.com\/lt\/","logo":{"@type":"ImageObject","inLanguage":"lt-LT","@id":"https:\/\/tenerifepropertysales.demo4.respacio.com\/lt\/#\/schema\/logo\/image\/","url":"https:\/\/tenerifepropertysales.demo4.respacio.com\/wp-content\/uploads\/2020\/04\/logo-white-1.png","contentUrl":"https:\/\/tenerifepropertysales.demo4.respacio.com\/wp-content\/uploads\/2020\/04\/logo-white-1.png","width":273,"height":59,"caption":"Paul Ruane - Los Gigantes Properties"},"image":{"@id":"https:\/\/tenerifepropertysales.demo4.respacio.com\/lt\/#\/schema\/logo\/image\/"}}]}},"uagb_featured_image_src":{"full":false,"thumbnail":false,"medium":false,"medium_large":false,"large":false,"1536x1536":false,"2048x2048":false},"uagb_author_info":{"display_name":"Aixa","author_link":"https:\/\/tenerifepropertysales.demo4.respacio.com\/lt\/author\/aixa\/"},"uagb_comment_info":0,"uagb_excerpt":"1. Objektas ir recepcija El presente aviso legal regula el uso del sitio Web: www.tenerifepropertysales.com El sitio web www.tenerifepropertysales.com presta servicios cuyo objetivo primordial es permitir el contacto entre los usuarios y la entidad, bien para ponerse en contacto con nosotros, responder a su solicitud, gestionar su reclamaci\u00f3n, ejercitar sus derechos en protecci\u00f3n de datos&hellip;","_links":{"self":[{"href":"https:\/\/tenerifepropertysales.demo4.respacio.com\/lt\/wp-json\/wp\/v2\/pages\/318152","targetHints":{"allow":["GET"]}}],"collection":[{"href":"https:\/\/tenerifepropertysales.demo4.respacio.com\/lt\/wp-json\/wp\/v2\/pages"}],"about":[{"href":"https:\/\/tenerifepropertysales.demo4.respacio.com\/lt\/wp-json\/wp\/v2\/types\/page"}],"author":[{"embeddable":true,"href":"https:\/\/tenerifepropertysales.demo4.respacio.com\/lt\/wp-json\/wp\/v2\/users\/21"}],"replies":[{"embeddable":true,"href":"https:\/\/tenerifepropertysales.demo4.respacio.com\/lt\/wp-json\/wp\/v2\/comments?post=318152"}],"version-history":[{"count":1,"href":"https:\/\/tenerifepropertysales.demo4.respacio.com\/lt\/wp-json\/wp\/v2\/pages\/318152\/revisions"}],"predecessor-version":[{"id":318155,"href":"https:\/\/tenerifepropertysales.demo4.respacio.com\/lt\/wp-json\/wp\/v2\/pages\/318152\/revisions\/318155"}],"wp:attachment":[{"href":"https:\/\/tenerifepropertysales.demo4.respacio.com\/lt\/wp-json\/wp\/v2\/media?parent=318152"}],"wp:term":[{"taxonomy":"page-tag","embeddable":true,"href":"https:\/\/tenerifepropertysales.demo4.respacio.com\/lt\/wp-json\/wp\/v2\/page-tag?post=318152"}],"curies":[{"name":"wp","href":"https:\/\/api.w.org\/{rel}","templated":true}]}}