{"id":318195,"date":"2025-05-02T08:11:47","date_gmt":"2025-05-02T07:11:47","guid":{"rendered":"https:\/\/tenerifepropertysales.demo4.respacio.com\/paslaugos\/"},"modified":"2025-05-02T08:11:47","modified_gmt":"2025-05-02T07:11:47","slug":"paslaugos","status":"publish","type":"page","link":"https:\/\/tenerifepropertysales.demo4.respacio.com\/lt\/paslaugos\/","title":{"rendered":"Paslaugos"},"content":{"rendered":"\n<p>Pirkdami nekilnojam\u0105j\u012f turt\u0105 u\u017esienyje turite nepamir\u0161ti, kad teisin\u0117 sistema ir veiksmai, kuri\u0173 reikia imtis, gali labai skirtis nuo t\u0173, su kuriais susid\u016br\u0117te anks\u010diau. Suprantama, kad jums kils daug klausim\u0173 ir r\u016bpes\u010di\u0173. Los Gigantes Properties s.l. yra kvalifikuota, pripa\u017einta ir \u012fsisteigusi nekilnojamojo turto agent\u016bra, Ispanijos nekilnojamojo turto agent\u0173 profesin\u0117s asociacijos (Asociaci\u00f3n Profesional de Expertos Inmobiliarios de Espa\u00f1a) registro numeris 1021 nar\u0117.  <\/p>\n\n<p>Nesvarbu, ar perkate studij\u0105, but\u0105, vil\u0105, versl\u0105, ar \u017eem\u0117s sklyp\u0105, m\u016bs\u0173 konsultacijos yra u\u017etikrintos. Daugiau nei 30 met\u0173 patirt\u012f parduodant nekilnojam\u0105j\u012f turt\u0105 Kanar\u0173 salose turintis Paul Ruane ir jo komanda &#8222;Los Gigantes Propertie s.l.&#8221; teikia i\u0161samias \u017einias apie Ispanijos nekilnojamojo turto rink\u0105. <\/p>\n\n<p>&#8222;Los Gigantes Properties s.l.&#8221; si\u016blo ramyb\u0119 ir visi\u0161kai profesionalias bei draugi\u0161kas paslaugas, kurios apima :<\/p>\n\n<p class=\"has-text-align-center\"><strong>Visapusi\u0161ka pagalba nuo prad\u017eios iki pabaigos<\/strong><\/p>\n\n<p class=\"has-text-align-center\"><strong>Pilnas j\u016bs\u0173 turto perleidimas, \u012fskaitant sutartis, vertimus, teisin\u012f darb\u0105 ir ispani\u0161kus identifikacinius numerius.<\/strong><\/p>\n\n<p class=\"has-text-align-center\"><strong>u\u017etikrinti, kad visi sandoriai b\u016bt\u0173 visi\u0161kai teis\u0117ti ir visi\u0161kai atitikt\u0173 Ispanijos teis\u0117s akt\u0173 reikalavimus.<\/strong><\/p>\n\n<p class=\"has-text-align-center\"><strong>Pagalba tvarkant banko s\u0105skaitas, pinig\u0173 pervedimus ir hipotekas<\/strong><\/p>\n\n<p class=\"has-text-align-center\"><strong>Vis\u0173 komunalini\u0173 paslaug\u0173 perdavimas ir neprilygstamas aptarnavimas po pardavimo.<\/strong><\/p>\n\n<p>Toliau rasite i\u0161sami\u0105 informacij\u0105 apie kitas paslaugas, kuriomis galime jums pad\u0117ti:<\/p>\n\n<ul class=\"wp-block-list\"><li>Asmeniniai testamentai<\/li><li>Paveld\u0117jimas<\/li><li>\u012egaliojimas<\/li><li>Dokument\u0173 tvarkymas ir (arba) perve\u017eimas<\/li><li>Turtas (nerezidento mokestis)<\/li><li>Komunalini\u0173 paslaug\u0173 poky\u010diai<\/li><li>N.I.E numeriai<\/li><li>Projekt\u0173 valdymas<\/li><\/ul>\n\n<p><\/p>\n","protected":false},"excerpt":{"rendered":"<p>Pirkdami nekilnojam\u0105j\u012f turt\u0105 u\u017esienyje turite nepamir\u0161ti, kad teisin\u0117 sistema ir veiksmai, kuri\u0173 reikia imtis, gali labai skirtis nuo t\u0173, su kuriais susid\u016br\u0117te anks\u010diau. Suprantama, kad jums kils daug klausim\u0173 ir r\u016bpes\u010di\u0173. Los Gigantes Properties s.l. yra kvalifikuota, pripa\u017einta ir \u012fsisteigusi nekilnojamojo turto agent\u016bra, Ispanijos nekilnojamojo turto agent\u0173 profesin\u0117s asociacijos (Asociaci\u00f3n Profesional de Expertos Inmobiliarios de [&#8230;]<\/p>\n<p><a class=\"btn btn-secondary respacio-read-more-link\" href=\"https:\/\/tenerifepropertysales.demo4.respacio.com\/lt\/paslaugos\/\">Read More&#8230;<\/a><\/p>\n","protected":false},"author":2,"featured_media":318197,"parent":0,"menu_order":0,"comment_status":"closed","ping_status":"closed","template":"","meta":{"_uag_custom_page_level_css":"","ub_ctt_via":"","footnotes":""},"page-tag":[],"class_list":["post-318195","page","type-page","status-publish","has-post-thumbnail","hentry"],"acf":[],"featured_image_src":"https:\/\/tenerifepropertysales.demo4.respacio.com\/wp-content\/uploads\/2024\/11\/Photo-22-10-24-12-36-48-scaled.jpg","yoast_head":"<!-- This site is optimized with the Yoast SEO Premium plugin v21.2 (Yoast SEO v24.4) - https:\/\/yoast.com\/wordpress\/plugins\/seo\/ -->\n<title>Paslaugos - Paul Ruane - Los Gigantes Properties<\/title>\n<meta name=\"robots\" content=\"noindex, follow, max-snippet:-1, max-image-preview:large, max-video-preview:-1\" \/>\n<meta property=\"og:locale\" content=\"lt_LT\" \/>\n<meta property=\"og:type\" content=\"article\" \/>\n<meta property=\"og:title\" content=\"Paslaugos\" \/>\n<meta property=\"og:description\" content=\"Pirkdami nekilnojam\u0105j\u012f turt\u0105 u\u017esienyje turite nepamir\u0161ti, kad teisin\u0117 sistema ir veiksmai, kuri\u0173 reikia imtis, gali labai skirtis nuo t\u0173, su kuriais susid\u016br\u0117te anks\u010diau. Suprantama, kad jums kils daug klausim\u0173 ir r\u016bpes\u010di\u0173. Los Gigantes Properties s.l. yra kvalifikuota, pripa\u017einta ir \u012fsisteigusi nekilnojamojo turto agent\u016bra, Ispanijos nekilnojamojo turto agent\u0173 profesin\u0117s asociacijos (Asociaci\u00f3n Profesional de Expertos Inmobiliarios de [...]Read More...\" \/>\n<meta property=\"og:url\" content=\"https:\/\/tenerifepropertysales.demo4.respacio.com\/lt\/paslaugos\/\" \/>\n<meta property=\"og:site_name\" content=\"Paul Ruane - Los Gigantes Properties\" \/>\n<meta property=\"og:image\" content=\"https:\/\/tenerifepropertysales.demo4.respacio.com\/wp-content\/uploads\/2024\/11\/Photo-22-10-24-12-36-48-1024x768.jpg\" \/>\n<meta name=\"twitter:card\" content=\"summary_large_image\" \/>\n<meta name=\"twitter:image\" content=\"https:\/\/tenerifepropertysales.demo4.respacio.com\/wp-content\/uploads\/2024\/11\/Photo-22-10-24-12-36-48-1024x768.jpg\" \/>\n<meta name=\"twitter:label1\" content=\"Est. reading time\" \/>\n\t<meta name=\"twitter:data1\" content=\"1 minut\u0117\" \/>\n<script type=\"application\/ld+json\" class=\"yoast-schema-graph\">{\"@context\":\"https:\/\/schema.org\",\"@graph\":[{\"@type\":\"WebPage\",\"@id\":\"https:\/\/tenerifepropertysales.demo4.respacio.com\/lt\/paslaugos\/\",\"url\":\"https:\/\/tenerifepropertysales.demo4.respacio.com\/lt\/paslaugos\/\",\"name\":\"Paslaugos - Paul Ruane - Los Gigantes Properties\",\"isPartOf\":{\"@id\":\"https:\/\/tenerifepropertysales.demo4.respacio.com\/lt\/#website\"},\"primaryImageOfPage\":{\"@id\":\"https:\/\/tenerifepropertysales.demo4.respacio.com\/lt\/paslaugos\/#primaryimage\"},\"image\":{\"@id\":\"https:\/\/tenerifepropertysales.demo4.respacio.com\/lt\/paslaugos\/#primaryimage\"},\"thumbnailUrl\":\"https:\/\/tenerifepropertysales.demo4.respacio.com\/wp-content\/uploads\/2024\/11\/Photo-22-10-24-12-36-48-scaled.jpg\",\"datePublished\":\"2025-05-02T07:11:47+00:00\",\"breadcrumb\":{\"@id\":\"https:\/\/tenerifepropertysales.demo4.respacio.com\/lt\/paslaugos\/#breadcrumb\"},\"inLanguage\":\"lt-LT\",\"potentialAction\":[{\"@type\":\"ReadAction\",\"target\":[\"https:\/\/tenerifepropertysales.demo4.respacio.com\/lt\/paslaugos\/\"]}]},{\"@type\":\"ImageObject\",\"inLanguage\":\"lt-LT\",\"@id\":\"https:\/\/tenerifepropertysales.demo4.respacio.com\/lt\/paslaugos\/#primaryimage\",\"url\":\"https:\/\/tenerifepropertysales.demo4.respacio.com\/wp-content\/uploads\/2024\/11\/Photo-22-10-24-12-36-48-scaled.jpg\",\"contentUrl\":\"https:\/\/tenerifepropertysales.demo4.respacio.com\/wp-content\/uploads\/2024\/11\/Photo-22-10-24-12-36-48-scaled.jpg\",\"width\":2560,\"height\":1920},{\"@type\":\"BreadcrumbList\",\"@id\":\"https:\/\/tenerifepropertysales.demo4.respacio.com\/lt\/paslaugos\/#breadcrumb\",\"itemListElement\":[{\"@type\":\"ListItem\",\"position\":1,\"name\":\"Pagrindinis\",\"item\":\"https:\/\/tenerifepropertysales.demo4.respacio.com\/lt\/pirmasis-puslapis\/\"},{\"@type\":\"ListItem\",\"position\":2,\"name\":\"Paslaugos\"}]},{\"@type\":\"WebSite\",\"@id\":\"https:\/\/tenerifepropertysales.demo4.respacio.com\/lt\/#website\",\"url\":\"https:\/\/tenerifepropertysales.demo4.respacio.com\/lt\/\",\"name\":\"Paul Ruane - Los Gigantes Properties\",\"description\":\"Los Gigantes Nekilnojamasis turtas\",\"publisher\":{\"@id\":\"https:\/\/tenerifepropertysales.demo4.respacio.com\/lt\/#organization\"},\"inLanguage\":\"lt-LT\"},{\"@type\":\"Organization\",\"@id\":\"https:\/\/tenerifepropertysales.demo4.respacio.com\/lt\/#organization\",\"name\":\"Paul Ruane - Los Gigantes Properties\",\"url\":\"https:\/\/tenerifepropertysales.demo4.respacio.com\/lt\/\",\"logo\":{\"@type\":\"ImageObject\",\"inLanguage\":\"lt-LT\",\"@id\":\"https:\/\/tenerifepropertysales.demo4.respacio.com\/lt\/#\/schema\/logo\/image\/\",\"url\":\"https:\/\/tenerifepropertysales.demo4.respacio.com\/wp-content\/uploads\/2020\/04\/logo-white-1.png\",\"contentUrl\":\"https:\/\/tenerifepropertysales.demo4.respacio.com\/wp-content\/uploads\/2020\/04\/logo-white-1.png\",\"width\":273,\"height\":59,\"caption\":\"Paul Ruane - Los Gigantes Properties\"},\"image\":{\"@id\":\"https:\/\/tenerifepropertysales.demo4.respacio.com\/lt\/#\/schema\/logo\/image\/\"}}]}<\/script>\n<!-- \/ Yoast SEO Premium plugin. -->","yoast_head_json":{"title":"Paslaugos - Paul Ruane - Los Gigantes Properties","robots":{"index":"noindex","follow":"follow","max-snippet":"max-snippet:-1","max-image-preview":"max-image-preview:large","max-video-preview":"max-video-preview:-1"},"og_locale":"lt_LT","og_type":"article","og_title":"Paslaugos","og_description":"Pirkdami nekilnojam\u0105j\u012f turt\u0105 u\u017esienyje turite nepamir\u0161ti, kad teisin\u0117 sistema ir veiksmai, kuri\u0173 reikia imtis, gali labai skirtis nuo t\u0173, su kuriais susid\u016br\u0117te anks\u010diau. Suprantama, kad jums kils daug klausim\u0173 ir r\u016bpes\u010di\u0173. Los Gigantes Properties s.l. yra kvalifikuota, pripa\u017einta ir \u012fsisteigusi nekilnojamojo turto agent\u016bra, Ispanijos nekilnojamojo turto agent\u0173 profesin\u0117s asociacijos (Asociaci\u00f3n Profesional de Expertos Inmobiliarios de [...]Read More...","og_url":"https:\/\/tenerifepropertysales.demo4.respacio.com\/lt\/paslaugos\/","og_site_name":"Paul Ruane - Los Gigantes Properties","og_image":[{"url":"https:\/\/tenerifepropertysales.demo4.respacio.com\/wp-content\/uploads\/2024\/11\/Photo-22-10-24-12-36-48-1024x768.jpg","type":"","width":"","height":""}],"twitter_card":"summary_large_image","twitter_image":"https:\/\/tenerifepropertysales.demo4.respacio.com\/wp-content\/uploads\/2024\/11\/Photo-22-10-24-12-36-48-1024x768.jpg","twitter_misc":{"Est. reading time":"1 minut\u0117"},"schema":{"@context":"https:\/\/schema.org","@graph":[{"@type":"WebPage","@id":"https:\/\/tenerifepropertysales.demo4.respacio.com\/lt\/paslaugos\/","url":"https:\/\/tenerifepropertysales.demo4.respacio.com\/lt\/paslaugos\/","name":"Paslaugos - Paul Ruane - Los Gigantes Properties","isPartOf":{"@id":"https:\/\/tenerifepropertysales.demo4.respacio.com\/lt\/#website"},"primaryImageOfPage":{"@id":"https:\/\/tenerifepropertysales.demo4.respacio.com\/lt\/paslaugos\/#primaryimage"},"image":{"@id":"https:\/\/tenerifepropertysales.demo4.respacio.com\/lt\/paslaugos\/#primaryimage"},"thumbnailUrl":"https:\/\/tenerifepropertysales.demo4.respacio.com\/wp-content\/uploads\/2024\/11\/Photo-22-10-24-12-36-48-scaled.jpg","datePublished":"2025-05-02T07:11:47+00:00","breadcrumb":{"@id":"https:\/\/tenerifepropertysales.demo4.respacio.com\/lt\/paslaugos\/#breadcrumb"},"inLanguage":"lt-LT","potentialAction":[{"@type":"ReadAction","target":["https:\/\/tenerifepropertysales.demo4.respacio.com\/lt\/paslaugos\/"]}]},{"@type":"ImageObject","inLanguage":"lt-LT","@id":"https:\/\/tenerifepropertysales.demo4.respacio.com\/lt\/paslaugos\/#primaryimage","url":"https:\/\/tenerifepropertysales.demo4.respacio.com\/wp-content\/uploads\/2024\/11\/Photo-22-10-24-12-36-48-scaled.jpg","contentUrl":"https:\/\/tenerifepropertysales.demo4.respacio.com\/wp-content\/uploads\/2024\/11\/Photo-22-10-24-12-36-48-scaled.jpg","width":2560,"height":1920},{"@type":"BreadcrumbList","@id":"https:\/\/tenerifepropertysales.demo4.respacio.com\/lt\/paslaugos\/#breadcrumb","itemListElement":[{"@type":"ListItem","position":1,"name":"Pagrindinis","item":"https:\/\/tenerifepropertysales.demo4.respacio.com\/lt\/pirmasis-puslapis\/"},{"@type":"ListItem","position":2,"name":"Paslaugos"}]},{"@type":"WebSite","@id":"https:\/\/tenerifepropertysales.demo4.respacio.com\/lt\/#website","url":"https:\/\/tenerifepropertysales.demo4.respacio.com\/lt\/","name":"Paul Ruane - Los Gigantes Properties","description":"Los Gigantes Nekilnojamasis turtas","publisher":{"@id":"https:\/\/tenerifepropertysales.demo4.respacio.com\/lt\/#organization"},"inLanguage":"lt-LT"},{"@type":"Organization","@id":"https:\/\/tenerifepropertysales.demo4.respacio.com\/lt\/#organization","name":"Paul Ruane - Los Gigantes Properties","url":"https:\/\/tenerifepropertysales.demo4.respacio.com\/lt\/","logo":{"@type":"ImageObject","inLanguage":"lt-LT","@id":"https:\/\/tenerifepropertysales.demo4.respacio.com\/lt\/#\/schema\/logo\/image\/","url":"https:\/\/tenerifepropertysales.demo4.respacio.com\/wp-content\/uploads\/2020\/04\/logo-white-1.png","contentUrl":"https:\/\/tenerifepropertysales.demo4.respacio.com\/wp-content\/uploads\/2020\/04\/logo-white-1.png","width":273,"height":59,"caption":"Paul Ruane - Los Gigantes Properties"},"image":{"@id":"https:\/\/tenerifepropertysales.demo4.respacio.com\/lt\/#\/schema\/logo\/image\/"}}]}},"uagb_featured_image_src":{"full":["https:\/\/tenerifepropertysales.demo4.respacio.com\/wp-content\/uploads\/2024\/11\/Photo-22-10-24-12-36-48-scaled.jpg",2560,1920,false],"thumbnail":["https:\/\/tenerifepropertysales.demo4.respacio.com\/wp-content\/uploads\/2024\/11\/Photo-22-10-24-12-36-48-150x150.jpg",150,150,true],"medium":["https:\/\/tenerifepropertysales.demo4.respacio.com\/wp-content\/uploads\/2024\/11\/Photo-22-10-24-12-36-48-300x225.jpg",300,225,true],"medium_large":["https:\/\/tenerifepropertysales.demo4.respacio.com\/wp-content\/uploads\/2024\/11\/Photo-22-10-24-12-36-48-768x576.jpg",640,480,true],"large":["https:\/\/tenerifepropertysales.demo4.respacio.com\/wp-content\/uploads\/2024\/11\/Photo-22-10-24-12-36-48-1024x768.jpg",640,480,true],"1536x1536":["https:\/\/tenerifepropertysales.demo4.respacio.com\/wp-content\/uploads\/2024\/11\/Photo-22-10-24-12-36-48-1536x1152.jpg",1536,1152,true],"2048x2048":["https:\/\/tenerifepropertysales.demo4.respacio.com\/wp-content\/uploads\/2024\/11\/Photo-22-10-24-12-36-48-2048x1536.jpg",2048,1536,true]},"uagb_author_info":{"display_name":"support@respacio.com","author_link":"https:\/\/tenerifepropertysales.demo4.respacio.com\/lt\/author\/supportrespacio-com\/"},"uagb_comment_info":0,"uagb_excerpt":"Pirkdami nekilnojam\u0105j\u012f turt\u0105 u\u017esienyje turite nepamir\u0161ti, kad teisin\u0117 sistema ir veiksmai, kuri\u0173 reikia imtis, gali labai skirtis nuo t\u0173, su kuriais susid\u016br\u0117te anks\u010diau. Suprantama, kad jums kils daug klausim\u0173 ir r\u016bpes\u010di\u0173. Los Gigantes Properties s.l. yra kvalifikuota, pripa\u017einta ir \u012fsisteigusi nekilnojamojo turto agent\u016bra, Ispanijos nekilnojamojo turto agent\u0173 profesin\u0117s asociacijos (Asociaci\u00f3n Profesional de Expertos Inmobiliarios de&hellip;","_links":{"self":[{"href":"https:\/\/tenerifepropertysales.demo4.respacio.com\/lt\/wp-json\/wp\/v2\/pages\/318195","targetHints":{"allow":["GET"]}}],"collection":[{"href":"https:\/\/tenerifepropertysales.demo4.respacio.com\/lt\/wp-json\/wp\/v2\/pages"}],"about":[{"href":"https:\/\/tenerifepropertysales.demo4.respacio.com\/lt\/wp-json\/wp\/v2\/types\/page"}],"author":[{"embeddable":true,"href":"https:\/\/tenerifepropertysales.demo4.respacio.com\/lt\/wp-json\/wp\/v2\/users\/2"}],"replies":[{"embeddable":true,"href":"https:\/\/tenerifepropertysales.demo4.respacio.com\/lt\/wp-json\/wp\/v2\/comments?post=318195"}],"version-history":[{"count":1,"href":"https:\/\/tenerifepropertysales.demo4.respacio.com\/lt\/wp-json\/wp\/v2\/pages\/318195\/revisions"}],"predecessor-version":[{"id":318200,"href":"https:\/\/tenerifepropertysales.demo4.respacio.com\/lt\/wp-json\/wp\/v2\/pages\/318195\/revisions\/318200"}],"wp:featuredmedia":[{"embeddable":true,"href":"https:\/\/tenerifepropertysales.demo4.respacio.com\/lt\/wp-json\/wp\/v2\/media\/318197"}],"wp:attachment":[{"href":"https:\/\/tenerifepropertysales.demo4.respacio.com\/lt\/wp-json\/wp\/v2\/media?parent=318195"}],"wp:term":[{"taxonomy":"page-tag","embeddable":true,"href":"https:\/\/tenerifepropertysales.demo4.respacio.com\/lt\/wp-json\/wp\/v2\/page-tag?post=318195"}],"curies":[{"name":"wp","href":"https:\/\/api.w.org\/{rel}","templated":true}]}}