{"id":318303,"date":"2025-05-02T08:12:40","date_gmt":"2025-05-02T07:12:40","guid":{"rendered":"https:\/\/tenerifepropertysales.demo4.respacio.com\/populiariausios-sritys\/"},"modified":"2025-05-02T08:12:40","modified_gmt":"2025-05-02T07:12:40","slug":"populiariausios-sritys","status":"publish","type":"page","link":"https:\/\/tenerifepropertysales.demo4.respacio.com\/lt\/populiariausios-sritys\/","title":{"rendered":"Populiariausios sritys"},"content":{"rendered":"\n<div class=\"wp-block-uagb-container uagb-block-e3a6973d default uagb-is-root-container\">\n<h1 class=\"wp-block-heading has-text-align-center ticss-b67e8b00\">Populiariausios sritys<\/h1>\n<\/div>\n\n<div class=\"wp-block-uagb-container ticss-22084500 uagb-block-22084500 default uagb-is-root-container\">\n<p class=\"has-text-align-center\">Su\u017einokite daugiau apie populiariausias vietoves, pateikdami praktin\u0119 informacij\u0105 ir parduodam\u0105 nekilnojam\u0105j\u012f turt\u0105<\/p>\n\n\n<div class=\"col-12 parent-to-remove\"><div class=\"row inner-container-1917768933 basic-grid-1917768933\"><div class=\"col-12 col-lg-4 this-item-1917768933 odd py-2 px-0 px-sm-2 card-grid-location\"><div class=\"respacio_loop_card respacio_loop_card_with_wrapper location\"><a href=\"https:\/\/tenerifepropertysales.demo4.respacio.com\/lt\/location\/parduodamas-nekilnojamasis-turtas-santjago-del-teideje\/parduodamas-nekilnojamasis-turtas-puerto-santjage\/\" class=\"\"><div data-lazy-url=\"https:\/\/tenerifepropertysales.demo4.respacio.com\/wp-content\/uploads\/2025\/02\/030A8539-min-768x512.webp\" class=\" overlay_h location-image \"><\/div><\/a><div class=\"detail location-info d-flex flex-column justify-content-center\"><div class=\"location-content pt-3 px-2 text-center\"><a href=\"https:\/\/tenerifepropertysales.demo4.respacio.com\/lt\/location\/parduodamas-nekilnojamasis-turtas-santjago-del-teideje\/parduodamas-nekilnojamasis-turtas-puerto-santjage\/\" class=\"text-dark text-decoration-none\"><h5 class=\"location-heading\">Parduodamas nekilnojamasis turtas Puerto Santjage<\/h5><\/a><p>Puerto Santjagas i\u0161 prad\u017ei\u0173 buvo pagrindinis \u0161ios vietov\u0117s \u017evejybos uostas. Vietos \u017evejai \u012f \u0161\u012f uost\u0105 atgabendavo dienos laimik\u012f, o j\u0173 \u017emonos i\u0161keisdavo \u017euv\u012f \u012f vaisius ir dar\u017eoves su aplinkiniais Santjago del Teid\u0117s kaimais. Apie tai byloja \u201ePescadora\u201d \u017eiedin\u0117 sankry\u017ea prie \u012fva\u017eiavimo \u012f kaim\u0105. Nors iki \u0161i\u0173 dien\u0173 i\u0161lik\u0119 daug originali\u0173 nam\u0173, dabar jie apsupti gyvenam\u0173j\u0173&#8230;<\/p><\/div><div class=\"location-btn text-center pb-3\"><a href=\"https:\/\/tenerifepropertysales.demo4.respacio.com\/lt\/location\/parduodamas-nekilnojamasis-turtas-santjago-del-teideje\/parduodamas-nekilnojamasis-turtas-puerto-santjage\/\" class=\"btn-sm btn btn-primary text-white py-1\">\tRead More<\/a><\/div><\/div><\/div><\/div><div class=\"col-12 col-lg-4 this-item-1917768933 even py-2 px-0 px-sm-2 card-grid-location\"><div class=\"respacio_loop_card respacio_loop_card_with_wrapper location\"><a href=\"https:\/\/tenerifepropertysales.demo4.respacio.com\/lt\/location\/parduodamas-nekilnojamasis-turtas-santjago-del-teideje\/parduodami-nekilnojamojo-turto-objektai-playa-de-la-arena\/\" class=\"\"><div data-lazy-url=\"https:\/\/tenerifepropertysales.demo4.respacio.com\/wp-content\/uploads\/2025\/02\/Photo-30-10-24-11-54-32-1-scaled-1-768x576.webp\" class=\" overlay_h location-image \"><\/div><\/a><div class=\"detail location-info d-flex flex-column justify-content-center\"><div class=\"location-content pt-3 px-2 text-center\"><a href=\"https:\/\/tenerifepropertysales.demo4.respacio.com\/lt\/location\/parduodamas-nekilnojamasis-turtas-santjago-del-teideje\/parduodami-nekilnojamojo-turto-objektai-playa-de-la-arena\/\" class=\"text-dark text-decoration-none\"><h5 class=\"location-heading\">Parduodami nekilnojamojo turto objektai Playa de la Arena<\/h5><\/a><p>Playa de la Arena yra spar\u010diai besiple\u010diantis kurortas, o Santjago del Teid\u0117s rajono Playa de la Arena papl\u016bdimio juodas sm\u0117lis jau daugiau nei devyniolika met\u0173 i\u0161 eil\u0117s apdovanotas presti\u017eine m\u0117lyn\u0105ja v\u0117liava. V\u0117liava suteikiama kasmet, \u012fvertinus maudykl\u0173 vandens kokyb\u0119, papl\u016bdimi\u0173 naudotojams teikiam\u0105 informacij\u0105, teritorijos apsaugos priemones ir vietos savivaldyb\u0117s aplinkosaugos politik\u0105. Presti\u017einis apdovanojimas Playa de la&#8230;<\/p><\/div><div class=\"location-btn text-center pb-3\"><a href=\"https:\/\/tenerifepropertysales.demo4.respacio.com\/lt\/location\/parduodamas-nekilnojamasis-turtas-santjago-del-teideje\/parduodami-nekilnojamojo-turto-objektai-playa-de-la-arena\/\" class=\"btn-sm btn btn-primary text-white py-1\">\tRead More<\/a><\/div><\/div><\/div><\/div><div class=\"col-12 col-lg-4 this-item-1917768933 odd py-2 px-0 px-sm-2 card-grid-location\"><div class=\"respacio_loop_card respacio_loop_card_with_wrapper location\"><a href=\"https:\/\/tenerifepropertysales.demo4.respacio.com\/lt\/location\/parduodamas-nekilnojamasis-turtas-santjago-del-teideje\/parduodami-nekilnojamojo-turto-objektai-los-gigantes\/\" class=\"\"><div data-lazy-url=\"https:\/\/tenerifepropertysales.demo4.respacio.com\/wp-content\/uploads\/2025\/02\/030A8501-min-768x512.webp\" class=\" overlay_h location-image \"><\/div><\/a><div class=\"detail location-info d-flex flex-column justify-content-center\"><div class=\"location-content pt-3 px-2 text-center\"><a href=\"https:\/\/tenerifepropertysales.demo4.respacio.com\/lt\/location\/parduodamas-nekilnojamasis-turtas-santjago-del-teideje\/parduodami-nekilnojamojo-turto-objektai-los-gigantes\/\" class=\"text-dark text-decoration-none\"><h5 class=\"location-heading\">Parduodami nekilnojamojo turto objektai Los Gigantes<\/h5><\/a><p>\u0160e\u0161tojo de\u0161imtme\u010dio viduryje Los Gigantes buvo paskelbta nacionalin\u0117s turistin\u0117s svarbos vietove ir nuo to laiko buvo pl\u0117tojama su skoniu ir \u017eavesiu. Si\u016blome visk\u0105, ko nor\u0117tum\u0117te kaip savo atostog\u0173 nam\u0173 paskirties viet\u0105, rasite \u012fvairiausi\u0173 restoran\u0173, bar\u0173 ir prekybos viet\u0173, be to, vos u\u017e 30 minu\u010di\u0173 kelio automobiliu i\u0161 Los Gigantes rasite \u0161urmuliuojant\u012f Playa de Las Americas&#8230;<\/p><\/div><div class=\"location-btn text-center pb-3\"><a href=\"https:\/\/tenerifepropertysales.demo4.respacio.com\/lt\/location\/parduodamas-nekilnojamasis-turtas-santjago-del-teideje\/parduodami-nekilnojamojo-turto-objektai-los-gigantes\/\" class=\"btn-sm btn btn-primary text-white py-1\">\tRead More<\/a><\/div><\/div><\/div><\/div><\/div><\/div><\/div>\n","protected":false},"excerpt":{"rendered":"<p>Populiariausios sritys Su\u017einokite daugiau apie populiariausias vietoves, pateikdami praktin\u0119 informacij\u0105 ir parduodam\u0105 nekilnojam\u0105j\u012f turt\u0105 [&#8230;]<\/p>\n<p><a class=\"btn btn-secondary respacio-read-more-link\" href=\"https:\/\/tenerifepropertysales.demo4.respacio.com\/lt\/populiariausios-sritys\/\">Read More&#8230;<\/a><\/p>\n","protected":false},"author":2,"featured_media":0,"parent":0,"menu_order":0,"comment_status":"closed","ping_status":"closed","template":"","meta":{"_uag_custom_page_level_css":"","ub_ctt_via":"","footnotes":""},"page-tag":[],"class_list":["post-318303","page","type-page","status-publish","hentry"],"acf":[],"featured_image_src":null,"yoast_head":"<!-- This site is optimized with the Yoast SEO Premium plugin v21.2 (Yoast SEO v24.4) - https:\/\/yoast.com\/wordpress\/plugins\/seo\/ -->\n<title>Populiariausios sritys - Paul Ruane - Los Gigantes Properties<\/title>\n<meta name=\"robots\" content=\"noindex, follow, max-snippet:-1, max-image-preview:large, max-video-preview:-1\" \/>\n<meta property=\"og:locale\" content=\"lt_LT\" \/>\n<meta property=\"og:type\" content=\"article\" \/>\n<meta property=\"og:title\" content=\"Populiariausios sritys\" \/>\n<meta property=\"og:description\" content=\"Populiariausios sritys Su\u017einokite daugiau apie populiariausias vietoves, pateikdami praktin\u0119 informacij\u0105 ir parduodam\u0105 nekilnojam\u0105j\u012f turt\u0105 [...]Read More...\" \/>\n<meta property=\"og:url\" content=\"https:\/\/tenerifepropertysales.demo4.respacio.com\/lt\/populiariausios-sritys\/\" \/>\n<meta property=\"og:site_name\" content=\"Paul Ruane - Los Gigantes Properties\" \/>\n<meta property=\"og:image\" content=\"\" \/>\n<meta name=\"twitter:card\" content=\"summary_large_image\" \/>\n<script type=\"application\/ld+json\" class=\"yoast-schema-graph\">{\"@context\":\"https:\/\/schema.org\",\"@graph\":[{\"@type\":\"WebPage\",\"@id\":\"https:\/\/tenerifepropertysales.demo4.respacio.com\/lt\/populiariausios-sritys\/\",\"url\":\"https:\/\/tenerifepropertysales.demo4.respacio.com\/lt\/populiariausios-sritys\/\",\"name\":\"Populiariausios sritys - Paul Ruane - Los Gigantes Properties\",\"isPartOf\":{\"@id\":\"https:\/\/tenerifepropertysales.demo4.respacio.com\/lt\/#website\"},\"datePublished\":\"2025-05-02T07:12:40+00:00\",\"breadcrumb\":{\"@id\":\"https:\/\/tenerifepropertysales.demo4.respacio.com\/lt\/populiariausios-sritys\/#breadcrumb\"},\"inLanguage\":\"lt-LT\",\"potentialAction\":[{\"@type\":\"ReadAction\",\"target\":[\"https:\/\/tenerifepropertysales.demo4.respacio.com\/lt\/populiariausios-sritys\/\"]}]},{\"@type\":\"BreadcrumbList\",\"@id\":\"https:\/\/tenerifepropertysales.demo4.respacio.com\/lt\/populiariausios-sritys\/#breadcrumb\",\"itemListElement\":[{\"@type\":\"ListItem\",\"position\":1,\"name\":\"Pagrindinis\",\"item\":\"https:\/\/tenerifepropertysales.demo4.respacio.com\/lt\/pirmasis-puslapis\/\"},{\"@type\":\"ListItem\",\"position\":2,\"name\":\"Populiariausios sritys\"}]},{\"@type\":\"WebSite\",\"@id\":\"https:\/\/tenerifepropertysales.demo4.respacio.com\/lt\/#website\",\"url\":\"https:\/\/tenerifepropertysales.demo4.respacio.com\/lt\/\",\"name\":\"Paul Ruane - Los Gigantes Properties\",\"description\":\"Los Gigantes Nekilnojamasis turtas\",\"publisher\":{\"@id\":\"https:\/\/tenerifepropertysales.demo4.respacio.com\/lt\/#organization\"},\"inLanguage\":\"lt-LT\"},{\"@type\":\"Organization\",\"@id\":\"https:\/\/tenerifepropertysales.demo4.respacio.com\/lt\/#organization\",\"name\":\"Paul Ruane - Los Gigantes Properties\",\"url\":\"https:\/\/tenerifepropertysales.demo4.respacio.com\/lt\/\",\"logo\":{\"@type\":\"ImageObject\",\"inLanguage\":\"lt-LT\",\"@id\":\"https:\/\/tenerifepropertysales.demo4.respacio.com\/lt\/#\/schema\/logo\/image\/\",\"url\":\"https:\/\/tenerifepropertysales.demo4.respacio.com\/wp-content\/uploads\/2020\/04\/logo-white-1.png\",\"contentUrl\":\"https:\/\/tenerifepropertysales.demo4.respacio.com\/wp-content\/uploads\/2020\/04\/logo-white-1.png\",\"width\":273,\"height\":59,\"caption\":\"Paul Ruane - Los Gigantes Properties\"},\"image\":{\"@id\":\"https:\/\/tenerifepropertysales.demo4.respacio.com\/lt\/#\/schema\/logo\/image\/\"}}]}<\/script>\n<!-- \/ Yoast SEO Premium plugin. -->","yoast_head_json":{"title":"Populiariausios sritys - Paul Ruane - Los Gigantes Properties","robots":{"index":"noindex","follow":"follow","max-snippet":"max-snippet:-1","max-image-preview":"max-image-preview:large","max-video-preview":"max-video-preview:-1"},"og_locale":"lt_LT","og_type":"article","og_title":"Populiariausios sritys","og_description":"Populiariausios sritys Su\u017einokite daugiau apie populiariausias vietoves, pateikdami praktin\u0119 informacij\u0105 ir parduodam\u0105 nekilnojam\u0105j\u012f turt\u0105 [...]Read More...","og_url":"https:\/\/tenerifepropertysales.demo4.respacio.com\/lt\/populiariausios-sritys\/","og_site_name":"Paul Ruane - Los Gigantes Properties","og_image":[{"url":false,"type":"","width":"","height":""}],"twitter_card":"summary_large_image","schema":{"@context":"https:\/\/schema.org","@graph":[{"@type":"WebPage","@id":"https:\/\/tenerifepropertysales.demo4.respacio.com\/lt\/populiariausios-sritys\/","url":"https:\/\/tenerifepropertysales.demo4.respacio.com\/lt\/populiariausios-sritys\/","name":"Populiariausios sritys - Paul Ruane - Los Gigantes Properties","isPartOf":{"@id":"https:\/\/tenerifepropertysales.demo4.respacio.com\/lt\/#website"},"datePublished":"2025-05-02T07:12:40+00:00","breadcrumb":{"@id":"https:\/\/tenerifepropertysales.demo4.respacio.com\/lt\/populiariausios-sritys\/#breadcrumb"},"inLanguage":"lt-LT","potentialAction":[{"@type":"ReadAction","target":["https:\/\/tenerifepropertysales.demo4.respacio.com\/lt\/populiariausios-sritys\/"]}]},{"@type":"BreadcrumbList","@id":"https:\/\/tenerifepropertysales.demo4.respacio.com\/lt\/populiariausios-sritys\/#breadcrumb","itemListElement":[{"@type":"ListItem","position":1,"name":"Pagrindinis","item":"https:\/\/tenerifepropertysales.demo4.respacio.com\/lt\/pirmasis-puslapis\/"},{"@type":"ListItem","position":2,"name":"Populiariausios sritys"}]},{"@type":"WebSite","@id":"https:\/\/tenerifepropertysales.demo4.respacio.com\/lt\/#website","url":"https:\/\/tenerifepropertysales.demo4.respacio.com\/lt\/","name":"Paul Ruane - Los Gigantes Properties","description":"Los Gigantes Nekilnojamasis turtas","publisher":{"@id":"https:\/\/tenerifepropertysales.demo4.respacio.com\/lt\/#organization"},"inLanguage":"lt-LT"},{"@type":"Organization","@id":"https:\/\/tenerifepropertysales.demo4.respacio.com\/lt\/#organization","name":"Paul Ruane - Los Gigantes Properties","url":"https:\/\/tenerifepropertysales.demo4.respacio.com\/lt\/","logo":{"@type":"ImageObject","inLanguage":"lt-LT","@id":"https:\/\/tenerifepropertysales.demo4.respacio.com\/lt\/#\/schema\/logo\/image\/","url":"https:\/\/tenerifepropertysales.demo4.respacio.com\/wp-content\/uploads\/2020\/04\/logo-white-1.png","contentUrl":"https:\/\/tenerifepropertysales.demo4.respacio.com\/wp-content\/uploads\/2020\/04\/logo-white-1.png","width":273,"height":59,"caption":"Paul Ruane - Los Gigantes Properties"},"image":{"@id":"https:\/\/tenerifepropertysales.demo4.respacio.com\/lt\/#\/schema\/logo\/image\/"}}]}},"uagb_featured_image_src":{"full":false,"thumbnail":false,"medium":false,"medium_large":false,"large":false,"1536x1536":false,"2048x2048":false},"uagb_author_info":{"display_name":"support@respacio.com","author_link":"https:\/\/tenerifepropertysales.demo4.respacio.com\/lt\/author\/supportrespacio-com\/"},"uagb_comment_info":0,"uagb_excerpt":"Populiariausios sritys Su\u017einokite daugiau apie populiariausias vietoves, pateikdami praktin\u0119 informacij\u0105 ir parduodam\u0105 nekilnojam\u0105j\u012f turt\u0105 [...]Read More...","_links":{"self":[{"href":"https:\/\/tenerifepropertysales.demo4.respacio.com\/lt\/wp-json\/wp\/v2\/pages\/318303","targetHints":{"allow":["GET"]}}],"collection":[{"href":"https:\/\/tenerifepropertysales.demo4.respacio.com\/lt\/wp-json\/wp\/v2\/pages"}],"about":[{"href":"https:\/\/tenerifepropertysales.demo4.respacio.com\/lt\/wp-json\/wp\/v2\/types\/page"}],"author":[{"embeddable":true,"href":"https:\/\/tenerifepropertysales.demo4.respacio.com\/lt\/wp-json\/wp\/v2\/users\/2"}],"replies":[{"embeddable":true,"href":"https:\/\/tenerifepropertysales.demo4.respacio.com\/lt\/wp-json\/wp\/v2\/comments?post=318303"}],"version-history":[{"count":1,"href":"https:\/\/tenerifepropertysales.demo4.respacio.com\/lt\/wp-json\/wp\/v2\/pages\/318303\/revisions"}],"predecessor-version":[{"id":318305,"href":"https:\/\/tenerifepropertysales.demo4.respacio.com\/lt\/wp-json\/wp\/v2\/pages\/318303\/revisions\/318305"}],"wp:attachment":[{"href":"https:\/\/tenerifepropertysales.demo4.respacio.com\/lt\/wp-json\/wp\/v2\/media?parent=318303"}],"wp:term":[{"taxonomy":"page-tag","embeddable":true,"href":"https:\/\/tenerifepropertysales.demo4.respacio.com\/lt\/wp-json\/wp\/v2\/page-tag?post=318303"}],"curies":[{"name":"wp","href":"https:\/\/api.w.org\/{rel}","templated":true}]}}