{"id":318350,"date":"2025-05-02T08:13:00","date_gmt":"2025-05-02T07:13:00","guid":{"rendered":"https:\/\/tenerifepropertysales.demo4.respacio.com\/apie-paul-ruane-los-gigantes-properties\/"},"modified":"2025-05-02T08:13:01","modified_gmt":"2025-05-02T07:13:01","slug":"apie-paul-ruane-los-gigantes-properties","status":"publish","type":"page","link":"https:\/\/tenerifepropertysales.demo4.respacio.com\/lt\/apie-paul-ruane-los-gigantes-properties\/","title":{"rendered":"Apie Paul Ruane &#8211; Los Gigantes Properties"},"content":{"rendered":"\n<p>Dabar Paulas Ruane&#8217;as ir jo komanda perkelia &#8222;Los Gigantes&#8221; \u012f ateit\u012f, kur \u012fgyvendinami nauji projektai, tokie kaip &#8222;Cristal&#8221; ir &#8222;Aqua Suites&#8221;, taip pat kiti vykdomi projektai.<\/p>\n\n<p>Nors kai kurie teigia, kad jis buvo pirmasis nekilnojamojo turto agentas Los Gigantes mieste, Paulius mat\u0117, kaip \u0161ioje vietov\u0117je atsirado ir i\u0161nyko daug nekilnojamojo turto agent\u0173. Jis mat\u0117, kaip kiti pasitrauk\u0117, o j\u0173 viet\u0105 u\u017e\u0117m\u0117 nauji, kai kurie i\u0161 j\u0173 i\u0161silaik\u0117 tik por\u0105 met\u0173. Ta\u010diau d\u0117l to, kad Paulas Ruane&#8217;as i\u0161 tikr\u0173j\u0173 buvo pirmasis nekilnojamojo turto agentas \u0161ioje vietov\u0117je ir dalyvavo statant Los Gigantes, m\u016bs\u0173 klientai ne tik gali naudotis m\u016bs\u0173 sukauptomis \u017einiomis ir patirtimi, bet ir b\u016bti tikri, kad mes \u010dia jiems pad\u0117sime dar daugel\u012f met\u0173. Ties\u0105 sakant, 4 i\u0161 5 artimiausioje apylink\u0117je esan\u010di\u0173 nekilnojamojo turto agent\u0173 savo nuosavyb\u0119 pirko i\u0161 Paul Raune.     <\/p>\n\n<p>Paulas turi atsidavusi\u0105 komand\u0105, kuri dalijasi daugeliu jo \u017eini\u0173 ir jau daugel\u012f met\u0173 dirba kartu su juo. Svarbiausia, kad dirbame kaip komanda, siekdami u\u017etikrinti, jog vis\u0173 m\u016bs\u0173 klient\u0173 interesai b\u016bt\u0173 svarbiausi visiems. <\/p>\n\n<h2 class=\"wp-block-heading\">\u017dingsnis atgal \u012f praeit\u012f<\/h2>\n\n<p>Pirmieji nekilnojamojo turto objektai Los Gigantes mieste buvo pastatyti aplink ba\u017eny\u010dios aik\u0161t\u0119, nors ba\u017eny\u010dia pastatyta tik gerokai v\u0117liau. I\u0161 prad\u017ei\u0173 gyvenviet\u0119 sudar\u0117 pirmasis didelis statinys &#8211; vie\u0161butis &#8222;Los Gigantes&#8221;, kuris tuo metu buvo perpus ma\u017eesnis nei dabar ir kurio baseinas buvo kitoje kelio pus\u0117je, dabartin\u0117je &#8222;Oaz\u0117je&#8221;. <\/p>\n\n<p>Tuo metu &#8222;Oaz\u0117&#8221; vadinosi &#8222;Klubas&#8221; ir priklaus\u0117 vie\u0161bu\u010diui &#8222;Los Gigantes&#8221;.<\/p>\n\n<p>Paulas Ruane&#8217;as atvyko \u012f Los Gigantes 1979 m., b\u016bdamas vos 20 met\u0173, kai buvo prad\u0117ti statyti apartamentai Floridoje.<\/p>\n\n<p>Jis dalyvavo parduodant \u0161\u012f nekilnojam\u0105j\u012f turt\u0105 i\u0161 &#8222;Plan&#8221;, o v\u0117liau prad\u0117jo dirbti Jensui Peteriui Fuldai (Jens Peter Fulda), kuriam priklaus\u0117 did\u017eiausia \u0161ioje vietov\u0117je statyb\u0173 bendrov\u0117. Kitus 15 met\u0173 Paulas dirbo pardavim\u0173 vadovu, v\u0117liau tapo &#8222;Construction Fulda&#8221; direktoriumi, o v\u0117liau atidar\u0117 savo agent\u016br\u0105 &#8222;Los Gigantes Properties s.l.&#8221;. <\/p>\n\n<p>Prad\u0117damas statyti \u0161iuos kompleksus, Paulas Ruane&#8217;as buvo atsakingas u\u017e pardavimus ir i\u0161 prad\u017ei\u0173 visus juos pardav\u0117 i\u0161 plano: Hibisco I, II ir III, Medusa I, II ir III, Crab Island Apartments, Sunset Apartments (Los Gigantes).<\/p>\n\n<p>Visos Krab\u0173 salos vilos, Cornisa, Tamara A, B, C, D ir AII, BII, CII ir DII, Los Arcos, \u012fvairios nekilnojamojo turto objektai Calle el Pino, Calle Adlefas ir Calle Tabaiba, San Francisko urbanizacija, \u012fskaitant apartamentus California ir Santa Barbara, Edificio Mario Puerto Santjage, Las Pardeleras, Finca Esmeralda, Grand Tabaiba, Avenida apartamentai. Taip pat \u0161iek tiek toliau: vilos El Madro\u00f1al ir vilos Valle Hermosa Playa de Las Amercias. <\/p>\n\n<p>Paulas Ruane&#8217;as taip pat dalyvavo keliuose kituose kompleksuose ir patalpose, pvz: &#8222;Tipsy Terrace&#8221;, restoranas &#8222;Tamara&#8221;, restoranas &#8222;El Pescador&#8221;, &#8222;The Oasis&#8221;, &#8222;Arches Bistro&#8221;.<\/p>\n\n<p>Paulas taip pat buvo pagrindinis pardavimo agentas, pardav\u0119s \u0161iuos kompleksus i\u0161 plano:<\/p>\n\n<p>Aqua Marin, El Marques Palace, Balcon de Los Gigantes, Sansofe Puerto, Florencia (P.O.), El Marques ir Las Rosas , Sansofe, Vitacura, India Sol, Vigilia Park , Casa Blanca.<\/p>\n\n<p>Paulas Ruane&#8217;as ir &#8222;Constructions Fulda&#8221; dirbo drauge su Pi\u00f1eiro \u0161eima ir j\u0173 \u012fmone &#8222;Gigansol&#8221;, kuri buvo Los Giganteso pradininkai (i\u0161 tikr\u0173j\u0173 pastat\u0117 vie\u0161but\u012f &#8222;Los Gigantes&#8221;) ir suk\u016br\u0117 \u0161iuos kompleksus: Sauce&#8221;, &#8222;Drago&#8221;, &#8222;Flamboyant&#8221;, &#8222;Geranios&#8221;, &#8222;Jacaranda&#8221;, &#8222;Club I&#8221; ir &#8222;Club II&#8221;, &#8222;Jasmin&#8221;, &#8222;Las Mimosas&#8221; ir \u012fvairias nekilnojamojo turto objekt\u0173 dalis Calle Pino rajone.<\/p>\n\n<p>Paulas taip pat pardavin\u0117jo nekilnojam\u0105j\u012f turt\u0105 keliems kitiems nepriklausomiems vystytojams, kurie taip pat stat\u0117 kompleksus ir nekilnojam\u0105j\u012f turt\u0105 \u0161ioje vietov\u0117je.<\/p>\n\n<p>Iki \u0161iol Paul Ruane ir &#8222;Los Gigantes Properties s.l.&#8221; toliau parduoda nekilnojam\u0105j\u012f turt\u0105 visuose \u0161ios vietov\u0117s kompleksuose ir vietov\u0117se bei aplink juos ir tikrai yra tas vardas, kuriuo galite pasikliauti.<\/p>\n","protected":false},"excerpt":{"rendered":"<p>Dabar Paulas Ruane&#8217;as ir jo komanda perkelia &#8222;Los Gigantes&#8221; \u012f ateit\u012f, kur \u012fgyvendinami nauji projektai, tokie kaip &#8222;Cristal&#8221; ir &#8222;Aqua Suites&#8221;, taip pat kiti vykdomi projektai. Nors kai kurie teigia, kad jis buvo pirmasis nekilnojamojo turto agentas Los Gigantes mieste, Paulius mat\u0117, kaip \u0161ioje vietov\u0117je atsirado ir i\u0161nyko daug nekilnojamojo turto agent\u0173. Jis mat\u0117, kaip [&#8230;]<\/p>\n<p><a class=\"btn btn-secondary respacio-read-more-link\" href=\"https:\/\/tenerifepropertysales.demo4.respacio.com\/lt\/apie-paul-ruane-los-gigantes-properties\/\">Read More&#8230;<\/a><\/p>\n","protected":false},"author":2,"featured_media":318351,"parent":0,"menu_order":0,"comment_status":"closed","ping_status":"closed","template":"","meta":{"_uag_custom_page_level_css":"","ub_ctt_via":"","footnotes":""},"page-tag":[],"class_list":["post-318350","page","type-page","status-publish","has-post-thumbnail","hentry"],"acf":[],"featured_image_src":"https:\/\/tenerifepropertysales.demo4.respacio.com\/wp-content\/uploads\/2024\/11\/Photo-22-10-24-12-41-12-scaled.jpg","yoast_head":"<!-- This site is optimized with the Yoast SEO Premium plugin v21.2 (Yoast SEO v24.4) - https:\/\/yoast.com\/wordpress\/plugins\/seo\/ -->\n<title>Apie Paul Ruane - Los Gigantes Properties - Paul Ruane - Los Gigantes Properties<\/title>\n<meta name=\"robots\" content=\"noindex, follow, max-snippet:-1, max-image-preview:large, max-video-preview:-1\" \/>\n<meta property=\"og:locale\" content=\"lt_LT\" \/>\n<meta property=\"og:type\" content=\"article\" \/>\n<meta property=\"og:title\" content=\"Apie Paul Ruane - Los Gigantes Properties\" \/>\n<meta property=\"og:description\" content=\"Dabar Paulas Ruane&#8217;as ir jo komanda perkelia &#8222;Los Gigantes&#8221; \u012f ateit\u012f, kur \u012fgyvendinami nauji projektai, tokie kaip &#8222;Cristal&#8221; ir &#8222;Aqua Suites&#8221;, taip pat kiti vykdomi projektai. Nors kai kurie teigia, kad jis buvo pirmasis nekilnojamojo turto agentas Los Gigantes mieste, Paulius mat\u0117, kaip \u0161ioje vietov\u0117je atsirado ir i\u0161nyko daug nekilnojamojo turto agent\u0173. Jis mat\u0117, kaip [...]Read More...\" \/>\n<meta property=\"og:url\" content=\"https:\/\/tenerifepropertysales.demo4.respacio.com\/lt\/apie-paul-ruane-los-gigantes-properties\/\" \/>\n<meta property=\"og:site_name\" content=\"Paul Ruane - Los Gigantes Properties\" \/>\n<meta property=\"article:modified_time\" content=\"2025-05-02T07:13:01+00:00\" \/>\n<meta property=\"og:image\" content=\"https:\/\/tenerifepropertysales.demo4.respacio.com\/wp-content\/uploads\/2024\/11\/Photo-22-10-24-12-41-12-1024x768.jpg\" \/>\n<meta name=\"twitter:card\" content=\"summary_large_image\" \/>\n<meta name=\"twitter:image\" content=\"https:\/\/tenerifepropertysales.demo4.respacio.com\/wp-content\/uploads\/2024\/11\/Photo-22-10-24-12-41-12-1024x768.jpg\" \/>\n<meta name=\"twitter:label1\" content=\"Est. reading time\" \/>\n\t<meta name=\"twitter:data1\" content=\"3 minut\u0117s\" \/>\n<script type=\"application\/ld+json\" class=\"yoast-schema-graph\">{\"@context\":\"https:\/\/schema.org\",\"@graph\":[{\"@type\":\"WebPage\",\"@id\":\"https:\/\/tenerifepropertysales.demo4.respacio.com\/lt\/apie-paul-ruane-los-gigantes-properties\/\",\"url\":\"https:\/\/tenerifepropertysales.demo4.respacio.com\/lt\/apie-paul-ruane-los-gigantes-properties\/\",\"name\":\"Apie Paul Ruane - Los Gigantes Properties - Paul Ruane - Los Gigantes Properties\",\"isPartOf\":{\"@id\":\"https:\/\/tenerifepropertysales.demo4.respacio.com\/lt\/#website\"},\"primaryImageOfPage\":{\"@id\":\"https:\/\/tenerifepropertysales.demo4.respacio.com\/lt\/apie-paul-ruane-los-gigantes-properties\/#primaryimage\"},\"image\":{\"@id\":\"https:\/\/tenerifepropertysales.demo4.respacio.com\/lt\/apie-paul-ruane-los-gigantes-properties\/#primaryimage\"},\"thumbnailUrl\":\"https:\/\/tenerifepropertysales.demo4.respacio.com\/wp-content\/uploads\/2024\/11\/Photo-22-10-24-12-41-12-scaled.jpg\",\"datePublished\":\"2025-05-02T07:13:00+00:00\",\"dateModified\":\"2025-05-02T07:13:01+00:00\",\"breadcrumb\":{\"@id\":\"https:\/\/tenerifepropertysales.demo4.respacio.com\/lt\/apie-paul-ruane-los-gigantes-properties\/#breadcrumb\"},\"inLanguage\":\"lt-LT\",\"potentialAction\":[{\"@type\":\"ReadAction\",\"target\":[\"https:\/\/tenerifepropertysales.demo4.respacio.com\/lt\/apie-paul-ruane-los-gigantes-properties\/\"]}]},{\"@type\":\"ImageObject\",\"inLanguage\":\"lt-LT\",\"@id\":\"https:\/\/tenerifepropertysales.demo4.respacio.com\/lt\/apie-paul-ruane-los-gigantes-properties\/#primaryimage\",\"url\":\"https:\/\/tenerifepropertysales.demo4.respacio.com\/wp-content\/uploads\/2024\/11\/Photo-22-10-24-12-41-12-scaled.jpg\",\"contentUrl\":\"https:\/\/tenerifepropertysales.demo4.respacio.com\/wp-content\/uploads\/2024\/11\/Photo-22-10-24-12-41-12-scaled.jpg\",\"width\":2560,\"height\":1920},{\"@type\":\"BreadcrumbList\",\"@id\":\"https:\/\/tenerifepropertysales.demo4.respacio.com\/lt\/apie-paul-ruane-los-gigantes-properties\/#breadcrumb\",\"itemListElement\":[{\"@type\":\"ListItem\",\"position\":1,\"name\":\"Pagrindinis\",\"item\":\"https:\/\/tenerifepropertysales.demo4.respacio.com\/lt\/pirmasis-puslapis\/\"},{\"@type\":\"ListItem\",\"position\":2,\"name\":\"Apie Paul Ruane &#8211; Los Gigantes Properties\"}]},{\"@type\":\"WebSite\",\"@id\":\"https:\/\/tenerifepropertysales.demo4.respacio.com\/lt\/#website\",\"url\":\"https:\/\/tenerifepropertysales.demo4.respacio.com\/lt\/\",\"name\":\"Paul Ruane - Los Gigantes Properties\",\"description\":\"Los Gigantes Nekilnojamasis turtas\",\"publisher\":{\"@id\":\"https:\/\/tenerifepropertysales.demo4.respacio.com\/lt\/#organization\"},\"inLanguage\":\"lt-LT\"},{\"@type\":\"Organization\",\"@id\":\"https:\/\/tenerifepropertysales.demo4.respacio.com\/lt\/#organization\",\"name\":\"Paul Ruane - Los Gigantes Properties\",\"url\":\"https:\/\/tenerifepropertysales.demo4.respacio.com\/lt\/\",\"logo\":{\"@type\":\"ImageObject\",\"inLanguage\":\"lt-LT\",\"@id\":\"https:\/\/tenerifepropertysales.demo4.respacio.com\/lt\/#\/schema\/logo\/image\/\",\"url\":\"https:\/\/tenerifepropertysales.demo4.respacio.com\/wp-content\/uploads\/2020\/04\/logo-white-1.png\",\"contentUrl\":\"https:\/\/tenerifepropertysales.demo4.respacio.com\/wp-content\/uploads\/2020\/04\/logo-white-1.png\",\"width\":273,\"height\":59,\"caption\":\"Paul Ruane - Los Gigantes Properties\"},\"image\":{\"@id\":\"https:\/\/tenerifepropertysales.demo4.respacio.com\/lt\/#\/schema\/logo\/image\/\"}}]}<\/script>\n<!-- \/ Yoast SEO Premium plugin. -->","yoast_head_json":{"title":"Apie Paul Ruane - Los Gigantes Properties - Paul Ruane - Los Gigantes Properties","robots":{"index":"noindex","follow":"follow","max-snippet":"max-snippet:-1","max-image-preview":"max-image-preview:large","max-video-preview":"max-video-preview:-1"},"og_locale":"lt_LT","og_type":"article","og_title":"Apie Paul Ruane - Los Gigantes Properties","og_description":"Dabar Paulas Ruane&#8217;as ir jo komanda perkelia &#8222;Los Gigantes&#8221; \u012f ateit\u012f, kur \u012fgyvendinami nauji projektai, tokie kaip &#8222;Cristal&#8221; ir &#8222;Aqua Suites&#8221;, taip pat kiti vykdomi projektai. Nors kai kurie teigia, kad jis buvo pirmasis nekilnojamojo turto agentas Los Gigantes mieste, Paulius mat\u0117, kaip \u0161ioje vietov\u0117je atsirado ir i\u0161nyko daug nekilnojamojo turto agent\u0173. Jis mat\u0117, kaip [...]Read More...","og_url":"https:\/\/tenerifepropertysales.demo4.respacio.com\/lt\/apie-paul-ruane-los-gigantes-properties\/","og_site_name":"Paul Ruane - Los Gigantes Properties","article_modified_time":"2025-05-02T07:13:01+00:00","og_image":[{"url":"https:\/\/tenerifepropertysales.demo4.respacio.com\/wp-content\/uploads\/2024\/11\/Photo-22-10-24-12-41-12-1024x768.jpg","type":"","width":"","height":""}],"twitter_card":"summary_large_image","twitter_image":"https:\/\/tenerifepropertysales.demo4.respacio.com\/wp-content\/uploads\/2024\/11\/Photo-22-10-24-12-41-12-1024x768.jpg","twitter_misc":{"Est. reading time":"3 minut\u0117s"},"schema":{"@context":"https:\/\/schema.org","@graph":[{"@type":"WebPage","@id":"https:\/\/tenerifepropertysales.demo4.respacio.com\/lt\/apie-paul-ruane-los-gigantes-properties\/","url":"https:\/\/tenerifepropertysales.demo4.respacio.com\/lt\/apie-paul-ruane-los-gigantes-properties\/","name":"Apie Paul Ruane - Los Gigantes Properties - Paul Ruane - Los Gigantes Properties","isPartOf":{"@id":"https:\/\/tenerifepropertysales.demo4.respacio.com\/lt\/#website"},"primaryImageOfPage":{"@id":"https:\/\/tenerifepropertysales.demo4.respacio.com\/lt\/apie-paul-ruane-los-gigantes-properties\/#primaryimage"},"image":{"@id":"https:\/\/tenerifepropertysales.demo4.respacio.com\/lt\/apie-paul-ruane-los-gigantes-properties\/#primaryimage"},"thumbnailUrl":"https:\/\/tenerifepropertysales.demo4.respacio.com\/wp-content\/uploads\/2024\/11\/Photo-22-10-24-12-41-12-scaled.jpg","datePublished":"2025-05-02T07:13:00+00:00","dateModified":"2025-05-02T07:13:01+00:00","breadcrumb":{"@id":"https:\/\/tenerifepropertysales.demo4.respacio.com\/lt\/apie-paul-ruane-los-gigantes-properties\/#breadcrumb"},"inLanguage":"lt-LT","potentialAction":[{"@type":"ReadAction","target":["https:\/\/tenerifepropertysales.demo4.respacio.com\/lt\/apie-paul-ruane-los-gigantes-properties\/"]}]},{"@type":"ImageObject","inLanguage":"lt-LT","@id":"https:\/\/tenerifepropertysales.demo4.respacio.com\/lt\/apie-paul-ruane-los-gigantes-properties\/#primaryimage","url":"https:\/\/tenerifepropertysales.demo4.respacio.com\/wp-content\/uploads\/2024\/11\/Photo-22-10-24-12-41-12-scaled.jpg","contentUrl":"https:\/\/tenerifepropertysales.demo4.respacio.com\/wp-content\/uploads\/2024\/11\/Photo-22-10-24-12-41-12-scaled.jpg","width":2560,"height":1920},{"@type":"BreadcrumbList","@id":"https:\/\/tenerifepropertysales.demo4.respacio.com\/lt\/apie-paul-ruane-los-gigantes-properties\/#breadcrumb","itemListElement":[{"@type":"ListItem","position":1,"name":"Pagrindinis","item":"https:\/\/tenerifepropertysales.demo4.respacio.com\/lt\/pirmasis-puslapis\/"},{"@type":"ListItem","position":2,"name":"Apie Paul Ruane &#8211; Los Gigantes Properties"}]},{"@type":"WebSite","@id":"https:\/\/tenerifepropertysales.demo4.respacio.com\/lt\/#website","url":"https:\/\/tenerifepropertysales.demo4.respacio.com\/lt\/","name":"Paul Ruane - Los Gigantes Properties","description":"Los Gigantes Nekilnojamasis turtas","publisher":{"@id":"https:\/\/tenerifepropertysales.demo4.respacio.com\/lt\/#organization"},"inLanguage":"lt-LT"},{"@type":"Organization","@id":"https:\/\/tenerifepropertysales.demo4.respacio.com\/lt\/#organization","name":"Paul Ruane - Los Gigantes Properties","url":"https:\/\/tenerifepropertysales.demo4.respacio.com\/lt\/","logo":{"@type":"ImageObject","inLanguage":"lt-LT","@id":"https:\/\/tenerifepropertysales.demo4.respacio.com\/lt\/#\/schema\/logo\/image\/","url":"https:\/\/tenerifepropertysales.demo4.respacio.com\/wp-content\/uploads\/2020\/04\/logo-white-1.png","contentUrl":"https:\/\/tenerifepropertysales.demo4.respacio.com\/wp-content\/uploads\/2020\/04\/logo-white-1.png","width":273,"height":59,"caption":"Paul Ruane - Los Gigantes Properties"},"image":{"@id":"https:\/\/tenerifepropertysales.demo4.respacio.com\/lt\/#\/schema\/logo\/image\/"}}]}},"uagb_featured_image_src":{"full":["https:\/\/tenerifepropertysales.demo4.respacio.com\/wp-content\/uploads\/2024\/11\/Photo-22-10-24-12-41-12-scaled.jpg",2560,1920,false],"thumbnail":["https:\/\/tenerifepropertysales.demo4.respacio.com\/wp-content\/uploads\/2024\/11\/Photo-22-10-24-12-41-12-150x150.jpg",150,150,true],"medium":["https:\/\/tenerifepropertysales.demo4.respacio.com\/wp-content\/uploads\/2024\/11\/Photo-22-10-24-12-41-12-300x225.jpg",300,225,true],"medium_large":["https:\/\/tenerifepropertysales.demo4.respacio.com\/wp-content\/uploads\/2024\/11\/Photo-22-10-24-12-41-12-768x576.jpg",640,480,true],"large":["https:\/\/tenerifepropertysales.demo4.respacio.com\/wp-content\/uploads\/2024\/11\/Photo-22-10-24-12-41-12-1024x768.jpg",640,480,true],"1536x1536":["https:\/\/tenerifepropertysales.demo4.respacio.com\/wp-content\/uploads\/2024\/11\/Photo-22-10-24-12-41-12-1536x1152.jpg",1536,1152,true],"2048x2048":["https:\/\/tenerifepropertysales.demo4.respacio.com\/wp-content\/uploads\/2024\/11\/Photo-22-10-24-12-41-12-2048x1536.jpg",2048,1536,true]},"uagb_author_info":{"display_name":"support@respacio.com","author_link":"https:\/\/tenerifepropertysales.demo4.respacio.com\/lt\/author\/supportrespacio-com\/"},"uagb_comment_info":0,"uagb_excerpt":"Dabar Paulas Ruane&#8217;as ir jo komanda perkelia &#8222;Los Gigantes&#8221; \u012f ateit\u012f, kur \u012fgyvendinami nauji projektai, tokie kaip &#8222;Cristal&#8221; ir &#8222;Aqua Suites&#8221;, taip pat kiti vykdomi projektai. Nors kai kurie teigia, kad jis buvo pirmasis nekilnojamojo turto agentas Los Gigantes mieste, Paulius mat\u0117, kaip \u0161ioje vietov\u0117je atsirado ir i\u0161nyko daug nekilnojamojo turto agent\u0173. Jis mat\u0117, kaip&hellip;","_links":{"self":[{"href":"https:\/\/tenerifepropertysales.demo4.respacio.com\/lt\/wp-json\/wp\/v2\/pages\/318350","targetHints":{"allow":["GET"]}}],"collection":[{"href":"https:\/\/tenerifepropertysales.demo4.respacio.com\/lt\/wp-json\/wp\/v2\/pages"}],"about":[{"href":"https:\/\/tenerifepropertysales.demo4.respacio.com\/lt\/wp-json\/wp\/v2\/types\/page"}],"author":[{"embeddable":true,"href":"https:\/\/tenerifepropertysales.demo4.respacio.com\/lt\/wp-json\/wp\/v2\/users\/2"}],"replies":[{"embeddable":true,"href":"https:\/\/tenerifepropertysales.demo4.respacio.com\/lt\/wp-json\/wp\/v2\/comments?post=318350"}],"version-history":[{"count":1,"href":"https:\/\/tenerifepropertysales.demo4.respacio.com\/lt\/wp-json\/wp\/v2\/pages\/318350\/revisions"}],"predecessor-version":[{"id":318354,"href":"https:\/\/tenerifepropertysales.demo4.respacio.com\/lt\/wp-json\/wp\/v2\/pages\/318350\/revisions\/318354"}],"wp:featuredmedia":[{"embeddable":true,"href":"https:\/\/tenerifepropertysales.demo4.respacio.com\/lt\/wp-json\/wp\/v2\/media\/318351"}],"wp:attachment":[{"href":"https:\/\/tenerifepropertysales.demo4.respacio.com\/lt\/wp-json\/wp\/v2\/media?parent=318350"}],"wp:term":[{"taxonomy":"page-tag","embeddable":true,"href":"https:\/\/tenerifepropertysales.demo4.respacio.com\/lt\/wp-json\/wp\/v2\/page-tag?post=318350"}],"curies":[{"name":"wp","href":"https:\/\/api.w.org\/{rel}","templated":true}]}}