{"id":318167,"date":"2025-05-02T08:11:32","date_gmt":"2025-05-02T07:11:32","guid":{"rendered":"https:\/\/tenerifepropertysales.demo4.respacio.com\/polityka-prawna\/"},"modified":"2025-05-02T08:11:33","modified_gmt":"2025-05-02T07:11:33","slug":"polityka-prawna","status":"publish","type":"page","link":"https:\/\/tenerifepropertysales.demo4.respacio.com\/pl\/polityka-prawna\/","title":{"rendered":"Polityka prawna"},"content":{"rendered":"\n<h2 class=\"wp-block-heading\" id=\"h-1-nbsp-nbsp-nbsp-nbsp-nbsp-nbsp-nbsp-nbsp-objeto-y-aceptacion\">1. Cel i akceptacja<\/h2>\n\n<p>Niniejszy komunikat prawny reguluje korzystanie z witryny internetowej: www.tenerifepropertysales.com.<\/p>\n\n<p>Witryna internetowa www.tenerifepropertysales.com oferuje us\u0142ugi, kt\u00f3rych g\u0142\u00f3wnym celem jest umo\u017cliwienie kontaktu mi\u0119dzy u\u017cytkownikami a podmiotem, w celu nawi\u0105zania kontaktu z nami, udzielenia odpowiedzi na zapytanie, zarz\u0105dzania roszczeniami, egzekwowania praw do ochrony danych lub z\u0142o\u017cenia wniosku o zawarcie umowy.<\/p>\n\n<p>Przej\u015bcie na stron\u0119 www.tenerifepropertysales.com wi\u0105\u017ce si\u0119 z okre\u015bleniem warunk\u00f3w u\u017cytkowania i oznacza akceptacj\u0119 wszystkich postanowie\u0144 zawartych w niniejszym Regulaminie, kt\u00f3re mog\u0105 podlega\u0107 modyfikacjom.<\/p>\n\n<p>U\u017cytkownik jest zobowi\u0105zany do prawid\u0142owego korzystania z witryny internetowej zgodnie z przepisami prawa, dobrymi obyczajami, prawem publicznym, zasadami korzystania z sieci i niniejsz\u0105 klauzul\u0105 prawn\u0105. U\u017cytkownik odpowiada przed LOS GIGANTES PROPERTIES, S.L. i przed osobami trzecimi za szkody, kt\u00f3re mog\u0105 powsta\u0107 w wyniku niewykonania tego obowi\u0105zku. <\/p>\n\n<h2 class=\"wp-block-heading\" id=\"h-2-nbsp-nbsp-nbsp-nbsp-nbsp-nbsp-nbsp-nbsp-titularidad-de-la-web-e-identificacion-del-prestador-de-servicios-de-la-sociedad-de-la-informacion\">2. Nazwa strony internetowej i identyfikacja dostawcy us\u0142ug informacyjnych<\/h2>\n\n<p>Con la finalidad de dar cumplimiento al principio de Informaci\u00f3n general exigido por el Art\u00edculo 10 de la Ley 34\/2002, de 11 de julio, de servicios de la sociedad de la informaci\u00f3n y de comercio electr\u00f3nico informamos a nuestros usuarios que el presente sitio web pertenece a LOS GIGANTES PROPERTIES, S.L. con CIF B38350013.<\/p>\n\n<figure class=\"wp-block-table\"><table><tbody><tr><td colspan=\"3\">Direcci\u00f3n:<strong><\/strong><\/td><td colspan=\"3\">Calle Flor de Pascua, 23, 38683 &#8211; Acantilado de Los Gigantes (Santa Cruz de Tenerife)<\/td><\/tr><tr><td colspan=\"3\">Correo-e:<\/td><td colspan=\"3\">nicky@tenerifepropertysales.com<\/td><\/tr><tr><td colspan=\"3\">Tel\u00e9fono:<\/td><td colspan=\"3\">922 861 313<\/td><\/tr><tr><td colspan=\"3\">Web alojada por:<\/td><td colspan=\"3\">OVH SAS<\/td><\/tr><\/tbody><\/table><\/figure>\n\n<h2 class=\"wp-block-heading\" id=\"h-3-nbsp-nbsp-nbsp-nbsp-nbsp-nbsp-nbsp-nbsp-condiciones-generales-de-acceso-y-utilizacion\">3. Og\u00f3lne warunki dost\u0119pu i u\u017cytkowania<\/h2>\n\n<p>Witryna internetowa i jej us\u0142ugi s\u0105 dost\u0119pne bezp\u0142atnie, jednak korzystanie z okre\u015blonych obszar\u00f3w lub us\u0142ug jest uzale\u017cnione od wype\u0142nienia formularzy dotycz\u0105cych danych. Jedynie osoby powy\u017cej 18 roku \u017cycia mog\u0105 udost\u0119pnia\u0107 dane za po\u015brednictwem naszej strony internetowej, a osoby poni\u017cej 14 roku \u017cycia nie mog\u0105 ich udost\u0119pnia\u0107 bez zgody rodzic\u00f3w lub opiekun\u00f3w. <\/p>\n\n<p>U\u017cytkownik gwarantuje autentyczno\u015b\u0107 i aktualno\u015b\u0107 wszystkich danych, kt\u00f3re przesy\u0142a do LOS GIGANTES PROPERTIES, S.L. i jest jedynym podmiotem odpowiedzialnym za fa\u0142szywe lub niedok\u0142adne dane.<\/p>\n\n<p>www.tenerifepropertysales.com ma nast\u0119puj\u0105ce typy u\u017cytkownik\u00f3w:<\/p>\n\n<ul class=\"wp-block-list\">\n<li>U\u017cytkownicy, kt\u00f3rzy przekazuj\u0105 dane w dowolnym z dost\u0119pnych formularzy: Dane osobowe wymagane przez LOS GIGANTES PROPERTIES, S.L. obejmuj\u0105 imi\u0119 i nazwisko oraz adres poczty elektronicznej, a tak\u017ce dane przekazane przez u\u017cytkownika podczas wype\u0142niania formularzy.<\/li>\n\n\n\n<li>U\u017cytkownicy, kt\u00f3rzy nie skontaktowali si\u0119 z LOS GIGANTES PROPERTIES, S.L., a kt\u00f3rzy rozpoznaj\u0105 dane: Dane przekazywane przez pliki cookie<\/li>\n<\/ul>\n\n<p><strong>3.1<\/strong> <strong>Zasady i zakazy u\u017cytkowania dla u\u017cytkownik\u00f3w naszych us\u0142ug<\/strong><strong><\/strong><\/p>\n\n<p>U\u017cytkownik zobowi\u0105zuje si\u0119 wyra\u017anie do w\u0142a\u015bciwego korzystania z oferowanych tre\u015bci i us\u0142ug oraz do niewykorzystywania ich do:<\/p>\n\n<ul class=\"wp-block-list\">\n<li>Difundir contenidos delictivos, violentos, pornogr\u00e1ficos, racistas, xen\u00f3fobo, ofensivos, de apolog\u00eda del terrorismo o, en general, contrarios a la ley orden p\u00fablico.<\/li>\n\n\n\n<li>Wprowadzanie do sieci wirus\u00f3w informatycznych lub wykonywanie czynno\u015bci mog\u0105cych zmieni\u0107, zniszczy\u0107, zak\u0142\u00f3ci\u0107 lub spowodowa\u0107 b\u0142\u0119dy lub szkody w dokumentach elektronicznych, danych lub systemach fizycznych i logicznych LOS GIGANTES PROPERTIES, S.L. lub os\u00f3b trzecich; jak r\u00f3wnie\u017c utrudnianie innym U\u017cytkownikom dost\u0119pu do witryny internetowej i jej us\u0142ug.<\/li>\n\n\n\n<li>Zamiar uzyskania dost\u0119pu do obszar\u00f3w zastrze\u017conych system\u00f3w informatycznych LOS GIGANTES PROPERTIES, S.L. lub os\u00f3b trzecich oraz, w takim przypadku, wydobywania informacji.<\/li>\n\n\n\n<li>Naruszanie praw w\u0142asno\u015bci intelektualnej lub przemys\u0142owej, a tak\u017ce naruszanie poufno\u015bci informacji LOS GIGANTES PROPERTIES, S.L. lub os\u00f3b trzecich.<\/li>\n\n\n\n<li>Zast\u0119powanie to\u017csamo\u015bci innego u\u017cytkownika, administracji publicznej lub osoby trzeciej.<\/li>\n\n\n\n<li>Powielanie, kopiowanie, rozpowszechnianie, przekazywanie do dyspozycji lub w jakiejkolwiek innej formie publiczne komunikowanie, przekszta\u0142canie lub modyfikowanie Tre\u015bci, o ile jest to zgodne z upowa\u017cnieniem w\u0142a\u015bciciela odpowiednich praw lub jest prawnie dozwolone.<\/li>\n\n\n\n<li>Uzyskiwanie danych o charakterze publicznym i przekazywanie informacji o charakterze publicznym w celach handlowych lub innych celach zwi\u0105zanych z dzia\u0142alno\u015bci\u0105 handlow\u0105 bez uprzedniego uzyskania zgody u\u017cytkownika.<\/li>\n<\/ul>\n\n<p><strong>3.2. Procedura w przypadku realizacji dzia\u0142a\u0144 niezgodnych z prawem<\/strong><strong><\/strong><\/p>\n\n<p>W przypadku, gdy jakikolwiek u\u017cytkownik lub osoba trzecia uzna, \u017ce istniej\u0105 zdarzenia lub okoliczno\u015bci, kt\u00f3re ujawniaj\u0105 nielegalny charakter korzystania z jakichkolwiek tre\u015bci i\/lub wykonywania jakichkolwiek czynno\u015bci na stronach internetowych zawartych lub dost\u0119pnych za po\u015brednictwem witryny internetowej, powinien wys\u0142a\u0107 powiadomienie do LOS GIGANTES PROPERTIES, S.L., wskazuj\u0105c w spos\u00f3b wyra\u017any i odpowiedzialny, \u017ce informacje podane w powiadomieniu s\u0105 dok\u0142adne.<\/p>\n\n<p><strong>4. Polityka prywatno\u015bci<\/strong><strong><\/strong><\/p>\n\n<p>U\u017cytkownik mo\u017ce zapozna\u0107 si\u0119 ze sposobem, w jaki LOS GIGANTES PROPERTIES, S.L. wykorzystuje swoje dane i \u015brodki bezpiecze\u0144stwa zaimplementowane w tym miejscu: &#8222;Pol\u00edtica de privacidad&#8221;<\/p>\n\n<p><strong>5. Polityka plik\u00f3w cookie<\/strong><strong><\/strong><\/p>\n\n<p>LOS GIGANTES PROPERTIES, S.L. instaluje pliki cookie w urz\u0105dzeniu u\u017cytkownika. Aby dowiedzie\u0107 si\u0119 wi\u0119cej o plikach cookie na naszej stronie internetowej, przejd\u017a do nast\u0119puj\u0105cego miejsca: &#8222;pol\u00edtica de cookies&#8221; <\/p>\n\n<p><strong>6. Powiadomienia<\/strong><strong><\/strong><\/p>\n\n<p>Wszelkie powiadomienia i komunikacja pomi\u0119dzy u\u017cytkownikami a LOS GIGANTES PROPERTIES, S.L. b\u0119d\u0105 uwa\u017cane za skuteczne, je\u015bli b\u0119d\u0105 realizowane za po\u015brednictwem poczty tradycyjnej, elektronicznej lub telefonicznej. U\u017cytkownicy powinni kierowa\u0107 do LOS GIGANTES PROPERTIES, S.L. za po\u015brednictwem: <\/p>\n\n<ul class=\"wp-block-list\">\n<li>Wy\u015blij wiadomo\u015b\u0107 poczt\u0105 tradycyjn\u0105 na nast\u0119puj\u0105cy adres: LOS GIGANTES PROPERTIES, S.L. &#8211; Calle Flor de Pascua, 23, 38683 &#8211; Acantilado de Los Gigantes (Santa Cruz de Tenerife).<\/li>\n\n\n\n<li>Wy\u015blij wiadomo\u015b\u0107 poczt\u0105 elektroniczn\u0105 na nast\u0119puj\u0105cy adres: nicky@tenerifepropertysales.com<\/li>\n<\/ul>\n\n<p><strong>7. W\u0142asno\u015b\u0107 przemys\u0142owa i w\u0142asno\u015b\u0107 intelektualna<\/strong><strong><\/strong><\/p>\n\n<p>Wszystkie tre\u015bci zawarte na stronie internetowej, takie jak teksty, zdj\u0119cia, grafiki, obrazy, ikony, technologie, oprogramowanie, a tak\u017ce ich wygl\u0105d graficzny i \u017ar\u00f3d\u0142a kodu stanowi\u0105 w\u0142asno\u015b\u0107 LOS GIGANTES PROPERTIES, S.L., bez mo\u017cliwo\u015bci przeniesienia na U\u017cytkownika jakichkolwiek praw do korzystania z nich w zakresie niezb\u0119dnym do prawid\u0142owego korzystania z sieci.<\/p>\n\n<p>Ostatecznie u\u017cytkownicy maj\u0105cy dost\u0119p do tej witryny internetowej mog\u0105 wizualizowa\u0107 tre\u015bci i wykonywa\u0107, w swoim przypadku, autoryzowane kopie prywatne, pod warunkiem, \u017ce powielane elementy nie zostan\u0105 przekazane osobom trzecim, ani nie b\u0119d\u0105 instalowane w serwerach pod\u0142\u0105czonych do sieci, ani nie b\u0119d\u0105 przedmiotem \u017cadnego rodzaju eksploracji, wy\u0142\u0105cznie w czasie obowi\u0105zywania us\u0142ugi.<\/p>\n\n<p>Podobnie, wszystkie znaki towarowe, nazwy handlowe lub znaki wyr\u00f3\u017cniaj\u0105ce dowolnego rodzaju, kt\u00f3re pojawiaj\u0105 si\u0119 w witrynie internetowej, s\u0105 w\u0142asno\u015bci\u0105 LOS GIGANTES PROPERTIES, S.L., bez mo\u017cliwo\u015bci zrozumienia, \u017ce korzystanie z nich lub dost\u0119p do nich przypisuje u\u017cytkownikowi jakiekolwiek prawa do nich.<\/p>\n\n<p>Zabronione jest rozpowszechnianie, modyfikowanie, rozpowszechnianie lub komunikowanie publiczne tre\u015bci oraz wszelkie inne dzia\u0142ania, kt\u00f3re nie zosta\u0142y wyra\u017anie zatwierdzone przez LOS GIGANTES PROPERTIES, S.L. W przypadku naruszenia LOS GIGANTES PROPERTIES, S.L. podejmie odpowiednie kroki prawne.<\/p>\n\n<p><strong>8. Wy\u0142\u0105czenie odpowiedzialno\u015bci i modyfikacja niniejszego powiadomienia prawnego<\/strong><strong><\/strong><\/p>\n\n<p>Witryna www.tenerifepropertysales.com wykorzystuje techniki bezpiecze\u0144stwa informacji, takie jak zapory ogniowe, procedury kontroli dost\u0119pu i mechanizmy kryptograficzne, wszystko to w celu unikni\u0119cia nieautoryzowanego dost\u0119pu do danych i zagwarantowania ich poufno\u015bci.<\/p>\n\n<p>Informacje rozpowszechniane w tej witrynie internetowej maj\u0105 wy\u0142\u0105cznie charakter informacyjny, przy czym LOS GIGANTES PROPERTIES, S.L. ma prawo do ich ca\u0142kowitego lub cz\u0119\u015bciowego usuni\u0119cia lub zawieszenia ich rozpowszechniania, a tak\u017ce do zmiany struktury i tre\u015bci tej witryny internetowej bez uprzedniego powiadomienia, w tym do ograniczenia lub uniemo\u017cliwienia dost\u0119pu do tych informacji. LOS GIGANTES PROPERTIES, S.L. d\u0105\u017cy do utrzymania jako\u015bci i aktualizacji tych informacji oraz unikania i minimalizowania mo\u017cliwych b\u0142\u0119d\u00f3w, jednak LOS GIGANTES PROPERTIES, S.L. nie ponosi odpowiedzialno\u015bci za szkody spowodowane decyzjami podj\u0119tymi na podstawie udost\u0119pnionych informacji; ani za niedok\u0142adno\u015bci, pomini\u0119cia lub b\u0142\u0119dy w nich zawarte, ani za problemy wynikaj\u0105ce z korzystania z tej witryny internetowej lub innego po\u0142\u0105czenia zewn\u0119trznego; ani za szkody w oprogramowaniu lub sprz\u0119cie u\u017cytkownika wynikaj\u0105ce z dost\u0119pu do tej witryny internetowej. <\/p>\n\n<p>U\u017cytkownicy przyjmuj\u0105 do wiadomo\u015bci, \u017ce LOS GIGANTES PROPERTIES, S.L. nie ponosi odpowiedzialno\u015bci za nieautoryzowany dost\u0119p lub zmian\u0119 ich transmisji lub danych, za jakiekolwiek materia\u0142y lub dane wys\u0142ane lub otrzymane lub niewys\u0142ane lub otrzymane, ani za \u017cadne transakcje realizowane za po\u015brednictwem tej strony internetowej.<\/p>\n\n<p>LOS GIGANTES PROPERTIES, S.L. zastrzega sobie prawo do jednostronnej i bez uprzedzenia modyfikacji niniejszego powiadomienia prawnego na warunkach, kt\u00f3re uzna za dogodne, z jedynym obowi\u0105zkiem poinformowania u\u017cytkownika o zmianach wprowadzonych za po\u015brednictwem strony <a href=\"http:\/\/www.aixacorpore.es\/\">www.tenerifepropertysales.com<\/a>.<\/p>\n\n<p><strong>9. Nulidad parcial<\/strong><strong><\/strong><\/p>\n\n<p>Si alguna de las presentes cl\u00e1usulas fuese declarada nula y sin efecto por resoluci\u00f3n firme dictada por autoridad competente, los restantes t\u00e9rminos y condiciones permanecer\u00e1n en vigor, sin que queden afectados por dicha declaraci\u00f3n de nulidad.<\/p>\n\n<p><strong>10. Prawo w\u0142a\u015bciwe i w\u0142a\u015bciwe trybuna\u0142y<\/strong><strong><\/strong><\/p>\n\n<p>El presente sitio web queda sometido a lo establecido por la legislaci\u00f3n espa\u00f1ola y normativa europea que resulte de aplicaci\u00f3n<\/p>\n\n<p>Wszelkie kontrowersje zwi\u0105zane z u\u017cytkowaniem strony internetowej lub produkt\u00f3w podlegaj\u0105 wy\u0142\u0105cznej jurysdykcji s\u0105d\u00f3w hiszpa\u0144skich prowincji Santa Cruz de Tenerife.<\/p>\n\n<p>Si se trata de un consumidor final nada en la presente cl\u00e1usula afectar\u00e1 a los derechos que como tal le reconoce la legislaci\u00f3n vigente, pudiendo elegir presentar una reclamaci\u00f3n para hacer valer sus derechos en relaci\u00f3n con las presentes Condiciones ante el Juez o Tribunales que correspondan a su domicilio.<\/p>\n","protected":false},"excerpt":{"rendered":"<p>1. Cel i akceptacja Niniejszy komunikat prawny reguluje korzystanie z witryny internetowej: www.tenerifepropertysales.com. Witryna internetowa www.tenerifepropertysales.com oferuje us\u0142ugi, kt\u00f3rych g\u0142\u00f3wnym celem jest umo\u017cliwienie kontaktu mi\u0119dzy u\u017cytkownikami a podmiotem, w celu nawi\u0105zania kontaktu z nami, udzielenia odpowiedzi na zapytanie, zarz\u0105dzania roszczeniami, egzekwowania praw do ochrony danych lub z\u0142o\u017cenia wniosku o zawarcie umowy. Przej\u015bcie na stron\u0119 www.tenerifepropertysales.com [&#8230;]<\/p>\n<p><a class=\"btn btn-secondary respacio-read-more-link\" href=\"https:\/\/tenerifepropertysales.demo4.respacio.com\/pl\/polityka-prawna\/\">Read More&#8230;<\/a><\/p>\n","protected":false},"author":21,"featured_media":0,"parent":0,"menu_order":0,"comment_status":"closed","ping_status":"closed","template":"","meta":{"_uag_custom_page_level_css":"","ub_ctt_via":"","footnotes":""},"page-tag":[],"class_list":["post-318167","page","type-page","status-publish","hentry"],"acf":[],"featured_image_src":null,"yoast_head":"<!-- This site is optimized with the Yoast SEO Premium plugin v21.2 (Yoast SEO v24.4) - https:\/\/yoast.com\/wordpress\/plugins\/seo\/ -->\n<title>Polityka prawna - Paul Ruane - Los Gigantes Properties<\/title>\n<meta name=\"robots\" content=\"noindex, follow, max-snippet:-1, max-image-preview:large, max-video-preview:-1\" \/>\n<meta property=\"og:locale\" content=\"pl_PL\" \/>\n<meta property=\"og:type\" content=\"article\" \/>\n<meta property=\"og:title\" content=\"Polityka prawna\" \/>\n<meta property=\"og:description\" content=\"1. Cel i akceptacja Niniejszy komunikat prawny reguluje korzystanie z witryny internetowej: www.tenerifepropertysales.com. Witryna internetowa www.tenerifepropertysales.com oferuje us\u0142ugi, kt\u00f3rych g\u0142\u00f3wnym celem jest umo\u017cliwienie kontaktu mi\u0119dzy u\u017cytkownikami a podmiotem, w celu nawi\u0105zania kontaktu z nami, udzielenia odpowiedzi na zapytanie, zarz\u0105dzania roszczeniami, egzekwowania praw do ochrony danych lub z\u0142o\u017cenia wniosku o zawarcie umowy. Przej\u015bcie na stron\u0119 www.tenerifepropertysales.com [...]Read More...\" \/>\n<meta property=\"og:url\" content=\"https:\/\/tenerifepropertysales.demo4.respacio.com\/pl\/polityka-prawna\/\" \/>\n<meta property=\"og:site_name\" content=\"Paul Ruane - Los Gigantes Properties\" \/>\n<meta property=\"article:modified_time\" content=\"2025-05-02T07:11:33+00:00\" \/>\n<meta property=\"og:image\" content=\"\" \/>\n<meta name=\"twitter:card\" content=\"summary_large_image\" \/>\n<meta name=\"twitter:label1\" content=\"Szacowany czas czytania\" \/>\n\t<meta name=\"twitter:data1\" content=\"8 minut\" \/>\n<script type=\"application\/ld+json\" class=\"yoast-schema-graph\">{\"@context\":\"https:\/\/schema.org\",\"@graph\":[{\"@type\":\"WebPage\",\"@id\":\"https:\/\/tenerifepropertysales.demo4.respacio.com\/pl\/polityka-prawna\/\",\"url\":\"https:\/\/tenerifepropertysales.demo4.respacio.com\/pl\/polityka-prawna\/\",\"name\":\"Polityka prawna - Paul Ruane - Los Gigantes Properties\",\"isPartOf\":{\"@id\":\"https:\/\/tenerifepropertysales.demo4.respacio.com\/pl\/#website\"},\"datePublished\":\"2025-05-02T07:11:32+00:00\",\"dateModified\":\"2025-05-02T07:11:33+00:00\",\"breadcrumb\":{\"@id\":\"https:\/\/tenerifepropertysales.demo4.respacio.com\/pl\/polityka-prawna\/#breadcrumb\"},\"inLanguage\":\"pl-PL\",\"potentialAction\":[{\"@type\":\"ReadAction\",\"target\":[\"https:\/\/tenerifepropertysales.demo4.respacio.com\/pl\/polityka-prawna\/\"]}]},{\"@type\":\"BreadcrumbList\",\"@id\":\"https:\/\/tenerifepropertysales.demo4.respacio.com\/pl\/polityka-prawna\/#breadcrumb\",\"itemListElement\":[{\"@type\":\"ListItem\",\"position\":1,\"name\":\"Strona g\u0142\u00f3wna\",\"item\":\"https:\/\/tenerifepropertysales.demo4.respacio.com\/pl\/strona-tytulowa\/\"},{\"@type\":\"ListItem\",\"position\":2,\"name\":\"Polityka prawna\"}]},{\"@type\":\"WebSite\",\"@id\":\"https:\/\/tenerifepropertysales.demo4.respacio.com\/pl\/#website\",\"url\":\"https:\/\/tenerifepropertysales.demo4.respacio.com\/pl\/\",\"name\":\"Paul Ruane - Los Gigantes Properties\",\"description\":\"W\u0142a\u015bciwo\u015bci Los Gigantes\",\"publisher\":{\"@id\":\"https:\/\/tenerifepropertysales.demo4.respacio.com\/pl\/#organization\"},\"inLanguage\":\"pl-PL\"},{\"@type\":\"Organization\",\"@id\":\"https:\/\/tenerifepropertysales.demo4.respacio.com\/pl\/#organization\",\"name\":\"Paul Ruane - Los Gigantes Properties\",\"url\":\"https:\/\/tenerifepropertysales.demo4.respacio.com\/pl\/\",\"logo\":{\"@type\":\"ImageObject\",\"inLanguage\":\"pl-PL\",\"@id\":\"https:\/\/tenerifepropertysales.demo4.respacio.com\/pl\/#\/schema\/logo\/image\/\",\"url\":\"https:\/\/tenerifepropertysales.demo4.respacio.com\/wp-content\/uploads\/2020\/04\/logo-white-1.png\",\"contentUrl\":\"https:\/\/tenerifepropertysales.demo4.respacio.com\/wp-content\/uploads\/2020\/04\/logo-white-1.png\",\"width\":273,\"height\":59,\"caption\":\"Paul Ruane - Los Gigantes Properties\"},\"image\":{\"@id\":\"https:\/\/tenerifepropertysales.demo4.respacio.com\/pl\/#\/schema\/logo\/image\/\"}}]}<\/script>\n<!-- \/ Yoast SEO Premium plugin. -->","yoast_head_json":{"title":"Polityka prawna - Paul Ruane - Los Gigantes Properties","robots":{"index":"noindex","follow":"follow","max-snippet":"max-snippet:-1","max-image-preview":"max-image-preview:large","max-video-preview":"max-video-preview:-1"},"og_locale":"pl_PL","og_type":"article","og_title":"Polityka prawna","og_description":"1. Cel i akceptacja Niniejszy komunikat prawny reguluje korzystanie z witryny internetowej: www.tenerifepropertysales.com. Witryna internetowa www.tenerifepropertysales.com oferuje us\u0142ugi, kt\u00f3rych g\u0142\u00f3wnym celem jest umo\u017cliwienie kontaktu mi\u0119dzy u\u017cytkownikami a podmiotem, w celu nawi\u0105zania kontaktu z nami, udzielenia odpowiedzi na zapytanie, zarz\u0105dzania roszczeniami, egzekwowania praw do ochrony danych lub z\u0142o\u017cenia wniosku o zawarcie umowy. Przej\u015bcie na stron\u0119 www.tenerifepropertysales.com [...]Read More...","og_url":"https:\/\/tenerifepropertysales.demo4.respacio.com\/pl\/polityka-prawna\/","og_site_name":"Paul Ruane - Los Gigantes Properties","article_modified_time":"2025-05-02T07:11:33+00:00","og_image":[{"url":false,"type":"","width":"","height":""}],"twitter_card":"summary_large_image","twitter_misc":{"Szacowany czas czytania":"8 minut"},"schema":{"@context":"https:\/\/schema.org","@graph":[{"@type":"WebPage","@id":"https:\/\/tenerifepropertysales.demo4.respacio.com\/pl\/polityka-prawna\/","url":"https:\/\/tenerifepropertysales.demo4.respacio.com\/pl\/polityka-prawna\/","name":"Polityka prawna - Paul Ruane - Los Gigantes Properties","isPartOf":{"@id":"https:\/\/tenerifepropertysales.demo4.respacio.com\/pl\/#website"},"datePublished":"2025-05-02T07:11:32+00:00","dateModified":"2025-05-02T07:11:33+00:00","breadcrumb":{"@id":"https:\/\/tenerifepropertysales.demo4.respacio.com\/pl\/polityka-prawna\/#breadcrumb"},"inLanguage":"pl-PL","potentialAction":[{"@type":"ReadAction","target":["https:\/\/tenerifepropertysales.demo4.respacio.com\/pl\/polityka-prawna\/"]}]},{"@type":"BreadcrumbList","@id":"https:\/\/tenerifepropertysales.demo4.respacio.com\/pl\/polityka-prawna\/#breadcrumb","itemListElement":[{"@type":"ListItem","position":1,"name":"Strona g\u0142\u00f3wna","item":"https:\/\/tenerifepropertysales.demo4.respacio.com\/pl\/strona-tytulowa\/"},{"@type":"ListItem","position":2,"name":"Polityka prawna"}]},{"@type":"WebSite","@id":"https:\/\/tenerifepropertysales.demo4.respacio.com\/pl\/#website","url":"https:\/\/tenerifepropertysales.demo4.respacio.com\/pl\/","name":"Paul Ruane - Los Gigantes Properties","description":"W\u0142a\u015bciwo\u015bci Los Gigantes","publisher":{"@id":"https:\/\/tenerifepropertysales.demo4.respacio.com\/pl\/#organization"},"inLanguage":"pl-PL"},{"@type":"Organization","@id":"https:\/\/tenerifepropertysales.demo4.respacio.com\/pl\/#organization","name":"Paul Ruane - Los Gigantes Properties","url":"https:\/\/tenerifepropertysales.demo4.respacio.com\/pl\/","logo":{"@type":"ImageObject","inLanguage":"pl-PL","@id":"https:\/\/tenerifepropertysales.demo4.respacio.com\/pl\/#\/schema\/logo\/image\/","url":"https:\/\/tenerifepropertysales.demo4.respacio.com\/wp-content\/uploads\/2020\/04\/logo-white-1.png","contentUrl":"https:\/\/tenerifepropertysales.demo4.respacio.com\/wp-content\/uploads\/2020\/04\/logo-white-1.png","width":273,"height":59,"caption":"Paul Ruane - Los Gigantes Properties"},"image":{"@id":"https:\/\/tenerifepropertysales.demo4.respacio.com\/pl\/#\/schema\/logo\/image\/"}}]}},"uagb_featured_image_src":{"full":false,"thumbnail":false,"medium":false,"medium_large":false,"large":false,"1536x1536":false,"2048x2048":false},"uagb_author_info":{"display_name":"Aixa","author_link":"https:\/\/tenerifepropertysales.demo4.respacio.com\/pl\/author\/aixa\/"},"uagb_comment_info":0,"uagb_excerpt":"1. Cel i akceptacja Niniejszy komunikat prawny reguluje korzystanie z witryny internetowej: www.tenerifepropertysales.com. Witryna internetowa www.tenerifepropertysales.com oferuje us\u0142ugi, kt\u00f3rych g\u0142\u00f3wnym celem jest umo\u017cliwienie kontaktu mi\u0119dzy u\u017cytkownikami a podmiotem, w celu nawi\u0105zania kontaktu z nami, udzielenia odpowiedzi na zapytanie, zarz\u0105dzania roszczeniami, egzekwowania praw do ochrony danych lub z\u0142o\u017cenia wniosku o zawarcie umowy. Przej\u015bcie na stron\u0119 www.tenerifepropertysales.com&hellip;","_links":{"self":[{"href":"https:\/\/tenerifepropertysales.demo4.respacio.com\/pl\/wp-json\/wp\/v2\/pages\/318167","targetHints":{"allow":["GET"]}}],"collection":[{"href":"https:\/\/tenerifepropertysales.demo4.respacio.com\/pl\/wp-json\/wp\/v2\/pages"}],"about":[{"href":"https:\/\/tenerifepropertysales.demo4.respacio.com\/pl\/wp-json\/wp\/v2\/types\/page"}],"author":[{"embeddable":true,"href":"https:\/\/tenerifepropertysales.demo4.respacio.com\/pl\/wp-json\/wp\/v2\/users\/21"}],"replies":[{"embeddable":true,"href":"https:\/\/tenerifepropertysales.demo4.respacio.com\/pl\/wp-json\/wp\/v2\/comments?post=318167"}],"version-history":[{"count":1,"href":"https:\/\/tenerifepropertysales.demo4.respacio.com\/pl\/wp-json\/wp\/v2\/pages\/318167\/revisions"}],"predecessor-version":[{"id":318170,"href":"https:\/\/tenerifepropertysales.demo4.respacio.com\/pl\/wp-json\/wp\/v2\/pages\/318167\/revisions\/318170"}],"wp:attachment":[{"href":"https:\/\/tenerifepropertysales.demo4.respacio.com\/pl\/wp-json\/wp\/v2\/media?parent=318167"}],"wp:term":[{"taxonomy":"page-tag","embeddable":true,"href":"https:\/\/tenerifepropertysales.demo4.respacio.com\/pl\/wp-json\/wp\/v2\/page-tag?post=318167"}],"curies":[{"name":"wp","href":"https:\/\/api.w.org\/{rel}","templated":true}]}}