{"id":318186,"date":"2025-05-02T08:11:43","date_gmt":"2025-05-02T07:11:43","guid":{"rendered":"https:\/\/tenerifepropertysales.demo4.respacio.com\/sprzedawaj-z-nami\/"},"modified":"2025-05-02T08:11:44","modified_gmt":"2025-05-02T07:11:44","slug":"sprzedawaj-z-nami","status":"publish","type":"page","link":"https:\/\/tenerifepropertysales.demo4.respacio.com\/pl\/sprzedawaj-z-nami\/","title":{"rendered":"Sprzedawaj z nami"},"content":{"rendered":"\n<h2 class=\"wp-block-heading\" id=\"h-there-is-no-better-choice-than-to-market-your-property-exclusively-with-us\">Nie ma lepszego wyboru ni\u017c sprzeda\u017c nieruchomo\u015bci wy\u0142\u0105cznie z nami  <\/h2>\n\n<p>Zawsze poinformujemy Ci\u0119 o warunkach rynkowych i doradzimy w zakresie marketingu i warto\u015bci Twojej nieruchomo\u015bci.  <\/p>\n\n<p>Twoja nieruchomo\u015b\u0107 b\u0119dzie reklamowana na naszej stronie internetowej, na r\u00f3\u017cnych innych platformach, a spersonalizowany arkusz reklamowy zostanie sporz\u0105dzony i reklamowany w naszych biurach i w mediach spo\u0142eczno\u015bciowych.  <\/p>\n\n<p>Daj\u0105c nam wy\u0142\u0105czno\u015b\u0107 na sprzeda\u017c Twojej nieruchomo\u015bci, nie zaw\u0119\u017ca to Twoich szans na sprzeda\u017c, ale je zwi\u0119ksza, poniewa\u017c nasz zasi\u0119g jest szeroki i szeroki, wsp\u00f3\u0142pracuj\u0105c z Tenerife South Real Estate Association, Expertos Inmobiliarios i innymi agentami zar\u00f3wno lokalnymi, jak i mi\u0119dzynarodowymi.  <\/p>\n\n<p>Wszystkim ogl\u0105daniom towarzyszy jeden z naszych ekspert\u00f3w ds. sprzeda\u017cy, a nasze ubezpieczenia gwarantuj\u0105, \u017ce klucze s\u0105 bezpieczne, a klienci ogl\u0105daj\u0105cy s\u0105 za nas odpowiedzialni.  <\/p>\n\n<p>Po otrzymaniu oferty dostarczymy pe\u0142ne zestawienie wraz z naszymi poradami, umo\u017cliwiaj\u0105c podj\u0119cie w pe\u0142ni \u015bwiadomej decyzji. Zdejmiemy z ciebie ca\u0142\u0105 presj\u0119, co oznacza, \u017ce mo\u017cesz si\u0119 zrelaksowa\u0107, podczas gdy my zajmiemy si\u0119 wszystkimi formalno\u015bciami prawnymi i zapewnimy, \u017ce wszystkie twoje zobowi\u0105zania jako sprzedaj\u0105cego zostan\u0105 spe\u0142nione. <\/p>\n\n<p>Od wst\u0119pnej wyceny, kt\u00f3r\u0105 Ci przedstawimy, do zako\u0144czenia sprzeda\u017cy, b\u0119dziemy Ci\u0119 prowadzi\u0107 i pomaga\u0107, udowadniaj\u0105c, \u017ce podj\u0105\u0142e\u015b w\u0142a\u015bciw\u0105 decyzj\u0119 o sprzeda\u017cy swojej nieruchomo\u015bci z nami.  <\/p>\n\n<p>Nawet po sfinalizowaniu sprzeda\u017cy nasze us\u0142ugi pozostaj\u0105 aktualne i zawsze s\u0142u\u017cymy pomoc\u0105 i rad\u0105 w przysz\u0142o\u015bci.<\/p>\n\n<h2 class=\"wp-block-heading\" id=\"h-request-your-free-consultation-with-us-now\">Popro\u015b o bezp\u0142atn\u0105 konsultacj\u0119 ju\u017c teraz<\/h2>\n\n<div class=\"wpcf7 no-js\" id=\"wpcf7-f241183-o1\" lang=\"\" dir=\"ltr\" data-wpcf7-id=\"241183\">\n<div class=\"screen-reader-response\"><p role=\"status\" aria-live=\"polite\" aria-atomic=\"true\"><\/p> <ul><\/ul><\/div>\n<form action=\"\/pl\/wp-json\/wp\/v2\/pages\/318186#wpcf7-f241183-o1\" method=\"post\" class=\"wpcf7-form init\" aria-label=\"Formularz kontaktowy\" novalidate=\"novalidate\" data-status=\"init\">\n<div style=\"display: none;\">\n<input type=\"hidden\" name=\"_wpcf7\" value=\"241183\" \/>\n<input type=\"hidden\" name=\"_wpcf7_version\" value=\"6.0.3\" \/>\n<input type=\"hidden\" name=\"_wpcf7_locale\" value=\"\" \/>\n<input type=\"hidden\" name=\"_wpcf7_unit_tag\" value=\"wpcf7-f241183-o1\" \/>\n<input type=\"hidden\" name=\"_wpcf7_container_post\" value=\"0\" \/>\n<input type=\"hidden\" name=\"_wpcf7_posted_data_hash\" value=\"\" \/>\n<input type=\"hidden\" name=\"_wpcf7cf_hidden_group_fields\" value=\"[]\" \/>\n<input type=\"hidden\" name=\"_wpcf7cf_hidden_groups\" value=\"[]\" \/>\n<input type=\"hidden\" name=\"_wpcf7cf_visible_groups\" value=\"[]\" \/>\n<input type=\"hidden\" name=\"_wpcf7cf_repeaters\" value=\"[]\" \/>\n<input type=\"hidden\" name=\"_wpcf7cf_steps\" value=\"{}\" \/>\n<input type=\"hidden\" name=\"_wpcf7cf_options\" value=\"{&quot;form_id&quot;:241183,&quot;conditions&quot;:[],&quot;settings&quot;:{&quot;animation&quot;:&quot;yes&quot;,&quot;animation_intime&quot;:200,&quot;animation_outtime&quot;:200,&quot;conditions_ui&quot;:&quot;normal&quot;,&quot;notice_dismissed&quot;:false,&quot;regex_numeric&quot;:&quot;^[0-9]+$&quot;,&quot;regex_alphabetic&quot;:&quot;^[a-zA-Z]+$&quot;,&quot;regex_alphanumeric&quot;:&quot;^[a-zA-Z0-9]+$&quot;,&quot;regex_date&quot;:&quot;^(0?[1-9]|1[012])[- .](0?[1-9]|[12][0-9]|3[01])[- \\\/.](19|20)?[0-9]{2}$&quot;,&quot;regex_email&quot;:&quot;^[a-zA-Z0-9._%-]+@[a-zA-Z0-9.-]+.[a-zA-Z]{2,4}$&quot;,&quot;regex_numeric_label&quot;:&quot;numeric&quot;,&quot;regex_alphabetic_label&quot;:&quot;alphabetic&quot;,&quot;regex_alphanumeric_label&quot;:&quot;alphanumeric&quot;,&quot;regex_date_label&quot;:&quot;date&quot;,&quot;regex_email_label&quot;:&quot;email&quot;,&quot;regex_custom_1&quot;:&quot;&quot;,&quot;regex_custom_2&quot;:&quot;&quot;,&quot;regex_custom_3&quot;:&quot;&quot;,&quot;regex_custom_4&quot;:&quot;&quot;,&quot;regex_custom_5&quot;:&quot;&quot;,&quot;regex_custom_1_label&quot;:&quot;custom 1&quot;,&quot;regex_custom_2_label&quot;:&quot;custom 2&quot;,&quot;regex_custom_3_label&quot;:&quot;custom 3&quot;,&quot;regex_custom_4_label&quot;:&quot;custom 4&quot;,&quot;regex_custom_5_label&quot;:&quot;custom 5&quot;,&quot;notice_dismissed_rollback-cf7-5.8&quot;:true}}\" \/>\n<input type=\"hidden\" name=\"_wpcf7_recaptcha_response\" value=\"\" \/>\n<\/div>\n<div id=\"contact_page_form\">\n\t<div class=\"row\">\n\t\t<div class=\"col-sm-6 p-2\">\n\t\t\t<p><span class=\"wpcf7-form-control-wrap\" data-name=\"your-name\"><input size=\"40\" maxlength=\"400\" class=\"wpcf7-form-control wpcf7-text wpcf7-validates-as-required form-control\" aria-required=\"true\" aria-invalid=\"false\" placeholder=\"Name*\" value=\"\" type=\"text\" name=\"your-name\" \/><\/span>\n\t\t\t<\/p>\n\t\t<\/div>\n\t\t<div class=\"col-sm-6 p-2\">\n\t\t\t<p><span class=\"wpcf7-form-control-wrap\" data-name=\"your-sname\"><input size=\"40\" maxlength=\"400\" class=\"wpcf7-form-control wpcf7-text wpcf7-validates-as-required form-control\" aria-required=\"true\" aria-invalid=\"false\" placeholder=\"Surname*\" value=\"\" type=\"text\" name=\"your-sname\" \/><\/span>\n\t\t\t<\/p>\n\t\t<\/div>\n\t<\/div>\n\t<div class=\"row\">\n\t\t<div class=\"col-sm-6 p-2\">\n\t\t\t<p><span class=\"wpcf7-form-control-wrap\" data-name=\"your-phone\"><input size=\"40\" maxlength=\"400\" class=\"wpcf7-form-control wpcf7-tel wpcf7-validates-as-required wpcf7-text wpcf7-validates-as-tel form-control\" aria-required=\"true\" aria-invalid=\"false\" placeholder=\"Phone*\" value=\"\" type=\"tel\" name=\"your-phone\" \/><\/span>\n\t\t\t<\/p>\n\t\t<\/div>\n\t\t<div class=\"col-sm-6 p-2\">\n\t\t\t<p><span class=\"wpcf7-form-control-wrap\" data-name=\"your-email\"><input size=\"40\" maxlength=\"400\" class=\"wpcf7-form-control wpcf7-email wpcf7-validates-as-required wpcf7-text wpcf7-validates-as-email form-control\" aria-required=\"true\" aria-invalid=\"false\" placeholder=\"Email Address*\" value=\"\" type=\"email\" name=\"your-email\" \/><\/span>\n\t\t\t<\/p>\n\t\t<\/div>\n\t<\/div>\n\t<div class=\"row\">\n\t\t<div class=\"col-sm-12 p-2\">\n\t\t\t<p><span class=\"wpcf7-form-control-wrap\" data-name=\"your-message\"><textarea cols=\"34\" rows=\"4\" maxlength=\"2000\" class=\"wpcf7-form-control wpcf7-textarea form-control replace_message\" aria-invalid=\"false\" placeholder=\"Message\" name=\"your-message\"><\/textarea><\/span>\n\t\t\t<\/p>\n\t\t<\/div>\n\t<\/div>\n\t<div class=\"row\">\n\t\t<div class=\"col-sm-12 p-2 terms-on-white\">\n\t\t\t<p><span class=\"wpcf7-form-control-wrap\" data-name=\"privacy\"><span class=\"wpcf7-form-control wpcf7-acceptance\"><span class=\"wpcf7-list-item\"><label><input type=\"checkbox\" name=\"privacy\" value=\"1\" class=\"acceptance\" aria-invalid=\"false\" \/><span class=\"wpcf7-list-item-label\">I have read and accept the <a href=\"\/privacy-policy\/\" target=\"_blank\">Privacy agreement<\/a>, the <a \n  href=\"\/cookie-policy\/\" target=\"_blank\">Cookie agreement<\/a>, and the <a href=\"\/legal-policy\/\" target=\"_blank\">Legal agreement<\/a><\/span><\/label><\/span><\/span><\/span>\n\t\t\t<\/p>\n\t\t<\/div>\n\t<\/div>\n\t<div class=\"row\">\n\t\t<div class=\"col-sm-12 p-2\">\n\t\t\t<p><input class=\"wpcf7-form-control wpcf7-submit has-spinner form-control btn btn-primary\" type=\"submit\" value=\"Submit\" \/>\n\t\t\t<\/p>\n\t\t<\/div>\n\t<\/div>\n<\/div><div class=\"wpcf7-response-output\" aria-hidden=\"true\"><\/div>\n<\/form>\n<\/div>\n\n","protected":false},"excerpt":{"rendered":"<p>Nie ma lepszego wyboru ni\u017c sprzeda\u017c nieruchomo\u015bci wy\u0142\u0105cznie z nami Zawsze poinformujemy Ci\u0119 o warunkach rynkowych i doradzimy w zakresie marketingu i warto\u015bci Twojej nieruchomo\u015bci. Twoja nieruchomo\u015b\u0107 b\u0119dzie reklamowana na naszej stronie internetowej, na r\u00f3\u017cnych innych platformach, a spersonalizowany arkusz reklamowy zostanie sporz\u0105dzony i reklamowany w naszych biurach i w mediach spo\u0142eczno\u015bciowych. Daj\u0105c nam wy\u0142\u0105czno\u015b\u0107 [&#8230;]<\/p>\n<p><a class=\"btn btn-secondary respacio-read-more-link\" href=\"https:\/\/tenerifepropertysales.demo4.respacio.com\/pl\/sprzedawaj-z-nami\/\">Read More&#8230;<\/a><\/p>\n","protected":false},"author":2,"featured_media":318188,"parent":0,"menu_order":0,"comment_status":"closed","ping_status":"closed","template":"","meta":{"_uag_custom_page_level_css":"","ub_ctt_via":"","footnotes":""},"page-tag":[],"class_list":["post-318186","page","type-page","status-publish","has-post-thumbnail","hentry"],"acf":[],"featured_image_src":"https:\/\/tenerifepropertysales.demo4.respacio.com\/wp-content\/uploads\/2024\/11\/Photo-22-10-24-12-39-20-scaled.jpg","yoast_head":"<!-- This site is optimized with the Yoast SEO Premium plugin v21.2 (Yoast SEO v24.4) - https:\/\/yoast.com\/wordpress\/plugins\/seo\/ -->\n<title>Sprzedawaj z nami - Paul Ruane - Los Gigantes Properties<\/title>\n<meta name=\"robots\" content=\"noindex, follow, max-snippet:-1, max-image-preview:large, max-video-preview:-1\" \/>\n<meta property=\"og:locale\" content=\"pl_PL\" \/>\n<meta property=\"og:type\" content=\"article\" \/>\n<meta property=\"og:title\" content=\"Sprzedawaj z nami\" \/>\n<meta property=\"og:description\" content=\"Nie ma lepszego wyboru ni\u017c sprzeda\u017c nieruchomo\u015bci wy\u0142\u0105cznie z nami Zawsze poinformujemy Ci\u0119 o warunkach rynkowych i doradzimy w zakresie marketingu i warto\u015bci Twojej nieruchomo\u015bci. Twoja nieruchomo\u015b\u0107 b\u0119dzie reklamowana na naszej stronie internetowej, na r\u00f3\u017cnych innych platformach, a spersonalizowany arkusz reklamowy zostanie sporz\u0105dzony i reklamowany w naszych biurach i w mediach spo\u0142eczno\u015bciowych. Daj\u0105c nam wy\u0142\u0105czno\u015b\u0107 [...]Read More...\" \/>\n<meta property=\"og:url\" content=\"https:\/\/tenerifepropertysales.demo4.respacio.com\/pl\/sprzedawaj-z-nami\/\" \/>\n<meta property=\"og:site_name\" content=\"Paul Ruane - Los Gigantes Properties\" \/>\n<meta property=\"article:modified_time\" content=\"2025-05-02T07:11:44+00:00\" \/>\n<meta property=\"og:image\" content=\"https:\/\/tenerifepropertysales.demo4.respacio.com\/wp-content\/uploads\/2024\/11\/Photo-22-10-24-12-39-20-1024x768.jpg\" \/>\n<meta name=\"twitter:card\" content=\"summary_large_image\" \/>\n<meta name=\"twitter:image\" content=\"https:\/\/tenerifepropertysales.demo4.respacio.com\/wp-content\/uploads\/2024\/11\/Photo-22-10-24-12-39-20-1024x768.jpg\" \/>\n<meta name=\"twitter:label1\" content=\"Szacowany czas czytania\" \/>\n\t<meta name=\"twitter:data1\" content=\"1 minuta\" \/>\n<script type=\"application\/ld+json\" class=\"yoast-schema-graph\">{\"@context\":\"https:\/\/schema.org\",\"@graph\":[{\"@type\":\"WebPage\",\"@id\":\"https:\/\/tenerifepropertysales.demo4.respacio.com\/pl\/sprzedawaj-z-nami\/\",\"url\":\"https:\/\/tenerifepropertysales.demo4.respacio.com\/pl\/sprzedawaj-z-nami\/\",\"name\":\"Sprzedawaj z nami - Paul Ruane - Los Gigantes Properties\",\"isPartOf\":{\"@id\":\"https:\/\/tenerifepropertysales.demo4.respacio.com\/pl\/#website\"},\"primaryImageOfPage\":{\"@id\":\"https:\/\/tenerifepropertysales.demo4.respacio.com\/pl\/sprzedawaj-z-nami\/#primaryimage\"},\"image\":{\"@id\":\"https:\/\/tenerifepropertysales.demo4.respacio.com\/pl\/sprzedawaj-z-nami\/#primaryimage\"},\"thumbnailUrl\":\"https:\/\/tenerifepropertysales.demo4.respacio.com\/wp-content\/uploads\/2024\/11\/Photo-22-10-24-12-39-20-scaled.jpg\",\"datePublished\":\"2025-05-02T07:11:43+00:00\",\"dateModified\":\"2025-05-02T07:11:44+00:00\",\"breadcrumb\":{\"@id\":\"https:\/\/tenerifepropertysales.demo4.respacio.com\/pl\/sprzedawaj-z-nami\/#breadcrumb\"},\"inLanguage\":\"pl-PL\",\"potentialAction\":[{\"@type\":\"ReadAction\",\"target\":[\"https:\/\/tenerifepropertysales.demo4.respacio.com\/pl\/sprzedawaj-z-nami\/\"]}]},{\"@type\":\"ImageObject\",\"inLanguage\":\"pl-PL\",\"@id\":\"https:\/\/tenerifepropertysales.demo4.respacio.com\/pl\/sprzedawaj-z-nami\/#primaryimage\",\"url\":\"https:\/\/tenerifepropertysales.demo4.respacio.com\/wp-content\/uploads\/2024\/11\/Photo-22-10-24-12-39-20-scaled.jpg\",\"contentUrl\":\"https:\/\/tenerifepropertysales.demo4.respacio.com\/wp-content\/uploads\/2024\/11\/Photo-22-10-24-12-39-20-scaled.jpg\",\"width\":2560,\"height\":1920},{\"@type\":\"BreadcrumbList\",\"@id\":\"https:\/\/tenerifepropertysales.demo4.respacio.com\/pl\/sprzedawaj-z-nami\/#breadcrumb\",\"itemListElement\":[{\"@type\":\"ListItem\",\"position\":1,\"name\":\"Strona g\u0142\u00f3wna\",\"item\":\"https:\/\/tenerifepropertysales.demo4.respacio.com\/pl\/strona-tytulowa\/\"},{\"@type\":\"ListItem\",\"position\":2,\"name\":\"Sprzedawaj z nami\"}]},{\"@type\":\"WebSite\",\"@id\":\"https:\/\/tenerifepropertysales.demo4.respacio.com\/pl\/#website\",\"url\":\"https:\/\/tenerifepropertysales.demo4.respacio.com\/pl\/\",\"name\":\"Paul Ruane - Los Gigantes Properties\",\"description\":\"W\u0142a\u015bciwo\u015bci Los Gigantes\",\"publisher\":{\"@id\":\"https:\/\/tenerifepropertysales.demo4.respacio.com\/pl\/#organization\"},\"inLanguage\":\"pl-PL\"},{\"@type\":\"Organization\",\"@id\":\"https:\/\/tenerifepropertysales.demo4.respacio.com\/pl\/#organization\",\"name\":\"Paul Ruane - Los Gigantes Properties\",\"url\":\"https:\/\/tenerifepropertysales.demo4.respacio.com\/pl\/\",\"logo\":{\"@type\":\"ImageObject\",\"inLanguage\":\"pl-PL\",\"@id\":\"https:\/\/tenerifepropertysales.demo4.respacio.com\/pl\/#\/schema\/logo\/image\/\",\"url\":\"https:\/\/tenerifepropertysales.demo4.respacio.com\/wp-content\/uploads\/2020\/04\/logo-white-1.png\",\"contentUrl\":\"https:\/\/tenerifepropertysales.demo4.respacio.com\/wp-content\/uploads\/2020\/04\/logo-white-1.png\",\"width\":273,\"height\":59,\"caption\":\"Paul Ruane - Los Gigantes Properties\"},\"image\":{\"@id\":\"https:\/\/tenerifepropertysales.demo4.respacio.com\/pl\/#\/schema\/logo\/image\/\"}}]}<\/script>\n<!-- \/ Yoast SEO Premium plugin. -->","yoast_head_json":{"title":"Sprzedawaj z nami - Paul Ruane - Los Gigantes Properties","robots":{"index":"noindex","follow":"follow","max-snippet":"max-snippet:-1","max-image-preview":"max-image-preview:large","max-video-preview":"max-video-preview:-1"},"og_locale":"pl_PL","og_type":"article","og_title":"Sprzedawaj z nami","og_description":"Nie ma lepszego wyboru ni\u017c sprzeda\u017c nieruchomo\u015bci wy\u0142\u0105cznie z nami Zawsze poinformujemy Ci\u0119 o warunkach rynkowych i doradzimy w zakresie marketingu i warto\u015bci Twojej nieruchomo\u015bci. Twoja nieruchomo\u015b\u0107 b\u0119dzie reklamowana na naszej stronie internetowej, na r\u00f3\u017cnych innych platformach, a spersonalizowany arkusz reklamowy zostanie sporz\u0105dzony i reklamowany w naszych biurach i w mediach spo\u0142eczno\u015bciowych. Daj\u0105c nam wy\u0142\u0105czno\u015b\u0107 [...]Read More...","og_url":"https:\/\/tenerifepropertysales.demo4.respacio.com\/pl\/sprzedawaj-z-nami\/","og_site_name":"Paul Ruane - Los Gigantes Properties","article_modified_time":"2025-05-02T07:11:44+00:00","og_image":[{"url":"https:\/\/tenerifepropertysales.demo4.respacio.com\/wp-content\/uploads\/2024\/11\/Photo-22-10-24-12-39-20-1024x768.jpg","type":"","width":"","height":""}],"twitter_card":"summary_large_image","twitter_image":"https:\/\/tenerifepropertysales.demo4.respacio.com\/wp-content\/uploads\/2024\/11\/Photo-22-10-24-12-39-20-1024x768.jpg","twitter_misc":{"Szacowany czas czytania":"1 minuta"},"schema":{"@context":"https:\/\/schema.org","@graph":[{"@type":"WebPage","@id":"https:\/\/tenerifepropertysales.demo4.respacio.com\/pl\/sprzedawaj-z-nami\/","url":"https:\/\/tenerifepropertysales.demo4.respacio.com\/pl\/sprzedawaj-z-nami\/","name":"Sprzedawaj z nami - Paul Ruane - Los Gigantes Properties","isPartOf":{"@id":"https:\/\/tenerifepropertysales.demo4.respacio.com\/pl\/#website"},"primaryImageOfPage":{"@id":"https:\/\/tenerifepropertysales.demo4.respacio.com\/pl\/sprzedawaj-z-nami\/#primaryimage"},"image":{"@id":"https:\/\/tenerifepropertysales.demo4.respacio.com\/pl\/sprzedawaj-z-nami\/#primaryimage"},"thumbnailUrl":"https:\/\/tenerifepropertysales.demo4.respacio.com\/wp-content\/uploads\/2024\/11\/Photo-22-10-24-12-39-20-scaled.jpg","datePublished":"2025-05-02T07:11:43+00:00","dateModified":"2025-05-02T07:11:44+00:00","breadcrumb":{"@id":"https:\/\/tenerifepropertysales.demo4.respacio.com\/pl\/sprzedawaj-z-nami\/#breadcrumb"},"inLanguage":"pl-PL","potentialAction":[{"@type":"ReadAction","target":["https:\/\/tenerifepropertysales.demo4.respacio.com\/pl\/sprzedawaj-z-nami\/"]}]},{"@type":"ImageObject","inLanguage":"pl-PL","@id":"https:\/\/tenerifepropertysales.demo4.respacio.com\/pl\/sprzedawaj-z-nami\/#primaryimage","url":"https:\/\/tenerifepropertysales.demo4.respacio.com\/wp-content\/uploads\/2024\/11\/Photo-22-10-24-12-39-20-scaled.jpg","contentUrl":"https:\/\/tenerifepropertysales.demo4.respacio.com\/wp-content\/uploads\/2024\/11\/Photo-22-10-24-12-39-20-scaled.jpg","width":2560,"height":1920},{"@type":"BreadcrumbList","@id":"https:\/\/tenerifepropertysales.demo4.respacio.com\/pl\/sprzedawaj-z-nami\/#breadcrumb","itemListElement":[{"@type":"ListItem","position":1,"name":"Strona g\u0142\u00f3wna","item":"https:\/\/tenerifepropertysales.demo4.respacio.com\/pl\/strona-tytulowa\/"},{"@type":"ListItem","position":2,"name":"Sprzedawaj z nami"}]},{"@type":"WebSite","@id":"https:\/\/tenerifepropertysales.demo4.respacio.com\/pl\/#website","url":"https:\/\/tenerifepropertysales.demo4.respacio.com\/pl\/","name":"Paul Ruane - Los Gigantes Properties","description":"W\u0142a\u015bciwo\u015bci Los Gigantes","publisher":{"@id":"https:\/\/tenerifepropertysales.demo4.respacio.com\/pl\/#organization"},"inLanguage":"pl-PL"},{"@type":"Organization","@id":"https:\/\/tenerifepropertysales.demo4.respacio.com\/pl\/#organization","name":"Paul Ruane - Los Gigantes Properties","url":"https:\/\/tenerifepropertysales.demo4.respacio.com\/pl\/","logo":{"@type":"ImageObject","inLanguage":"pl-PL","@id":"https:\/\/tenerifepropertysales.demo4.respacio.com\/pl\/#\/schema\/logo\/image\/","url":"https:\/\/tenerifepropertysales.demo4.respacio.com\/wp-content\/uploads\/2020\/04\/logo-white-1.png","contentUrl":"https:\/\/tenerifepropertysales.demo4.respacio.com\/wp-content\/uploads\/2020\/04\/logo-white-1.png","width":273,"height":59,"caption":"Paul Ruane - Los Gigantes Properties"},"image":{"@id":"https:\/\/tenerifepropertysales.demo4.respacio.com\/pl\/#\/schema\/logo\/image\/"}}]}},"uagb_featured_image_src":{"full":["https:\/\/tenerifepropertysales.demo4.respacio.com\/wp-content\/uploads\/2024\/11\/Photo-22-10-24-12-39-20-scaled.jpg",2560,1920,false],"thumbnail":["https:\/\/tenerifepropertysales.demo4.respacio.com\/wp-content\/uploads\/2024\/11\/Photo-22-10-24-12-39-20-150x150.jpg",150,150,true],"medium":["https:\/\/tenerifepropertysales.demo4.respacio.com\/wp-content\/uploads\/2024\/11\/Photo-22-10-24-12-39-20-300x225.jpg",300,225,true],"medium_large":["https:\/\/tenerifepropertysales.demo4.respacio.com\/wp-content\/uploads\/2024\/11\/Photo-22-10-24-12-39-20-768x576.jpg",640,480,true],"large":["https:\/\/tenerifepropertysales.demo4.respacio.com\/wp-content\/uploads\/2024\/11\/Photo-22-10-24-12-39-20-1024x768.jpg",640,480,true],"1536x1536":["https:\/\/tenerifepropertysales.demo4.respacio.com\/wp-content\/uploads\/2024\/11\/Photo-22-10-24-12-39-20-1536x1152.jpg",1536,1152,true],"2048x2048":["https:\/\/tenerifepropertysales.demo4.respacio.com\/wp-content\/uploads\/2024\/11\/Photo-22-10-24-12-39-20-2048x1536.jpg",2048,1536,true]},"uagb_author_info":{"display_name":"support@respacio.com","author_link":"https:\/\/tenerifepropertysales.demo4.respacio.com\/pl\/author\/supportrespacio-com\/"},"uagb_comment_info":0,"uagb_excerpt":"Nie ma lepszego wyboru ni\u017c sprzeda\u017c nieruchomo\u015bci wy\u0142\u0105cznie z nami Zawsze poinformujemy Ci\u0119 o warunkach rynkowych i doradzimy w zakresie marketingu i warto\u015bci Twojej nieruchomo\u015bci. Twoja nieruchomo\u015b\u0107 b\u0119dzie reklamowana na naszej stronie internetowej, na r\u00f3\u017cnych innych platformach, a spersonalizowany arkusz reklamowy zostanie sporz\u0105dzony i reklamowany w naszych biurach i w mediach spo\u0142eczno\u015bciowych. Daj\u0105c nam wy\u0142\u0105czno\u015b\u0107&hellip;","_links":{"self":[{"href":"https:\/\/tenerifepropertysales.demo4.respacio.com\/pl\/wp-json\/wp\/v2\/pages\/318186","targetHints":{"allow":["GET"]}}],"collection":[{"href":"https:\/\/tenerifepropertysales.demo4.respacio.com\/pl\/wp-json\/wp\/v2\/pages"}],"about":[{"href":"https:\/\/tenerifepropertysales.demo4.respacio.com\/pl\/wp-json\/wp\/v2\/types\/page"}],"author":[{"embeddable":true,"href":"https:\/\/tenerifepropertysales.demo4.respacio.com\/pl\/wp-json\/wp\/v2\/users\/2"}],"replies":[{"embeddable":true,"href":"https:\/\/tenerifepropertysales.demo4.respacio.com\/pl\/wp-json\/wp\/v2\/comments?post=318186"}],"version-history":[{"count":1,"href":"https:\/\/tenerifepropertysales.demo4.respacio.com\/pl\/wp-json\/wp\/v2\/pages\/318186\/revisions"}],"predecessor-version":[{"id":318190,"href":"https:\/\/tenerifepropertysales.demo4.respacio.com\/pl\/wp-json\/wp\/v2\/pages\/318186\/revisions\/318190"}],"wp:featuredmedia":[{"embeddable":true,"href":"https:\/\/tenerifepropertysales.demo4.respacio.com\/pl\/wp-json\/wp\/v2\/media\/318188"}],"wp:attachment":[{"href":"https:\/\/tenerifepropertysales.demo4.respacio.com\/pl\/wp-json\/wp\/v2\/media?parent=318186"}],"wp:term":[{"taxonomy":"page-tag","embeddable":true,"href":"https:\/\/tenerifepropertysales.demo4.respacio.com\/pl\/wp-json\/wp\/v2\/page-tag?post=318186"}],"curies":[{"name":"wp","href":"https:\/\/api.w.org\/{rel}","templated":true}]}}