{"id":318204,"date":"2025-05-02T08:11:48","date_gmt":"2025-05-02T07:11:48","guid":{"rendered":"https:\/\/tenerifepropertysales.demo4.respacio.com\/poznaj-zespol\/"},"modified":"2025-05-02T08:11:49","modified_gmt":"2025-05-02T07:11:49","slug":"poznaj-zespol","status":"publish","type":"page","link":"https:\/\/tenerifepropertysales.demo4.respacio.com\/pl\/poznaj-zespol\/","title":{"rendered":"Poznaj zesp\u00f3\u0142"},"content":{"rendered":"\n<div class=\"wp-block-uagb-container uagb-block-66216e1b default uagb-is-root-container\">\n<p>Nasz zesp\u00f3\u0142 w Los Gigantes Properties S.L. jest profesjonalny, do\u015bwiadczony, wieloj\u0119zyczny i w pe\u0142ni zaznajomiony z procedurami zakupu na Teneryfie.<\/p>\n\n\n<div class=\"w-100 parent-to-remove wrapper-1553660941\"><div class=\"col-12 px-0\"><div class=\"d-flex pt-0 pb-3 inner-container-1553660941 carousel-slide no-ajax-loader\" data-slick='{\"dots\": true,\"slidesToShow\": 3,\"responsive\":[{\"breakpoint\": 1400,\"settings\":{\"slidesToShow\": 3,\"slidesToScroll\": 1}},{\"breakpoint\": 1200,\"settings\": {\"slidesToShow\": 3,\"slidesToScroll\": 1}},{\"breakpoint\": 992,\"settings\": {\"slidesToShow\": 2,\"slidesToScroll\": 1}},{\"breakpoint\": 768,\"settings\": {\"arrows\": false,\"slidesToShow\": 1,\"slidesToScroll\": 1}}]}'><div class=\"respacio_loop_card respacio_loop_card_with_wrapper col-12 py-3 col-lg-12 px-3\"><a href=\"https:\/\/tenerifepropertysales.demo4.respacio.com\/pl\/team\/paul-ruane\/\" class=\"testimoniallink\"><div class=\"card teamslidercard p-0 m-0 h-100 rounded-0\" data-lazy-url=\"https:\/\/tenerifepropertysales.demo4.respacio.com\/wp-content\/uploads\/2020\/04\/Photo-9-4-24-11-08-04-2-768x1152.jpg\"><div class=\"card-body d-flex align-items-end justify-content-center\"><div class=\"slider-bottom-title\">Paul Ruane<\/div><\/div><\/div><\/a><\/div><div class=\"respacio_loop_card respacio_loop_card_with_wrapper col-12 py-3 col-lg-12 px-3\"><a href=\"https:\/\/tenerifepropertysales.demo4.respacio.com\/pl\/team\/nicky-wragg\/\" class=\"testimoniallink\"><div class=\"card teamslidercard p-0 m-0 h-100 rounded-0\" data-lazy-url=\"https:\/\/tenerifepropertysales.demo4.respacio.com\/wp-content\/uploads\/2020\/04\/Photo-13-6-24-13-26-15-768x1024.jpg\"><div class=\"card-body d-flex align-items-end justify-content-center\"><div class=\"slider-bottom-title\">Nicky Wragg<\/div><\/div><\/div><\/a><\/div><div class=\"respacio_loop_card respacio_loop_card_with_wrapper col-12 py-3 col-lg-12 px-3\"><a href=\"https:\/\/tenerifepropertysales.demo4.respacio.com\/pl\/team\/kerrie-stone\/\" class=\"testimoniallink\"><div class=\"card teamslidercard p-0 m-0 h-100 rounded-0\" data-lazy-url=\"https:\/\/tenerifepropertysales.demo4.respacio.com\/wp-content\/uploads\/2020\/04\/Photo-13-6-24-13-24-20-768x1024.jpg\"><div class=\"card-body d-flex align-items-end justify-content-center\"><div class=\"slider-bottom-title\">Kerrie Stone<\/div><\/div><\/div><\/a><\/div><\/div><\/div><\/div><\/div>\n","protected":false},"excerpt":{"rendered":"<p>Nasz zesp\u00f3\u0142 w Los Gigantes Properties S.L. jest profesjonalny, do\u015bwiadczony, wieloj\u0119zyczny i w pe\u0142ni zaznajomiony z procedurami zakupu na Teneryfie. [&#8230;]<\/p>\n<p><a class=\"btn btn-secondary respacio-read-more-link\" href=\"https:\/\/tenerifepropertysales.demo4.respacio.com\/pl\/poznaj-zespol\/\">Read More&#8230;<\/a><\/p>\n","protected":false},"author":2,"featured_media":318206,"parent":0,"menu_order":0,"comment_status":"closed","ping_status":"closed","template":"","meta":{"_uag_custom_page_level_css":"","ub_ctt_via":"","footnotes":""},"page-tag":[],"class_list":["post-318204","page","type-page","status-publish","has-post-thumbnail","hentry"],"acf":[],"featured_image_src":"https:\/\/tenerifepropertysales.demo4.respacio.com\/wp-content\/uploads\/2020\/04\/030A8787-min.jpg","yoast_head":"<!-- This site is optimized with the Yoast SEO Premium plugin v21.2 (Yoast SEO v24.4) - https:\/\/yoast.com\/wordpress\/plugins\/seo\/ -->\n<title>Poznaj zesp\u00f3\u0142 - Paul Ruane - Los Gigantes Properties<\/title>\n<meta name=\"robots\" content=\"noindex, follow, max-snippet:-1, max-image-preview:large, max-video-preview:-1\" \/>\n<meta property=\"og:locale\" content=\"pl_PL\" \/>\n<meta property=\"og:type\" content=\"article\" \/>\n<meta property=\"og:title\" content=\"Poznaj zesp\u00f3\u0142\" \/>\n<meta property=\"og:description\" content=\"Nasz zesp\u00f3\u0142 w Los Gigantes Properties S.L. jest profesjonalny, do\u015bwiadczony, wieloj\u0119zyczny i w pe\u0142ni zaznajomiony z procedurami zakupu na Teneryfie. [...]Read More...\" \/>\n<meta property=\"og:url\" content=\"https:\/\/tenerifepropertysales.demo4.respacio.com\/pl\/poznaj-zespol\/\" \/>\n<meta property=\"og:site_name\" content=\"Paul Ruane - Los Gigantes Properties\" \/>\n<meta property=\"article:modified_time\" content=\"2025-05-02T07:11:49+00:00\" \/>\n<meta property=\"og:image\" content=\"https:\/\/tenerifepropertysales.demo4.respacio.com\/wp-content\/uploads\/2020\/04\/030A8787-min-1024x683.jpg\" \/>\n<meta name=\"twitter:card\" content=\"summary_large_image\" \/>\n<meta name=\"twitter:image\" content=\"https:\/\/tenerifepropertysales.demo4.respacio.com\/wp-content\/uploads\/2020\/04\/030A8787-min-1024x683.jpg\" \/>\n<script type=\"application\/ld+json\" class=\"yoast-schema-graph\">{\"@context\":\"https:\/\/schema.org\",\"@graph\":[{\"@type\":\"WebPage\",\"@id\":\"https:\/\/tenerifepropertysales.demo4.respacio.com\/pl\/poznaj-zespol\/\",\"url\":\"https:\/\/tenerifepropertysales.demo4.respacio.com\/pl\/poznaj-zespol\/\",\"name\":\"Poznaj zesp\u00f3\u0142 - Paul Ruane - Los Gigantes Properties\",\"isPartOf\":{\"@id\":\"https:\/\/tenerifepropertysales.demo4.respacio.com\/pl\/#website\"},\"primaryImageOfPage\":{\"@id\":\"https:\/\/tenerifepropertysales.demo4.respacio.com\/pl\/poznaj-zespol\/#primaryimage\"},\"image\":{\"@id\":\"https:\/\/tenerifepropertysales.demo4.respacio.com\/pl\/poznaj-zespol\/#primaryimage\"},\"thumbnailUrl\":\"https:\/\/tenerifepropertysales.demo4.respacio.com\/wp-content\/uploads\/2020\/04\/030A8787-min.jpg\",\"datePublished\":\"2025-05-02T07:11:48+00:00\",\"dateModified\":\"2025-05-02T07:11:49+00:00\",\"breadcrumb\":{\"@id\":\"https:\/\/tenerifepropertysales.demo4.respacio.com\/pl\/poznaj-zespol\/#breadcrumb\"},\"inLanguage\":\"pl-PL\",\"potentialAction\":[{\"@type\":\"ReadAction\",\"target\":[\"https:\/\/tenerifepropertysales.demo4.respacio.com\/pl\/poznaj-zespol\/\"]}]},{\"@type\":\"ImageObject\",\"inLanguage\":\"pl-PL\",\"@id\":\"https:\/\/tenerifepropertysales.demo4.respacio.com\/pl\/poznaj-zespol\/#primaryimage\",\"url\":\"https:\/\/tenerifepropertysales.demo4.respacio.com\/wp-content\/uploads\/2020\/04\/030A8787-min.jpg\",\"contentUrl\":\"https:\/\/tenerifepropertysales.demo4.respacio.com\/wp-content\/uploads\/2020\/04\/030A8787-min.jpg\",\"width\":1920,\"height\":1280},{\"@type\":\"BreadcrumbList\",\"@id\":\"https:\/\/tenerifepropertysales.demo4.respacio.com\/pl\/poznaj-zespol\/#breadcrumb\",\"itemListElement\":[{\"@type\":\"ListItem\",\"position\":1,\"name\":\"Strona g\u0142\u00f3wna\",\"item\":\"https:\/\/tenerifepropertysales.demo4.respacio.com\/pl\/strona-tytulowa\/\"},{\"@type\":\"ListItem\",\"position\":2,\"name\":\"Poznaj zesp\u00f3\u0142\"}]},{\"@type\":\"WebSite\",\"@id\":\"https:\/\/tenerifepropertysales.demo4.respacio.com\/pl\/#website\",\"url\":\"https:\/\/tenerifepropertysales.demo4.respacio.com\/pl\/\",\"name\":\"Paul Ruane - Los Gigantes Properties\",\"description\":\"W\u0142a\u015bciwo\u015bci Los Gigantes\",\"publisher\":{\"@id\":\"https:\/\/tenerifepropertysales.demo4.respacio.com\/pl\/#organization\"},\"inLanguage\":\"pl-PL\"},{\"@type\":\"Organization\",\"@id\":\"https:\/\/tenerifepropertysales.demo4.respacio.com\/pl\/#organization\",\"name\":\"Paul Ruane - Los Gigantes Properties\",\"url\":\"https:\/\/tenerifepropertysales.demo4.respacio.com\/pl\/\",\"logo\":{\"@type\":\"ImageObject\",\"inLanguage\":\"pl-PL\",\"@id\":\"https:\/\/tenerifepropertysales.demo4.respacio.com\/pl\/#\/schema\/logo\/image\/\",\"url\":\"https:\/\/tenerifepropertysales.demo4.respacio.com\/wp-content\/uploads\/2020\/04\/logo-white-1.png\",\"contentUrl\":\"https:\/\/tenerifepropertysales.demo4.respacio.com\/wp-content\/uploads\/2020\/04\/logo-white-1.png\",\"width\":273,\"height\":59,\"caption\":\"Paul Ruane - Los Gigantes Properties\"},\"image\":{\"@id\":\"https:\/\/tenerifepropertysales.demo4.respacio.com\/pl\/#\/schema\/logo\/image\/\"}}]}<\/script>\n<!-- \/ Yoast SEO Premium plugin. -->","yoast_head_json":{"title":"Poznaj zesp\u00f3\u0142 - Paul Ruane - Los Gigantes Properties","robots":{"index":"noindex","follow":"follow","max-snippet":"max-snippet:-1","max-image-preview":"max-image-preview:large","max-video-preview":"max-video-preview:-1"},"og_locale":"pl_PL","og_type":"article","og_title":"Poznaj zesp\u00f3\u0142","og_description":"Nasz zesp\u00f3\u0142 w Los Gigantes Properties S.L. jest profesjonalny, do\u015bwiadczony, wieloj\u0119zyczny i w pe\u0142ni zaznajomiony z procedurami zakupu na Teneryfie. [...]Read More...","og_url":"https:\/\/tenerifepropertysales.demo4.respacio.com\/pl\/poznaj-zespol\/","og_site_name":"Paul Ruane - Los Gigantes Properties","article_modified_time":"2025-05-02T07:11:49+00:00","og_image":[{"url":"https:\/\/tenerifepropertysales.demo4.respacio.com\/wp-content\/uploads\/2020\/04\/030A8787-min-1024x683.jpg","type":"","width":"","height":""}],"twitter_card":"summary_large_image","twitter_image":"https:\/\/tenerifepropertysales.demo4.respacio.com\/wp-content\/uploads\/2020\/04\/030A8787-min-1024x683.jpg","schema":{"@context":"https:\/\/schema.org","@graph":[{"@type":"WebPage","@id":"https:\/\/tenerifepropertysales.demo4.respacio.com\/pl\/poznaj-zespol\/","url":"https:\/\/tenerifepropertysales.demo4.respacio.com\/pl\/poznaj-zespol\/","name":"Poznaj zesp\u00f3\u0142 - Paul Ruane - Los Gigantes Properties","isPartOf":{"@id":"https:\/\/tenerifepropertysales.demo4.respacio.com\/pl\/#website"},"primaryImageOfPage":{"@id":"https:\/\/tenerifepropertysales.demo4.respacio.com\/pl\/poznaj-zespol\/#primaryimage"},"image":{"@id":"https:\/\/tenerifepropertysales.demo4.respacio.com\/pl\/poznaj-zespol\/#primaryimage"},"thumbnailUrl":"https:\/\/tenerifepropertysales.demo4.respacio.com\/wp-content\/uploads\/2020\/04\/030A8787-min.jpg","datePublished":"2025-05-02T07:11:48+00:00","dateModified":"2025-05-02T07:11:49+00:00","breadcrumb":{"@id":"https:\/\/tenerifepropertysales.demo4.respacio.com\/pl\/poznaj-zespol\/#breadcrumb"},"inLanguage":"pl-PL","potentialAction":[{"@type":"ReadAction","target":["https:\/\/tenerifepropertysales.demo4.respacio.com\/pl\/poznaj-zespol\/"]}]},{"@type":"ImageObject","inLanguage":"pl-PL","@id":"https:\/\/tenerifepropertysales.demo4.respacio.com\/pl\/poznaj-zespol\/#primaryimage","url":"https:\/\/tenerifepropertysales.demo4.respacio.com\/wp-content\/uploads\/2020\/04\/030A8787-min.jpg","contentUrl":"https:\/\/tenerifepropertysales.demo4.respacio.com\/wp-content\/uploads\/2020\/04\/030A8787-min.jpg","width":1920,"height":1280},{"@type":"BreadcrumbList","@id":"https:\/\/tenerifepropertysales.demo4.respacio.com\/pl\/poznaj-zespol\/#breadcrumb","itemListElement":[{"@type":"ListItem","position":1,"name":"Strona g\u0142\u00f3wna","item":"https:\/\/tenerifepropertysales.demo4.respacio.com\/pl\/strona-tytulowa\/"},{"@type":"ListItem","position":2,"name":"Poznaj zesp\u00f3\u0142"}]},{"@type":"WebSite","@id":"https:\/\/tenerifepropertysales.demo4.respacio.com\/pl\/#website","url":"https:\/\/tenerifepropertysales.demo4.respacio.com\/pl\/","name":"Paul Ruane - Los Gigantes Properties","description":"W\u0142a\u015bciwo\u015bci Los Gigantes","publisher":{"@id":"https:\/\/tenerifepropertysales.demo4.respacio.com\/pl\/#organization"},"inLanguage":"pl-PL"},{"@type":"Organization","@id":"https:\/\/tenerifepropertysales.demo4.respacio.com\/pl\/#organization","name":"Paul Ruane - Los Gigantes Properties","url":"https:\/\/tenerifepropertysales.demo4.respacio.com\/pl\/","logo":{"@type":"ImageObject","inLanguage":"pl-PL","@id":"https:\/\/tenerifepropertysales.demo4.respacio.com\/pl\/#\/schema\/logo\/image\/","url":"https:\/\/tenerifepropertysales.demo4.respacio.com\/wp-content\/uploads\/2020\/04\/logo-white-1.png","contentUrl":"https:\/\/tenerifepropertysales.demo4.respacio.com\/wp-content\/uploads\/2020\/04\/logo-white-1.png","width":273,"height":59,"caption":"Paul Ruane - Los Gigantes Properties"},"image":{"@id":"https:\/\/tenerifepropertysales.demo4.respacio.com\/pl\/#\/schema\/logo\/image\/"}}]}},"uagb_featured_image_src":{"full":["https:\/\/tenerifepropertysales.demo4.respacio.com\/wp-content\/uploads\/2020\/04\/030A8787-min.jpg",1920,1280,false],"thumbnail":["https:\/\/tenerifepropertysales.demo4.respacio.com\/wp-content\/uploads\/2020\/04\/030A8787-min-150x150.jpg",150,150,true],"medium":["https:\/\/tenerifepropertysales.demo4.respacio.com\/wp-content\/uploads\/2020\/04\/030A8787-min-300x200.jpg",300,200,true],"medium_large":["https:\/\/tenerifepropertysales.demo4.respacio.com\/wp-content\/uploads\/2020\/04\/030A8787-min-768x512.jpg",640,427,true],"large":["https:\/\/tenerifepropertysales.demo4.respacio.com\/wp-content\/uploads\/2020\/04\/030A8787-min-1024x683.jpg",640,427,true],"1536x1536":["https:\/\/tenerifepropertysales.demo4.respacio.com\/wp-content\/uploads\/2020\/04\/030A8787-min-1536x1024.jpg",1536,1024,true],"2048x2048":["https:\/\/tenerifepropertysales.demo4.respacio.com\/wp-content\/uploads\/2020\/04\/030A8787-min.jpg",1920,1280,false]},"uagb_author_info":{"display_name":"support@respacio.com","author_link":"https:\/\/tenerifepropertysales.demo4.respacio.com\/pl\/author\/supportrespacio-com\/"},"uagb_comment_info":0,"uagb_excerpt":"Nasz zesp\u00f3\u0142 w Los Gigantes Properties S.L. jest profesjonalny, do\u015bwiadczony, wieloj\u0119zyczny i w pe\u0142ni zaznajomiony z procedurami zakupu na Teneryfie. [...]Read More...","_links":{"self":[{"href":"https:\/\/tenerifepropertysales.demo4.respacio.com\/pl\/wp-json\/wp\/v2\/pages\/318204","targetHints":{"allow":["GET"]}}],"collection":[{"href":"https:\/\/tenerifepropertysales.demo4.respacio.com\/pl\/wp-json\/wp\/v2\/pages"}],"about":[{"href":"https:\/\/tenerifepropertysales.demo4.respacio.com\/pl\/wp-json\/wp\/v2\/types\/page"}],"author":[{"embeddable":true,"href":"https:\/\/tenerifepropertysales.demo4.respacio.com\/pl\/wp-json\/wp\/v2\/users\/2"}],"replies":[{"embeddable":true,"href":"https:\/\/tenerifepropertysales.demo4.respacio.com\/pl\/wp-json\/wp\/v2\/comments?post=318204"}],"version-history":[{"count":1,"href":"https:\/\/tenerifepropertysales.demo4.respacio.com\/pl\/wp-json\/wp\/v2\/pages\/318204\/revisions"}],"predecessor-version":[{"id":318207,"href":"https:\/\/tenerifepropertysales.demo4.respacio.com\/pl\/wp-json\/wp\/v2\/pages\/318204\/revisions\/318207"}],"wp:featuredmedia":[{"embeddable":true,"href":"https:\/\/tenerifepropertysales.demo4.respacio.com\/pl\/wp-json\/wp\/v2\/media\/318206"}],"wp:attachment":[{"href":"https:\/\/tenerifepropertysales.demo4.respacio.com\/pl\/wp-json\/wp\/v2\/media?parent=318204"}],"wp:term":[{"taxonomy":"page-tag","embeddable":true,"href":"https:\/\/tenerifepropertysales.demo4.respacio.com\/pl\/wp-json\/wp\/v2\/page-tag?post=318204"}],"curies":[{"name":"wp","href":"https:\/\/api.w.org\/{rel}","templated":true}]}}