{"id":318217,"date":"2025-05-02T08:11:54","date_gmt":"2025-05-02T07:11:54","guid":{"rendered":"https:\/\/tenerifepropertysales.demo4.respacio.com\/uslugi\/"},"modified":"2025-05-02T08:11:54","modified_gmt":"2025-05-02T07:11:54","slug":"uslugi","status":"publish","type":"page","link":"https:\/\/tenerifepropertysales.demo4.respacio.com\/pl\/uslugi\/","title":{"rendered":"Us\u0142ugi"},"content":{"rendered":"\n<p>Kupuj\u0105c nieruchomo\u015b\u0107 za granic\u0105, musisz pami\u0119ta\u0107, \u017ce system prawny i kroki, kt\u00f3re nale\u017cy podj\u0105\u0107, mog\u0105 znacznie r\u00f3\u017cni\u0107 si\u0119 od tych, kt\u00f3rych do\u015bwiadczy\u0142e\u015b wcze\u015bniej. Zrozumia\u0142e jest, \u017ce b\u0119dziesz mie\u0107 wiele pyta\u0144 i w\u0105tpliwo\u015bci. Los Gigantes Properties s.l. jest wykwalifikowanym, uznanym i uznanym agentem nieruchomo\u015bci oraz cz\u0142onkiem stowarzyszonym Hiszpa\u0144skiego Stowarzyszenia Zawodowego Po\u015brednik\u00f3w w Obrocie Nieruchomo\u015bciami (Asociaci\u00f3n Profesional de Expertos Inmobiliarios de Espa\u00f1a) numer rejestru 1021.  <\/p>\n\n<p>Niezale\u017cnie od tego, czy chodzi o zakup kawalerki, apartamentu, willi, firmy czy dzia\u0142ki, udzielane przez nas porady s\u0105 gwarantowane. Dzi\u0119ki ponad 30-letniemu do\u015bwiadczeniu w sprzeda\u017cy nieruchomo\u015bci na Wyspach Kanaryjskich, Paul Ruane i jego zesp\u00f3\u0142 w Los Gigantes Propertie s.l. zapewnia kompleksow\u0105 wiedz\u0119 na temat hiszpa\u0144skiego rynku nieruchomo\u015bci. <\/p>\n\n<p>Los Gigantes Properties s.l. oferuje spok\u00f3j ducha oraz w pe\u0142ni profesjonaln\u0105 i przyjazn\u0105 obs\u0142ug\u0119, kt\u00f3ra obejmuje :<\/p>\n\n<p class=\"has-text-align-center\"><strong>Kompleksowa pomoc od pocz\u0105tku do ko\u0144ca<\/strong><\/p>\n\n<p class=\"has-text-align-center\"><strong>Pe\u0142ne przekazanie nieruchomo\u015bci, w tym umowy, t\u0142umaczenia, prace prawne i hiszpa\u0144skie numery identyfikacyjne.<\/strong><\/p>\n\n<p class=\"has-text-align-center\"><strong>Gwarantujemy, \u017ce wszystkie transakcje s\u0105 ca\u0142kowicie legalne i w pe\u0142ni zgodne z wymogami prawa hiszpa\u0144skiego.<\/strong><\/p>\n\n<p class=\"has-text-align-center\"><strong>Pomoc przy kontach bankowych, przelewach pieni\u0119\u017cnych i kredytach hipotecznych<\/strong><\/p>\n\n<p class=\"has-text-align-center\"><strong>Przeniesienie wszystkich medi\u00f3w i obs\u0142uga posprzeda\u017cna, kt\u00f3ra nie ma sobie r\u00f3wnych.<\/strong><\/p>\n\n<p>Poni\u017cej wyszczeg\u00f3lniono szereg innych us\u0142ug, w kt\u00f3rych mo\u017cemy Ci pom\u00f3c:<\/p>\n\n<ul class=\"wp-block-list\"><li>Testamenty osobiste<\/li><li>Dziedziczenie<\/li><li>Pe\u0142nomocnictwo<\/li><li>Formalno\u015bci\/przetargi<\/li><li>Patrimony (podatek dla nierezydent\u00f3w)<\/li><li>Zmiany w u\u017cyteczno\u015bci<\/li><li>Numery N.I.E.<\/li><li>Zarz\u0105dzanie projektami<\/li><\/ul>\n\n<p><\/p>\n","protected":false},"excerpt":{"rendered":"<p>Kupuj\u0105c nieruchomo\u015b\u0107 za granic\u0105, musisz pami\u0119ta\u0107, \u017ce system prawny i kroki, kt\u00f3re nale\u017cy podj\u0105\u0107, mog\u0105 znacznie r\u00f3\u017cni\u0107 si\u0119 od tych, kt\u00f3rych do\u015bwiadczy\u0142e\u015b wcze\u015bniej. Zrozumia\u0142e jest, \u017ce b\u0119dziesz mie\u0107 wiele pyta\u0144 i w\u0105tpliwo\u015bci. Los Gigantes Properties s.l. jest wykwalifikowanym, uznanym i uznanym agentem nieruchomo\u015bci oraz cz\u0142onkiem stowarzyszonym Hiszpa\u0144skiego Stowarzyszenia Zawodowego Po\u015brednik\u00f3w w Obrocie Nieruchomo\u015bciami (Asociaci\u00f3n Profesional [&#8230;]<\/p>\n<p><a class=\"btn btn-secondary respacio-read-more-link\" href=\"https:\/\/tenerifepropertysales.demo4.respacio.com\/pl\/uslugi\/\">Read More&#8230;<\/a><\/p>\n","protected":false},"author":2,"featured_media":318218,"parent":0,"menu_order":0,"comment_status":"closed","ping_status":"closed","template":"","meta":{"_uag_custom_page_level_css":"","ub_ctt_via":"","footnotes":""},"page-tag":[],"class_list":["post-318217","page","type-page","status-publish","has-post-thumbnail","hentry"],"acf":[],"featured_image_src":"https:\/\/tenerifepropertysales.demo4.respacio.com\/wp-content\/uploads\/2024\/11\/Photo-22-10-24-12-36-48-scaled.jpg","yoast_head":"<!-- This site is optimized with the Yoast SEO Premium plugin v21.2 (Yoast SEO v24.4) - https:\/\/yoast.com\/wordpress\/plugins\/seo\/ -->\n<title>Us\u0142ugi - Paul Ruane - Los Gigantes Properties<\/title>\n<meta name=\"robots\" content=\"noindex, follow, max-snippet:-1, max-image-preview:large, max-video-preview:-1\" \/>\n<meta property=\"og:locale\" content=\"pl_PL\" \/>\n<meta property=\"og:type\" content=\"article\" \/>\n<meta property=\"og:title\" content=\"Us\u0142ugi\" \/>\n<meta property=\"og:description\" content=\"Kupuj\u0105c nieruchomo\u015b\u0107 za granic\u0105, musisz pami\u0119ta\u0107, \u017ce system prawny i kroki, kt\u00f3re nale\u017cy podj\u0105\u0107, mog\u0105 znacznie r\u00f3\u017cni\u0107 si\u0119 od tych, kt\u00f3rych do\u015bwiadczy\u0142e\u015b wcze\u015bniej. Zrozumia\u0142e jest, \u017ce b\u0119dziesz mie\u0107 wiele pyta\u0144 i w\u0105tpliwo\u015bci. Los Gigantes Properties s.l. jest wykwalifikowanym, uznanym i uznanym agentem nieruchomo\u015bci oraz cz\u0142onkiem stowarzyszonym Hiszpa\u0144skiego Stowarzyszenia Zawodowego Po\u015brednik\u00f3w w Obrocie Nieruchomo\u015bciami (Asociaci\u00f3n Profesional [...]Read More...\" \/>\n<meta property=\"og:url\" content=\"https:\/\/tenerifepropertysales.demo4.respacio.com\/pl\/uslugi\/\" \/>\n<meta property=\"og:site_name\" content=\"Paul Ruane - Los Gigantes Properties\" \/>\n<meta property=\"og:image\" content=\"https:\/\/tenerifepropertysales.demo4.respacio.com\/wp-content\/uploads\/2024\/11\/Photo-22-10-24-12-36-48-1024x768.jpg\" \/>\n<meta name=\"twitter:card\" content=\"summary_large_image\" \/>\n<meta name=\"twitter:image\" content=\"https:\/\/tenerifepropertysales.demo4.respacio.com\/wp-content\/uploads\/2024\/11\/Photo-22-10-24-12-36-48-1024x768.jpg\" \/>\n<meta name=\"twitter:label1\" content=\"Szacowany czas czytania\" \/>\n\t<meta name=\"twitter:data1\" content=\"1 minuta\" \/>\n<script type=\"application\/ld+json\" class=\"yoast-schema-graph\">{\"@context\":\"https:\/\/schema.org\",\"@graph\":[{\"@type\":\"WebPage\",\"@id\":\"https:\/\/tenerifepropertysales.demo4.respacio.com\/pl\/uslugi\/\",\"url\":\"https:\/\/tenerifepropertysales.demo4.respacio.com\/pl\/uslugi\/\",\"name\":\"Us\u0142ugi - Paul Ruane - Los Gigantes Properties\",\"isPartOf\":{\"@id\":\"https:\/\/tenerifepropertysales.demo4.respacio.com\/pl\/#website\"},\"primaryImageOfPage\":{\"@id\":\"https:\/\/tenerifepropertysales.demo4.respacio.com\/pl\/uslugi\/#primaryimage\"},\"image\":{\"@id\":\"https:\/\/tenerifepropertysales.demo4.respacio.com\/pl\/uslugi\/#primaryimage\"},\"thumbnailUrl\":\"https:\/\/tenerifepropertysales.demo4.respacio.com\/wp-content\/uploads\/2024\/11\/Photo-22-10-24-12-36-48-scaled.jpg\",\"datePublished\":\"2025-05-02T07:11:54+00:00\",\"breadcrumb\":{\"@id\":\"https:\/\/tenerifepropertysales.demo4.respacio.com\/pl\/uslugi\/#breadcrumb\"},\"inLanguage\":\"pl-PL\",\"potentialAction\":[{\"@type\":\"ReadAction\",\"target\":[\"https:\/\/tenerifepropertysales.demo4.respacio.com\/pl\/uslugi\/\"]}]},{\"@type\":\"ImageObject\",\"inLanguage\":\"pl-PL\",\"@id\":\"https:\/\/tenerifepropertysales.demo4.respacio.com\/pl\/uslugi\/#primaryimage\",\"url\":\"https:\/\/tenerifepropertysales.demo4.respacio.com\/wp-content\/uploads\/2024\/11\/Photo-22-10-24-12-36-48-scaled.jpg\",\"contentUrl\":\"https:\/\/tenerifepropertysales.demo4.respacio.com\/wp-content\/uploads\/2024\/11\/Photo-22-10-24-12-36-48-scaled.jpg\",\"width\":2560,\"height\":1920},{\"@type\":\"BreadcrumbList\",\"@id\":\"https:\/\/tenerifepropertysales.demo4.respacio.com\/pl\/uslugi\/#breadcrumb\",\"itemListElement\":[{\"@type\":\"ListItem\",\"position\":1,\"name\":\"Strona g\u0142\u00f3wna\",\"item\":\"https:\/\/tenerifepropertysales.demo4.respacio.com\/pl\/strona-tytulowa\/\"},{\"@type\":\"ListItem\",\"position\":2,\"name\":\"Us\u0142ugi\"}]},{\"@type\":\"WebSite\",\"@id\":\"https:\/\/tenerifepropertysales.demo4.respacio.com\/pl\/#website\",\"url\":\"https:\/\/tenerifepropertysales.demo4.respacio.com\/pl\/\",\"name\":\"Paul Ruane - Los Gigantes Properties\",\"description\":\"W\u0142a\u015bciwo\u015bci Los Gigantes\",\"publisher\":{\"@id\":\"https:\/\/tenerifepropertysales.demo4.respacio.com\/pl\/#organization\"},\"inLanguage\":\"pl-PL\"},{\"@type\":\"Organization\",\"@id\":\"https:\/\/tenerifepropertysales.demo4.respacio.com\/pl\/#organization\",\"name\":\"Paul Ruane - Los Gigantes Properties\",\"url\":\"https:\/\/tenerifepropertysales.demo4.respacio.com\/pl\/\",\"logo\":{\"@type\":\"ImageObject\",\"inLanguage\":\"pl-PL\",\"@id\":\"https:\/\/tenerifepropertysales.demo4.respacio.com\/pl\/#\/schema\/logo\/image\/\",\"url\":\"https:\/\/tenerifepropertysales.demo4.respacio.com\/wp-content\/uploads\/2020\/04\/logo-white-1.png\",\"contentUrl\":\"https:\/\/tenerifepropertysales.demo4.respacio.com\/wp-content\/uploads\/2020\/04\/logo-white-1.png\",\"width\":273,\"height\":59,\"caption\":\"Paul Ruane - Los Gigantes Properties\"},\"image\":{\"@id\":\"https:\/\/tenerifepropertysales.demo4.respacio.com\/pl\/#\/schema\/logo\/image\/\"}}]}<\/script>\n<!-- \/ Yoast SEO Premium plugin. -->","yoast_head_json":{"title":"Us\u0142ugi - Paul Ruane - Los Gigantes Properties","robots":{"index":"noindex","follow":"follow","max-snippet":"max-snippet:-1","max-image-preview":"max-image-preview:large","max-video-preview":"max-video-preview:-1"},"og_locale":"pl_PL","og_type":"article","og_title":"Us\u0142ugi","og_description":"Kupuj\u0105c nieruchomo\u015b\u0107 za granic\u0105, musisz pami\u0119ta\u0107, \u017ce system prawny i kroki, kt\u00f3re nale\u017cy podj\u0105\u0107, mog\u0105 znacznie r\u00f3\u017cni\u0107 si\u0119 od tych, kt\u00f3rych do\u015bwiadczy\u0142e\u015b wcze\u015bniej. Zrozumia\u0142e jest, \u017ce b\u0119dziesz mie\u0107 wiele pyta\u0144 i w\u0105tpliwo\u015bci. Los Gigantes Properties s.l. jest wykwalifikowanym, uznanym i uznanym agentem nieruchomo\u015bci oraz cz\u0142onkiem stowarzyszonym Hiszpa\u0144skiego Stowarzyszenia Zawodowego Po\u015brednik\u00f3w w Obrocie Nieruchomo\u015bciami (Asociaci\u00f3n Profesional [...]Read More...","og_url":"https:\/\/tenerifepropertysales.demo4.respacio.com\/pl\/uslugi\/","og_site_name":"Paul Ruane - Los Gigantes Properties","og_image":[{"url":"https:\/\/tenerifepropertysales.demo4.respacio.com\/wp-content\/uploads\/2024\/11\/Photo-22-10-24-12-36-48-1024x768.jpg","type":"","width":"","height":""}],"twitter_card":"summary_large_image","twitter_image":"https:\/\/tenerifepropertysales.demo4.respacio.com\/wp-content\/uploads\/2024\/11\/Photo-22-10-24-12-36-48-1024x768.jpg","twitter_misc":{"Szacowany czas czytania":"1 minuta"},"schema":{"@context":"https:\/\/schema.org","@graph":[{"@type":"WebPage","@id":"https:\/\/tenerifepropertysales.demo4.respacio.com\/pl\/uslugi\/","url":"https:\/\/tenerifepropertysales.demo4.respacio.com\/pl\/uslugi\/","name":"Us\u0142ugi - Paul Ruane - Los Gigantes Properties","isPartOf":{"@id":"https:\/\/tenerifepropertysales.demo4.respacio.com\/pl\/#website"},"primaryImageOfPage":{"@id":"https:\/\/tenerifepropertysales.demo4.respacio.com\/pl\/uslugi\/#primaryimage"},"image":{"@id":"https:\/\/tenerifepropertysales.demo4.respacio.com\/pl\/uslugi\/#primaryimage"},"thumbnailUrl":"https:\/\/tenerifepropertysales.demo4.respacio.com\/wp-content\/uploads\/2024\/11\/Photo-22-10-24-12-36-48-scaled.jpg","datePublished":"2025-05-02T07:11:54+00:00","breadcrumb":{"@id":"https:\/\/tenerifepropertysales.demo4.respacio.com\/pl\/uslugi\/#breadcrumb"},"inLanguage":"pl-PL","potentialAction":[{"@type":"ReadAction","target":["https:\/\/tenerifepropertysales.demo4.respacio.com\/pl\/uslugi\/"]}]},{"@type":"ImageObject","inLanguage":"pl-PL","@id":"https:\/\/tenerifepropertysales.demo4.respacio.com\/pl\/uslugi\/#primaryimage","url":"https:\/\/tenerifepropertysales.demo4.respacio.com\/wp-content\/uploads\/2024\/11\/Photo-22-10-24-12-36-48-scaled.jpg","contentUrl":"https:\/\/tenerifepropertysales.demo4.respacio.com\/wp-content\/uploads\/2024\/11\/Photo-22-10-24-12-36-48-scaled.jpg","width":2560,"height":1920},{"@type":"BreadcrumbList","@id":"https:\/\/tenerifepropertysales.demo4.respacio.com\/pl\/uslugi\/#breadcrumb","itemListElement":[{"@type":"ListItem","position":1,"name":"Strona g\u0142\u00f3wna","item":"https:\/\/tenerifepropertysales.demo4.respacio.com\/pl\/strona-tytulowa\/"},{"@type":"ListItem","position":2,"name":"Us\u0142ugi"}]},{"@type":"WebSite","@id":"https:\/\/tenerifepropertysales.demo4.respacio.com\/pl\/#website","url":"https:\/\/tenerifepropertysales.demo4.respacio.com\/pl\/","name":"Paul Ruane - Los Gigantes Properties","description":"W\u0142a\u015bciwo\u015bci Los Gigantes","publisher":{"@id":"https:\/\/tenerifepropertysales.demo4.respacio.com\/pl\/#organization"},"inLanguage":"pl-PL"},{"@type":"Organization","@id":"https:\/\/tenerifepropertysales.demo4.respacio.com\/pl\/#organization","name":"Paul Ruane - Los Gigantes Properties","url":"https:\/\/tenerifepropertysales.demo4.respacio.com\/pl\/","logo":{"@type":"ImageObject","inLanguage":"pl-PL","@id":"https:\/\/tenerifepropertysales.demo4.respacio.com\/pl\/#\/schema\/logo\/image\/","url":"https:\/\/tenerifepropertysales.demo4.respacio.com\/wp-content\/uploads\/2020\/04\/logo-white-1.png","contentUrl":"https:\/\/tenerifepropertysales.demo4.respacio.com\/wp-content\/uploads\/2020\/04\/logo-white-1.png","width":273,"height":59,"caption":"Paul Ruane - Los Gigantes Properties"},"image":{"@id":"https:\/\/tenerifepropertysales.demo4.respacio.com\/pl\/#\/schema\/logo\/image\/"}}]}},"uagb_featured_image_src":{"full":["https:\/\/tenerifepropertysales.demo4.respacio.com\/wp-content\/uploads\/2024\/11\/Photo-22-10-24-12-36-48-scaled.jpg",2560,1920,false],"thumbnail":["https:\/\/tenerifepropertysales.demo4.respacio.com\/wp-content\/uploads\/2024\/11\/Photo-22-10-24-12-36-48-150x150.jpg",150,150,true],"medium":["https:\/\/tenerifepropertysales.demo4.respacio.com\/wp-content\/uploads\/2024\/11\/Photo-22-10-24-12-36-48-300x225.jpg",300,225,true],"medium_large":["https:\/\/tenerifepropertysales.demo4.respacio.com\/wp-content\/uploads\/2024\/11\/Photo-22-10-24-12-36-48-768x576.jpg",640,480,true],"large":["https:\/\/tenerifepropertysales.demo4.respacio.com\/wp-content\/uploads\/2024\/11\/Photo-22-10-24-12-36-48-1024x768.jpg",640,480,true],"1536x1536":["https:\/\/tenerifepropertysales.demo4.respacio.com\/wp-content\/uploads\/2024\/11\/Photo-22-10-24-12-36-48-1536x1152.jpg",1536,1152,true],"2048x2048":["https:\/\/tenerifepropertysales.demo4.respacio.com\/wp-content\/uploads\/2024\/11\/Photo-22-10-24-12-36-48-2048x1536.jpg",2048,1536,true]},"uagb_author_info":{"display_name":"support@respacio.com","author_link":"https:\/\/tenerifepropertysales.demo4.respacio.com\/pl\/author\/supportrespacio-com\/"},"uagb_comment_info":0,"uagb_excerpt":"Kupuj\u0105c nieruchomo\u015b\u0107 za granic\u0105, musisz pami\u0119ta\u0107, \u017ce system prawny i kroki, kt\u00f3re nale\u017cy podj\u0105\u0107, mog\u0105 znacznie r\u00f3\u017cni\u0107 si\u0119 od tych, kt\u00f3rych do\u015bwiadczy\u0142e\u015b wcze\u015bniej. Zrozumia\u0142e jest, \u017ce b\u0119dziesz mie\u0107 wiele pyta\u0144 i w\u0105tpliwo\u015bci. Los Gigantes Properties s.l. jest wykwalifikowanym, uznanym i uznanym agentem nieruchomo\u015bci oraz cz\u0142onkiem stowarzyszonym Hiszpa\u0144skiego Stowarzyszenia Zawodowego Po\u015brednik\u00f3w w Obrocie Nieruchomo\u015bciami (Asociaci\u00f3n Profesional&hellip;","_links":{"self":[{"href":"https:\/\/tenerifepropertysales.demo4.respacio.com\/pl\/wp-json\/wp\/v2\/pages\/318217","targetHints":{"allow":["GET"]}}],"collection":[{"href":"https:\/\/tenerifepropertysales.demo4.respacio.com\/pl\/wp-json\/wp\/v2\/pages"}],"about":[{"href":"https:\/\/tenerifepropertysales.demo4.respacio.com\/pl\/wp-json\/wp\/v2\/types\/page"}],"author":[{"embeddable":true,"href":"https:\/\/tenerifepropertysales.demo4.respacio.com\/pl\/wp-json\/wp\/v2\/users\/2"}],"replies":[{"embeddable":true,"href":"https:\/\/tenerifepropertysales.demo4.respacio.com\/pl\/wp-json\/wp\/v2\/comments?post=318217"}],"version-history":[{"count":1,"href":"https:\/\/tenerifepropertysales.demo4.respacio.com\/pl\/wp-json\/wp\/v2\/pages\/318217\/revisions"}],"predecessor-version":[{"id":318220,"href":"https:\/\/tenerifepropertysales.demo4.respacio.com\/pl\/wp-json\/wp\/v2\/pages\/318217\/revisions\/318220"}],"wp:featuredmedia":[{"embeddable":true,"href":"https:\/\/tenerifepropertysales.demo4.respacio.com\/pl\/wp-json\/wp\/v2\/media\/318218"}],"wp:attachment":[{"href":"https:\/\/tenerifepropertysales.demo4.respacio.com\/pl\/wp-json\/wp\/v2\/media?parent=318217"}],"wp:term":[{"taxonomy":"page-tag","embeddable":true,"href":"https:\/\/tenerifepropertysales.demo4.respacio.com\/pl\/wp-json\/wp\/v2\/page-tag?post=318217"}],"curies":[{"name":"wp","href":"https:\/\/api.w.org\/{rel}","templated":true}]}}