{"id":318268,"date":"2025-05-02T08:12:26","date_gmt":"2025-05-02T07:12:26","guid":{"rendered":"https:\/\/tenerifepropertysales.demo4.respacio.com\/popularne-obszary\/"},"modified":"2025-05-02T08:12:26","modified_gmt":"2025-05-02T07:12:26","slug":"popularne-obszary","status":"publish","type":"page","link":"https:\/\/tenerifepropertysales.demo4.respacio.com\/pl\/popularne-obszary\/","title":{"rendered":"Popularne obszary"},"content":{"rendered":"\n<div class=\"wp-block-uagb-container uagb-block-e3a6973d default uagb-is-root-container\">\n<h1 class=\"wp-block-heading has-text-align-center ticss-b67e8b00\">Popularne obszary<\/h1>\n<\/div>\n\n<div class=\"wp-block-uagb-container ticss-22084500 uagb-block-22084500 default uagb-is-root-container\">\n<p class=\"has-text-align-center\">Dowiedz si\u0119 wi\u0119cej o najpopularniejszych obszarach z praktycznymi informacjami i nieruchomo\u015bciami na sprzeda\u017c<\/p>\n\n\n<div class=\"col-12 parent-to-remove\"><div class=\"row inner-container-1535358901 basic-grid-1535358901\"><div class=\"col-12 col-lg-4 this-item-1535358901 odd py-2 px-0 px-sm-2 card-grid-location\"><div class=\"respacio_loop_card respacio_loop_card_with_wrapper location\"><a href=\"https:\/\/tenerifepropertysales.demo4.respacio.com\/pl\/location\/nieruchomosci-na-sprzedaz-w-santiago-del-teide\/nieruchomosci-na-sprzedaz-w-puerto-santiago\/\" class=\"\"><div data-lazy-url=\"https:\/\/tenerifepropertysales.demo4.respacio.com\/wp-content\/uploads\/2025\/02\/030A8539-min-768x512.webp\" class=\" overlay_h location-image \"><\/div><\/a><div class=\"detail location-info d-flex flex-column justify-content-center\"><div class=\"location-content pt-3 px-2 text-center\"><a href=\"https:\/\/tenerifepropertysales.demo4.respacio.com\/pl\/location\/nieruchomosci-na-sprzedaz-w-santiago-del-teide\/nieruchomosci-na-sprzedaz-w-puerto-santiago\/\" class=\"text-dark text-decoration-none\"><h5 class=\"location-heading\">Nieruchomo\u015bci na sprzeda\u017c w Puerto Santiago<\/h5><\/a><p>Puerto Santiago by\u0142o pierwotnie g\u0142\u00f3wnym portem rybackim w okolicy. Lokalni rybacy przywozili do tego portu swoje dzienne po\u0142owy, a ich \u017cony wymienia\u0142y ryby na owoce i warzywa z wioskami wok\u00f3\u0142 Santiago del Teide. Jest to zaznaczone przez \u201eRondo Pescadora\u201d przy wej\u015bciu do wioski. Chocia\u017c do dzi\u015b istnieje wiele oryginalnych dom\u00f3w, s\u0105 one obecnie otoczone mieszank\u0105&#8230;<\/p><\/div><div class=\"location-btn text-center pb-3\"><a href=\"https:\/\/tenerifepropertysales.demo4.respacio.com\/pl\/location\/nieruchomosci-na-sprzedaz-w-santiago-del-teide\/nieruchomosci-na-sprzedaz-w-puerto-santiago\/\" class=\"btn-sm btn btn-primary text-white py-1\">\tRead More<\/a><\/div><\/div><\/div><\/div><div class=\"col-12 col-lg-4 this-item-1535358901 even py-2 px-0 px-sm-2 card-grid-location\"><div class=\"respacio_loop_card respacio_loop_card_with_wrapper location\"><a href=\"https:\/\/tenerifepropertysales.demo4.respacio.com\/pl\/location\/nieruchomosci-na-sprzedaz-w-santiago-del-teide\/nieruchomosci-na-sprzedaz-w-playa-de-la-arena\/\" class=\"\"><div data-lazy-url=\"https:\/\/tenerifepropertysales.demo4.respacio.com\/wp-content\/uploads\/2025\/02\/Photo-30-10-24-11-54-32-1-scaled-1-768x576.webp\" class=\" overlay_h location-image \"><\/div><\/a><div class=\"detail location-info d-flex flex-column justify-content-center\"><div class=\"location-content pt-3 px-2 text-center\"><a href=\"https:\/\/tenerifepropertysales.demo4.respacio.com\/pl\/location\/nieruchomosci-na-sprzedaz-w-santiago-del-teide\/nieruchomosci-na-sprzedaz-w-playa-de-la-arena\/\" class=\"text-dark text-decoration-none\"><h5 class=\"location-heading\">Nieruchomo\u015bci na sprzeda\u017c w Playa de la Arena<\/h5><\/a><p>Playa de la Arena jest szybko rozwijaj\u0105cym si\u0119 kurortem, a czarne piaski pla\u017cy Playa de la Arena w dzielnicy Santiago del Teide zosta\u0142y wyr\u00f3\u017cnione po\u017c\u0105dan\u0105 niebiesk\u0105 flag\u0105 przez ponad dziewi\u0119tna\u015bcie lat z rz\u0119du. Flaga przyznawana jest corocznie po ocenie jako\u015bci w\u00f3d w k\u0105pieliskach, informacji dost\u0119pnych dla u\u017cytkownik\u00f3w pla\u017cy, przepis\u00f3w dotycz\u0105cych ochrony obszaru i polityki \u015brodowiskowej&#8230;<\/p><\/div><div class=\"location-btn text-center pb-3\"><a href=\"https:\/\/tenerifepropertysales.demo4.respacio.com\/pl\/location\/nieruchomosci-na-sprzedaz-w-santiago-del-teide\/nieruchomosci-na-sprzedaz-w-playa-de-la-arena\/\" class=\"btn-sm btn btn-primary text-white py-1\">\tRead More<\/a><\/div><\/div><\/div><\/div><div class=\"col-12 col-lg-4 this-item-1535358901 odd py-2 px-0 px-sm-2 card-grid-location\"><div class=\"respacio_loop_card respacio_loop_card_with_wrapper location\"><a href=\"https:\/\/tenerifepropertysales.demo4.respacio.com\/pl\/location\/nieruchomosci-na-sprzedaz-w-santiago-del-teide\/nieruchomosci-na-sprzedaz-w-los-gigantes\/\" class=\"\"><div data-lazy-url=\"https:\/\/tenerifepropertysales.demo4.respacio.com\/wp-content\/uploads\/2025\/02\/030A8501-min-768x512.webp\" class=\" overlay_h location-image \"><\/div><\/a><div class=\"detail location-info d-flex flex-column justify-content-center\"><div class=\"location-content pt-3 px-2 text-center\"><a href=\"https:\/\/tenerifepropertysales.demo4.respacio.com\/pl\/location\/nieruchomosci-na-sprzedaz-w-santiago-del-teide\/nieruchomosci-na-sprzedaz-w-los-gigantes\/\" class=\"text-dark text-decoration-none\"><h5 class=\"location-heading\">Nieruchomo\u015bci na sprzeda\u017c w Los Gigantes<\/h5><\/a><p>Los Gigantes zosta\u0142o og\u0142oszone obszarem o narodowym znaczeniu turystycznym w po\u0142owie lat sze\u015b\u0107dziesi\u0105tych XX wieku i od tego czasu zosta\u0142o rozwini\u0119te ze smakiem i urokiem w obfito\u015bci. Oferuj\u0105c wszystko, czego potrzebujesz jako miejsce na wakacje, znajdziesz zr\u00f3\u017cnicowany wyb\u00f3r restauracji, bar\u00f3w i sklep\u00f3w, a ponadto zaledwie 30 minut jazdy od Los Gigantes znajduje si\u0119 t\u0119tni\u0105cy \u017cyciem&#8230;<\/p><\/div><div class=\"location-btn text-center pb-3\"><a href=\"https:\/\/tenerifepropertysales.demo4.respacio.com\/pl\/location\/nieruchomosci-na-sprzedaz-w-santiago-del-teide\/nieruchomosci-na-sprzedaz-w-los-gigantes\/\" class=\"btn-sm btn btn-primary text-white py-1\">\tRead More<\/a><\/div><\/div><\/div><\/div><\/div><\/div><\/div>\n","protected":false},"excerpt":{"rendered":"<p>Popularne obszary Dowiedz si\u0119 wi\u0119cej o najpopularniejszych obszarach z praktycznymi informacjami i nieruchomo\u015bciami na sprzeda\u017c [&#8230;]<\/p>\n<p><a class=\"btn btn-secondary respacio-read-more-link\" href=\"https:\/\/tenerifepropertysales.demo4.respacio.com\/pl\/popularne-obszary\/\">Read More&#8230;<\/a><\/p>\n","protected":false},"author":2,"featured_media":0,"parent":0,"menu_order":0,"comment_status":"closed","ping_status":"closed","template":"","meta":{"_uag_custom_page_level_css":"","ub_ctt_via":"","footnotes":""},"page-tag":[],"class_list":["post-318268","page","type-page","status-publish","hentry"],"acf":[],"featured_image_src":null,"yoast_head":"<!-- This site is optimized with the Yoast SEO Premium plugin v21.2 (Yoast SEO v24.4) - https:\/\/yoast.com\/wordpress\/plugins\/seo\/ -->\n<title>Popularne obszary - Paul Ruane - Los Gigantes Properties<\/title>\n<meta name=\"robots\" content=\"noindex, follow, max-snippet:-1, max-image-preview:large, max-video-preview:-1\" \/>\n<meta property=\"og:locale\" content=\"pl_PL\" \/>\n<meta property=\"og:type\" content=\"article\" \/>\n<meta property=\"og:title\" content=\"Popularne obszary\" \/>\n<meta property=\"og:description\" content=\"Popularne obszary Dowiedz si\u0119 wi\u0119cej o najpopularniejszych obszarach z praktycznymi informacjami i nieruchomo\u015bciami na sprzeda\u017c [...]Read More...\" \/>\n<meta property=\"og:url\" content=\"https:\/\/tenerifepropertysales.demo4.respacio.com\/pl\/popularne-obszary\/\" \/>\n<meta property=\"og:site_name\" content=\"Paul Ruane - Los Gigantes Properties\" \/>\n<meta property=\"og:image\" content=\"\" \/>\n<meta name=\"twitter:card\" content=\"summary_large_image\" \/>\n<script type=\"application\/ld+json\" class=\"yoast-schema-graph\">{\"@context\":\"https:\/\/schema.org\",\"@graph\":[{\"@type\":\"WebPage\",\"@id\":\"https:\/\/tenerifepropertysales.demo4.respacio.com\/pl\/popularne-obszary\/\",\"url\":\"https:\/\/tenerifepropertysales.demo4.respacio.com\/pl\/popularne-obszary\/\",\"name\":\"Popularne obszary - Paul Ruane - Los Gigantes Properties\",\"isPartOf\":{\"@id\":\"https:\/\/tenerifepropertysales.demo4.respacio.com\/pl\/#website\"},\"datePublished\":\"2025-05-02T07:12:26+00:00\",\"breadcrumb\":{\"@id\":\"https:\/\/tenerifepropertysales.demo4.respacio.com\/pl\/popularne-obszary\/#breadcrumb\"},\"inLanguage\":\"pl-PL\",\"potentialAction\":[{\"@type\":\"ReadAction\",\"target\":[\"https:\/\/tenerifepropertysales.demo4.respacio.com\/pl\/popularne-obszary\/\"]}]},{\"@type\":\"BreadcrumbList\",\"@id\":\"https:\/\/tenerifepropertysales.demo4.respacio.com\/pl\/popularne-obszary\/#breadcrumb\",\"itemListElement\":[{\"@type\":\"ListItem\",\"position\":1,\"name\":\"Strona g\u0142\u00f3wna\",\"item\":\"https:\/\/tenerifepropertysales.demo4.respacio.com\/pl\/strona-tytulowa\/\"},{\"@type\":\"ListItem\",\"position\":2,\"name\":\"Popularne obszary\"}]},{\"@type\":\"WebSite\",\"@id\":\"https:\/\/tenerifepropertysales.demo4.respacio.com\/pl\/#website\",\"url\":\"https:\/\/tenerifepropertysales.demo4.respacio.com\/pl\/\",\"name\":\"Paul Ruane - Los Gigantes Properties\",\"description\":\"W\u0142a\u015bciwo\u015bci Los Gigantes\",\"publisher\":{\"@id\":\"https:\/\/tenerifepropertysales.demo4.respacio.com\/pl\/#organization\"},\"inLanguage\":\"pl-PL\"},{\"@type\":\"Organization\",\"@id\":\"https:\/\/tenerifepropertysales.demo4.respacio.com\/pl\/#organization\",\"name\":\"Paul Ruane - Los Gigantes Properties\",\"url\":\"https:\/\/tenerifepropertysales.demo4.respacio.com\/pl\/\",\"logo\":{\"@type\":\"ImageObject\",\"inLanguage\":\"pl-PL\",\"@id\":\"https:\/\/tenerifepropertysales.demo4.respacio.com\/pl\/#\/schema\/logo\/image\/\",\"url\":\"https:\/\/tenerifepropertysales.demo4.respacio.com\/wp-content\/uploads\/2020\/04\/logo-white-1.png\",\"contentUrl\":\"https:\/\/tenerifepropertysales.demo4.respacio.com\/wp-content\/uploads\/2020\/04\/logo-white-1.png\",\"width\":273,\"height\":59,\"caption\":\"Paul Ruane - Los Gigantes Properties\"},\"image\":{\"@id\":\"https:\/\/tenerifepropertysales.demo4.respacio.com\/pl\/#\/schema\/logo\/image\/\"}}]}<\/script>\n<!-- \/ Yoast SEO Premium plugin. -->","yoast_head_json":{"title":"Popularne obszary - Paul Ruane - Los Gigantes Properties","robots":{"index":"noindex","follow":"follow","max-snippet":"max-snippet:-1","max-image-preview":"max-image-preview:large","max-video-preview":"max-video-preview:-1"},"og_locale":"pl_PL","og_type":"article","og_title":"Popularne obszary","og_description":"Popularne obszary Dowiedz si\u0119 wi\u0119cej o najpopularniejszych obszarach z praktycznymi informacjami i nieruchomo\u015bciami na sprzeda\u017c [...]Read More...","og_url":"https:\/\/tenerifepropertysales.demo4.respacio.com\/pl\/popularne-obszary\/","og_site_name":"Paul Ruane - Los Gigantes Properties","og_image":[{"url":false,"type":"","width":"","height":""}],"twitter_card":"summary_large_image","schema":{"@context":"https:\/\/schema.org","@graph":[{"@type":"WebPage","@id":"https:\/\/tenerifepropertysales.demo4.respacio.com\/pl\/popularne-obszary\/","url":"https:\/\/tenerifepropertysales.demo4.respacio.com\/pl\/popularne-obszary\/","name":"Popularne obszary - Paul Ruane - Los Gigantes Properties","isPartOf":{"@id":"https:\/\/tenerifepropertysales.demo4.respacio.com\/pl\/#website"},"datePublished":"2025-05-02T07:12:26+00:00","breadcrumb":{"@id":"https:\/\/tenerifepropertysales.demo4.respacio.com\/pl\/popularne-obszary\/#breadcrumb"},"inLanguage":"pl-PL","potentialAction":[{"@type":"ReadAction","target":["https:\/\/tenerifepropertysales.demo4.respacio.com\/pl\/popularne-obszary\/"]}]},{"@type":"BreadcrumbList","@id":"https:\/\/tenerifepropertysales.demo4.respacio.com\/pl\/popularne-obszary\/#breadcrumb","itemListElement":[{"@type":"ListItem","position":1,"name":"Strona g\u0142\u00f3wna","item":"https:\/\/tenerifepropertysales.demo4.respacio.com\/pl\/strona-tytulowa\/"},{"@type":"ListItem","position":2,"name":"Popularne obszary"}]},{"@type":"WebSite","@id":"https:\/\/tenerifepropertysales.demo4.respacio.com\/pl\/#website","url":"https:\/\/tenerifepropertysales.demo4.respacio.com\/pl\/","name":"Paul Ruane - Los Gigantes Properties","description":"W\u0142a\u015bciwo\u015bci Los Gigantes","publisher":{"@id":"https:\/\/tenerifepropertysales.demo4.respacio.com\/pl\/#organization"},"inLanguage":"pl-PL"},{"@type":"Organization","@id":"https:\/\/tenerifepropertysales.demo4.respacio.com\/pl\/#organization","name":"Paul Ruane - Los Gigantes Properties","url":"https:\/\/tenerifepropertysales.demo4.respacio.com\/pl\/","logo":{"@type":"ImageObject","inLanguage":"pl-PL","@id":"https:\/\/tenerifepropertysales.demo4.respacio.com\/pl\/#\/schema\/logo\/image\/","url":"https:\/\/tenerifepropertysales.demo4.respacio.com\/wp-content\/uploads\/2020\/04\/logo-white-1.png","contentUrl":"https:\/\/tenerifepropertysales.demo4.respacio.com\/wp-content\/uploads\/2020\/04\/logo-white-1.png","width":273,"height":59,"caption":"Paul Ruane - Los Gigantes Properties"},"image":{"@id":"https:\/\/tenerifepropertysales.demo4.respacio.com\/pl\/#\/schema\/logo\/image\/"}}]}},"uagb_featured_image_src":{"full":false,"thumbnail":false,"medium":false,"medium_large":false,"large":false,"1536x1536":false,"2048x2048":false},"uagb_author_info":{"display_name":"support@respacio.com","author_link":"https:\/\/tenerifepropertysales.demo4.respacio.com\/pl\/author\/supportrespacio-com\/"},"uagb_comment_info":0,"uagb_excerpt":"Popularne obszary Dowiedz si\u0119 wi\u0119cej o najpopularniejszych obszarach z praktycznymi informacjami i nieruchomo\u015bciami na sprzeda\u017c [...]Read More...","_links":{"self":[{"href":"https:\/\/tenerifepropertysales.demo4.respacio.com\/pl\/wp-json\/wp\/v2\/pages\/318268","targetHints":{"allow":["GET"]}}],"collection":[{"href":"https:\/\/tenerifepropertysales.demo4.respacio.com\/pl\/wp-json\/wp\/v2\/pages"}],"about":[{"href":"https:\/\/tenerifepropertysales.demo4.respacio.com\/pl\/wp-json\/wp\/v2\/types\/page"}],"author":[{"embeddable":true,"href":"https:\/\/tenerifepropertysales.demo4.respacio.com\/pl\/wp-json\/wp\/v2\/users\/2"}],"replies":[{"embeddable":true,"href":"https:\/\/tenerifepropertysales.demo4.respacio.com\/pl\/wp-json\/wp\/v2\/comments?post=318268"}],"version-history":[{"count":1,"href":"https:\/\/tenerifepropertysales.demo4.respacio.com\/pl\/wp-json\/wp\/v2\/pages\/318268\/revisions"}],"predecessor-version":[{"id":318269,"href":"https:\/\/tenerifepropertysales.demo4.respacio.com\/pl\/wp-json\/wp\/v2\/pages\/318268\/revisions\/318269"}],"wp:attachment":[{"href":"https:\/\/tenerifepropertysales.demo4.respacio.com\/pl\/wp-json\/wp\/v2\/media?parent=318268"}],"wp:term":[{"taxonomy":"page-tag","embeddable":true,"href":"https:\/\/tenerifepropertysales.demo4.respacio.com\/pl\/wp-json\/wp\/v2\/page-tag?post=318268"}],"curies":[{"name":"wp","href":"https:\/\/api.w.org\/{rel}","templated":true}]}}