{"id":318321,"date":"2025-05-02T08:12:49","date_gmt":"2025-05-02T07:12:49","guid":{"rendered":"https:\/\/tenerifepropertysales.demo4.respacio.com\/kontakt\/"},"modified":"2025-06-13T12:51:47","modified_gmt":"2025-06-13T11:51:47","slug":"kontakt","status":"publish","type":"page","link":"https:\/\/tenerifepropertysales.demo4.respacio.com\/pl\/kontakt\/","title":{"rendered":"Kontakt"},"content":{"rendered":"\t\t\t<div \n\t\t\tclass=\"wp-block-uagb-google-map uagb-google-map__wrap uagb-block-316ea759     alignwide ticss-c6fa4ff0 p-0\"\n\t\t\tstyle=\"\" >\n\t\t\t\t<embed\n\t\t\t\t\tclass=\"uagb-google-map__iframe\"\n\t\t\t\t\ttitle=\"Google Map for \"\n\t\t\t\t\tsrc=\"https:\/\/maps.google.com\/maps?q=Los%20Gigantes%20Properties&#038;z=12&#038;hl=en&#038;t=m&#038;output=embed&#038;iwloc=near\"\n\t\t\t\t\twidth=\"640\"\n\t\t\t\t\theight=\"400\"\n\t\t\t\t\tloading=\"lazy\"\n\t\t\t\t><\/embed>\n\t\t\t<\/div>\n\t\t\t\n<section class=\"wp-block-uagb-columns uagb-columns__wrap uagb-columns__background-none uagb-columns__stack-mobile uagb-columns__valign-top uagb-columns__gap-10 align uagb-block-f2c30a8a uagb-columns__columns-2 uagb-columns__max_width-custom\"><div class=\"uagb-columns__overlay\"><\/div><div class=\"uagb-columns__inner-wrap uagb-columns__columns-2\">\n<div class=\"wp-block-uagb-column uagb-column__wrap uagb-column__background-undefined uagb-block-59c75c08\"><div class=\"uagb-column__overlay\"><\/div>\n<h4 class=\"wp-block-heading\" id=\"h-paul-ruane-los-gigantes-properties-s-l\">Paul Ruane Los Gigantes Properties S.L.<\/h4>\n\n\n\n<hr class=\"wp-block-separator has-css-opacity ticss-c162388f\"\/>\n\n\n\n<p><strong>Email :<\/strong><br\/><a href=\"mailto:info@tenerifepropertysales.com\">info@tenerifepropertysales.com<\/a> <\/p>\n\n\n\n<p><strong>Adres:<\/strong><br\/>Calle Flor De Pascua, 23,<br\/>38683, Los Gigantes<br\/>Teneryfa<\/p>\n\n\n\n<p><strong>Telefon :<\/strong><br\/><a href=\"tel:+34922861313\">+34 922 86 13 13<\/a><\/p>\n<\/div>\n\n\n\n<div class=\"wp-block-uagb-column uagb-column__wrap uagb-column__background-undefined uagb-block-3ce93d36\"><div class=\"uagb-column__overlay\"><\/div>\n<div class=\"wpcf7 no-js\" id=\"wpcf7-f241183-o1\" lang=\"\" dir=\"ltr\" data-wpcf7-id=\"241183\">\n<div class=\"screen-reader-response\"><p role=\"status\" aria-live=\"polite\" aria-atomic=\"true\"><\/p> <ul><\/ul><\/div>\n<form action=\"\/pl\/wp-json\/wp\/v2\/pages\/318321#wpcf7-f241183-o1\" method=\"post\" class=\"wpcf7-form init\" aria-label=\"Formularz kontaktowy\" novalidate=\"novalidate\" data-status=\"init\">\n<div style=\"display: none;\">\n<input type=\"hidden\" name=\"_wpcf7\" value=\"241183\" \/>\n<input type=\"hidden\" name=\"_wpcf7_version\" value=\"6.0.3\" \/>\n<input type=\"hidden\" name=\"_wpcf7_locale\" value=\"\" \/>\n<input type=\"hidden\" name=\"_wpcf7_unit_tag\" value=\"wpcf7-f241183-o1\" \/>\n<input type=\"hidden\" name=\"_wpcf7_container_post\" value=\"0\" \/>\n<input type=\"hidden\" name=\"_wpcf7_posted_data_hash\" value=\"\" \/>\n<input type=\"hidden\" name=\"_wpcf7cf_hidden_group_fields\" value=\"[]\" \/>\n<input type=\"hidden\" name=\"_wpcf7cf_hidden_groups\" value=\"[]\" \/>\n<input type=\"hidden\" name=\"_wpcf7cf_visible_groups\" value=\"[]\" \/>\n<input type=\"hidden\" name=\"_wpcf7cf_repeaters\" value=\"[]\" \/>\n<input type=\"hidden\" name=\"_wpcf7cf_steps\" value=\"{}\" \/>\n<input type=\"hidden\" name=\"_wpcf7cf_options\" value=\"{&quot;form_id&quot;:241183,&quot;conditions&quot;:[],&quot;settings&quot;:{&quot;animation&quot;:&quot;yes&quot;,&quot;animation_intime&quot;:200,&quot;animation_outtime&quot;:200,&quot;conditions_ui&quot;:&quot;normal&quot;,&quot;notice_dismissed&quot;:false,&quot;regex_numeric&quot;:&quot;^[0-9]+$&quot;,&quot;regex_alphabetic&quot;:&quot;^[a-zA-Z]+$&quot;,&quot;regex_alphanumeric&quot;:&quot;^[a-zA-Z0-9]+$&quot;,&quot;regex_date&quot;:&quot;^(0?[1-9]|1[012])[- .](0?[1-9]|[12][0-9]|3[01])[- \\\/.](19|20)?[0-9]{2}$&quot;,&quot;regex_email&quot;:&quot;^[a-zA-Z0-9._%-]+@[a-zA-Z0-9.-]+.[a-zA-Z]{2,4}$&quot;,&quot;regex_numeric_label&quot;:&quot;numeric&quot;,&quot;regex_alphabetic_label&quot;:&quot;alphabetic&quot;,&quot;regex_alphanumeric_label&quot;:&quot;alphanumeric&quot;,&quot;regex_date_label&quot;:&quot;date&quot;,&quot;regex_email_label&quot;:&quot;email&quot;,&quot;regex_custom_1&quot;:&quot;&quot;,&quot;regex_custom_2&quot;:&quot;&quot;,&quot;regex_custom_3&quot;:&quot;&quot;,&quot;regex_custom_4&quot;:&quot;&quot;,&quot;regex_custom_5&quot;:&quot;&quot;,&quot;regex_custom_1_label&quot;:&quot;custom 1&quot;,&quot;regex_custom_2_label&quot;:&quot;custom 2&quot;,&quot;regex_custom_3_label&quot;:&quot;custom 3&quot;,&quot;regex_custom_4_label&quot;:&quot;custom 4&quot;,&quot;regex_custom_5_label&quot;:&quot;custom 5&quot;,&quot;notice_dismissed_rollback-cf7-5.8&quot;:true}}\" \/>\n<input type=\"hidden\" name=\"_wpcf7_recaptcha_response\" value=\"\" \/>\n<\/div>\n<div id=\"contact_page_form\">\n\t<div class=\"row\">\n\t\t<div class=\"col-sm-6 p-2\">\n\t\t\t<p><span class=\"wpcf7-form-control-wrap\" data-name=\"your-name\"><input size=\"40\" maxlength=\"400\" class=\"wpcf7-form-control wpcf7-text wpcf7-validates-as-required form-control\" aria-required=\"true\" aria-invalid=\"false\" placeholder=\"Name*\" value=\"\" type=\"text\" name=\"your-name\" \/><\/span>\n\t\t\t<\/p>\n\t\t<\/div>\n\t\t<div class=\"col-sm-6 p-2\">\n\t\t\t<p><span class=\"wpcf7-form-control-wrap\" data-name=\"your-sname\"><input size=\"40\" maxlength=\"400\" class=\"wpcf7-form-control wpcf7-text wpcf7-validates-as-required form-control\" aria-required=\"true\" aria-invalid=\"false\" placeholder=\"Surname*\" value=\"\" type=\"text\" name=\"your-sname\" \/><\/span>\n\t\t\t<\/p>\n\t\t<\/div>\n\t<\/div>\n\t<div class=\"row\">\n\t\t<div class=\"col-sm-6 p-2\">\n\t\t\t<p><span class=\"wpcf7-form-control-wrap\" data-name=\"your-phone\"><input size=\"40\" maxlength=\"400\" class=\"wpcf7-form-control wpcf7-tel wpcf7-validates-as-required wpcf7-text wpcf7-validates-as-tel form-control\" aria-required=\"true\" aria-invalid=\"false\" placeholder=\"Phone*\" value=\"\" type=\"tel\" name=\"your-phone\" \/><\/span>\n\t\t\t<\/p>\n\t\t<\/div>\n\t\t<div class=\"col-sm-6 p-2\">\n\t\t\t<p><span class=\"wpcf7-form-control-wrap\" data-name=\"your-email\"><input size=\"40\" maxlength=\"400\" class=\"wpcf7-form-control wpcf7-email wpcf7-validates-as-required wpcf7-text wpcf7-validates-as-email form-control\" aria-required=\"true\" aria-invalid=\"false\" placeholder=\"Email Address*\" value=\"\" type=\"email\" name=\"your-email\" \/><\/span>\n\t\t\t<\/p>\n\t\t<\/div>\n\t<\/div>\n\t<div class=\"row\">\n\t\t<div class=\"col-sm-12 p-2\">\n\t\t\t<p><span class=\"wpcf7-form-control-wrap\" data-name=\"your-message\"><textarea cols=\"34\" rows=\"4\" maxlength=\"2000\" class=\"wpcf7-form-control wpcf7-textarea form-control replace_message\" aria-invalid=\"false\" placeholder=\"Message\" name=\"your-message\"><\/textarea><\/span>\n\t\t\t<\/p>\n\t\t<\/div>\n\t<\/div>\n\t<div class=\"row\">\n\t\t<div class=\"col-sm-12 p-2 terms-on-white\">\n\t\t\t<p><span class=\"wpcf7-form-control-wrap\" data-name=\"privacy\"><span class=\"wpcf7-form-control wpcf7-acceptance\"><span class=\"wpcf7-list-item\"><label><input type=\"checkbox\" name=\"privacy\" value=\"1\" class=\"acceptance\" aria-invalid=\"false\" \/><span class=\"wpcf7-list-item-label\">I have read and accept the <a href=\"\/privacy-policy\/\" target=\"_blank\">Privacy agreement<\/a>, the <a \n  href=\"\/cookie-policy\/\" target=\"_blank\">Cookie agreement<\/a>, and the <a href=\"\/legal-policy\/\" target=\"_blank\">Legal agreement<\/a><\/span><\/label><\/span><\/span><\/span>\n\t\t\t<\/p>\n\t\t<\/div>\n\t<\/div>\n\t<div class=\"row\">\n\t\t<div class=\"col-sm-12 p-2\">\n\t\t\t<p><input class=\"wpcf7-form-control wpcf7-submit has-spinner form-control btn btn-primary\" type=\"submit\" value=\"Submit\" \/>\n\t\t\t<\/p>\n\t\t<\/div>\n\t<\/div>\n<\/div><div class=\"wpcf7-response-output\" aria-hidden=\"true\"><\/div>\n<\/form>\n<\/div>\n\n<\/div>\n<\/div><\/section>\n","protected":false},"excerpt":{"rendered":"<p>Paul Ruane Los Gigantes Properties S.L. Email :info@tenerifepropertysales.com Adres:Calle Flor De Pascua, 23,38683, Los GigantesTeneryfa Telefon :+34 922 86 13 13 [&#8230;]<\/p>\n<p><a class=\"btn btn-secondary respacio-read-more-link\" href=\"https:\/\/tenerifepropertysales.demo4.respacio.com\/pl\/kontakt\/\">Read More&#8230;<\/a><\/p>\n","protected":false},"author":2,"featured_media":0,"parent":0,"menu_order":0,"comment_status":"closed","ping_status":"closed","template":"","meta":{"_uag_custom_page_level_css":"","ub_ctt_via":"","footnotes":""},"page-tag":[],"class_list":["post-318321","page","type-page","status-publish","hentry"],"acf":[],"featured_image_src":null,"yoast_head":"<!-- This site is optimized with the Yoast SEO Premium plugin v21.2 (Yoast SEO v24.4) - https:\/\/yoast.com\/wordpress\/plugins\/seo\/ -->\n<title>Kontakt - Paul Ruane - Los Gigantes Properties<\/title>\n<meta name=\"robots\" content=\"noindex, follow, max-snippet:-1, max-image-preview:large, max-video-preview:-1\" \/>\n<meta property=\"og:locale\" content=\"pl_PL\" \/>\n<meta property=\"og:type\" content=\"article\" \/>\n<meta property=\"og:title\" content=\"Kontakt\" \/>\n<meta property=\"og:description\" content=\"Paul Ruane Los Gigantes Properties S.L. Email :info@tenerifepropertysales.com Adres:Calle Flor De Pascua, 23,38683, Los GigantesTeneryfa Telefon :+34 922 86 13 13 [...]Read More...\" \/>\n<meta property=\"og:url\" content=\"https:\/\/tenerifepropertysales.demo4.respacio.com\/pl\/kontakt\/\" \/>\n<meta property=\"og:site_name\" content=\"Paul Ruane - Los Gigantes Properties\" \/>\n<meta property=\"article:modified_time\" content=\"2025-06-13T11:51:47+00:00\" \/>\n<meta property=\"og:image\" content=\"\" \/>\n<meta name=\"twitter:card\" content=\"summary_large_image\" \/>\n<script type=\"application\/ld+json\" class=\"yoast-schema-graph\">{\"@context\":\"https:\/\/schema.org\",\"@graph\":[{\"@type\":\"WebPage\",\"@id\":\"https:\/\/tenerifepropertysales.demo4.respacio.com\/pl\/kontakt\/\",\"url\":\"https:\/\/tenerifepropertysales.demo4.respacio.com\/pl\/kontakt\/\",\"name\":\"Kontakt - Paul Ruane - Los Gigantes Properties\",\"isPartOf\":{\"@id\":\"https:\/\/tenerifepropertysales.demo4.respacio.com\/pl\/#website\"},\"datePublished\":\"2025-05-02T07:12:49+00:00\",\"dateModified\":\"2025-06-13T11:51:47+00:00\",\"breadcrumb\":{\"@id\":\"https:\/\/tenerifepropertysales.demo4.respacio.com\/pl\/kontakt\/#breadcrumb\"},\"inLanguage\":\"pl-PL\",\"potentialAction\":[{\"@type\":\"ReadAction\",\"target\":[\"https:\/\/tenerifepropertysales.demo4.respacio.com\/pl\/kontakt\/\"]}]},{\"@type\":\"BreadcrumbList\",\"@id\":\"https:\/\/tenerifepropertysales.demo4.respacio.com\/pl\/kontakt\/#breadcrumb\",\"itemListElement\":[{\"@type\":\"ListItem\",\"position\":1,\"name\":\"Strona g\u0142\u00f3wna\",\"item\":\"https:\/\/tenerifepropertysales.demo4.respacio.com\/pl\/strona-tytulowa\/\"},{\"@type\":\"ListItem\",\"position\":2,\"name\":\"Kontakt\"}]},{\"@type\":\"WebSite\",\"@id\":\"https:\/\/tenerifepropertysales.demo4.respacio.com\/pl\/#website\",\"url\":\"https:\/\/tenerifepropertysales.demo4.respacio.com\/pl\/\",\"name\":\"Paul Ruane - Los Gigantes Properties\",\"description\":\"W\u0142a\u015bciwo\u015bci Los Gigantes\",\"publisher\":{\"@id\":\"https:\/\/tenerifepropertysales.demo4.respacio.com\/pl\/#organization\"},\"inLanguage\":\"pl-PL\"},{\"@type\":\"Organization\",\"@id\":\"https:\/\/tenerifepropertysales.demo4.respacio.com\/pl\/#organization\",\"name\":\"Paul Ruane - Los Gigantes Properties\",\"url\":\"https:\/\/tenerifepropertysales.demo4.respacio.com\/pl\/\",\"logo\":{\"@type\":\"ImageObject\",\"inLanguage\":\"pl-PL\",\"@id\":\"https:\/\/tenerifepropertysales.demo4.respacio.com\/pl\/#\/schema\/logo\/image\/\",\"url\":\"https:\/\/tenerifepropertysales.demo4.respacio.com\/wp-content\/uploads\/2020\/04\/logo-white-1.png\",\"contentUrl\":\"https:\/\/tenerifepropertysales.demo4.respacio.com\/wp-content\/uploads\/2020\/04\/logo-white-1.png\",\"width\":273,\"height\":59,\"caption\":\"Paul Ruane - Los Gigantes Properties\"},\"image\":{\"@id\":\"https:\/\/tenerifepropertysales.demo4.respacio.com\/pl\/#\/schema\/logo\/image\/\"}}]}<\/script>\n<!-- \/ Yoast SEO Premium plugin. -->","yoast_head_json":{"title":"Kontakt - Paul Ruane - Los Gigantes Properties","robots":{"index":"noindex","follow":"follow","max-snippet":"max-snippet:-1","max-image-preview":"max-image-preview:large","max-video-preview":"max-video-preview:-1"},"og_locale":"pl_PL","og_type":"article","og_title":"Kontakt","og_description":"Paul Ruane Los Gigantes Properties S.L. Email :info@tenerifepropertysales.com Adres:Calle Flor De Pascua, 23,38683, Los GigantesTeneryfa Telefon :+34 922 86 13 13 [...]Read More...","og_url":"https:\/\/tenerifepropertysales.demo4.respacio.com\/pl\/kontakt\/","og_site_name":"Paul Ruane - Los Gigantes Properties","article_modified_time":"2025-06-13T11:51:47+00:00","og_image":[{"url":false,"type":"","width":"","height":""}],"twitter_card":"summary_large_image","schema":{"@context":"https:\/\/schema.org","@graph":[{"@type":"WebPage","@id":"https:\/\/tenerifepropertysales.demo4.respacio.com\/pl\/kontakt\/","url":"https:\/\/tenerifepropertysales.demo4.respacio.com\/pl\/kontakt\/","name":"Kontakt - Paul Ruane - Los Gigantes Properties","isPartOf":{"@id":"https:\/\/tenerifepropertysales.demo4.respacio.com\/pl\/#website"},"datePublished":"2025-05-02T07:12:49+00:00","dateModified":"2025-06-13T11:51:47+00:00","breadcrumb":{"@id":"https:\/\/tenerifepropertysales.demo4.respacio.com\/pl\/kontakt\/#breadcrumb"},"inLanguage":"pl-PL","potentialAction":[{"@type":"ReadAction","target":["https:\/\/tenerifepropertysales.demo4.respacio.com\/pl\/kontakt\/"]}]},{"@type":"BreadcrumbList","@id":"https:\/\/tenerifepropertysales.demo4.respacio.com\/pl\/kontakt\/#breadcrumb","itemListElement":[{"@type":"ListItem","position":1,"name":"Strona g\u0142\u00f3wna","item":"https:\/\/tenerifepropertysales.demo4.respacio.com\/pl\/strona-tytulowa\/"},{"@type":"ListItem","position":2,"name":"Kontakt"}]},{"@type":"WebSite","@id":"https:\/\/tenerifepropertysales.demo4.respacio.com\/pl\/#website","url":"https:\/\/tenerifepropertysales.demo4.respacio.com\/pl\/","name":"Paul Ruane - Los Gigantes Properties","description":"W\u0142a\u015bciwo\u015bci Los Gigantes","publisher":{"@id":"https:\/\/tenerifepropertysales.demo4.respacio.com\/pl\/#organization"},"inLanguage":"pl-PL"},{"@type":"Organization","@id":"https:\/\/tenerifepropertysales.demo4.respacio.com\/pl\/#organization","name":"Paul Ruane - Los Gigantes Properties","url":"https:\/\/tenerifepropertysales.demo4.respacio.com\/pl\/","logo":{"@type":"ImageObject","inLanguage":"pl-PL","@id":"https:\/\/tenerifepropertysales.demo4.respacio.com\/pl\/#\/schema\/logo\/image\/","url":"https:\/\/tenerifepropertysales.demo4.respacio.com\/wp-content\/uploads\/2020\/04\/logo-white-1.png","contentUrl":"https:\/\/tenerifepropertysales.demo4.respacio.com\/wp-content\/uploads\/2020\/04\/logo-white-1.png","width":273,"height":59,"caption":"Paul Ruane - Los Gigantes Properties"},"image":{"@id":"https:\/\/tenerifepropertysales.demo4.respacio.com\/pl\/#\/schema\/logo\/image\/"}}]}},"uagb_featured_image_src":{"full":false,"thumbnail":false,"medium":false,"medium_large":false,"large":false,"1536x1536":false,"2048x2048":false},"uagb_author_info":{"display_name":"support@respacio.com","author_link":"https:\/\/tenerifepropertysales.demo4.respacio.com\/pl\/author\/supportrespacio-com\/"},"uagb_comment_info":0,"uagb_excerpt":"Paul Ruane Los Gigantes Properties S.L. Email :info@tenerifepropertysales.com Adres:Calle Flor De Pascua, 23,38683, Los GigantesTeneryfa Telefon :+34 922 86 13 13 [...]Read More...","_links":{"self":[{"href":"https:\/\/tenerifepropertysales.demo4.respacio.com\/pl\/wp-json\/wp\/v2\/pages\/318321","targetHints":{"allow":["GET"]}}],"collection":[{"href":"https:\/\/tenerifepropertysales.demo4.respacio.com\/pl\/wp-json\/wp\/v2\/pages"}],"about":[{"href":"https:\/\/tenerifepropertysales.demo4.respacio.com\/pl\/wp-json\/wp\/v2\/types\/page"}],"author":[{"embeddable":true,"href":"https:\/\/tenerifepropertysales.demo4.respacio.com\/pl\/wp-json\/wp\/v2\/users\/2"}],"replies":[{"embeddable":true,"href":"https:\/\/tenerifepropertysales.demo4.respacio.com\/pl\/wp-json\/wp\/v2\/comments?post=318321"}],"version-history":[{"count":4,"href":"https:\/\/tenerifepropertysales.demo4.respacio.com\/pl\/wp-json\/wp\/v2\/pages\/318321\/revisions"}],"predecessor-version":[{"id":319674,"href":"https:\/\/tenerifepropertysales.demo4.respacio.com\/pl\/wp-json\/wp\/v2\/pages\/318321\/revisions\/319674"}],"wp:attachment":[{"href":"https:\/\/tenerifepropertysales.demo4.respacio.com\/pl\/wp-json\/wp\/v2\/media?parent=318321"}],"wp:term":[{"taxonomy":"page-tag","embeddable":true,"href":"https:\/\/tenerifepropertysales.demo4.respacio.com\/pl\/wp-json\/wp\/v2\/page-tag?post=318321"}],"curies":[{"name":"wp","href":"https:\/\/api.w.org\/{rel}","templated":true}]}}