{"id":318353,"date":"2025-05-02T08:13:01","date_gmt":"2025-05-02T07:13:01","guid":{"rendered":"https:\/\/tenerifepropertysales.demo4.respacio.com\/informacje-o-paul-ruane-los-gigantes-properties\/"},"modified":"2025-05-02T08:13:02","modified_gmt":"2025-05-02T07:13:02","slug":"informacje-o-paul-ruane-los-gigantes-properties","status":"publish","type":"page","link":"https:\/\/tenerifepropertysales.demo4.respacio.com\/pl\/informacje-o-paul-ruane-los-gigantes-properties\/","title":{"rendered":"Informacje o Paul Ruane &#8211; Los Gigantes Properties"},"content":{"rendered":"\n<p>Paul Ruane i jego zesp\u00f3\u0142 przenosz\u0105 teraz Los Gigantes w przysz\u0142o\u015b\u0107, wprowadzaj\u0105c nowe rozwi\u0105zania, takie jak Cristal i Aqua Suites, a tak\u017ce kilka innych trwaj\u0105cych projekt\u00f3w.<\/p>\n\n<p>Chocia\u017c niekt\u00f3rzy twierdz\u0105, \u017ce by\u0142 pierwszym agentem nieruchomo\u015bci w Los Gigantes, faktem jest, \u017ce Paul widzia\u0142 wielu agent\u00f3w nieruchomo\u015bci, kt\u00f3rzy przychodzili i odchodzili w tym obszarze. Widzia\u0142, jak inni przechodzili na emerytur\u0119 i byli przejmowani przez nowych, z kt\u00f3rych niekt\u00f3rzy dzia\u0142ali tylko przez kilka lat. Jednak ze wzgl\u0119du na to, \u017ce Paul Ruane by\u0142 pierwszym agentem nieruchomo\u015bci w tym miejscu i ze wzgl\u0119du na zaanga\u017cowanie, jakie mia\u0142 podczas budowy Los Gigantes, nasi klienci nie tylko korzystaj\u0105 z naszej bogatej wiedzy i do\u015bwiadczenia, ale tak\u017ce mog\u0105 by\u0107 pewni, \u017ce b\u0119dziemy tu dla nich przez wiele kolejnych lat. W rzeczywisto\u015bci 4 z 5 agent\u00f3w nieruchomo\u015bci w najbli\u017cszej okolicy kupi\u0142o w\u0142asne nieruchomo\u015bci od Paula Raune.     <\/p>\n\n<p>Paul ma oddany zesp\u00f3\u0142, kt\u00f3ry podziela jego wiedz\u0119 i pracuje z nim od wielu lat. Co najwa\u017cniejsze, pracujemy jako zesp\u00f3\u0142, aby zapewni\u0107, \u017ce najlepsze interesy wszystkich naszych klient\u00f3w s\u0105 dla wszystkich najwa\u017cniejsze. <\/p>\n\n<h2 class=\"wp-block-heading\">Cofnij si\u0119 w czasie<\/h2>\n\n<p>Pierwsze nieruchomo\u015bci zbudowane w Los Gigantes znajduj\u0105 si\u0119 wok\u00f3\u0142 placu ko\u015bcielnego, chocia\u017c ko\u015bci\u00f3\u0142 zosta\u0142 zbudowany dopiero znacznie p\u00f3\u017aniej. Pierwotnie wioska sk\u0142ada\u0142a si\u0119 z pierwszej du\u017cej konstrukcji, kt\u00f3r\u0105 by\u0142 hotel Los Gigantes, kt\u00f3ry w tym czasie by\u0142 o po\u0142ow\u0119 mniejszy ni\u017c obecnie, a jego basen znajdowa\u0142 si\u0119 po drugiej stronie ulicy w miejscu, gdzie obecnie znajduje si\u0119 &#8222;Oaza&#8221;. <\/p>\n\n<p>W tym czasie The Oasis by\u0142 nazywany &#8222;The Club&#8221; i nale\u017ca\u0142 do hotelu Los Gigantes.<\/p>\n\n<p>Paul Ruane przyby\u0142 do Los Gigantes w 1979 roku, w wieku zaledwie 20 lat, w czasie gdy apartamenty na Florydzie rozpoczyna\u0142y budow\u0119.<\/p>\n\n<p>Zaanga\u017cowa\u0142 si\u0119 w sprzeda\u017c tych nieruchomo\u015bci od Planu, a nast\u0119pnie rozpocz\u0105\u0142 prac\u0119 dla Jensa Petera Fuldy, kt\u00f3ry by\u0142 w\u0142a\u015bcicielem najwi\u0119kszej firmy budowlanej w tym regionie. Przez kolejne 15 lat Paul pracowa\u0142 jako szef sprzeda\u017cy, a nast\u0119pnie zosta\u0142 dyrektorem Construction Fulda, a nast\u0119pnie otworzy\u0142 w\u0142asn\u0105 agencj\u0119 &#8211; Los Gigantes Properties s.l. <\/p>\n\n<p>Podczas pierwotnej budowy nast\u0119puj\u0105cych kompleks\u00f3w Paul Ruane by\u0142 odpowiedzialny za sprzeda\u017c i sprzeda\u0142 je wszystkie pocz\u0105tkowo z planu: Hibisco I, II i III, Medusa I, II i III, Crab Island Apartments, Sunset Apartments (Los Gigantes).<\/p>\n\n<p>Wszystkie wille Crab Island, Cornisa, Tamara A, B, C, D i AII, BII, CII i DII, Los Arcos, r\u00f3\u017cne nieruchomo\u015bci w Calle el Pino, Calle Adlefas i Calle Tabaiba, urbanizacja San Francisco, w tym apartamenty California i Santa Barbara, Edificio Mario w Puerto Santiago, Las Pardeleras, Finca Esmeralda, Grand Tabaiba, apartamenty Avenida. Ponadto, nieco dalej : Wille w El Madro\u00f1al i Wille w Valle Hermosa w Playa de Las Amercias. <\/p>\n\n<p>Paul Ruane by\u0142 r\u00f3wnie\u017c zaanga\u017cowany w kilka innych kompleks\u00f3w i lokali, takich jak: Tipsy Terrace, Restaurant Tamara, Restaurant El Pescador, The Oasis, Arches Bistro<\/p>\n\n<p>Paul by\u0142 r\u00f3wnie\u017c g\u0142\u00f3wnym agentem sprzeda\u017cy sprzedaj\u0105cym nast\u0119puj\u0105ce kompleksy od Plan:<\/p>\n\n<p>Aqua Marin, El Marques Palace, Balcon de Los Gigantes, Sansofe Puerto, Florencia (P.O.), El Marques i Las Rosas, Sansofe, Vitacura, India Sol, Vigilia Park, Casa Blanca.<\/p>\n\n<p>Paul Ruane i Constructions Fulda wsp\u00f3\u0142pracowali rami\u0119 w rami\u0119 z rodzin\u0105 Pi\u00f1eiro i ich firm\u0105 &#8222;Gigansol&#8221;, kt\u00f3rzy byli pionierami Los Gigantes (i kt\u00f3rzy faktycznie zbudowali hotel Los Gigantes) i opracowali kompleksy: Sauce, Drago, Flamboyant, Geranios, Jacaranda, Club I i Club II, Jasmin, Las Mimosas i r\u00f3\u017cne nieruchomo\u015bci w Calle Pino<\/p>\n\n<p>Paul sprzedawa\u0142 r\u00f3wnie\u017c nieruchomo\u015bci dla kilku innych niezale\u017cnych deweloper\u00f3w, kt\u00f3rzy r\u00f3wnie\u017c budowali kompleksy i nieruchomo\u015bci w okolicy.<\/p>\n\n<p>Do dnia dzisiejszego Paul Ruane i Los Gigantes Properties s.l. nadal sprzedaj\u0105 nieruchomo\u015bci w ka\u017cdym kompleksie i lokalizacji w tej okolicy i s\u0105 z pewno\u015bci\u0105 mark\u0105, na kt\u00f3rej mo\u017cna polega\u0107.<\/p>\n","protected":false},"excerpt":{"rendered":"<p>Paul Ruane i jego zesp\u00f3\u0142 przenosz\u0105 teraz Los Gigantes w przysz\u0142o\u015b\u0107, wprowadzaj\u0105c nowe rozwi\u0105zania, takie jak Cristal i Aqua Suites, a tak\u017ce kilka innych trwaj\u0105cych projekt\u00f3w. Chocia\u017c niekt\u00f3rzy twierdz\u0105, \u017ce by\u0142 pierwszym agentem nieruchomo\u015bci w Los Gigantes, faktem jest, \u017ce Paul widzia\u0142 wielu agent\u00f3w nieruchomo\u015bci, kt\u00f3rzy przychodzili i odchodzili w tym obszarze. Widzia\u0142, jak inni [&#8230;]<\/p>\n<p><a class=\"btn btn-secondary respacio-read-more-link\" href=\"https:\/\/tenerifepropertysales.demo4.respacio.com\/pl\/informacje-o-paul-ruane-los-gigantes-properties\/\">Read More&#8230;<\/a><\/p>\n","protected":false},"author":2,"featured_media":318355,"parent":0,"menu_order":0,"comment_status":"closed","ping_status":"closed","template":"","meta":{"_uag_custom_page_level_css":"","ub_ctt_via":"","footnotes":""},"page-tag":[],"class_list":["post-318353","page","type-page","status-publish","has-post-thumbnail","hentry"],"acf":[],"featured_image_src":"https:\/\/tenerifepropertysales.demo4.respacio.com\/wp-content\/uploads\/2024\/11\/Photo-22-10-24-12-41-12-scaled.jpg","yoast_head":"<!-- This site is optimized with the Yoast SEO Premium plugin v21.2 (Yoast SEO v24.4) - https:\/\/yoast.com\/wordpress\/plugins\/seo\/ -->\n<title>Informacje o Paul Ruane - Los Gigantes Properties - Paul Ruane - Los Gigantes Properties<\/title>\n<meta name=\"robots\" content=\"noindex, follow, max-snippet:-1, max-image-preview:large, max-video-preview:-1\" \/>\n<meta property=\"og:locale\" content=\"pl_PL\" \/>\n<meta property=\"og:type\" content=\"article\" \/>\n<meta property=\"og:title\" content=\"Informacje o Paul Ruane - Los Gigantes Properties\" \/>\n<meta property=\"og:description\" content=\"Paul Ruane i jego zesp\u00f3\u0142 przenosz\u0105 teraz Los Gigantes w przysz\u0142o\u015b\u0107, wprowadzaj\u0105c nowe rozwi\u0105zania, takie jak Cristal i Aqua Suites, a tak\u017ce kilka innych trwaj\u0105cych projekt\u00f3w. Chocia\u017c niekt\u00f3rzy twierdz\u0105, \u017ce by\u0142 pierwszym agentem nieruchomo\u015bci w Los Gigantes, faktem jest, \u017ce Paul widzia\u0142 wielu agent\u00f3w nieruchomo\u015bci, kt\u00f3rzy przychodzili i odchodzili w tym obszarze. Widzia\u0142, jak inni [...]Read More...\" \/>\n<meta property=\"og:url\" content=\"https:\/\/tenerifepropertysales.demo4.respacio.com\/pl\/informacje-o-paul-ruane-los-gigantes-properties\/\" \/>\n<meta property=\"og:site_name\" content=\"Paul Ruane - Los Gigantes Properties\" \/>\n<meta property=\"article:modified_time\" content=\"2025-05-02T07:13:02+00:00\" \/>\n<meta property=\"og:image\" content=\"https:\/\/tenerifepropertysales.demo4.respacio.com\/wp-content\/uploads\/2024\/11\/Photo-22-10-24-12-41-12-1024x768.jpg\" \/>\n<meta name=\"twitter:card\" content=\"summary_large_image\" \/>\n<meta name=\"twitter:image\" content=\"https:\/\/tenerifepropertysales.demo4.respacio.com\/wp-content\/uploads\/2024\/11\/Photo-22-10-24-12-41-12-1024x768.jpg\" \/>\n<meta name=\"twitter:label1\" content=\"Szacowany czas czytania\" \/>\n\t<meta name=\"twitter:data1\" content=\"3 minuty\" \/>\n<script type=\"application\/ld+json\" class=\"yoast-schema-graph\">{\"@context\":\"https:\/\/schema.org\",\"@graph\":[{\"@type\":\"WebPage\",\"@id\":\"https:\/\/tenerifepropertysales.demo4.respacio.com\/pl\/informacje-o-paul-ruane-los-gigantes-properties\/\",\"url\":\"https:\/\/tenerifepropertysales.demo4.respacio.com\/pl\/informacje-o-paul-ruane-los-gigantes-properties\/\",\"name\":\"Informacje o Paul Ruane - Los Gigantes Properties - Paul Ruane - Los Gigantes Properties\",\"isPartOf\":{\"@id\":\"https:\/\/tenerifepropertysales.demo4.respacio.com\/pl\/#website\"},\"primaryImageOfPage\":{\"@id\":\"https:\/\/tenerifepropertysales.demo4.respacio.com\/pl\/informacje-o-paul-ruane-los-gigantes-properties\/#primaryimage\"},\"image\":{\"@id\":\"https:\/\/tenerifepropertysales.demo4.respacio.com\/pl\/informacje-o-paul-ruane-los-gigantes-properties\/#primaryimage\"},\"thumbnailUrl\":\"https:\/\/tenerifepropertysales.demo4.respacio.com\/wp-content\/uploads\/2024\/11\/Photo-22-10-24-12-41-12-scaled.jpg\",\"datePublished\":\"2025-05-02T07:13:01+00:00\",\"dateModified\":\"2025-05-02T07:13:02+00:00\",\"breadcrumb\":{\"@id\":\"https:\/\/tenerifepropertysales.demo4.respacio.com\/pl\/informacje-o-paul-ruane-los-gigantes-properties\/#breadcrumb\"},\"inLanguage\":\"pl-PL\",\"potentialAction\":[{\"@type\":\"ReadAction\",\"target\":[\"https:\/\/tenerifepropertysales.demo4.respacio.com\/pl\/informacje-o-paul-ruane-los-gigantes-properties\/\"]}]},{\"@type\":\"ImageObject\",\"inLanguage\":\"pl-PL\",\"@id\":\"https:\/\/tenerifepropertysales.demo4.respacio.com\/pl\/informacje-o-paul-ruane-los-gigantes-properties\/#primaryimage\",\"url\":\"https:\/\/tenerifepropertysales.demo4.respacio.com\/wp-content\/uploads\/2024\/11\/Photo-22-10-24-12-41-12-scaled.jpg\",\"contentUrl\":\"https:\/\/tenerifepropertysales.demo4.respacio.com\/wp-content\/uploads\/2024\/11\/Photo-22-10-24-12-41-12-scaled.jpg\",\"width\":2560,\"height\":1920},{\"@type\":\"BreadcrumbList\",\"@id\":\"https:\/\/tenerifepropertysales.demo4.respacio.com\/pl\/informacje-o-paul-ruane-los-gigantes-properties\/#breadcrumb\",\"itemListElement\":[{\"@type\":\"ListItem\",\"position\":1,\"name\":\"Strona g\u0142\u00f3wna\",\"item\":\"https:\/\/tenerifepropertysales.demo4.respacio.com\/pl\/strona-tytulowa\/\"},{\"@type\":\"ListItem\",\"position\":2,\"name\":\"Informacje o Paul Ruane &#8211; Los Gigantes Properties\"}]},{\"@type\":\"WebSite\",\"@id\":\"https:\/\/tenerifepropertysales.demo4.respacio.com\/pl\/#website\",\"url\":\"https:\/\/tenerifepropertysales.demo4.respacio.com\/pl\/\",\"name\":\"Paul Ruane - Los Gigantes Properties\",\"description\":\"W\u0142a\u015bciwo\u015bci Los Gigantes\",\"publisher\":{\"@id\":\"https:\/\/tenerifepropertysales.demo4.respacio.com\/pl\/#organization\"},\"inLanguage\":\"pl-PL\"},{\"@type\":\"Organization\",\"@id\":\"https:\/\/tenerifepropertysales.demo4.respacio.com\/pl\/#organization\",\"name\":\"Paul Ruane - Los Gigantes Properties\",\"url\":\"https:\/\/tenerifepropertysales.demo4.respacio.com\/pl\/\",\"logo\":{\"@type\":\"ImageObject\",\"inLanguage\":\"pl-PL\",\"@id\":\"https:\/\/tenerifepropertysales.demo4.respacio.com\/pl\/#\/schema\/logo\/image\/\",\"url\":\"https:\/\/tenerifepropertysales.demo4.respacio.com\/wp-content\/uploads\/2020\/04\/logo-white-1.png\",\"contentUrl\":\"https:\/\/tenerifepropertysales.demo4.respacio.com\/wp-content\/uploads\/2020\/04\/logo-white-1.png\",\"width\":273,\"height\":59,\"caption\":\"Paul Ruane - Los Gigantes Properties\"},\"image\":{\"@id\":\"https:\/\/tenerifepropertysales.demo4.respacio.com\/pl\/#\/schema\/logo\/image\/\"}}]}<\/script>\n<!-- \/ Yoast SEO Premium plugin. -->","yoast_head_json":{"title":"Informacje o Paul Ruane - Los Gigantes Properties - Paul Ruane - Los Gigantes Properties","robots":{"index":"noindex","follow":"follow","max-snippet":"max-snippet:-1","max-image-preview":"max-image-preview:large","max-video-preview":"max-video-preview:-1"},"og_locale":"pl_PL","og_type":"article","og_title":"Informacje o Paul Ruane - Los Gigantes Properties","og_description":"Paul Ruane i jego zesp\u00f3\u0142 przenosz\u0105 teraz Los Gigantes w przysz\u0142o\u015b\u0107, wprowadzaj\u0105c nowe rozwi\u0105zania, takie jak Cristal i Aqua Suites, a tak\u017ce kilka innych trwaj\u0105cych projekt\u00f3w. Chocia\u017c niekt\u00f3rzy twierdz\u0105, \u017ce by\u0142 pierwszym agentem nieruchomo\u015bci w Los Gigantes, faktem jest, \u017ce Paul widzia\u0142 wielu agent\u00f3w nieruchomo\u015bci, kt\u00f3rzy przychodzili i odchodzili w tym obszarze. Widzia\u0142, jak inni [...]Read More...","og_url":"https:\/\/tenerifepropertysales.demo4.respacio.com\/pl\/informacje-o-paul-ruane-los-gigantes-properties\/","og_site_name":"Paul Ruane - Los Gigantes Properties","article_modified_time":"2025-05-02T07:13:02+00:00","og_image":[{"url":"https:\/\/tenerifepropertysales.demo4.respacio.com\/wp-content\/uploads\/2024\/11\/Photo-22-10-24-12-41-12-1024x768.jpg","type":"","width":"","height":""}],"twitter_card":"summary_large_image","twitter_image":"https:\/\/tenerifepropertysales.demo4.respacio.com\/wp-content\/uploads\/2024\/11\/Photo-22-10-24-12-41-12-1024x768.jpg","twitter_misc":{"Szacowany czas czytania":"3 minuty"},"schema":{"@context":"https:\/\/schema.org","@graph":[{"@type":"WebPage","@id":"https:\/\/tenerifepropertysales.demo4.respacio.com\/pl\/informacje-o-paul-ruane-los-gigantes-properties\/","url":"https:\/\/tenerifepropertysales.demo4.respacio.com\/pl\/informacje-o-paul-ruane-los-gigantes-properties\/","name":"Informacje o Paul Ruane - Los Gigantes Properties - Paul Ruane - Los Gigantes Properties","isPartOf":{"@id":"https:\/\/tenerifepropertysales.demo4.respacio.com\/pl\/#website"},"primaryImageOfPage":{"@id":"https:\/\/tenerifepropertysales.demo4.respacio.com\/pl\/informacje-o-paul-ruane-los-gigantes-properties\/#primaryimage"},"image":{"@id":"https:\/\/tenerifepropertysales.demo4.respacio.com\/pl\/informacje-o-paul-ruane-los-gigantes-properties\/#primaryimage"},"thumbnailUrl":"https:\/\/tenerifepropertysales.demo4.respacio.com\/wp-content\/uploads\/2024\/11\/Photo-22-10-24-12-41-12-scaled.jpg","datePublished":"2025-05-02T07:13:01+00:00","dateModified":"2025-05-02T07:13:02+00:00","breadcrumb":{"@id":"https:\/\/tenerifepropertysales.demo4.respacio.com\/pl\/informacje-o-paul-ruane-los-gigantes-properties\/#breadcrumb"},"inLanguage":"pl-PL","potentialAction":[{"@type":"ReadAction","target":["https:\/\/tenerifepropertysales.demo4.respacio.com\/pl\/informacje-o-paul-ruane-los-gigantes-properties\/"]}]},{"@type":"ImageObject","inLanguage":"pl-PL","@id":"https:\/\/tenerifepropertysales.demo4.respacio.com\/pl\/informacje-o-paul-ruane-los-gigantes-properties\/#primaryimage","url":"https:\/\/tenerifepropertysales.demo4.respacio.com\/wp-content\/uploads\/2024\/11\/Photo-22-10-24-12-41-12-scaled.jpg","contentUrl":"https:\/\/tenerifepropertysales.demo4.respacio.com\/wp-content\/uploads\/2024\/11\/Photo-22-10-24-12-41-12-scaled.jpg","width":2560,"height":1920},{"@type":"BreadcrumbList","@id":"https:\/\/tenerifepropertysales.demo4.respacio.com\/pl\/informacje-o-paul-ruane-los-gigantes-properties\/#breadcrumb","itemListElement":[{"@type":"ListItem","position":1,"name":"Strona g\u0142\u00f3wna","item":"https:\/\/tenerifepropertysales.demo4.respacio.com\/pl\/strona-tytulowa\/"},{"@type":"ListItem","position":2,"name":"Informacje o Paul Ruane &#8211; Los Gigantes Properties"}]},{"@type":"WebSite","@id":"https:\/\/tenerifepropertysales.demo4.respacio.com\/pl\/#website","url":"https:\/\/tenerifepropertysales.demo4.respacio.com\/pl\/","name":"Paul Ruane - Los Gigantes Properties","description":"W\u0142a\u015bciwo\u015bci Los Gigantes","publisher":{"@id":"https:\/\/tenerifepropertysales.demo4.respacio.com\/pl\/#organization"},"inLanguage":"pl-PL"},{"@type":"Organization","@id":"https:\/\/tenerifepropertysales.demo4.respacio.com\/pl\/#organization","name":"Paul Ruane - Los Gigantes Properties","url":"https:\/\/tenerifepropertysales.demo4.respacio.com\/pl\/","logo":{"@type":"ImageObject","inLanguage":"pl-PL","@id":"https:\/\/tenerifepropertysales.demo4.respacio.com\/pl\/#\/schema\/logo\/image\/","url":"https:\/\/tenerifepropertysales.demo4.respacio.com\/wp-content\/uploads\/2020\/04\/logo-white-1.png","contentUrl":"https:\/\/tenerifepropertysales.demo4.respacio.com\/wp-content\/uploads\/2020\/04\/logo-white-1.png","width":273,"height":59,"caption":"Paul Ruane - Los Gigantes Properties"},"image":{"@id":"https:\/\/tenerifepropertysales.demo4.respacio.com\/pl\/#\/schema\/logo\/image\/"}}]}},"uagb_featured_image_src":{"full":["https:\/\/tenerifepropertysales.demo4.respacio.com\/wp-content\/uploads\/2024\/11\/Photo-22-10-24-12-41-12-scaled.jpg",2560,1920,false],"thumbnail":["https:\/\/tenerifepropertysales.demo4.respacio.com\/wp-content\/uploads\/2024\/11\/Photo-22-10-24-12-41-12-150x150.jpg",150,150,true],"medium":["https:\/\/tenerifepropertysales.demo4.respacio.com\/wp-content\/uploads\/2024\/11\/Photo-22-10-24-12-41-12-300x225.jpg",300,225,true],"medium_large":["https:\/\/tenerifepropertysales.demo4.respacio.com\/wp-content\/uploads\/2024\/11\/Photo-22-10-24-12-41-12-768x576.jpg",640,480,true],"large":["https:\/\/tenerifepropertysales.demo4.respacio.com\/wp-content\/uploads\/2024\/11\/Photo-22-10-24-12-41-12-1024x768.jpg",640,480,true],"1536x1536":["https:\/\/tenerifepropertysales.demo4.respacio.com\/wp-content\/uploads\/2024\/11\/Photo-22-10-24-12-41-12-1536x1152.jpg",1536,1152,true],"2048x2048":["https:\/\/tenerifepropertysales.demo4.respacio.com\/wp-content\/uploads\/2024\/11\/Photo-22-10-24-12-41-12-2048x1536.jpg",2048,1536,true]},"uagb_author_info":{"display_name":"support@respacio.com","author_link":"https:\/\/tenerifepropertysales.demo4.respacio.com\/pl\/author\/supportrespacio-com\/"},"uagb_comment_info":0,"uagb_excerpt":"Paul Ruane i jego zesp\u00f3\u0142 przenosz\u0105 teraz Los Gigantes w przysz\u0142o\u015b\u0107, wprowadzaj\u0105c nowe rozwi\u0105zania, takie jak Cristal i Aqua Suites, a tak\u017ce kilka innych trwaj\u0105cych projekt\u00f3w. Chocia\u017c niekt\u00f3rzy twierdz\u0105, \u017ce by\u0142 pierwszym agentem nieruchomo\u015bci w Los Gigantes, faktem jest, \u017ce Paul widzia\u0142 wielu agent\u00f3w nieruchomo\u015bci, kt\u00f3rzy przychodzili i odchodzili w tym obszarze. Widzia\u0142, jak inni&hellip;","_links":{"self":[{"href":"https:\/\/tenerifepropertysales.demo4.respacio.com\/pl\/wp-json\/wp\/v2\/pages\/318353","targetHints":{"allow":["GET"]}}],"collection":[{"href":"https:\/\/tenerifepropertysales.demo4.respacio.com\/pl\/wp-json\/wp\/v2\/pages"}],"about":[{"href":"https:\/\/tenerifepropertysales.demo4.respacio.com\/pl\/wp-json\/wp\/v2\/types\/page"}],"author":[{"embeddable":true,"href":"https:\/\/tenerifepropertysales.demo4.respacio.com\/pl\/wp-json\/wp\/v2\/users\/2"}],"replies":[{"embeddable":true,"href":"https:\/\/tenerifepropertysales.demo4.respacio.com\/pl\/wp-json\/wp\/v2\/comments?post=318353"}],"version-history":[{"count":1,"href":"https:\/\/tenerifepropertysales.demo4.respacio.com\/pl\/wp-json\/wp\/v2\/pages\/318353\/revisions"}],"predecessor-version":[{"id":318356,"href":"https:\/\/tenerifepropertysales.demo4.respacio.com\/pl\/wp-json\/wp\/v2\/pages\/318353\/revisions\/318356"}],"wp:featuredmedia":[{"embeddable":true,"href":"https:\/\/tenerifepropertysales.demo4.respacio.com\/pl\/wp-json\/wp\/v2\/media\/318355"}],"wp:attachment":[{"href":"https:\/\/tenerifepropertysales.demo4.respacio.com\/pl\/wp-json\/wp\/v2\/media?parent=318353"}],"wp:term":[{"taxonomy":"page-tag","embeddable":true,"href":"https:\/\/tenerifepropertysales.demo4.respacio.com\/pl\/wp-json\/wp\/v2\/page-tag?post=318353"}],"curies":[{"name":"wp","href":"https:\/\/api.w.org\/{rel}","templated":true}]}}